{"id":3368,"date":"2021-05-05T12:47:43","date_gmt":"2021-05-05T11:47:43","guid":{"rendered":"https:\/\/www.irishfamine.ie\/na-healaiona-an-gorta\/"},"modified":"2024-03-05T16:11:57","modified_gmt":"2024-03-05T16:11:57","slug":"na-healaiona-an-gorta","status":"publish","type":"page","link":"https:\/\/www.irishfamine.ie\/ga\/na-healaiona-an-gorta\/","title":{"rendered":"Na hEala\u00edona &amp; an Gorta"},"content":{"rendered":"<p>Sa l\u00e1 at\u00e1 inniu ann t\u00e1 an t-\u00e1dh linn go bhfuil corpas iontach saothar eala\u00edonta bunaithe ar an Ghorta Mh\u00f3r. T\u00e1 cuimhneach\u00e1in d\u00e9anta ar an ghorta i raon leathan foirmeacha f\u00edsi\u00fala agus scr\u00edofa \u00f3n 19\u00fa hAois ar aghaidh. T\u00e1 iarracht d\u00e9anta sa chuid is m\u00f3 de na saothair seo uaf\u00e1is na tr\u00e9imhse seo i stair na h\u00c9ireann a thaispe\u00e1int agus t\u00e1 l\u00e9argas tugtha acu do dhaoine ar an tsaol mar a bh\u00ed s\u00e9 i rith an Ghorta Mh\u00f3ir. L\u00e9ir\u00edtear rogha saothar sna t\u00e1ib anuas th\u00edos.<\/p>\n","protected":false},"excerpt":{"rendered":"<p>Sa l\u00e1 at\u00e1 inniu ann t\u00e1 an t-\u00e1dh linn go bhfuil corpas iontach saothar eala\u00edonta bunaithe ar an Ghorta Mh\u00f3r. T\u00e1 cuimhneach\u00e1in d\u00e9anta ar an ghorta i raon leathan foirmeacha f\u00edsi\u00fala agus scr\u00edofa \u00f3n 19\u00fa hAois ar aghaidh. T\u00e1 iarracht d\u00e9anta sa chuid is m\u00f3 de na saothair seo uaf\u00e1is na tr\u00e9imhse seo i stair&#8230; <\/p>\n","protected":false},"author":3,"featured_media":0,"parent":0,"menu_order":1,"comment_status":"closed","ping_status":"closed","template":"full-width.php","meta":{"footnotes":""},"class_list":["post-3368","page","type-page","status-publish","hentry"],"yoast_head":"<!-- This site is optimized with the Yoast SEO plugin v27.2 - https:\/\/yoast.com\/product\/yoast-seo-wordpress\/ -->\n<title>Na hEala\u00edona &amp; an Gorta - Com\u00f3radh N\u00e1isi\u00fanta an Ghorta Mh\u00f3ir<\/title>\n<meta name=\"robots\" content=\"index, follow, max-snippet:-1, max-image-preview:large, max-video-preview:-1\" \/>\n<link rel=\"canonical\" href=\"https:\/\/www.irishfamine.ie\/ga\/na-healaiona-an-gorta\/\" \/>\n<meta property=\"og:locale\" content=\"ga_IE\" \/>\n<meta property=\"og:type\" content=\"article\" \/>\n<meta property=\"og:title\" content=\"Na hEala\u00edona &amp; an Gorta - Com\u00f3radh N\u00e1isi\u00fanta an Ghorta Mh\u00f3ir\" \/>\n<meta property=\"og:description\" content=\"Sa l\u00e1 at\u00e1 inniu ann t\u00e1 an t-\u00e1dh linn go bhfuil corpas iontach saothar eala\u00edonta bunaithe ar an Ghorta Mh\u00f3r. T\u00e1 cuimhneach\u00e1in d\u00e9anta ar an ghorta i raon leathan foirmeacha f\u00edsi\u00fala agus scr\u00edofa \u00f3n 19\u00fa hAois ar aghaidh. T\u00e1 iarracht d\u00e9anta sa chuid is m\u00f3 de na saothair seo uaf\u00e1is na tr\u00e9imhse seo i stair...\" \/>\n<meta property=\"og:url\" content=\"https:\/\/www.irishfamine.ie\/ga\/na-healaiona-an-gorta\/\" \/>\n<meta property=\"og:site_name\" content=\"Com\u00f3radh N\u00e1isi\u00fanta an Ghorta Mh\u00f3ir\" \/>\n<meta property=\"article:publisher\" content=\"https:\/\/www.facebook.com\/DepartmentofCultureIRL\/\" \/>\n<meta property=\"article:modified_time\" content=\"2024-03-05T16:11:57+00:00\" \/>\n<meta name=\"twitter:card\" content=\"summary_large_image\" \/>\n<meta name=\"twitter:site\" content=\"@DeptCultureIRL\" \/>\n<meta name=\"twitter:label1\" content=\"Est. reading time\" \/>\n\t<meta name=\"twitter:data1\" content=\"1 minute\" \/>\n<script type=\"application\/ld+json\" class=\"yoast-schema-graph\">{\"@context\":\"https:\/\/schema.org\",\"@graph\":[{\"@type\":\"WebPage\",\"@id\":\"https:\/\/www.irishfamine.ie\/ga\/na-healaiona-an-gorta\/\",\"url\":\"https:\/\/www.irishfamine.ie\/ga\/na-healaiona-an-gorta\/\",\"name\":\"Na hEala\u00edona &amp; an Gorta - Com\u00f3radh N\u00e1isi\u00fanta an Ghorta Mh\u00f3ir\",\"isPartOf\":{\"@id\":\"https:\/\/www.irishfamine.ie\/ga\/#website\"},\"datePublished\":\"2021-05-05T11:47:43+00:00\",\"dateModified\":\"2024-03-05T16:11:57+00:00\",\"breadcrumb\":{\"@id\":\"https:\/\/www.irishfamine.ie\/ga\/na-healaiona-an-gorta\/#breadcrumb\"},\"inLanguage\":\"ga-IE\",\"potentialAction\":[{\"@type\":\"ReadAction\",\"target\":[\"https:\/\/www.irishfamine.ie\/ga\/na-healaiona-an-gorta\/\"]}]},{\"@type\":\"BreadcrumbList\",\"@id\":\"https:\/\/www.irishfamine.ie\/ga\/na-healaiona-an-gorta\/#breadcrumb\",\"itemListElement\":[{\"@type\":\"ListItem\",\"position\":1,\"name\":\"Home\",\"item\":\"https:\/\/www.irishfamine.ie\/ga\/\"},{\"@type\":\"ListItem\",\"position\":2,\"name\":\"Na hEala\u00edona &amp; an Gorta\"}]},{\"@type\":\"WebSite\",\"@id\":\"https:\/\/www.irishfamine.ie\/ga\/#website\",\"url\":\"https:\/\/www.irishfamine.ie\/ga\/\",\"name\":\"National Famine Commemoration\",\"description\":\"\",\"publisher\":{\"@id\":\"https:\/\/www.irishfamine.ie\/ga\/#organization\"},\"potentialAction\":[{\"@type\":\"SearchAction\",\"target\":{\"@type\":\"EntryPoint\",\"urlTemplate\":\"https:\/\/www.irishfamine.ie\/ga\/?s={search_term_string}\"},\"query-input\":{\"@type\":\"PropertyValueSpecification\",\"valueRequired\":true,\"valueName\":\"search_term_string\"}}],\"inLanguage\":\"ga-IE\"},{\"@type\":\"Organization\",\"@id\":\"https:\/\/www.irishfamine.ie\/ga\/#organization\",\"name\":\"Department of Tourism, Culture, Arts, Gaeltacht, Sport & Media\",\"url\":\"https:\/\/www.irishfamine.ie\/ga\/\",\"logo\":{\"@type\":\"ImageObject\",\"inLanguage\":\"ga-IE\",\"@id\":\"https:\/\/www.irishfamine.ie\/ga\/#\/schema\/logo\/image\/\",\"url\":\"https:\/\/www.irishfamine.ie\/app\/uploads\/2021\/05\/dep-of-Tourism-Culture-Arts-Gaeltacht-sport-and-media-_logo.png\",\"contentUrl\":\"https:\/\/www.irishfamine.ie\/app\/uploads\/2021\/05\/dep-of-Tourism-Culture-Arts-Gaeltacht-sport-and-media-_logo.png\",\"width\":300,\"height\":148,\"caption\":\"Department of Tourism, Culture, Arts, Gaeltacht, Sport & Media\"},\"image\":{\"@id\":\"https:\/\/www.irishfamine.ie\/ga\/#\/schema\/logo\/image\/\"},\"sameAs\":[\"https:\/\/www.facebook.com\/DepartmentofCultureIRL\/\",\"https:\/\/x.com\/DeptCultureIRL\"]}]}<\/script>\n<!-- \/ Yoast SEO plugin. -->","yoast_head_json":{"title":"Na hEala\u00edona &amp; an Gorta - Com\u00f3radh N\u00e1isi\u00fanta an Ghorta Mh\u00f3ir","robots":{"index":"index","follow":"follow","max-snippet":"max-snippet:-1","max-image-preview":"max-image-preview:large","max-video-preview":"max-video-preview:-1"},"canonical":"https:\/\/www.irishfamine.ie\/ga\/na-healaiona-an-gorta\/","og_locale":"ga_IE","og_type":"article","og_title":"Na hEala\u00edona &amp; an Gorta - Com\u00f3radh N\u00e1isi\u00fanta an Ghorta Mh\u00f3ir","og_description":"Sa l\u00e1 at\u00e1 inniu ann t\u00e1 an t-\u00e1dh linn go bhfuil corpas iontach saothar eala\u00edonta bunaithe ar an Ghorta Mh\u00f3r. T\u00e1 cuimhneach\u00e1in d\u00e9anta ar an ghorta i raon leathan foirmeacha f\u00edsi\u00fala agus scr\u00edofa \u00f3n 19\u00fa hAois ar aghaidh. T\u00e1 iarracht d\u00e9anta sa chuid is m\u00f3 de na saothair seo uaf\u00e1is na tr\u00e9imhse seo i stair...","og_url":"https:\/\/www.irishfamine.ie\/ga\/na-healaiona-an-gorta\/","og_site_name":"Com\u00f3radh N\u00e1isi\u00fanta an Ghorta Mh\u00f3ir","article_publisher":"https:\/\/www.facebook.com\/DepartmentofCultureIRL\/","article_modified_time":"2024-03-05T16:11:57+00:00","twitter_card":"summary_large_image","twitter_site":"@DeptCultureIRL","twitter_misc":{"Est. reading time":"1 minute"},"schema":{"@context":"https:\/\/schema.org","@graph":[{"@type":"WebPage","@id":"https:\/\/www.irishfamine.ie\/ga\/na-healaiona-an-gorta\/","url":"https:\/\/www.irishfamine.ie\/ga\/na-healaiona-an-gorta\/","name":"Na hEala\u00edona &amp; an Gorta - Com\u00f3radh N\u00e1isi\u00fanta an Ghorta Mh\u00f3ir","isPartOf":{"@id":"https:\/\/www.irishfamine.ie\/ga\/#website"},"datePublished":"2021-05-05T11:47:43+00:00","dateModified":"2024-03-05T16:11:57+00:00","breadcrumb":{"@id":"https:\/\/www.irishfamine.ie\/ga\/na-healaiona-an-gorta\/#breadcrumb"},"inLanguage":"ga-IE","potentialAction":[{"@type":"ReadAction","target":["https:\/\/www.irishfamine.ie\/ga\/na-healaiona-an-gorta\/"]}]},{"@type":"BreadcrumbList","@id":"https:\/\/www.irishfamine.ie\/ga\/na-healaiona-an-gorta\/#breadcrumb","itemListElement":[{"@type":"ListItem","position":1,"name":"Home","item":"https:\/\/www.irishfamine.ie\/ga\/"},{"@type":"ListItem","position":2,"name":"Na hEala\u00edona &amp; an Gorta"}]},{"@type":"WebSite","@id":"https:\/\/www.irishfamine.ie\/ga\/#website","url":"https:\/\/www.irishfamine.ie\/ga\/","name":"National Famine Commemoration","description":"","publisher":{"@id":"https:\/\/www.irishfamine.ie\/ga\/#organization"},"potentialAction":[{"@type":"SearchAction","target":{"@type":"EntryPoint","urlTemplate":"https:\/\/www.irishfamine.ie\/ga\/?s={search_term_string}"},"query-input":{"@type":"PropertyValueSpecification","valueRequired":true,"valueName":"search_term_string"}}],"inLanguage":"ga-IE"},{"@type":"Organization","@id":"https:\/\/www.irishfamine.ie\/ga\/#organization","name":"Department of Tourism, Culture, Arts, Gaeltacht, Sport & Media","url":"https:\/\/www.irishfamine.ie\/ga\/","logo":{"@type":"ImageObject","inLanguage":"ga-IE","@id":"https:\/\/www.irishfamine.ie\/ga\/#\/schema\/logo\/image\/","url":"https:\/\/www.irishfamine.ie\/app\/uploads\/2021\/05\/dep-of-Tourism-Culture-Arts-Gaeltacht-sport-and-media-_logo.png","contentUrl":"https:\/\/www.irishfamine.ie\/app\/uploads\/2021\/05\/dep-of-Tourism-Culture-Arts-Gaeltacht-sport-and-media-_logo.png","width":300,"height":148,"caption":"Department of Tourism, Culture, Arts, Gaeltacht, Sport & Media"},"image":{"@id":"https:\/\/www.irishfamine.ie\/ga\/#\/schema\/logo\/image\/"},"sameAs":["https:\/\/www.facebook.com\/DepartmentofCultureIRL\/","https:\/\/x.com\/DeptCultureIRL"]}]}},"_links":{"self":[{"href":"https:\/\/www.irishfamine.ie\/ga\/wp-json\/wp\/v2\/pages\/3368","targetHints":{"allow":["GET"]}}],"collection":[{"href":"https:\/\/www.irishfamine.ie\/ga\/wp-json\/wp\/v2\/pages"}],"about":[{"href":"https:\/\/www.irishfamine.ie\/ga\/wp-json\/wp\/v2\/types\/page"}],"author":[{"embeddable":true,"href":"https:\/\/www.irishfamine.ie\/ga\/wp-json\/wp\/v2\/users\/3"}],"replies":[{"embeddable":true,"href":"https:\/\/www.irishfamine.ie\/ga\/wp-json\/wp\/v2\/comments?post=3368"}],"version-history":[{"count":1,"href":"https:\/\/www.irishfamine.ie\/ga\/wp-json\/wp\/v2\/pages\/3368\/revisions"}],"predecessor-version":[{"id":3369,"href":"https:\/\/www.irishfamine.ie\/ga\/wp-json\/wp\/v2\/pages\/3368\/revisions\/3369"}],"wp:attachment":[{"href":"https:\/\/www.irishfamine.ie\/ga\/wp-json\/wp\/v2\/media?parent=3368"}],"curies":[{"name":"wp","href":"https:\/\/api.w.org\/{rel}","templated":true}]}}