{"id":3372,"date":"2022-08-12T14:14:10","date_gmt":"2022-08-12T13:14:10","guid":{"rendered":"https:\/\/www.irishfamine.ie\/na-healaiona-an-gorta\/litriocht\/"},"modified":"2024-03-05T16:36:48","modified_gmt":"2024-03-05T16:36:48","slug":"litriocht","status":"publish","type":"page","link":"https:\/\/www.irishfamine.ie\/ga\/na-healaiona-an-gorta\/litriocht\/","title":{"rendered":"Litr\u00edocht"},"content":{"rendered":"<p><strong><u>Litr\u00edocht<\/u><\/strong><\/p>\n<p>&nbsp;<\/p>\n<p><strong>Star of the Sea \u2013 Joseph O\u2019Connor<\/strong><\/p>\n<p>Suite i ngeimhreadh 1847 ar bord \u2018long bh\u00e1is\u2019 R\u00e9alt na Mara, le slua leathan carachtar air at\u00e1 ag \u00e9al\u00fa \u00f3n ghorta go Nua-Eabhrac, is mist\u00e9ir agus sc\u00e9insc\u00e9il faoi seach \u00e9 an t-\u00farsc\u00e9al seo le Joseph O\u2019Connor a foils\u00edodh in 2002. Mar sin f\u00e9in, ceangla\u00edonn s\u00e9 na gn\u00e9ithe seo uilig le ch\u00e9ile chun l\u00e9argas leathan de shaol na h\u00c9ireann ag an am r\u00edth\u00e1bhachtach seo a l\u00e9iri\u00fa.<\/p>\n<p><strong> <\/strong><\/p>\n<p><strong>Grace &#8211; Paul Lynch<\/strong><\/p>\n<p>San \u00farsc\u00e9al eipici\u00fail 2017, Grace le Paul Lynch, feictear socha\u00ed at\u00e1 ar thairseach na tubaiste agus \u00e9 ag lean\u00faint cail\u00edn \u00f3g at\u00e1 ag d\u00e9anamh a d\u00edchill a bealach a dh\u00e9anamh i socha\u00ed ina bhfuil daoine ar bhruach an ocrais agus an \u00e9ad\u00f3chais.<\/p>\n<p>&nbsp;<\/p>\n<p><strong>The Pawn Broker\u2019s Reward \u2013 Declan O\u2019Rourke<\/strong><\/p>\n<p>L\u00e9ir\u00edtear san \u00farsc\u00e9al ilsrathach seo le Declan O\u2019Rourke, at\u00e1 bunaithe ar thaighde ar stair \u00e1iti\u00fail, an Gorta M\u00f3r mar a tharla s\u00e9 i mbaile amh\u00e1in, Maigh Chromtha, Co. Corca\u00ed. Tr\u00ed bh\u00e9im a chur ar shaolta pearsanta iad si\u00fad a th\u00e1inig sl\u00e1n, a d\u2019fhulaing no a fuair b\u00e1s, d\u00e9anann O\u2019Rourke athinsint dhl\u00fathphearsanta ar na himeachta\u00ed a bh\u00ed chomh leathan ina m\u00e9id agus a dtionchar.<\/p>\n<p>&nbsp;<\/p>\n<p><strong>Under the Hawthorn Tree \u2013 Marita Conlon-Mc Kenna<\/strong><\/p>\n<p>Is gn\u00e9 l\u00e1rnach de churaclam bunscoile na h\u00c9ireann at\u00e1 l\u00e9ite go forleathan \u00e9 Under the Hawthorn Tree, at\u00e1 ar cheann de na h\u00farsc\u00e9alta is c\u00e1ili\u00fala do ph\u00e1ist\u00ed faoin ghorta. T\u00e1 an sc\u00e9al d\u00edrithe ar thri\u00far ph\u00e1iste \u00f3ga le linn an Ghorta Mh\u00f3ir, agus l\u00e9ir\u00edonn s\u00e9 na d\u00fashl\u00e1in agus na radhairc a fheiceann siad ar a n-aistear fada chun teaghlach, s\u00e1bh\u00e1ilteacht agus bia a aimsi\u00fa.<\/p>\n<p>&nbsp;<\/p>\n<p><strong>Famine \u2013 Liam O\u2019Flaherty<\/strong><\/p>\n<p>Baineann suntas ar leith le sc\u00e9al O\u2019Flaherty, a foils\u00edodh in 1937 agus a l\u00e9ir\u00edonn an bealach a th\u00e9ann an Gorta M\u00f3r i bhfeidhm ar theaghlach amh\u00e1in agus an t-anr\u00f3 a chuirtear orthu, mar gheall ar a ghuth g\u00e9ar agus cur s\u00edos grinn ar \u00e9ifeachta\u00ed an ghorta.<\/p>\n<p>&nbsp;<\/p>\n","protected":false},"excerpt":{"rendered":"<p>Litr\u00edocht &nbsp; Star of the Sea \u2013 Joseph O\u2019Connor Suite i ngeimhreadh 1847 ar bord \u2018long bh\u00e1is\u2019 R\u00e9alt na Mara, le slua leathan carachtar air at\u00e1 ag \u00e9al\u00fa \u00f3n ghorta go Nua-Eabhrac, is mist\u00e9ir agus sc\u00e9insc\u00e9il faoi seach \u00e9 an t-\u00farsc\u00e9al seo le Joseph O\u2019Connor a foils\u00edodh in 2002. Mar sin f\u00e9in, ceangla\u00edonn s\u00e9 na&#8230; <\/p>\n","protected":false},"author":3,"featured_media":0,"parent":3368,"menu_order":0,"comment_status":"closed","ping_status":"closed","template":"full-width.php","meta":{"footnotes":""},"class_list":["post-3372","page","type-page","status-publish","hentry"],"yoast_head":"<!-- This site is optimized with the Yoast SEO plugin v27.2 - https:\/\/yoast.com\/product\/yoast-seo-wordpress\/ -->\n<title>Litr\u00edocht - Com\u00f3radh N\u00e1isi\u00fanta an Ghorta Mh\u00f3ir<\/title>\n<meta name=\"robots\" content=\"index, follow, max-snippet:-1, max-image-preview:large, max-video-preview:-1\" \/>\n<link rel=\"canonical\" href=\"https:\/\/www.irishfamine.ie\/ga\/na-healaiona-an-gorta\/litriocht\/\" \/>\n<meta property=\"og:locale\" content=\"ga_IE\" \/>\n<meta property=\"og:type\" content=\"article\" \/>\n<meta property=\"og:title\" content=\"Litr\u00edocht - Com\u00f3radh N\u00e1isi\u00fanta an Ghorta Mh\u00f3ir\" \/>\n<meta property=\"og:description\" content=\"Litr\u00edocht &nbsp; Star of the Sea \u2013 Joseph O\u2019Connor Suite i ngeimhreadh 1847 ar bord \u2018long bh\u00e1is\u2019 R\u00e9alt na Mara, le slua leathan carachtar air at\u00e1 ag \u00e9al\u00fa \u00f3n ghorta go Nua-Eabhrac, is mist\u00e9ir agus sc\u00e9insc\u00e9il faoi seach \u00e9 an t-\u00farsc\u00e9al seo le Joseph O\u2019Connor a foils\u00edodh in 2002. Mar sin f\u00e9in, ceangla\u00edonn s\u00e9 na...\" \/>\n<meta property=\"og:url\" content=\"https:\/\/www.irishfamine.ie\/ga\/na-healaiona-an-gorta\/litriocht\/\" \/>\n<meta property=\"og:site_name\" content=\"Com\u00f3radh N\u00e1isi\u00fanta an Ghorta Mh\u00f3ir\" \/>\n<meta property=\"article:publisher\" content=\"https:\/\/www.facebook.com\/DepartmentofCultureIRL\/\" \/>\n<meta property=\"article:modified_time\" content=\"2024-03-05T16:36:48+00:00\" \/>\n<meta name=\"twitter:card\" content=\"summary_large_image\" \/>\n<meta name=\"twitter:site\" content=\"@DeptCultureIRL\" \/>\n<meta name=\"twitter:label1\" content=\"Est. reading time\" \/>\n\t<meta name=\"twitter:data1\" content=\"2 minutes\" \/>\n<script type=\"application\/ld+json\" class=\"yoast-schema-graph\">{\"@context\":\"https:\/\/schema.org\",\"@graph\":[{\"@type\":\"WebPage\",\"@id\":\"https:\/\/www.irishfamine.ie\/ga\/na-healaiona-an-gorta\/litriocht\/\",\"url\":\"https:\/\/www.irishfamine.ie\/ga\/na-healaiona-an-gorta\/litriocht\/\",\"name\":\"Litr\u00edocht - Com\u00f3radh N\u00e1isi\u00fanta an Ghorta Mh\u00f3ir\",\"isPartOf\":{\"@id\":\"https:\/\/www.irishfamine.ie\/ga\/#website\"},\"datePublished\":\"2022-08-12T13:14:10+00:00\",\"dateModified\":\"2024-03-05T16:36:48+00:00\",\"breadcrumb\":{\"@id\":\"https:\/\/www.irishfamine.ie\/ga\/na-healaiona-an-gorta\/litriocht\/#breadcrumb\"},\"inLanguage\":\"ga-IE\",\"potentialAction\":[{\"@type\":\"ReadAction\",\"target\":[\"https:\/\/www.irishfamine.ie\/ga\/na-healaiona-an-gorta\/litriocht\/\"]}]},{\"@type\":\"BreadcrumbList\",\"@id\":\"https:\/\/www.irishfamine.ie\/ga\/na-healaiona-an-gorta\/litriocht\/#breadcrumb\",\"itemListElement\":[{\"@type\":\"ListItem\",\"position\":1,\"name\":\"Home\",\"item\":\"https:\/\/www.irishfamine.ie\/ga\/\"},{\"@type\":\"ListItem\",\"position\":2,\"name\":\"Na hEala\u00edona &amp; an Gorta\",\"item\":\"https:\/\/www.irishfamine.ie\/ga\/na-healaiona-an-gorta\/\"},{\"@type\":\"ListItem\",\"position\":3,\"name\":\"Litr\u00edocht\"}]},{\"@type\":\"WebSite\",\"@id\":\"https:\/\/www.irishfamine.ie\/ga\/#website\",\"url\":\"https:\/\/www.irishfamine.ie\/ga\/\",\"name\":\"National Famine Commemoration\",\"description\":\"\",\"publisher\":{\"@id\":\"https:\/\/www.irishfamine.ie\/ga\/#organization\"},\"potentialAction\":[{\"@type\":\"SearchAction\",\"target\":{\"@type\":\"EntryPoint\",\"urlTemplate\":\"https:\/\/www.irishfamine.ie\/ga\/?s={search_term_string}\"},\"query-input\":{\"@type\":\"PropertyValueSpecification\",\"valueRequired\":true,\"valueName\":\"search_term_string\"}}],\"inLanguage\":\"ga-IE\"},{\"@type\":\"Organization\",\"@id\":\"https:\/\/www.irishfamine.ie\/ga\/#organization\",\"name\":\"Department of Tourism, Culture, Arts, Gaeltacht, Sport & Media\",\"url\":\"https:\/\/www.irishfamine.ie\/ga\/\",\"logo\":{\"@type\":\"ImageObject\",\"inLanguage\":\"ga-IE\",\"@id\":\"https:\/\/www.irishfamine.ie\/ga\/#\/schema\/logo\/image\/\",\"url\":\"https:\/\/www.irishfamine.ie\/app\/uploads\/2021\/05\/dep-of-Tourism-Culture-Arts-Gaeltacht-sport-and-media-_logo.png\",\"contentUrl\":\"https:\/\/www.irishfamine.ie\/app\/uploads\/2021\/05\/dep-of-Tourism-Culture-Arts-Gaeltacht-sport-and-media-_logo.png\",\"width\":300,\"height\":148,\"caption\":\"Department of Tourism, Culture, Arts, Gaeltacht, Sport & Media\"},\"image\":{\"@id\":\"https:\/\/www.irishfamine.ie\/ga\/#\/schema\/logo\/image\/\"},\"sameAs\":[\"https:\/\/www.facebook.com\/DepartmentofCultureIRL\/\",\"https:\/\/x.com\/DeptCultureIRL\"]}]}<\/script>\n<!-- \/ Yoast SEO plugin. -->","yoast_head_json":{"title":"Litr\u00edocht - Com\u00f3radh N\u00e1isi\u00fanta an Ghorta Mh\u00f3ir","robots":{"index":"index","follow":"follow","max-snippet":"max-snippet:-1","max-image-preview":"max-image-preview:large","max-video-preview":"max-video-preview:-1"},"canonical":"https:\/\/www.irishfamine.ie\/ga\/na-healaiona-an-gorta\/litriocht\/","og_locale":"ga_IE","og_type":"article","og_title":"Litr\u00edocht - Com\u00f3radh N\u00e1isi\u00fanta an Ghorta Mh\u00f3ir","og_description":"Litr\u00edocht &nbsp; Star of the Sea \u2013 Joseph O\u2019Connor Suite i ngeimhreadh 1847 ar bord \u2018long bh\u00e1is\u2019 R\u00e9alt na Mara, le slua leathan carachtar air at\u00e1 ag \u00e9al\u00fa \u00f3n ghorta go Nua-Eabhrac, is mist\u00e9ir agus sc\u00e9insc\u00e9il faoi seach \u00e9 an t-\u00farsc\u00e9al seo le Joseph O\u2019Connor a foils\u00edodh in 2002. Mar sin f\u00e9in, ceangla\u00edonn s\u00e9 na...","og_url":"https:\/\/www.irishfamine.ie\/ga\/na-healaiona-an-gorta\/litriocht\/","og_site_name":"Com\u00f3radh N\u00e1isi\u00fanta an Ghorta Mh\u00f3ir","article_publisher":"https:\/\/www.facebook.com\/DepartmentofCultureIRL\/","article_modified_time":"2024-03-05T16:36:48+00:00","twitter_card":"summary_large_image","twitter_site":"@DeptCultureIRL","twitter_misc":{"Est. reading time":"2 minutes"},"schema":{"@context":"https:\/\/schema.org","@graph":[{"@type":"WebPage","@id":"https:\/\/www.irishfamine.ie\/ga\/na-healaiona-an-gorta\/litriocht\/","url":"https:\/\/www.irishfamine.ie\/ga\/na-healaiona-an-gorta\/litriocht\/","name":"Litr\u00edocht - Com\u00f3radh N\u00e1isi\u00fanta an Ghorta Mh\u00f3ir","isPartOf":{"@id":"https:\/\/www.irishfamine.ie\/ga\/#website"},"datePublished":"2022-08-12T13:14:10+00:00","dateModified":"2024-03-05T16:36:48+00:00","breadcrumb":{"@id":"https:\/\/www.irishfamine.ie\/ga\/na-healaiona-an-gorta\/litriocht\/#breadcrumb"},"inLanguage":"ga-IE","potentialAction":[{"@type":"ReadAction","target":["https:\/\/www.irishfamine.ie\/ga\/na-healaiona-an-gorta\/litriocht\/"]}]},{"@type":"BreadcrumbList","@id":"https:\/\/www.irishfamine.ie\/ga\/na-healaiona-an-gorta\/litriocht\/#breadcrumb","itemListElement":[{"@type":"ListItem","position":1,"name":"Home","item":"https:\/\/www.irishfamine.ie\/ga\/"},{"@type":"ListItem","position":2,"name":"Na hEala\u00edona &amp; an Gorta","item":"https:\/\/www.irishfamine.ie\/ga\/na-healaiona-an-gorta\/"},{"@type":"ListItem","position":3,"name":"Litr\u00edocht"}]},{"@type":"WebSite","@id":"https:\/\/www.irishfamine.ie\/ga\/#website","url":"https:\/\/www.irishfamine.ie\/ga\/","name":"National Famine Commemoration","description":"","publisher":{"@id":"https:\/\/www.irishfamine.ie\/ga\/#organization"},"potentialAction":[{"@type":"SearchAction","target":{"@type":"EntryPoint","urlTemplate":"https:\/\/www.irishfamine.ie\/ga\/?s={search_term_string}"},"query-input":{"@type":"PropertyValueSpecification","valueRequired":true,"valueName":"search_term_string"}}],"inLanguage":"ga-IE"},{"@type":"Organization","@id":"https:\/\/www.irishfamine.ie\/ga\/#organization","name":"Department of Tourism, Culture, Arts, Gaeltacht, Sport & Media","url":"https:\/\/www.irishfamine.ie\/ga\/","logo":{"@type":"ImageObject","inLanguage":"ga-IE","@id":"https:\/\/www.irishfamine.ie\/ga\/#\/schema\/logo\/image\/","url":"https:\/\/www.irishfamine.ie\/app\/uploads\/2021\/05\/dep-of-Tourism-Culture-Arts-Gaeltacht-sport-and-media-_logo.png","contentUrl":"https:\/\/www.irishfamine.ie\/app\/uploads\/2021\/05\/dep-of-Tourism-Culture-Arts-Gaeltacht-sport-and-media-_logo.png","width":300,"height":148,"caption":"Department of Tourism, Culture, Arts, Gaeltacht, Sport & Media"},"image":{"@id":"https:\/\/www.irishfamine.ie\/ga\/#\/schema\/logo\/image\/"},"sameAs":["https:\/\/www.facebook.com\/DepartmentofCultureIRL\/","https:\/\/x.com\/DeptCultureIRL"]}]}},"_links":{"self":[{"href":"https:\/\/www.irishfamine.ie\/ga\/wp-json\/wp\/v2\/pages\/3372","targetHints":{"allow":["GET"]}}],"collection":[{"href":"https:\/\/www.irishfamine.ie\/ga\/wp-json\/wp\/v2\/pages"}],"about":[{"href":"https:\/\/www.irishfamine.ie\/ga\/wp-json\/wp\/v2\/types\/page"}],"author":[{"embeddable":true,"href":"https:\/\/www.irishfamine.ie\/ga\/wp-json\/wp\/v2\/users\/3"}],"replies":[{"embeddable":true,"href":"https:\/\/www.irishfamine.ie\/ga\/wp-json\/wp\/v2\/comments?post=3372"}],"version-history":[{"count":1,"href":"https:\/\/www.irishfamine.ie\/ga\/wp-json\/wp\/v2\/pages\/3372\/revisions"}],"predecessor-version":[{"id":3373,"href":"https:\/\/www.irishfamine.ie\/ga\/wp-json\/wp\/v2\/pages\/3372\/revisions\/3373"}],"up":[{"embeddable":true,"href":"https:\/\/www.irishfamine.ie\/ga\/wp-json\/wp\/v2\/pages\/3368"}],"wp:attachment":[{"href":"https:\/\/www.irishfamine.ie\/ga\/wp-json\/wp\/v2\/media?parent=3372"}],"curies":[{"name":"wp","href":"https:\/\/api.w.org\/{rel}","templated":true}]}}