{"id":3374,"date":"2022-08-12T14:14:54","date_gmt":"2022-08-12T13:14:54","guid":{"rendered":"https:\/\/www.irishfamine.ie\/na-healaiona-an-gorta\/scannanaiocht-amharclannaiocht\/"},"modified":"2024-03-05T16:44:36","modified_gmt":"2024-03-05T16:44:36","slug":"scannanaiocht-amharclannaiocht","status":"publish","type":"page","link":"https:\/\/www.irishfamine.ie\/ga\/na-healaiona-an-gorta\/scannanaiocht-amharclannaiocht\/","title":{"rendered":"Scann\u00e1na\u00edocht &amp; Amharclanna\u00edocht"},"content":{"rendered":"<p><strong><u>Scann\u00e1na\u00edocht &amp; Amharclanna\u00edocht<\/u><\/strong><\/p>\n<p>&nbsp;<\/p>\n<p><strong>Black \u201847<\/strong><\/p>\n<p>Sa mh\u00f3rscann\u00e1n seo at\u00e1 suite i gConamara, feiceann muid iarshaighdi\u00fair na Breataine \u00f3 Chonamara, l\u00e9irithe ag James Frecheville, a thagann ar ais le teacht ar a theaghlach agus a chomharsana agus \u00e9ifeachta\u00ed an Ghorta Mh\u00f3ir ag dul i bhfeidhm orthu. T\u00f3gtar an teideal \u00f3n bhliain ab uafasa\u00ed den ghorta, 1847, a thugtar \u2018\u201947 an Bhr\u00f3in\u2019 n\u00f3 \u2018Black \u201847\u2019 uirthi go minic. T\u00e1 dial\u00f3g i nGaeilge agus i mB\u00e9arla araon le cloiste\u00e1il sa scann\u00e1n, agus t\u00e1 foireann scothaisteoir\u00ed le f\u00e1il ann, Stephan Rea, Barry Keoghan, Hugo Weaving agus Jim Broadbent san \u00e1ireamh. Tugadh duais an Scann\u00e1in is Fearr d\u00f3 ag gradaim Acadamh Scann\u00e1n agus Teilif\u00edse na h\u00c9ireann (IFTA) 2020.<\/p>\n<p>&nbsp;<\/p>\n<p><strong>Arracht<\/strong><\/p>\n<p>Agus \u00e9 suite in \u00c9irinn in 1845, is dr\u00e1ma uaibhreach Gaeilge \u00e9 Arracht faoi bhr\u00f3n agus maireacht\u00e1il i rith an Ghorta Mh\u00f3ir. D\u00edr\u00edonn an scann\u00e1n ar iascaire Colm\u00e1n Sharkey (D\u00f3nall \u00d3 H\u00e9ala\u00ed) a th\u00f3gann iarshaighdi\u00fair isteach (l\u00e9irithe ag Dara Devaney) a thagann ag t\u00fas an ghorta. Rinneadh scann\u00e1n\u00fa air ina ioml\u00e1n i Leitir Meall\u00e1in, Conamara agus bhuaigh s\u00e9 duais an Scann\u00e1in \u00c9ireannaigh is Fearr ag F\u00e9ile Scann\u00e1n Idirn\u00e1isi\u00fanta Bhaile \u00c1tha Cliath.<\/p>\n<p>&nbsp;<\/p>\n<p><a href=\"https:\/\/www.rte.ie\/player\/series\/the-hunger-the-story-of-the-irish-famine\/SI0000008058?epguid=IP000065817\"><strong>The Hunger: The Story of The Irish Famine<\/strong><\/a><\/p>\n<p>D\u00e9anann Liam Neeson tr\u00e1chtaireacht ar an scann\u00e1n faisn\u00e9ise dh\u00e1 chuid seo, ar chomhl\u00e9iri\u00fach\u00e1n de chuid RT\u00c9, Col\u00e1iste na hOllscoile, Corcaigh, agus an Cain\u00e9al Cult\u00fair Eorpach ARTE \u00e9, a rinne com\u00f3radh ar 175 bliain \u00f3n Ghorta Mh\u00f3r. D\u00e9antar pl\u00e9 sa scann\u00e1n faisn\u00e9ise suntasach ar bhun\u00fas idirn\u00e1isi\u00fanta an Ghorta, chomh maith lena fhorbairt agus a oidhreacht. Leagtar amach sa ch\u00e9ad eagr\u00e1n na c\u00fains\u00ed s\u00f3isialta, polaiti\u00fala agus eacnama\u00edocha a lig don ghorta tarl\u00fa agus riana\u00edtear an ch\u00e9ad tr\u00ed bhliain den gh\u00e9arch\u00e9im in \u00c9irinn agus san Eoraip. Sa dara heagr\u00e1n, pl\u00e9itear c\u00e9imeanna deiridh an ghorta, \u00f3na bhuaicphointe go d\u00e9anach in 1847 go oidhreacht s\u2019aige a chruthaigh \u00c9ire mar at\u00e1 s\u00ed sa l\u00e1 at\u00e1 inniu ann.<\/p>\n<p>&nbsp;<\/p>\n<p><a href=\"https:\/\/www.inthemidstofplenty.com\/\"><strong>In the Midst of Plenty<\/strong><\/a><\/p>\n<p>Ins\u00edtear sc\u00e9al sa cheoldr\u00e1ma t\u00edre seo, agus an Gorta M\u00f3r in \u00c9irinn in 1847 mar ch\u00falra aige, faoin streachailt a bh\u00ed roimh thion\u00f3nta\u00ed ar east\u00e1t Bh\u00e9al na mBuill\u00ed. Scr\u00edobh an t-amhr\u00e1na\u00ed is scr\u00edbhneoir Amy Day an p\u00edosa, a bh\u00ed faoi sti\u00fair Anne-Marie O&#8217;Sullivan \u00f3 Amharclann Enchanted Cro\u00ed, agus d\u00e9anann s\u00e9 pl\u00e9 ar th\u00e9ama\u00ed cos\u00fail le ban\u00falacht in \u00c9irinn, teaghlach agus pobal. Fuarthas spreagadh don sc\u00e9al \u00f3 chartlann shaibhir Mh\u00fasaem N\u00e1isi\u00fanta an Ghorta Mh\u00f3ir i bP\u00e1irc Bh\u00e9al na mBuill\u00ed.<\/p>\n","protected":false},"excerpt":{"rendered":"<p>Scann\u00e1na\u00edocht &amp; Amharclanna\u00edocht &nbsp; Black \u201847 Sa mh\u00f3rscann\u00e1n seo at\u00e1 suite i gConamara, feiceann muid iarshaighdi\u00fair na Breataine \u00f3 Chonamara, l\u00e9irithe ag James Frecheville, a thagann ar ais le teacht ar a theaghlach agus a chomharsana agus \u00e9ifeachta\u00ed an Ghorta Mh\u00f3ir ag dul i bhfeidhm orthu. T\u00f3gtar an teideal \u00f3n bhliain ab uafasa\u00ed den ghorta,&#8230; <\/p>\n","protected":false},"author":3,"featured_media":0,"parent":3368,"menu_order":0,"comment_status":"closed","ping_status":"closed","template":"full-width.php","meta":{"footnotes":""},"class_list":["post-3374","page","type-page","status-publish","hentry"],"yoast_head":"<!-- This site is optimized with the Yoast SEO plugin v27.2 - https:\/\/yoast.com\/product\/yoast-seo-wordpress\/ -->\n<title>Scann\u00e1na\u00edocht &amp; Amharclanna\u00edocht - Com\u00f3radh N\u00e1isi\u00fanta an Ghorta Mh\u00f3ir<\/title>\n<meta name=\"robots\" content=\"index, follow, max-snippet:-1, max-image-preview:large, max-video-preview:-1\" \/>\n<link rel=\"canonical\" href=\"https:\/\/www.irishfamine.ie\/ga\/na-healaiona-an-gorta\/scannanaiocht-amharclannaiocht\/\" \/>\n<meta property=\"og:locale\" content=\"ga_IE\" \/>\n<meta property=\"og:type\" content=\"article\" \/>\n<meta property=\"og:title\" content=\"Scann\u00e1na\u00edocht &amp; Amharclanna\u00edocht - Com\u00f3radh N\u00e1isi\u00fanta an Ghorta Mh\u00f3ir\" \/>\n<meta property=\"og:description\" content=\"Scann\u00e1na\u00edocht &amp; Amharclanna\u00edocht &nbsp; Black \u201847 Sa mh\u00f3rscann\u00e1n seo at\u00e1 suite i gConamara, feiceann muid iarshaighdi\u00fair na Breataine \u00f3 Chonamara, l\u00e9irithe ag James Frecheville, a thagann ar ais le teacht ar a theaghlach agus a chomharsana agus \u00e9ifeachta\u00ed an Ghorta Mh\u00f3ir ag dul i bhfeidhm orthu. T\u00f3gtar an teideal \u00f3n bhliain ab uafasa\u00ed den ghorta,...\" \/>\n<meta property=\"og:url\" content=\"https:\/\/www.irishfamine.ie\/ga\/na-healaiona-an-gorta\/scannanaiocht-amharclannaiocht\/\" \/>\n<meta property=\"og:site_name\" content=\"Com\u00f3radh N\u00e1isi\u00fanta an Ghorta Mh\u00f3ir\" \/>\n<meta property=\"article:publisher\" content=\"https:\/\/www.facebook.com\/DepartmentofCultureIRL\/\" \/>\n<meta property=\"article:modified_time\" content=\"2024-03-05T16:44:36+00:00\" \/>\n<meta name=\"twitter:card\" content=\"summary_large_image\" \/>\n<meta name=\"twitter:site\" content=\"@DeptCultureIRL\" \/>\n<meta name=\"twitter:label1\" content=\"Est. reading time\" \/>\n\t<meta name=\"twitter:data1\" content=\"2 minutes\" \/>\n<script type=\"application\/ld+json\" class=\"yoast-schema-graph\">{\"@context\":\"https:\/\/schema.org\",\"@graph\":[{\"@type\":\"WebPage\",\"@id\":\"https:\/\/www.irishfamine.ie\/ga\/na-healaiona-an-gorta\/scannanaiocht-amharclannaiocht\/\",\"url\":\"https:\/\/www.irishfamine.ie\/ga\/na-healaiona-an-gorta\/scannanaiocht-amharclannaiocht\/\",\"name\":\"Scann\u00e1na\u00edocht &amp; Amharclanna\u00edocht - Com\u00f3radh N\u00e1isi\u00fanta an Ghorta Mh\u00f3ir\",\"isPartOf\":{\"@id\":\"https:\/\/www.irishfamine.ie\/ga\/#website\"},\"datePublished\":\"2022-08-12T13:14:54+00:00\",\"dateModified\":\"2024-03-05T16:44:36+00:00\",\"breadcrumb\":{\"@id\":\"https:\/\/www.irishfamine.ie\/ga\/na-healaiona-an-gorta\/scannanaiocht-amharclannaiocht\/#breadcrumb\"},\"inLanguage\":\"ga-IE\",\"potentialAction\":[{\"@type\":\"ReadAction\",\"target\":[\"https:\/\/www.irishfamine.ie\/ga\/na-healaiona-an-gorta\/scannanaiocht-amharclannaiocht\/\"]}]},{\"@type\":\"BreadcrumbList\",\"@id\":\"https:\/\/www.irishfamine.ie\/ga\/na-healaiona-an-gorta\/scannanaiocht-amharclannaiocht\/#breadcrumb\",\"itemListElement\":[{\"@type\":\"ListItem\",\"position\":1,\"name\":\"Home\",\"item\":\"https:\/\/www.irishfamine.ie\/ga\/\"},{\"@type\":\"ListItem\",\"position\":2,\"name\":\"Na hEala\u00edona &amp; an Gorta\",\"item\":\"https:\/\/www.irishfamine.ie\/ga\/na-healaiona-an-gorta\/\"},{\"@type\":\"ListItem\",\"position\":3,\"name\":\"Scann\u00e1na\u00edocht &amp; Amharclanna\u00edocht\"}]},{\"@type\":\"WebSite\",\"@id\":\"https:\/\/www.irishfamine.ie\/ga\/#website\",\"url\":\"https:\/\/www.irishfamine.ie\/ga\/\",\"name\":\"National Famine Commemoration\",\"description\":\"\",\"publisher\":{\"@id\":\"https:\/\/www.irishfamine.ie\/ga\/#organization\"},\"potentialAction\":[{\"@type\":\"SearchAction\",\"target\":{\"@type\":\"EntryPoint\",\"urlTemplate\":\"https:\/\/www.irishfamine.ie\/ga\/?s={search_term_string}\"},\"query-input\":{\"@type\":\"PropertyValueSpecification\",\"valueRequired\":true,\"valueName\":\"search_term_string\"}}],\"inLanguage\":\"ga-IE\"},{\"@type\":\"Organization\",\"@id\":\"https:\/\/www.irishfamine.ie\/ga\/#organization\",\"name\":\"Department of Tourism, Culture, Arts, Gaeltacht, Sport & Media\",\"url\":\"https:\/\/www.irishfamine.ie\/ga\/\",\"logo\":{\"@type\":\"ImageObject\",\"inLanguage\":\"ga-IE\",\"@id\":\"https:\/\/www.irishfamine.ie\/ga\/#\/schema\/logo\/image\/\",\"url\":\"https:\/\/www.irishfamine.ie\/app\/uploads\/2021\/05\/dep-of-Tourism-Culture-Arts-Gaeltacht-sport-and-media-_logo.png\",\"contentUrl\":\"https:\/\/www.irishfamine.ie\/app\/uploads\/2021\/05\/dep-of-Tourism-Culture-Arts-Gaeltacht-sport-and-media-_logo.png\",\"width\":300,\"height\":148,\"caption\":\"Department of Tourism, Culture, Arts, Gaeltacht, Sport & Media\"},\"image\":{\"@id\":\"https:\/\/www.irishfamine.ie\/ga\/#\/schema\/logo\/image\/\"},\"sameAs\":[\"https:\/\/www.facebook.com\/DepartmentofCultureIRL\/\",\"https:\/\/x.com\/DeptCultureIRL\"]}]}<\/script>\n<!-- \/ Yoast SEO plugin. -->","yoast_head_json":{"title":"Scann\u00e1na\u00edocht &amp; Amharclanna\u00edocht - Com\u00f3radh N\u00e1isi\u00fanta an Ghorta Mh\u00f3ir","robots":{"index":"index","follow":"follow","max-snippet":"max-snippet:-1","max-image-preview":"max-image-preview:large","max-video-preview":"max-video-preview:-1"},"canonical":"https:\/\/www.irishfamine.ie\/ga\/na-healaiona-an-gorta\/scannanaiocht-amharclannaiocht\/","og_locale":"ga_IE","og_type":"article","og_title":"Scann\u00e1na\u00edocht &amp; Amharclanna\u00edocht - Com\u00f3radh N\u00e1isi\u00fanta an Ghorta Mh\u00f3ir","og_description":"Scann\u00e1na\u00edocht &amp; Amharclanna\u00edocht &nbsp; Black \u201847 Sa mh\u00f3rscann\u00e1n seo at\u00e1 suite i gConamara, feiceann muid iarshaighdi\u00fair na Breataine \u00f3 Chonamara, l\u00e9irithe ag James Frecheville, a thagann ar ais le teacht ar a theaghlach agus a chomharsana agus \u00e9ifeachta\u00ed an Ghorta Mh\u00f3ir ag dul i bhfeidhm orthu. T\u00f3gtar an teideal \u00f3n bhliain ab uafasa\u00ed den ghorta,...","og_url":"https:\/\/www.irishfamine.ie\/ga\/na-healaiona-an-gorta\/scannanaiocht-amharclannaiocht\/","og_site_name":"Com\u00f3radh N\u00e1isi\u00fanta an Ghorta Mh\u00f3ir","article_publisher":"https:\/\/www.facebook.com\/DepartmentofCultureIRL\/","article_modified_time":"2024-03-05T16:44:36+00:00","twitter_card":"summary_large_image","twitter_site":"@DeptCultureIRL","twitter_misc":{"Est. reading time":"2 minutes"},"schema":{"@context":"https:\/\/schema.org","@graph":[{"@type":"WebPage","@id":"https:\/\/www.irishfamine.ie\/ga\/na-healaiona-an-gorta\/scannanaiocht-amharclannaiocht\/","url":"https:\/\/www.irishfamine.ie\/ga\/na-healaiona-an-gorta\/scannanaiocht-amharclannaiocht\/","name":"Scann\u00e1na\u00edocht &amp; Amharclanna\u00edocht - Com\u00f3radh N\u00e1isi\u00fanta an Ghorta Mh\u00f3ir","isPartOf":{"@id":"https:\/\/www.irishfamine.ie\/ga\/#website"},"datePublished":"2022-08-12T13:14:54+00:00","dateModified":"2024-03-05T16:44:36+00:00","breadcrumb":{"@id":"https:\/\/www.irishfamine.ie\/ga\/na-healaiona-an-gorta\/scannanaiocht-amharclannaiocht\/#breadcrumb"},"inLanguage":"ga-IE","potentialAction":[{"@type":"ReadAction","target":["https:\/\/www.irishfamine.ie\/ga\/na-healaiona-an-gorta\/scannanaiocht-amharclannaiocht\/"]}]},{"@type":"BreadcrumbList","@id":"https:\/\/www.irishfamine.ie\/ga\/na-healaiona-an-gorta\/scannanaiocht-amharclannaiocht\/#breadcrumb","itemListElement":[{"@type":"ListItem","position":1,"name":"Home","item":"https:\/\/www.irishfamine.ie\/ga\/"},{"@type":"ListItem","position":2,"name":"Na hEala\u00edona &amp; an Gorta","item":"https:\/\/www.irishfamine.ie\/ga\/na-healaiona-an-gorta\/"},{"@type":"ListItem","position":3,"name":"Scann\u00e1na\u00edocht &amp; Amharclanna\u00edocht"}]},{"@type":"WebSite","@id":"https:\/\/www.irishfamine.ie\/ga\/#website","url":"https:\/\/www.irishfamine.ie\/ga\/","name":"National Famine Commemoration","description":"","publisher":{"@id":"https:\/\/www.irishfamine.ie\/ga\/#organization"},"potentialAction":[{"@type":"SearchAction","target":{"@type":"EntryPoint","urlTemplate":"https:\/\/www.irishfamine.ie\/ga\/?s={search_term_string}"},"query-input":{"@type":"PropertyValueSpecification","valueRequired":true,"valueName":"search_term_string"}}],"inLanguage":"ga-IE"},{"@type":"Organization","@id":"https:\/\/www.irishfamine.ie\/ga\/#organization","name":"Department of Tourism, Culture, Arts, Gaeltacht, Sport & Media","url":"https:\/\/www.irishfamine.ie\/ga\/","logo":{"@type":"ImageObject","inLanguage":"ga-IE","@id":"https:\/\/www.irishfamine.ie\/ga\/#\/schema\/logo\/image\/","url":"https:\/\/www.irishfamine.ie\/app\/uploads\/2021\/05\/dep-of-Tourism-Culture-Arts-Gaeltacht-sport-and-media-_logo.png","contentUrl":"https:\/\/www.irishfamine.ie\/app\/uploads\/2021\/05\/dep-of-Tourism-Culture-Arts-Gaeltacht-sport-and-media-_logo.png","width":300,"height":148,"caption":"Department of Tourism, Culture, Arts, Gaeltacht, Sport & Media"},"image":{"@id":"https:\/\/www.irishfamine.ie\/ga\/#\/schema\/logo\/image\/"},"sameAs":["https:\/\/www.facebook.com\/DepartmentofCultureIRL\/","https:\/\/x.com\/DeptCultureIRL"]}]}},"_links":{"self":[{"href":"https:\/\/www.irishfamine.ie\/ga\/wp-json\/wp\/v2\/pages\/3374","targetHints":{"allow":["GET"]}}],"collection":[{"href":"https:\/\/www.irishfamine.ie\/ga\/wp-json\/wp\/v2\/pages"}],"about":[{"href":"https:\/\/www.irishfamine.ie\/ga\/wp-json\/wp\/v2\/types\/page"}],"author":[{"embeddable":true,"href":"https:\/\/www.irishfamine.ie\/ga\/wp-json\/wp\/v2\/users\/3"}],"replies":[{"embeddable":true,"href":"https:\/\/www.irishfamine.ie\/ga\/wp-json\/wp\/v2\/comments?post=3374"}],"version-history":[{"count":1,"href":"https:\/\/www.irishfamine.ie\/ga\/wp-json\/wp\/v2\/pages\/3374\/revisions"}],"predecessor-version":[{"id":3375,"href":"https:\/\/www.irishfamine.ie\/ga\/wp-json\/wp\/v2\/pages\/3374\/revisions\/3375"}],"up":[{"embeddable":true,"href":"https:\/\/www.irishfamine.ie\/ga\/wp-json\/wp\/v2\/pages\/3368"}],"wp:attachment":[{"href":"https:\/\/www.irishfamine.ie\/ga\/wp-json\/wp\/v2\/media?parent=3374"}],"curies":[{"name":"wp","href":"https:\/\/api.w.org\/{rel}","templated":true}]}}