{"id":3376,"date":"2022-08-12T14:15:27","date_gmt":"2022-08-12T13:15:27","guid":{"rendered":"https:\/\/www.irishfamine.ie\/na-healaiona-an-gorta\/peinteireacht-dealbhoireacht\/"},"modified":"2022-08-12T14:15:27","modified_gmt":"2022-08-12T13:15:27","slug":"peinteireacht-dealbhoireacht","status":"publish","type":"page","link":"https:\/\/www.irishfamine.ie\/ga\/na-healaiona-an-gorta\/peinteireacht-dealbhoireacht\/","title":{"rendered":"P\u00e9int\u00e9ireacht &amp; Dealbh\u00f3ireacht"},"content":{"rendered":"<p><strong><u>P\u00e9int\u00e9ireacht &amp; Dealbh\u00f3ireacht<\/u><\/strong><\/p>\n<p>&nbsp;<\/p>\n<p><strong>An Irish Peasant Family Discovering the Blight of their Store &#8211; <\/strong><strong>Daniel MacDonald<\/strong><\/p>\n<p>Meastar go bhfuil an saothar seo, a p\u00e9inte\u00e1ladh agus a cuireadh ar taispe\u00e1int in 1847 ag an eala\u00edont\u00f3ir \u00f3 Chorcaigh Daniel MacDonald, ar cheann den roinnt bheag picti\u00far comhaimseartha den Ghorta Mh\u00f3r, agus l\u00e9ir\u00edonn s\u00e9 teaghlach agus iad ag aimsi\u00fa gur theip ar a gcuid pr\u00e1ta\u00ed. D\u00e9anann an dorchadas at\u00e1 ag dul i m\u00e9id sa ch\u00falra macalla ar an eagla at\u00e1 ar bhaill an teaghlaigh agus baol an ocrais rompu.<\/p>\n<p>I saothar eile ina dhiaidh sin a peinte\u00e1ladh c. 1850, \u2018The Village Funeral \u2013 An Irish Family by a Graveside during the Great Famine\u2019, l\u00e9ir\u00edtear fosta an todhcha\u00ed gruama agus an t-\u00e9ad\u00f3chas fulangach a bh\u00ed ar theaghlaigh san am seo agus \u00fas\u00e1id bainte as dath ar bhealach n\u00ed ba sm\u00faiti\u00fala agus n\u00ed ba gruama. T\u00e1 an picti\u00far seo \u00e1 choinne\u00e1il i nGaileara\u00ed Eala\u00edne Crawford, Corcaigh, i gcuideachta roinnt saothar eile le MacDonald.<\/p>\n<p>&nbsp;<\/p>\n<p><strong>Leacht Cuimhneach\u00e1in an Ghorta Mh\u00f3ir, Baile \u00c1tha Cliath <\/strong><strong> &#8211; Rowan Gillespie<\/strong><\/p>\n<p>Chruthaigh Rowan Gillespie an dealbh Cuimhneach\u00e1in seo, dar teideal \u2018Famine\u2019, a nochtadh in 1997 ar Ch\u00e9 Theach an Chustaim i gCeantar na nDuga\u00ed i mBaile \u00c1tha Cliath, \u00e1it inar teitheadh go leor d\u00f3ibh si\u00fad a d\u2019fhag \u00c9ire le linn an Ghorta Mh\u00f3ir. Chruthaigh Rowan Gillespie an dealbh Cuimhneach\u00e1in seo, dar teideal \u2018Famine\u2019, a nochtadh in 1997 ar Ch\u00e9 Theach an Chustaim i gCeantar na nDuga\u00ed i mBaile \u00c1tha Cliath, \u00e1it inar teitheadh go leor d\u00f3ibh si\u00fad a d\u2019fhag \u00c9ire le linn an Ghorta Mh\u00f3ir.<\/p>\n<p>&nbsp;<\/p>\n<p><strong>Dealbh Kindred Spirits &#8211; Alex Pentak<\/strong><\/p>\n<p>Le linn an Ghorta Mh\u00f3ir, th\u00e1inig c\u00fanamh go h\u00c9irinn \u00f3 raon leathan foins\u00ed ar fud an domhain. Sampla suntasach amh\u00e1in n\u00e1 an Pobal Choctaw, a bhailigh $170 d\u00e1 n-airgead f\u00e9in, arb ionann \u00e9 sin agus na m\u00edlte dollar sa l\u00e1 at\u00e1 inniu ann, chun bia a shol\u00e1thar do dhaoine \u00c9ireannacha a bh\u00ed ag f\u00e1il bh\u00e1is leis an ocras. In 2015, suite\u00e1ladh leacht cuimhneach\u00e1in darbh ainm Kindred Spirits i bP\u00e1irc Bailick, Mainistir na Corann, Co. Corca\u00ed, in \u00f3m\u00f3s do ghna\u00ed\u00falacht Dh\u00fachasaigh Mheirice\u00e1nacha Choctaw le linn an Ghorta Mh\u00f3ir. Chruthaigh Alex Pentak an leacht cuimhneach\u00e1in le cuidi\u00fa \u00f3 mhic l\u00e9inn Chol\u00e1iste Eala\u00edne agus Dearaidh Crawford, agus t\u00e1 s\u00e9 comhdh\u00e9anta de naoi gcleite ollmh\u00f3ra, d\u00e9anta de chruach dhosm\u00e1lta, m\u00fanlaithe i mbabhla folamh.<\/p>\n<p>&nbsp;<\/p>\n<p><strong>Leacht Cuimhneach\u00e1in an Ghorta Mh\u00f3ir i Muraisc, Co. Mhaigh Eo<\/strong><\/p>\n<p>T\u00e1 rig\u00edn na loinge comhdh\u00e9anta de chn\u00e1mharlaigh cheangailte, rud at\u00e1 ina mheabhr\u00fa g\u00e9ar orthu si\u00fad a fuair b\u00e1s. Rinne John Behan, eala\u00edont\u00f3ir \u00f3 Bhaile \u00c1tha Cliath, dearadh ar an leacht cr\u00e9-uma de \u2018long bh\u00e1is\u2019, an t-ainm a bhronnadh n\u00edos d\u00e9ana\u00ed ar na loing a d\u2019iompair eisimircigh \u00f3 \u00c9irinn le linn an ghorta. T\u00e1 rig\u00edn na loinge comhdh\u00e9anta de chn\u00e1mharlaigh cheangailte, rud at\u00e1 ina mheabhr\u00fa g\u00e9ar orthu si\u00fad a fuair b\u00e1s. Nocht an tUachtar\u00e1n M\u00e1ire Mhic R\u00f3ib\u00edn an leacht cuimhneach\u00e1in ar an 20 I\u00fail 1997.<\/p>\n","protected":false},"excerpt":{"rendered":"<p>P\u00e9int\u00e9ireacht &amp; Dealbh\u00f3ireacht &nbsp; An Irish Peasant Family Discovering the Blight of their Store &#8211; Daniel MacDonald Meastar go bhfuil an saothar seo, a p\u00e9inte\u00e1ladh agus a cuireadh ar taispe\u00e1int in 1847 ag an eala\u00edont\u00f3ir \u00f3 Chorcaigh Daniel MacDonald, ar cheann den roinnt bheag picti\u00far comhaimseartha den Ghorta Mh\u00f3r, agus l\u00e9ir\u00edonn s\u00e9 teaghlach agus iad&#8230; <\/p>\n","protected":false},"author":3,"featured_media":0,"parent":3368,"menu_order":0,"comment_status":"closed","ping_status":"closed","template":"full-width.php","meta":{"footnotes":""},"class_list":["post-3376","page","type-page","status-publish","hentry"],"yoast_head":"<!-- This site is optimized with the Yoast SEO plugin v27.2 - https:\/\/yoast.com\/product\/yoast-seo-wordpress\/ -->\n<title>P\u00e9int\u00e9ireacht &amp; Dealbh\u00f3ireacht - Com\u00f3radh N\u00e1isi\u00fanta an Ghorta Mh\u00f3ir<\/title>\n<meta name=\"robots\" content=\"index, follow, max-snippet:-1, max-image-preview:large, max-video-preview:-1\" \/>\n<link rel=\"canonical\" href=\"https:\/\/www.irishfamine.ie\/ga\/na-healaiona-an-gorta\/peinteireacht-dealbhoireacht\/\" \/>\n<meta property=\"og:locale\" content=\"ga_IE\" \/>\n<meta property=\"og:type\" content=\"article\" \/>\n<meta property=\"og:title\" content=\"P\u00e9int\u00e9ireacht &amp; Dealbh\u00f3ireacht - Com\u00f3radh N\u00e1isi\u00fanta an Ghorta Mh\u00f3ir\" \/>\n<meta property=\"og:description\" content=\"P\u00e9int\u00e9ireacht &amp; Dealbh\u00f3ireacht &nbsp; An Irish Peasant Family Discovering the Blight of their Store &#8211; Daniel MacDonald Meastar go bhfuil an saothar seo, a p\u00e9inte\u00e1ladh agus a cuireadh ar taispe\u00e1int in 1847 ag an eala\u00edont\u00f3ir \u00f3 Chorcaigh Daniel MacDonald, ar cheann den roinnt bheag picti\u00far comhaimseartha den Ghorta Mh\u00f3r, agus l\u00e9ir\u00edonn s\u00e9 teaghlach agus iad...\" \/>\n<meta property=\"og:url\" content=\"https:\/\/www.irishfamine.ie\/ga\/na-healaiona-an-gorta\/peinteireacht-dealbhoireacht\/\" \/>\n<meta property=\"og:site_name\" content=\"Com\u00f3radh N\u00e1isi\u00fanta an Ghorta Mh\u00f3ir\" \/>\n<meta property=\"article:publisher\" content=\"https:\/\/www.facebook.com\/DepartmentofCultureIRL\/\" \/>\n<meta name=\"twitter:card\" content=\"summary_large_image\" \/>\n<meta name=\"twitter:site\" content=\"@DeptCultureIRL\" \/>\n<meta name=\"twitter:label1\" content=\"Est. reading time\" \/>\n\t<meta name=\"twitter:data1\" content=\"3 minutes\" \/>\n<script type=\"application\/ld+json\" class=\"yoast-schema-graph\">{\"@context\":\"https:\/\/schema.org\",\"@graph\":[{\"@type\":\"WebPage\",\"@id\":\"https:\/\/www.irishfamine.ie\/ga\/na-healaiona-an-gorta\/peinteireacht-dealbhoireacht\/\",\"url\":\"https:\/\/www.irishfamine.ie\/ga\/na-healaiona-an-gorta\/peinteireacht-dealbhoireacht\/\",\"name\":\"P\u00e9int\u00e9ireacht &amp; Dealbh\u00f3ireacht - Com\u00f3radh N\u00e1isi\u00fanta an Ghorta Mh\u00f3ir\",\"isPartOf\":{\"@id\":\"https:\/\/www.irishfamine.ie\/ga\/#website\"},\"datePublished\":\"2022-08-12T13:15:27+00:00\",\"breadcrumb\":{\"@id\":\"https:\/\/www.irishfamine.ie\/ga\/na-healaiona-an-gorta\/peinteireacht-dealbhoireacht\/#breadcrumb\"},\"inLanguage\":\"ga-IE\",\"potentialAction\":[{\"@type\":\"ReadAction\",\"target\":[\"https:\/\/www.irishfamine.ie\/ga\/na-healaiona-an-gorta\/peinteireacht-dealbhoireacht\/\"]}]},{\"@type\":\"BreadcrumbList\",\"@id\":\"https:\/\/www.irishfamine.ie\/ga\/na-healaiona-an-gorta\/peinteireacht-dealbhoireacht\/#breadcrumb\",\"itemListElement\":[{\"@type\":\"ListItem\",\"position\":1,\"name\":\"Home\",\"item\":\"https:\/\/www.irishfamine.ie\/ga\/\"},{\"@type\":\"ListItem\",\"position\":2,\"name\":\"Na hEala\u00edona &amp; an Gorta\",\"item\":\"https:\/\/www.irishfamine.ie\/ga\/na-healaiona-an-gorta\/\"},{\"@type\":\"ListItem\",\"position\":3,\"name\":\"P\u00e9int\u00e9ireacht &amp; Dealbh\u00f3ireacht\"}]},{\"@type\":\"WebSite\",\"@id\":\"https:\/\/www.irishfamine.ie\/ga\/#website\",\"url\":\"https:\/\/www.irishfamine.ie\/ga\/\",\"name\":\"National Famine Commemoration\",\"description\":\"\",\"publisher\":{\"@id\":\"https:\/\/www.irishfamine.ie\/ga\/#organization\"},\"potentialAction\":[{\"@type\":\"SearchAction\",\"target\":{\"@type\":\"EntryPoint\",\"urlTemplate\":\"https:\/\/www.irishfamine.ie\/ga\/?s={search_term_string}\"},\"query-input\":{\"@type\":\"PropertyValueSpecification\",\"valueRequired\":true,\"valueName\":\"search_term_string\"}}],\"inLanguage\":\"ga-IE\"},{\"@type\":\"Organization\",\"@id\":\"https:\/\/www.irishfamine.ie\/ga\/#organization\",\"name\":\"Department of Tourism, Culture, Arts, Gaeltacht, Sport & Media\",\"url\":\"https:\/\/www.irishfamine.ie\/ga\/\",\"logo\":{\"@type\":\"ImageObject\",\"inLanguage\":\"ga-IE\",\"@id\":\"https:\/\/www.irishfamine.ie\/ga\/#\/schema\/logo\/image\/\",\"url\":\"https:\/\/www.irishfamine.ie\/app\/uploads\/2021\/05\/dep-of-Tourism-Culture-Arts-Gaeltacht-sport-and-media-_logo.png\",\"contentUrl\":\"https:\/\/www.irishfamine.ie\/app\/uploads\/2021\/05\/dep-of-Tourism-Culture-Arts-Gaeltacht-sport-and-media-_logo.png\",\"width\":300,\"height\":148,\"caption\":\"Department of Tourism, Culture, Arts, Gaeltacht, Sport & Media\"},\"image\":{\"@id\":\"https:\/\/www.irishfamine.ie\/ga\/#\/schema\/logo\/image\/\"},\"sameAs\":[\"https:\/\/www.facebook.com\/DepartmentofCultureIRL\/\",\"https:\/\/x.com\/DeptCultureIRL\"]}]}<\/script>\n<!-- \/ Yoast SEO plugin. -->","yoast_head_json":{"title":"P\u00e9int\u00e9ireacht &amp; Dealbh\u00f3ireacht - Com\u00f3radh N\u00e1isi\u00fanta an Ghorta Mh\u00f3ir","robots":{"index":"index","follow":"follow","max-snippet":"max-snippet:-1","max-image-preview":"max-image-preview:large","max-video-preview":"max-video-preview:-1"},"canonical":"https:\/\/www.irishfamine.ie\/ga\/na-healaiona-an-gorta\/peinteireacht-dealbhoireacht\/","og_locale":"ga_IE","og_type":"article","og_title":"P\u00e9int\u00e9ireacht &amp; Dealbh\u00f3ireacht - Com\u00f3radh N\u00e1isi\u00fanta an Ghorta Mh\u00f3ir","og_description":"P\u00e9int\u00e9ireacht &amp; Dealbh\u00f3ireacht &nbsp; An Irish Peasant Family Discovering the Blight of their Store &#8211; Daniel MacDonald Meastar go bhfuil an saothar seo, a p\u00e9inte\u00e1ladh agus a cuireadh ar taispe\u00e1int in 1847 ag an eala\u00edont\u00f3ir \u00f3 Chorcaigh Daniel MacDonald, ar cheann den roinnt bheag picti\u00far comhaimseartha den Ghorta Mh\u00f3r, agus l\u00e9ir\u00edonn s\u00e9 teaghlach agus iad...","og_url":"https:\/\/www.irishfamine.ie\/ga\/na-healaiona-an-gorta\/peinteireacht-dealbhoireacht\/","og_site_name":"Com\u00f3radh N\u00e1isi\u00fanta an Ghorta Mh\u00f3ir","article_publisher":"https:\/\/www.facebook.com\/DepartmentofCultureIRL\/","twitter_card":"summary_large_image","twitter_site":"@DeptCultureIRL","twitter_misc":{"Est. reading time":"3 minutes"},"schema":{"@context":"https:\/\/schema.org","@graph":[{"@type":"WebPage","@id":"https:\/\/www.irishfamine.ie\/ga\/na-healaiona-an-gorta\/peinteireacht-dealbhoireacht\/","url":"https:\/\/www.irishfamine.ie\/ga\/na-healaiona-an-gorta\/peinteireacht-dealbhoireacht\/","name":"P\u00e9int\u00e9ireacht &amp; Dealbh\u00f3ireacht - Com\u00f3radh N\u00e1isi\u00fanta an Ghorta Mh\u00f3ir","isPartOf":{"@id":"https:\/\/www.irishfamine.ie\/ga\/#website"},"datePublished":"2022-08-12T13:15:27+00:00","breadcrumb":{"@id":"https:\/\/www.irishfamine.ie\/ga\/na-healaiona-an-gorta\/peinteireacht-dealbhoireacht\/#breadcrumb"},"inLanguage":"ga-IE","potentialAction":[{"@type":"ReadAction","target":["https:\/\/www.irishfamine.ie\/ga\/na-healaiona-an-gorta\/peinteireacht-dealbhoireacht\/"]}]},{"@type":"BreadcrumbList","@id":"https:\/\/www.irishfamine.ie\/ga\/na-healaiona-an-gorta\/peinteireacht-dealbhoireacht\/#breadcrumb","itemListElement":[{"@type":"ListItem","position":1,"name":"Home","item":"https:\/\/www.irishfamine.ie\/ga\/"},{"@type":"ListItem","position":2,"name":"Na hEala\u00edona &amp; an Gorta","item":"https:\/\/www.irishfamine.ie\/ga\/na-healaiona-an-gorta\/"},{"@type":"ListItem","position":3,"name":"P\u00e9int\u00e9ireacht &amp; Dealbh\u00f3ireacht"}]},{"@type":"WebSite","@id":"https:\/\/www.irishfamine.ie\/ga\/#website","url":"https:\/\/www.irishfamine.ie\/ga\/","name":"National Famine Commemoration","description":"","publisher":{"@id":"https:\/\/www.irishfamine.ie\/ga\/#organization"},"potentialAction":[{"@type":"SearchAction","target":{"@type":"EntryPoint","urlTemplate":"https:\/\/www.irishfamine.ie\/ga\/?s={search_term_string}"},"query-input":{"@type":"PropertyValueSpecification","valueRequired":true,"valueName":"search_term_string"}}],"inLanguage":"ga-IE"},{"@type":"Organization","@id":"https:\/\/www.irishfamine.ie\/ga\/#organization","name":"Department of Tourism, Culture, Arts, Gaeltacht, Sport & Media","url":"https:\/\/www.irishfamine.ie\/ga\/","logo":{"@type":"ImageObject","inLanguage":"ga-IE","@id":"https:\/\/www.irishfamine.ie\/ga\/#\/schema\/logo\/image\/","url":"https:\/\/www.irishfamine.ie\/app\/uploads\/2021\/05\/dep-of-Tourism-Culture-Arts-Gaeltacht-sport-and-media-_logo.png","contentUrl":"https:\/\/www.irishfamine.ie\/app\/uploads\/2021\/05\/dep-of-Tourism-Culture-Arts-Gaeltacht-sport-and-media-_logo.png","width":300,"height":148,"caption":"Department of Tourism, Culture, Arts, Gaeltacht, Sport & Media"},"image":{"@id":"https:\/\/www.irishfamine.ie\/ga\/#\/schema\/logo\/image\/"},"sameAs":["https:\/\/www.facebook.com\/DepartmentofCultureIRL\/","https:\/\/x.com\/DeptCultureIRL"]}]}},"_links":{"self":[{"href":"https:\/\/www.irishfamine.ie\/ga\/wp-json\/wp\/v2\/pages\/3376","targetHints":{"allow":["GET"]}}],"collection":[{"href":"https:\/\/www.irishfamine.ie\/ga\/wp-json\/wp\/v2\/pages"}],"about":[{"href":"https:\/\/www.irishfamine.ie\/ga\/wp-json\/wp\/v2\/types\/page"}],"author":[{"embeddable":true,"href":"https:\/\/www.irishfamine.ie\/ga\/wp-json\/wp\/v2\/users\/3"}],"replies":[{"embeddable":true,"href":"https:\/\/www.irishfamine.ie\/ga\/wp-json\/wp\/v2\/comments?post=3376"}],"version-history":[{"count":0,"href":"https:\/\/www.irishfamine.ie\/ga\/wp-json\/wp\/v2\/pages\/3376\/revisions"}],"up":[{"embeddable":true,"href":"https:\/\/www.irishfamine.ie\/ga\/wp-json\/wp\/v2\/pages\/3368"}],"wp:attachment":[{"href":"https:\/\/www.irishfamine.ie\/ga\/wp-json\/wp\/v2\/media?parent=3376"}],"curies":[{"name":"wp","href":"https:\/\/api.w.org\/{rel}","templated":true}]}}