{"id":3382,"date":"2021-05-05T12:52:29","date_gmt":"2021-05-05T11:52:29","guid":{"rendered":"https:\/\/www.irishfamine.ie\/naisc-eile\/"},"modified":"2024-03-11T12:13:43","modified_gmt":"2024-03-11T12:13:43","slug":"naisc-eile","status":"publish","type":"page","link":"https:\/\/www.irishfamine.ie\/ga\/naisc-eile\/","title":{"rendered":"Naisc Eile"},"content":{"rendered":"<figure><\/figure>\n<figure><\/figure>\n<figure><\/figure>\n<figure><\/figure>\n<figure><\/figure>\n<figure><\/figure>\n<figure><\/figure>\n<p>Bain \u00fas\u00e1id as na naisc th\u00edos chun breathn\u00fa ar raon acmhainn\u00ed ar l\u00edne a bhaineann leis an Ghorta Mh\u00f3r. N\u00ed hionann sol\u00e1thar na nasc seo agus moladh ar aon \u00e1bhar at\u00e1 ar f\u00e1il istigh iontu:<\/p>\n<p>&nbsp;<\/p>\n<table style=\"display: flex; justify-content: center;\">\n<tbody>\n<tr>\n<td><a href=\"https:\/\/www.rte.ie\/history\/the-great-irish-famine\/\" target=\"_blank\" rel=\"noopener\"><br \/>\n<img loading=\"lazy\" decoding=\"async\" class=\"aligncenter size-medium wp-image-2973\" src=\"https:\/\/www.irishfamine.ie\/app\/uploads\/2023\/03\/RTE-FAMINE-LOGO-300x145.png\" alt=\"\" width=\"300\" height=\"145\" srcset=\"https:\/\/www.irishfamine.ie\/app\/uploads\/2023\/03\/RTE-FAMINE-LOGO-300x145.png 300w, https:\/\/www.irishfamine.ie\/app\/uploads\/2023\/03\/RTE-FAMINE-LOGO.png 508w\" sizes=\"auto, (max-width: 300px) 100vw, 300px\" \/><\/a><\/p>\n<p style=\"text-align: center;\">RT\u00c9 Great Irish Famine<\/p>\n<\/td>\n<\/tr>\n<tr>\n<td><a href=\"http:\/\/greatfaminevoices.ie\/\" target=\"_blank\" rel=\"noopener\"><br \/>\n<img loading=\"lazy\" decoding=\"async\" class=\"aligncenter\" src=\"https:\/\/www.irishfamine.ie\/app\/uploads\/2021\/05\/great_famine_voices_logo-1.png\" alt=\"\" width=\"300\" height=\"148\"><\/a><\/p>\n<p style=\"text-align: center;\">Great Famine Voices<\/p>\n<\/td>\n<\/tr>\n<tr>\n<td><img loading=\"lazy\" decoding=\"async\" class=\" wp-image-3322 aligncenter\" src=\"https:\/\/www.irishfamine.ie\/app\/uploads\/2024\/01\/UCC.png\" alt=\"\" width=\"242\" height=\"152\"><\/p>\n<p style=\"text-align: center;\">The Great Irish Famine Online<\/p>\n<\/td>\n<\/tr>\n<tr>\n<td><img loading=\"lazy\" decoding=\"async\" class=\" wp-image-3320 aligncenter\" src=\"https:\/\/www.irishfamine.ie\/app\/uploads\/2024\/01\/Oide-300x143.png\" alt=\"\" width=\"275\" height=\"131\" srcset=\"https:\/\/www.irishfamine.ie\/app\/uploads\/2024\/01\/Oide-300x143.png 300w, https:\/\/www.irishfamine.ie\/app\/uploads\/2024\/01\/Oide.png 531w\" sizes=\"auto, (max-width: 275px) 100vw, 275px\" \/><\/p>\n<p style=\"text-align: center;\">Teaching the Great Irish Famine<\/p>\n<\/td>\n<\/tr>\n<\/tbody>\n<\/table>\n","protected":false},"excerpt":{"rendered":"<p>Bain \u00fas\u00e1id as na naisc th\u00edos chun breathn\u00fa ar raon acmhainn\u00ed ar l\u00edne a bhaineann leis an Ghorta Mh\u00f3r. N\u00ed hionann sol\u00e1thar na nasc seo agus moladh ar aon \u00e1bhar at\u00e1 ar f\u00e1il istigh iontu: &nbsp; RT\u00c9 Great Irish Famine Great Famine Voices The Great Irish Famine Online Teaching the Great Irish Famine<\/p>\n","protected":false},"author":3,"featured_media":0,"parent":0,"menu_order":7,"comment_status":"closed","ping_status":"closed","template":"full-width.php","meta":{"footnotes":""},"class_list":["post-3382","page","type-page","status-publish","hentry"],"yoast_head":"<!-- This site is optimized with the Yoast SEO plugin v27.2 - https:\/\/yoast.com\/product\/yoast-seo-wordpress\/ -->\n<title>Naisc Eile - Com\u00f3radh N\u00e1isi\u00fanta an Ghorta Mh\u00f3ir<\/title>\n<meta name=\"robots\" content=\"index, follow, max-snippet:-1, max-image-preview:large, max-video-preview:-1\" \/>\n<link rel=\"canonical\" href=\"https:\/\/www.irishfamine.ie\/ga\/naisc-eile\/\" \/>\n<meta property=\"og:locale\" content=\"ga_IE\" \/>\n<meta property=\"og:type\" content=\"article\" \/>\n<meta property=\"og:title\" content=\"Naisc Eile - Com\u00f3radh N\u00e1isi\u00fanta an Ghorta Mh\u00f3ir\" \/>\n<meta property=\"og:description\" content=\"Bain \u00fas\u00e1id as na naisc th\u00edos chun breathn\u00fa ar raon acmhainn\u00ed ar l\u00edne a bhaineann leis an Ghorta Mh\u00f3r. N\u00ed hionann sol\u00e1thar na nasc seo agus moladh ar aon \u00e1bhar at\u00e1 ar f\u00e1il istigh iontu: &nbsp; RT\u00c9 Great Irish Famine Great Famine Voices The Great Irish Famine Online Teaching the Great Irish Famine\" \/>\n<meta property=\"og:url\" content=\"https:\/\/www.irishfamine.ie\/ga\/naisc-eile\/\" \/>\n<meta property=\"og:site_name\" content=\"Com\u00f3radh N\u00e1isi\u00fanta an Ghorta Mh\u00f3ir\" \/>\n<meta property=\"article:publisher\" content=\"https:\/\/www.facebook.com\/DepartmentofCultureIRL\/\" \/>\n<meta property=\"article:modified_time\" content=\"2024-03-11T12:13:43+00:00\" \/>\n<meta property=\"og:image\" content=\"https:\/\/www.irishfamine.ie\/app\/uploads\/2023\/03\/RTE-FAMINE-LOGO-300x145.png\" \/>\n<meta name=\"twitter:card\" content=\"summary_large_image\" \/>\n<meta name=\"twitter:site\" content=\"@DeptCultureIRL\" \/>\n<script type=\"application\/ld+json\" class=\"yoast-schema-graph\">{\"@context\":\"https:\/\/schema.org\",\"@graph\":[{\"@type\":\"WebPage\",\"@id\":\"https:\/\/www.irishfamine.ie\/ga\/naisc-eile\/\",\"url\":\"https:\/\/www.irishfamine.ie\/ga\/naisc-eile\/\",\"name\":\"Naisc Eile - Com\u00f3radh N\u00e1isi\u00fanta an Ghorta Mh\u00f3ir\",\"isPartOf\":{\"@id\":\"https:\/\/www.irishfamine.ie\/ga\/#website\"},\"primaryImageOfPage\":{\"@id\":\"https:\/\/www.irishfamine.ie\/ga\/naisc-eile\/#primaryimage\"},\"image\":{\"@id\":\"https:\/\/www.irishfamine.ie\/ga\/naisc-eile\/#primaryimage\"},\"thumbnailUrl\":\"https:\/\/www.irishfamine.ie\/app\/uploads\/2023\/03\/RTE-FAMINE-LOGO-300x145.png\",\"datePublished\":\"2021-05-05T11:52:29+00:00\",\"dateModified\":\"2024-03-11T12:13:43+00:00\",\"breadcrumb\":{\"@id\":\"https:\/\/www.irishfamine.ie\/ga\/naisc-eile\/#breadcrumb\"},\"inLanguage\":\"ga-IE\",\"potentialAction\":[{\"@type\":\"ReadAction\",\"target\":[\"https:\/\/www.irishfamine.ie\/ga\/naisc-eile\/\"]}]},{\"@type\":\"ImageObject\",\"inLanguage\":\"ga-IE\",\"@id\":\"https:\/\/www.irishfamine.ie\/ga\/naisc-eile\/#primaryimage\",\"url\":\"https:\/\/www.irishfamine.ie\/app\/uploads\/2023\/03\/RTE-FAMINE-LOGO-300x145.png\",\"contentUrl\":\"https:\/\/www.irishfamine.ie\/app\/uploads\/2023\/03\/RTE-FAMINE-LOGO-300x145.png\"},{\"@type\":\"BreadcrumbList\",\"@id\":\"https:\/\/www.irishfamine.ie\/ga\/naisc-eile\/#breadcrumb\",\"itemListElement\":[{\"@type\":\"ListItem\",\"position\":1,\"name\":\"Home\",\"item\":\"https:\/\/www.irishfamine.ie\/ga\/\"},{\"@type\":\"ListItem\",\"position\":2,\"name\":\"Naisc Eile\"}]},{\"@type\":\"WebSite\",\"@id\":\"https:\/\/www.irishfamine.ie\/ga\/#website\",\"url\":\"https:\/\/www.irishfamine.ie\/ga\/\",\"name\":\"National Famine Commemoration\",\"description\":\"\",\"publisher\":{\"@id\":\"https:\/\/www.irishfamine.ie\/ga\/#organization\"},\"potentialAction\":[{\"@type\":\"SearchAction\",\"target\":{\"@type\":\"EntryPoint\",\"urlTemplate\":\"https:\/\/www.irishfamine.ie\/ga\/?s={search_term_string}\"},\"query-input\":{\"@type\":\"PropertyValueSpecification\",\"valueRequired\":true,\"valueName\":\"search_term_string\"}}],\"inLanguage\":\"ga-IE\"},{\"@type\":\"Organization\",\"@id\":\"https:\/\/www.irishfamine.ie\/ga\/#organization\",\"name\":\"Department of Tourism, Culture, Arts, Gaeltacht, Sport & Media\",\"url\":\"https:\/\/www.irishfamine.ie\/ga\/\",\"logo\":{\"@type\":\"ImageObject\",\"inLanguage\":\"ga-IE\",\"@id\":\"https:\/\/www.irishfamine.ie\/ga\/#\/schema\/logo\/image\/\",\"url\":\"https:\/\/www.irishfamine.ie\/app\/uploads\/2021\/05\/dep-of-Tourism-Culture-Arts-Gaeltacht-sport-and-media-_logo.png\",\"contentUrl\":\"https:\/\/www.irishfamine.ie\/app\/uploads\/2021\/05\/dep-of-Tourism-Culture-Arts-Gaeltacht-sport-and-media-_logo.png\",\"width\":300,\"height\":148,\"caption\":\"Department of Tourism, Culture, Arts, Gaeltacht, Sport & Media\"},\"image\":{\"@id\":\"https:\/\/www.irishfamine.ie\/ga\/#\/schema\/logo\/image\/\"},\"sameAs\":[\"https:\/\/www.facebook.com\/DepartmentofCultureIRL\/\",\"https:\/\/x.com\/DeptCultureIRL\"]}]}<\/script>\n<!-- \/ Yoast SEO plugin. -->","yoast_head_json":{"title":"Naisc Eile - Com\u00f3radh N\u00e1isi\u00fanta an Ghorta Mh\u00f3ir","robots":{"index":"index","follow":"follow","max-snippet":"max-snippet:-1","max-image-preview":"max-image-preview:large","max-video-preview":"max-video-preview:-1"},"canonical":"https:\/\/www.irishfamine.ie\/ga\/naisc-eile\/","og_locale":"ga_IE","og_type":"article","og_title":"Naisc Eile - Com\u00f3radh N\u00e1isi\u00fanta an Ghorta Mh\u00f3ir","og_description":"Bain \u00fas\u00e1id as na naisc th\u00edos chun breathn\u00fa ar raon acmhainn\u00ed ar l\u00edne a bhaineann leis an Ghorta Mh\u00f3r. N\u00ed hionann sol\u00e1thar na nasc seo agus moladh ar aon \u00e1bhar at\u00e1 ar f\u00e1il istigh iontu: &nbsp; RT\u00c9 Great Irish Famine Great Famine Voices The Great Irish Famine Online Teaching the Great Irish Famine","og_url":"https:\/\/www.irishfamine.ie\/ga\/naisc-eile\/","og_site_name":"Com\u00f3radh N\u00e1isi\u00fanta an Ghorta Mh\u00f3ir","article_publisher":"https:\/\/www.facebook.com\/DepartmentofCultureIRL\/","article_modified_time":"2024-03-11T12:13:43+00:00","og_image":[{"url":"https:\/\/www.irishfamine.ie\/app\/uploads\/2023\/03\/RTE-FAMINE-LOGO-300x145.png","type":"","width":"","height":""}],"twitter_card":"summary_large_image","twitter_site":"@DeptCultureIRL","schema":{"@context":"https:\/\/schema.org","@graph":[{"@type":"WebPage","@id":"https:\/\/www.irishfamine.ie\/ga\/naisc-eile\/","url":"https:\/\/www.irishfamine.ie\/ga\/naisc-eile\/","name":"Naisc Eile - Com\u00f3radh N\u00e1isi\u00fanta an Ghorta Mh\u00f3ir","isPartOf":{"@id":"https:\/\/www.irishfamine.ie\/ga\/#website"},"primaryImageOfPage":{"@id":"https:\/\/www.irishfamine.ie\/ga\/naisc-eile\/#primaryimage"},"image":{"@id":"https:\/\/www.irishfamine.ie\/ga\/naisc-eile\/#primaryimage"},"thumbnailUrl":"https:\/\/www.irishfamine.ie\/app\/uploads\/2023\/03\/RTE-FAMINE-LOGO-300x145.png","datePublished":"2021-05-05T11:52:29+00:00","dateModified":"2024-03-11T12:13:43+00:00","breadcrumb":{"@id":"https:\/\/www.irishfamine.ie\/ga\/naisc-eile\/#breadcrumb"},"inLanguage":"ga-IE","potentialAction":[{"@type":"ReadAction","target":["https:\/\/www.irishfamine.ie\/ga\/naisc-eile\/"]}]},{"@type":"ImageObject","inLanguage":"ga-IE","@id":"https:\/\/www.irishfamine.ie\/ga\/naisc-eile\/#primaryimage","url":"https:\/\/www.irishfamine.ie\/app\/uploads\/2023\/03\/RTE-FAMINE-LOGO-300x145.png","contentUrl":"https:\/\/www.irishfamine.ie\/app\/uploads\/2023\/03\/RTE-FAMINE-LOGO-300x145.png"},{"@type":"BreadcrumbList","@id":"https:\/\/www.irishfamine.ie\/ga\/naisc-eile\/#breadcrumb","itemListElement":[{"@type":"ListItem","position":1,"name":"Home","item":"https:\/\/www.irishfamine.ie\/ga\/"},{"@type":"ListItem","position":2,"name":"Naisc Eile"}]},{"@type":"WebSite","@id":"https:\/\/www.irishfamine.ie\/ga\/#website","url":"https:\/\/www.irishfamine.ie\/ga\/","name":"National Famine Commemoration","description":"","publisher":{"@id":"https:\/\/www.irishfamine.ie\/ga\/#organization"},"potentialAction":[{"@type":"SearchAction","target":{"@type":"EntryPoint","urlTemplate":"https:\/\/www.irishfamine.ie\/ga\/?s={search_term_string}"},"query-input":{"@type":"PropertyValueSpecification","valueRequired":true,"valueName":"search_term_string"}}],"inLanguage":"ga-IE"},{"@type":"Organization","@id":"https:\/\/www.irishfamine.ie\/ga\/#organization","name":"Department of Tourism, Culture, Arts, Gaeltacht, Sport & Media","url":"https:\/\/www.irishfamine.ie\/ga\/","logo":{"@type":"ImageObject","inLanguage":"ga-IE","@id":"https:\/\/www.irishfamine.ie\/ga\/#\/schema\/logo\/image\/","url":"https:\/\/www.irishfamine.ie\/app\/uploads\/2021\/05\/dep-of-Tourism-Culture-Arts-Gaeltacht-sport-and-media-_logo.png","contentUrl":"https:\/\/www.irishfamine.ie\/app\/uploads\/2021\/05\/dep-of-Tourism-Culture-Arts-Gaeltacht-sport-and-media-_logo.png","width":300,"height":148,"caption":"Department of Tourism, Culture, Arts, Gaeltacht, Sport & Media"},"image":{"@id":"https:\/\/www.irishfamine.ie\/ga\/#\/schema\/logo\/image\/"},"sameAs":["https:\/\/www.facebook.com\/DepartmentofCultureIRL\/","https:\/\/x.com\/DeptCultureIRL"]}]}},"_links":{"self":[{"href":"https:\/\/www.irishfamine.ie\/ga\/wp-json\/wp\/v2\/pages\/3382","targetHints":{"allow":["GET"]}}],"collection":[{"href":"https:\/\/www.irishfamine.ie\/ga\/wp-json\/wp\/v2\/pages"}],"about":[{"href":"https:\/\/www.irishfamine.ie\/ga\/wp-json\/wp\/v2\/types\/page"}],"author":[{"embeddable":true,"href":"https:\/\/www.irishfamine.ie\/ga\/wp-json\/wp\/v2\/users\/3"}],"replies":[{"embeddable":true,"href":"https:\/\/www.irishfamine.ie\/ga\/wp-json\/wp\/v2\/comments?post=3382"}],"version-history":[{"count":1,"href":"https:\/\/www.irishfamine.ie\/ga\/wp-json\/wp\/v2\/pages\/3382\/revisions"}],"predecessor-version":[{"id":3383,"href":"https:\/\/www.irishfamine.ie\/ga\/wp-json\/wp\/v2\/pages\/3382\/revisions\/3383"}],"wp:attachment":[{"href":"https:\/\/www.irishfamine.ie\/ga\/wp-json\/wp\/v2\/media?parent=3382"}],"curies":[{"name":"wp","href":"https:\/\/api.w.org\/{rel}","templated":true}]}}