{"id":3384,"date":"2022-08-17T10:26:50","date_gmt":"2022-08-17T09:26:50","guid":{"rendered":"https:\/\/www.irishfamine.ie\/phoenix-arizona-2019\/"},"modified":"2024-05-07T13:30:07","modified_gmt":"2024-05-07T12:30:07","slug":"phoenix-arizona-2019","status":"publish","type":"page","link":"https:\/\/www.irishfamine.ie\/ga\/comoradh-a-dheanamh-ar-an-ghorta-mhor\/phoenix-arizona-2019\/","title":{"rendered":"Phoenix, Arizona 2019"},"content":{"rendered":"<h6>Com\u00f3radh Idirn\u00e1isi\u00fanta<br \/>\n<em>3\u00fa Samhain 2019<\/em><br \/>\n<em>Phoenix,<\/em><br \/>\n<em>Arizona<\/em><\/h6>\n<p>&nbsp;<\/p>\n<p>Tharla Com\u00f3radh Idirn\u00e1isi\u00fanta an Ghorta Mh\u00f3ir 2019 in Phoenix, Arizona ar D\u00e9 Domhnaigh, 3\u00fa Samhain.<\/p>\n<p>Agus na socruithe le haghaidh an Chom\u00f3rtha Idirn\u00e1isi\u00fanta \u00e1 ndeimhni\u00fa aici, d\u00fairt Josepha Madigan T.D., an tAire Cult\u00fair, Oidhreachta agus na Gaeltachta agus Cathaoirleach Choiste Chom\u00f3radh N\u00e1isi\u00fanta an Ghorta Mh\u00f3ir:<\/p>\n<p><em>\u2018Mar Chathaoirleach Choiste Chom\u00f3radh N\u00e1isi\u00fanta an Ghorta Mh\u00f3ir, t\u00e1 m\u00e9 ag s\u00fail go m\u00f3r le re\u00e1cht\u00e1il Chom\u00f3radh Idirn\u00e1isi\u00fanta an Ghorta Mh\u00f3ir in Phoenix, Arizona. Is \u00e9 seo an c\u00faigi\u00fa uair a re\u00e1cht\u00e1lfar an com\u00f3radh sna St\u00e1it Aontaithe agus is \u00e9 Phoenix an t-ionad is faide siar go dt\u00ed seo. Roimhe seo, re\u00e1cht\u00e1ladh Com\u00f3radh Idirn\u00e1isi\u00fanta an Ghorta Mh\u00f3ir i Nua-Eabhrac, Bost\u00fan, New Orleans agus Philadelphia. <\/em><\/p>\n<p><em>Is c\u00fais \u00e1thais ar leith dom go bhfuil an Com\u00f3radh \u00e1 re\u00e1cht\u00e1il in Phoenix i mbliana toisc gur \u00e9 2019 an com\u00f3radh 20 <sup>bliain<\/sup> \u00f3 tiomna\u00edodh Leacht Cuimhneach\u00e1in an Ghorta Mh\u00f3ir ag an Irish Cultural Center. <\/em><\/p>\n<p><em>Is deis \u00ed com\u00f3radh na bliana seo, n\u00ed amh\u00e1in chun aitheantas a thabhairt d\u2019obair an Irish Cultural Center and McClelland Library in Phoenix \u00e9 f\u00e9in ach on\u00f3ir a thabhairt d\u00f3ibh si\u00fad a d\u2019fh\u00e1g \u00c9ire le linn an Ghorta \u00e9 f\u00e9in, na blianta eisimirce ina dhiaidh sin inar chuir go leor \u00c9ireannaigh an Ghorta agus a sliochtaigh go m\u00f3r le hIarthar na St\u00e1t Aontaithe, agus an r\u00f3l lean\u00fanach at\u00e1 ag diasp\u00f3ra na h\u00c9ireann agus Gael-Mheirice\u00e1naigh in Arizona agus ar fud Iarthar na St\u00e1t Aontaithe.\u201d<\/em><\/p>\n<p>Ba \u00e9 seo an c\u00faigi\u00fa uair a r\u00e9acht\u00e1ladh an Com\u00f3radh Idirn\u00e1isi\u00fanta sna St\u00e1it Aontaithe. Faoi 2019, bh\u00ed deich gcom\u00f3radh idirn\u00e1isi\u00fanta ar an Ghorta Mh\u00f3r go dt\u00ed seo. \u00d3 re\u00e1cht\u00e1ladh an ch\u00e9ad chom\u00f3radh idirn\u00e1isi\u00fanta in Toronto agus Qu\u00e9bec in 2009, re\u00e1cht\u00e1ladh imeachta\u00ed san Astr\u00e1il, i gCeanada agus sa R\u00edocht Aontaithe chomh maith.<\/p>\n<style type=\"text\/css\">\n\t\t\t#gallery-1 {<br \/>\t\t\t\tmargin: auto;<br \/>\t\t\t}<br \/>\t\t\t#gallery-1 .gallery-item {<br \/>\t\t\t\tfloat: left;<br \/>\t\t\t\tmargin-top: 10px;<br \/>\t\t\t\ttext-align: center;<br \/>\t\t\t\twidth: 25%;<br \/>\t\t\t}<br \/>\t\t\t#gallery-1 img {<br \/>\t\t\t\tborder: 2px solid #cfcfcf;<br \/>\t\t\t}<br \/>\t\t\t#gallery-1 .gallery-caption {<br \/>\t\t\t\tmargin-left: 0;<br \/>\t\t\t}<br \/>\t\t\t\/* see gallery_shortcode() in wp-includes\/media.php *\/<br \/>\t\t<\/style>\n<dl class=\"gallery-item\">\n<dt class=\"gallery-icon landscape\"><a href=\"https:\/\/www.irishfamine.ie\/app\/uploads\/2022\/08\/DSC_0721.jpg\" data-elementor-open-lightbox=\"yes\" data-elementor-lightbox-slideshow=\"13e80d3\" data-elementor-lightbox-title=\"DSC_0721\"><img loading=\"lazy\" decoding=\"async\" src=\"https:\/\/www.irishfamine.ie\/app\/uploads\/2022\/08\/DSC_0721-1024x760.jpg\" sizes=\"auto, (max-width: 1024px) 100vw, 1024px\" srcset=\"https:\/\/www.irishfamine.ie\/app\/uploads\/2022\/08\/DSC_0721-1024x760.jpg 1024w, https:\/\/www.irishfamine.ie\/app\/uploads\/2022\/08\/DSC_0721-300x223.jpg 300w, https:\/\/www.irishfamine.ie\/app\/uploads\/2022\/08\/DSC_0721-768x570.jpg 768w, https:\/\/www.irishfamine.ie\/app\/uploads\/2022\/08\/DSC_0721.jpg 1500w\" alt=\"\" width=\"1024\" height=\"760\" \/><\/a><\/dt>\n<\/dl>\n<dl class=\"gallery-item\">\n<dt class=\"gallery-icon landscape\"><a href=\"https:\/\/www.irishfamine.ie\/app\/uploads\/2019\/03\/International-Famine-Commemoration-2019-Toronto.jpg\" data-elementor-open-lightbox=\"yes\" data-elementor-lightbox-slideshow=\"13e80d3\" data-elementor-lightbox-title=\"International-Famine-Commemoration-2019-Toronto\"><img loading=\"lazy\" decoding=\"async\" src=\"https:\/\/www.irishfamine.ie\/app\/uploads\/2019\/03\/International-Famine-Commemoration-2019-Toronto.jpg\" sizes=\"auto, (max-width: 304px) 100vw, 304px\" srcset=\"https:\/\/www.irishfamine.ie\/app\/uploads\/2019\/03\/International-Famine-Commemoration-2019-Toronto.jpg 304w, https:\/\/www.irishfamine.ie\/app\/uploads\/2019\/03\/International-Famine-Commemoration-2019-Toronto-300x276.jpg 300w\" alt=\"International-Famine-Commemoration-2019-Toronto\" width=\"304\" height=\"280\" \/><\/a><\/dt>\n<\/dl>\n<p>&nbsp;<\/p>\n","protected":false},"excerpt":{"rendered":"<p>Com\u00f3radh Idirn\u00e1isi\u00fanta 3\u00fa Samhain 2019 Phoenix, Arizona &nbsp; Tharla Com\u00f3radh Idirn\u00e1isi\u00fanta an Ghorta Mh\u00f3ir 2019 in Phoenix, Arizona ar D\u00e9 Domhnaigh, 3\u00fa Samhain. Agus na socruithe le haghaidh an Chom\u00f3rtha Idirn\u00e1isi\u00fanta \u00e1 ndeimhni\u00fa aici, d\u00fairt Josepha Madigan T.D., an tAire Cult\u00fair, Oidhreachta agus na Gaeltachta agus Cathaoirleach Choiste Chom\u00f3radh N\u00e1isi\u00fanta an Ghorta Mh\u00f3ir: \u2018Mar Chathaoirleach&#8230; <\/p>\n","protected":false},"author":3,"featured_media":0,"parent":3365,"menu_order":0,"comment_status":"closed","ping_status":"closed","template":"full-width.php","meta":{"footnotes":""},"class_list":["post-3384","page","type-page","status-publish","hentry"],"yoast_head":"<!-- This site is optimized with the Yoast SEO plugin v27.2 - https:\/\/yoast.com\/product\/yoast-seo-wordpress\/ -->\n<title>Phoenix, Arizona 2019 - Com\u00f3radh N\u00e1isi\u00fanta an Ghorta Mh\u00f3ir<\/title>\n<meta name=\"robots\" content=\"index, follow, max-snippet:-1, max-image-preview:large, max-video-preview:-1\" \/>\n<link rel=\"canonical\" href=\"https:\/\/www.irishfamine.ie\/ga\/comoradh-a-dheanamh-ar-an-ghorta-mhor\/phoenix-arizona-2019\/\" \/>\n<meta property=\"og:locale\" content=\"ga_IE\" \/>\n<meta property=\"og:type\" content=\"article\" \/>\n<meta property=\"og:title\" content=\"Phoenix, Arizona 2019 - Com\u00f3radh N\u00e1isi\u00fanta an Ghorta Mh\u00f3ir\" \/>\n<meta property=\"og:description\" content=\"Com\u00f3radh Idirn\u00e1isi\u00fanta 3\u00fa Samhain 2019 Phoenix, Arizona &nbsp; Tharla Com\u00f3radh Idirn\u00e1isi\u00fanta an Ghorta Mh\u00f3ir 2019 in Phoenix, Arizona ar D\u00e9 Domhnaigh, 3\u00fa Samhain. Agus na socruithe le haghaidh an Chom\u00f3rtha Idirn\u00e1isi\u00fanta \u00e1 ndeimhni\u00fa aici, d\u00fairt Josepha Madigan T.D., an tAire Cult\u00fair, Oidhreachta agus na Gaeltachta agus Cathaoirleach Choiste Chom\u00f3radh N\u00e1isi\u00fanta an Ghorta Mh\u00f3ir: \u2018Mar Chathaoirleach...\" \/>\n<meta property=\"og:url\" content=\"https:\/\/www.irishfamine.ie\/ga\/comoradh-a-dheanamh-ar-an-ghorta-mhor\/phoenix-arizona-2019\/\" \/>\n<meta property=\"og:site_name\" content=\"Com\u00f3radh N\u00e1isi\u00fanta an Ghorta Mh\u00f3ir\" \/>\n<meta property=\"article:publisher\" content=\"https:\/\/www.facebook.com\/DepartmentofCultureIRL\/\" \/>\n<meta property=\"article:modified_time\" content=\"2024-05-07T12:30:07+00:00\" \/>\n<meta property=\"og:image\" content=\"https:\/\/www.irishfamine.ie\/app\/uploads\/2022\/08\/DSC_0721-1024x760.jpg\" \/>\n<meta name=\"twitter:card\" content=\"summary_large_image\" \/>\n<meta name=\"twitter:site\" content=\"@DeptCultureIRL\" \/>\n<meta name=\"twitter:label1\" content=\"Est. reading time\" \/>\n\t<meta name=\"twitter:data1\" content=\"2 minutes\" \/>\n<script type=\"application\/ld+json\" class=\"yoast-schema-graph\">{\"@context\":\"https:\/\/schema.org\",\"@graph\":[{\"@type\":\"WebPage\",\"@id\":\"https:\/\/www.irishfamine.ie\/ga\/comoradh-a-dheanamh-ar-an-ghorta-mhor\/phoenix-arizona-2019\/\",\"url\":\"https:\/\/www.irishfamine.ie\/ga\/comoradh-a-dheanamh-ar-an-ghorta-mhor\/phoenix-arizona-2019\/\",\"name\":\"Phoenix, Arizona 2019 - Com\u00f3radh N\u00e1isi\u00fanta an Ghorta Mh\u00f3ir\",\"isPartOf\":{\"@id\":\"https:\/\/www.irishfamine.ie\/ga\/#website\"},\"primaryImageOfPage\":{\"@id\":\"https:\/\/www.irishfamine.ie\/ga\/comoradh-a-dheanamh-ar-an-ghorta-mhor\/phoenix-arizona-2019\/#primaryimage\"},\"image\":{\"@id\":\"https:\/\/www.irishfamine.ie\/ga\/comoradh-a-dheanamh-ar-an-ghorta-mhor\/phoenix-arizona-2019\/#primaryimage\"},\"thumbnailUrl\":\"https:\/\/www.irishfamine.ie\/app\/uploads\/2022\/08\/DSC_0721-1024x760.jpg\",\"datePublished\":\"2022-08-17T09:26:50+00:00\",\"dateModified\":\"2024-05-07T12:30:07+00:00\",\"breadcrumb\":{\"@id\":\"https:\/\/www.irishfamine.ie\/ga\/comoradh-a-dheanamh-ar-an-ghorta-mhor\/phoenix-arizona-2019\/#breadcrumb\"},\"inLanguage\":\"ga-IE\",\"potentialAction\":[{\"@type\":\"ReadAction\",\"target\":[\"https:\/\/www.irishfamine.ie\/ga\/comoradh-a-dheanamh-ar-an-ghorta-mhor\/phoenix-arizona-2019\/\"]}]},{\"@type\":\"ImageObject\",\"inLanguage\":\"ga-IE\",\"@id\":\"https:\/\/www.irishfamine.ie\/ga\/comoradh-a-dheanamh-ar-an-ghorta-mhor\/phoenix-arizona-2019\/#primaryimage\",\"url\":\"https:\/\/www.irishfamine.ie\/app\/uploads\/2022\/08\/DSC_0721-1024x760.jpg\",\"contentUrl\":\"https:\/\/www.irishfamine.ie\/app\/uploads\/2022\/08\/DSC_0721-1024x760.jpg\"},{\"@type\":\"BreadcrumbList\",\"@id\":\"https:\/\/www.irishfamine.ie\/ga\/comoradh-a-dheanamh-ar-an-ghorta-mhor\/phoenix-arizona-2019\/#breadcrumb\",\"itemListElement\":[{\"@type\":\"ListItem\",\"position\":1,\"name\":\"Home\",\"item\":\"https:\/\/www.irishfamine.ie\/ga\/\"},{\"@type\":\"ListItem\",\"position\":2,\"name\":\"Com\u00f3radh a Dh\u00e9anamh ar an Ghorta Mh\u00f3r\",\"item\":\"https:\/\/www.irishfamine.ie\/ga\/comoradh-a-dheanamh-ar-an-ghorta-mhor\/\"},{\"@type\":\"ListItem\",\"position\":3,\"name\":\"Phoenix, Arizona 2019\"}]},{\"@type\":\"WebSite\",\"@id\":\"https:\/\/www.irishfamine.ie\/ga\/#website\",\"url\":\"https:\/\/www.irishfamine.ie\/ga\/\",\"name\":\"National Famine Commemoration\",\"description\":\"\",\"publisher\":{\"@id\":\"https:\/\/www.irishfamine.ie\/ga\/#organization\"},\"potentialAction\":[{\"@type\":\"SearchAction\",\"target\":{\"@type\":\"EntryPoint\",\"urlTemplate\":\"https:\/\/www.irishfamine.ie\/ga\/?s={search_term_string}\"},\"query-input\":{\"@type\":\"PropertyValueSpecification\",\"valueRequired\":true,\"valueName\":\"search_term_string\"}}],\"inLanguage\":\"ga-IE\"},{\"@type\":\"Organization\",\"@id\":\"https:\/\/www.irishfamine.ie\/ga\/#organization\",\"name\":\"Department of Tourism, Culture, Arts, Gaeltacht, Sport & Media\",\"url\":\"https:\/\/www.irishfamine.ie\/ga\/\",\"logo\":{\"@type\":\"ImageObject\",\"inLanguage\":\"ga-IE\",\"@id\":\"https:\/\/www.irishfamine.ie\/ga\/#\/schema\/logo\/image\/\",\"url\":\"https:\/\/www.irishfamine.ie\/app\/uploads\/2021\/05\/dep-of-Tourism-Culture-Arts-Gaeltacht-sport-and-media-_logo.png\",\"contentUrl\":\"https:\/\/www.irishfamine.ie\/app\/uploads\/2021\/05\/dep-of-Tourism-Culture-Arts-Gaeltacht-sport-and-media-_logo.png\",\"width\":300,\"height\":148,\"caption\":\"Department of Tourism, Culture, Arts, Gaeltacht, Sport & Media\"},\"image\":{\"@id\":\"https:\/\/www.irishfamine.ie\/ga\/#\/schema\/logo\/image\/\"},\"sameAs\":[\"https:\/\/www.facebook.com\/DepartmentofCultureIRL\/\",\"https:\/\/x.com\/DeptCultureIRL\"]}]}<\/script>\n<!-- \/ Yoast SEO plugin. -->","yoast_head_json":{"title":"Phoenix, Arizona 2019 - Com\u00f3radh N\u00e1isi\u00fanta an Ghorta Mh\u00f3ir","robots":{"index":"index","follow":"follow","max-snippet":"max-snippet:-1","max-image-preview":"max-image-preview:large","max-video-preview":"max-video-preview:-1"},"canonical":"https:\/\/www.irishfamine.ie\/ga\/comoradh-a-dheanamh-ar-an-ghorta-mhor\/phoenix-arizona-2019\/","og_locale":"ga_IE","og_type":"article","og_title":"Phoenix, Arizona 2019 - Com\u00f3radh N\u00e1isi\u00fanta an Ghorta Mh\u00f3ir","og_description":"Com\u00f3radh Idirn\u00e1isi\u00fanta 3\u00fa Samhain 2019 Phoenix, Arizona &nbsp; Tharla Com\u00f3radh Idirn\u00e1isi\u00fanta an Ghorta Mh\u00f3ir 2019 in Phoenix, Arizona ar D\u00e9 Domhnaigh, 3\u00fa Samhain. Agus na socruithe le haghaidh an Chom\u00f3rtha Idirn\u00e1isi\u00fanta \u00e1 ndeimhni\u00fa aici, d\u00fairt Josepha Madigan T.D., an tAire Cult\u00fair, Oidhreachta agus na Gaeltachta agus Cathaoirleach Choiste Chom\u00f3radh N\u00e1isi\u00fanta an Ghorta Mh\u00f3ir: \u2018Mar Chathaoirleach...","og_url":"https:\/\/www.irishfamine.ie\/ga\/comoradh-a-dheanamh-ar-an-ghorta-mhor\/phoenix-arizona-2019\/","og_site_name":"Com\u00f3radh N\u00e1isi\u00fanta an Ghorta Mh\u00f3ir","article_publisher":"https:\/\/www.facebook.com\/DepartmentofCultureIRL\/","article_modified_time":"2024-05-07T12:30:07+00:00","og_image":[{"url":"https:\/\/www.irishfamine.ie\/app\/uploads\/2022\/08\/DSC_0721-1024x760.jpg","type":"","width":"","height":""}],"twitter_card":"summary_large_image","twitter_site":"@DeptCultureIRL","twitter_misc":{"Est. reading time":"2 minutes"},"schema":{"@context":"https:\/\/schema.org","@graph":[{"@type":"WebPage","@id":"https:\/\/www.irishfamine.ie\/ga\/comoradh-a-dheanamh-ar-an-ghorta-mhor\/phoenix-arizona-2019\/","url":"https:\/\/www.irishfamine.ie\/ga\/comoradh-a-dheanamh-ar-an-ghorta-mhor\/phoenix-arizona-2019\/","name":"Phoenix, Arizona 2019 - Com\u00f3radh N\u00e1isi\u00fanta an Ghorta Mh\u00f3ir","isPartOf":{"@id":"https:\/\/www.irishfamine.ie\/ga\/#website"},"primaryImageOfPage":{"@id":"https:\/\/www.irishfamine.ie\/ga\/comoradh-a-dheanamh-ar-an-ghorta-mhor\/phoenix-arizona-2019\/#primaryimage"},"image":{"@id":"https:\/\/www.irishfamine.ie\/ga\/comoradh-a-dheanamh-ar-an-ghorta-mhor\/phoenix-arizona-2019\/#primaryimage"},"thumbnailUrl":"https:\/\/www.irishfamine.ie\/app\/uploads\/2022\/08\/DSC_0721-1024x760.jpg","datePublished":"2022-08-17T09:26:50+00:00","dateModified":"2024-05-07T12:30:07+00:00","breadcrumb":{"@id":"https:\/\/www.irishfamine.ie\/ga\/comoradh-a-dheanamh-ar-an-ghorta-mhor\/phoenix-arizona-2019\/#breadcrumb"},"inLanguage":"ga-IE","potentialAction":[{"@type":"ReadAction","target":["https:\/\/www.irishfamine.ie\/ga\/comoradh-a-dheanamh-ar-an-ghorta-mhor\/phoenix-arizona-2019\/"]}]},{"@type":"ImageObject","inLanguage":"ga-IE","@id":"https:\/\/www.irishfamine.ie\/ga\/comoradh-a-dheanamh-ar-an-ghorta-mhor\/phoenix-arizona-2019\/#primaryimage","url":"https:\/\/www.irishfamine.ie\/app\/uploads\/2022\/08\/DSC_0721-1024x760.jpg","contentUrl":"https:\/\/www.irishfamine.ie\/app\/uploads\/2022\/08\/DSC_0721-1024x760.jpg"},{"@type":"BreadcrumbList","@id":"https:\/\/www.irishfamine.ie\/ga\/comoradh-a-dheanamh-ar-an-ghorta-mhor\/phoenix-arizona-2019\/#breadcrumb","itemListElement":[{"@type":"ListItem","position":1,"name":"Home","item":"https:\/\/www.irishfamine.ie\/ga\/"},{"@type":"ListItem","position":2,"name":"Com\u00f3radh a Dh\u00e9anamh ar an Ghorta Mh\u00f3r","item":"https:\/\/www.irishfamine.ie\/ga\/comoradh-a-dheanamh-ar-an-ghorta-mhor\/"},{"@type":"ListItem","position":3,"name":"Phoenix, Arizona 2019"}]},{"@type":"WebSite","@id":"https:\/\/www.irishfamine.ie\/ga\/#website","url":"https:\/\/www.irishfamine.ie\/ga\/","name":"National Famine Commemoration","description":"","publisher":{"@id":"https:\/\/www.irishfamine.ie\/ga\/#organization"},"potentialAction":[{"@type":"SearchAction","target":{"@type":"EntryPoint","urlTemplate":"https:\/\/www.irishfamine.ie\/ga\/?s={search_term_string}"},"query-input":{"@type":"PropertyValueSpecification","valueRequired":true,"valueName":"search_term_string"}}],"inLanguage":"ga-IE"},{"@type":"Organization","@id":"https:\/\/www.irishfamine.ie\/ga\/#organization","name":"Department of Tourism, Culture, Arts, Gaeltacht, Sport & Media","url":"https:\/\/www.irishfamine.ie\/ga\/","logo":{"@type":"ImageObject","inLanguage":"ga-IE","@id":"https:\/\/www.irishfamine.ie\/ga\/#\/schema\/logo\/image\/","url":"https:\/\/www.irishfamine.ie\/app\/uploads\/2021\/05\/dep-of-Tourism-Culture-Arts-Gaeltacht-sport-and-media-_logo.png","contentUrl":"https:\/\/www.irishfamine.ie\/app\/uploads\/2021\/05\/dep-of-Tourism-Culture-Arts-Gaeltacht-sport-and-media-_logo.png","width":300,"height":148,"caption":"Department of Tourism, Culture, Arts, Gaeltacht, Sport & Media"},"image":{"@id":"https:\/\/www.irishfamine.ie\/ga\/#\/schema\/logo\/image\/"},"sameAs":["https:\/\/www.facebook.com\/DepartmentofCultureIRL\/","https:\/\/x.com\/DeptCultureIRL"]}]}},"_links":{"self":[{"href":"https:\/\/www.irishfamine.ie\/ga\/wp-json\/wp\/v2\/pages\/3384","targetHints":{"allow":["GET"]}}],"collection":[{"href":"https:\/\/www.irishfamine.ie\/ga\/wp-json\/wp\/v2\/pages"}],"about":[{"href":"https:\/\/www.irishfamine.ie\/ga\/wp-json\/wp\/v2\/types\/page"}],"author":[{"embeddable":true,"href":"https:\/\/www.irishfamine.ie\/ga\/wp-json\/wp\/v2\/users\/3"}],"replies":[{"embeddable":true,"href":"https:\/\/www.irishfamine.ie\/ga\/wp-json\/wp\/v2\/comments?post=3384"}],"version-history":[{"count":3,"href":"https:\/\/www.irishfamine.ie\/ga\/wp-json\/wp\/v2\/pages\/3384\/revisions"}],"predecessor-version":[{"id":3623,"href":"https:\/\/www.irishfamine.ie\/ga\/wp-json\/wp\/v2\/pages\/3384\/revisions\/3623"}],"up":[{"embeddable":true,"href":"https:\/\/www.irishfamine.ie\/ga\/wp-json\/wp\/v2\/pages\/3365"}],"wp:attachment":[{"href":"https:\/\/www.irishfamine.ie\/ga\/wp-json\/wp\/v2\/media?parent=3384"}],"curies":[{"name":"wp","href":"https:\/\/api.w.org\/{rel}","templated":true}]}}