{"id":3386,"date":"2022-07-14T15:38:05","date_gmt":"2022-07-14T14:38:05","guid":{"rendered":"https:\/\/www.irishfamine.ie\/an-gorta-mor\/gorta-mor-na-heireann-ar-line\/"},"modified":"2024-05-17T15:58:51","modified_gmt":"2024-05-17T14:58:51","slug":"gorta-mor-na-heireann-ar-line","status":"publish","type":"page","link":"https:\/\/www.irishfamine.ie\/ga\/gorta-mor-na-heireann-ar-line\/","title":{"rendered":"Gorta M\u00f3r na h\u00c9ireann Ar L\u00edne"},"content":{"rendered":"<p><a href=\"https:\/\/ucc.maps.arcgis.com\/apps\/MapSeries\/index.html?appid=83617870f2624735b4f5cae21077ea36\" target=\"_blank\" rel=\"noopener\">Clice\u00e1il anseo chun L\u00e9arsc\u00e1il ar L\u00edne an Ghorta Mh\u00f3ir a oscailt<\/a><\/p>\n<p><a href=\"https:\/\/dahg.maps.arcgis.com\/apps\/MapSeries\/index.html?appid=8de2b863f4454cbf93387dacb5cb8412\" target=\"_blank\" rel=\"noopener\"><img loading=\"lazy\" decoding=\"async\" class=\"aligncenter wp-image-1405 size-full\" title=\"Gorta M\u00f3r na h\u00c9ireann Ar L\u00edne\" src=\"https:\/\/www.irishfamine.ie\/app\/uploads\/2022\/07\/UCC.gif\" alt=\"Map of the The Great Irish Famine Online\" width=\"958\" height=\"403\" \/><\/a><\/p>\n<p>Sheol An Gorta M\u00f3r Ar L\u00edne ag Com\u00f3radh N\u00e1isi\u00fanta an Ghorta Mh\u00f3ir a re\u00e1cht\u00e1ladh i COC ar an 12 Bealtaine 2018. Is comhoibri\u00fa m\u00f3r \u00ed an acmhainn dhigiteach nua seo idir Roinn na T\u00edreola\u00edochta i COC agus an Roinn Cult\u00fair, Oidhreachta agus Gaeltachta agus beidh s\u00ed ina fhoinse luachmhar stair phoibl\u00ed don ghl\u00fain reatha agus do na gl\u00fanta at\u00e1 le teacht. Is comhoibri\u00fa m\u00f3r \u00ed an acmhainn dhigiteach nua seo idir Roinn na T\u00edreola\u00edochta i COC agus an Roinn Cult\u00fair, Oidhreachta agus Gaeltachta agus beidh s\u00ed ina fhoinse luachmhar stair phoibl\u00ed don ghl\u00fain reatha agus do na gl\u00fanta at\u00e1 le teacht.<\/p>\n","protected":false},"excerpt":{"rendered":"<p>Clice\u00e1il anseo chun L\u00e9arsc\u00e1il ar L\u00edne an Ghorta Mh\u00f3ir a oscailt Sheol An Gorta M\u00f3r Ar L\u00edne ag Com\u00f3radh N\u00e1isi\u00fanta an Ghorta Mh\u00f3ir a re\u00e1cht\u00e1ladh i COC ar an 12 Bealtaine 2018. Is comhoibri\u00fa m\u00f3r \u00ed an acmhainn dhigiteach nua seo idir Roinn na T\u00edreola\u00edochta i COC agus an Roinn Cult\u00fair, Oidhreachta agus Gaeltachta agus&#8230; <\/p>\n","protected":false},"author":3,"featured_media":0,"parent":0,"menu_order":0,"comment_status":"closed","ping_status":"closed","template":"full-width.php","meta":{"footnotes":""},"class_list":["post-3386","page","type-page","status-publish","hentry"],"yoast_head":"<!-- This site is optimized with the Yoast SEO plugin v27.2 - https:\/\/yoast.com\/product\/yoast-seo-wordpress\/ -->\n<title>Gorta M\u00f3r na h\u00c9ireann Ar L\u00edne - Com\u00f3radh N\u00e1isi\u00fanta an Ghorta Mh\u00f3ir<\/title>\n<meta name=\"robots\" content=\"index, follow, max-snippet:-1, max-image-preview:large, max-video-preview:-1\" \/>\n<link rel=\"canonical\" href=\"https:\/\/www.irishfamine.ie\/ga\/gorta-mor-na-heireann-ar-line\/\" \/>\n<meta property=\"og:locale\" content=\"ga_IE\" \/>\n<meta property=\"og:type\" content=\"article\" \/>\n<meta property=\"og:title\" content=\"Gorta M\u00f3r na h\u00c9ireann Ar L\u00edne - Com\u00f3radh N\u00e1isi\u00fanta an Ghorta Mh\u00f3ir\" \/>\n<meta property=\"og:description\" content=\"Clice\u00e1il anseo chun L\u00e9arsc\u00e1il ar L\u00edne an Ghorta Mh\u00f3ir a oscailt Sheol An Gorta M\u00f3r Ar L\u00edne ag Com\u00f3radh N\u00e1isi\u00fanta an Ghorta Mh\u00f3ir a re\u00e1cht\u00e1ladh i COC ar an 12 Bealtaine 2018. Is comhoibri\u00fa m\u00f3r \u00ed an acmhainn dhigiteach nua seo idir Roinn na T\u00edreola\u00edochta i COC agus an Roinn Cult\u00fair, Oidhreachta agus Gaeltachta agus...\" \/>\n<meta property=\"og:url\" content=\"https:\/\/www.irishfamine.ie\/ga\/gorta-mor-na-heireann-ar-line\/\" \/>\n<meta property=\"og:site_name\" content=\"Com\u00f3radh N\u00e1isi\u00fanta an Ghorta Mh\u00f3ir\" \/>\n<meta property=\"article:publisher\" content=\"https:\/\/www.facebook.com\/DepartmentofCultureIRL\/\" \/>\n<meta property=\"article:modified_time\" content=\"2024-05-17T14:58:51+00:00\" \/>\n<meta property=\"og:image\" content=\"https:\/\/www.irishfamine.ie\/app\/uploads\/2022\/07\/UCC.gif\" \/>\n<meta name=\"twitter:card\" content=\"summary_large_image\" \/>\n<meta name=\"twitter:site\" content=\"@DeptCultureIRL\" \/>\n<meta name=\"twitter:label1\" content=\"Est. reading time\" \/>\n\t<meta name=\"twitter:data1\" content=\"1 minute\" \/>\n<script type=\"application\/ld+json\" class=\"yoast-schema-graph\">{\"@context\":\"https:\/\/schema.org\",\"@graph\":[{\"@type\":\"WebPage\",\"@id\":\"https:\/\/www.irishfamine.ie\/ga\/gorta-mor-na-heireann-ar-line\/\",\"url\":\"https:\/\/www.irishfamine.ie\/ga\/gorta-mor-na-heireann-ar-line\/\",\"name\":\"Gorta M\u00f3r na h\u00c9ireann Ar L\u00edne - Com\u00f3radh N\u00e1isi\u00fanta an Ghorta Mh\u00f3ir\",\"isPartOf\":{\"@id\":\"https:\/\/www.irishfamine.ie\/ga\/#website\"},\"primaryImageOfPage\":{\"@id\":\"https:\/\/www.irishfamine.ie\/ga\/gorta-mor-na-heireann-ar-line\/#primaryimage\"},\"image\":{\"@id\":\"https:\/\/www.irishfamine.ie\/ga\/gorta-mor-na-heireann-ar-line\/#primaryimage\"},\"thumbnailUrl\":\"https:\/\/www.irishfamine.ie\/app\/uploads\/2022\/07\/UCC.gif\",\"datePublished\":\"2022-07-14T14:38:05+00:00\",\"dateModified\":\"2024-05-17T14:58:51+00:00\",\"breadcrumb\":{\"@id\":\"https:\/\/www.irishfamine.ie\/ga\/gorta-mor-na-heireann-ar-line\/#breadcrumb\"},\"inLanguage\":\"ga-IE\",\"potentialAction\":[{\"@type\":\"ReadAction\",\"target\":[\"https:\/\/www.irishfamine.ie\/ga\/gorta-mor-na-heireann-ar-line\/\"]}]},{\"@type\":\"ImageObject\",\"inLanguage\":\"ga-IE\",\"@id\":\"https:\/\/www.irishfamine.ie\/ga\/gorta-mor-na-heireann-ar-line\/#primaryimage\",\"url\":\"https:\/\/www.irishfamine.ie\/app\/uploads\/2022\/07\/UCC.gif\",\"contentUrl\":\"https:\/\/www.irishfamine.ie\/app\/uploads\/2022\/07\/UCC.gif\"},{\"@type\":\"BreadcrumbList\",\"@id\":\"https:\/\/www.irishfamine.ie\/ga\/gorta-mor-na-heireann-ar-line\/#breadcrumb\",\"itemListElement\":[{\"@type\":\"ListItem\",\"position\":1,\"name\":\"Home\",\"item\":\"https:\/\/www.irishfamine.ie\/ga\/\"},{\"@type\":\"ListItem\",\"position\":2,\"name\":\"Gorta M\u00f3r na h\u00c9ireann Ar L\u00edne\"}]},{\"@type\":\"WebSite\",\"@id\":\"https:\/\/www.irishfamine.ie\/ga\/#website\",\"url\":\"https:\/\/www.irishfamine.ie\/ga\/\",\"name\":\"National Famine Commemoration\",\"description\":\"\",\"publisher\":{\"@id\":\"https:\/\/www.irishfamine.ie\/ga\/#organization\"},\"potentialAction\":[{\"@type\":\"SearchAction\",\"target\":{\"@type\":\"EntryPoint\",\"urlTemplate\":\"https:\/\/www.irishfamine.ie\/ga\/?s={search_term_string}\"},\"query-input\":{\"@type\":\"PropertyValueSpecification\",\"valueRequired\":true,\"valueName\":\"search_term_string\"}}],\"inLanguage\":\"ga-IE\"},{\"@type\":\"Organization\",\"@id\":\"https:\/\/www.irishfamine.ie\/ga\/#organization\",\"name\":\"Department of Tourism, Culture, Arts, Gaeltacht, Sport & Media\",\"url\":\"https:\/\/www.irishfamine.ie\/ga\/\",\"logo\":{\"@type\":\"ImageObject\",\"inLanguage\":\"ga-IE\",\"@id\":\"https:\/\/www.irishfamine.ie\/ga\/#\/schema\/logo\/image\/\",\"url\":\"https:\/\/www.irishfamine.ie\/app\/uploads\/2021\/05\/dep-of-Tourism-Culture-Arts-Gaeltacht-sport-and-media-_logo.png\",\"contentUrl\":\"https:\/\/www.irishfamine.ie\/app\/uploads\/2021\/05\/dep-of-Tourism-Culture-Arts-Gaeltacht-sport-and-media-_logo.png\",\"width\":300,\"height\":148,\"caption\":\"Department of Tourism, Culture, Arts, Gaeltacht, Sport & Media\"},\"image\":{\"@id\":\"https:\/\/www.irishfamine.ie\/ga\/#\/schema\/logo\/image\/\"},\"sameAs\":[\"https:\/\/www.facebook.com\/DepartmentofCultureIRL\/\",\"https:\/\/x.com\/DeptCultureIRL\"]}]}<\/script>\n<!-- \/ Yoast SEO plugin. -->","yoast_head_json":{"title":"Gorta M\u00f3r na h\u00c9ireann Ar L\u00edne - Com\u00f3radh N\u00e1isi\u00fanta an Ghorta Mh\u00f3ir","robots":{"index":"index","follow":"follow","max-snippet":"max-snippet:-1","max-image-preview":"max-image-preview:large","max-video-preview":"max-video-preview:-1"},"canonical":"https:\/\/www.irishfamine.ie\/ga\/gorta-mor-na-heireann-ar-line\/","og_locale":"ga_IE","og_type":"article","og_title":"Gorta M\u00f3r na h\u00c9ireann Ar L\u00edne - Com\u00f3radh N\u00e1isi\u00fanta an Ghorta Mh\u00f3ir","og_description":"Clice\u00e1il anseo chun L\u00e9arsc\u00e1il ar L\u00edne an Ghorta Mh\u00f3ir a oscailt Sheol An Gorta M\u00f3r Ar L\u00edne ag Com\u00f3radh N\u00e1isi\u00fanta an Ghorta Mh\u00f3ir a re\u00e1cht\u00e1ladh i COC ar an 12 Bealtaine 2018. Is comhoibri\u00fa m\u00f3r \u00ed an acmhainn dhigiteach nua seo idir Roinn na T\u00edreola\u00edochta i COC agus an Roinn Cult\u00fair, Oidhreachta agus Gaeltachta agus...","og_url":"https:\/\/www.irishfamine.ie\/ga\/gorta-mor-na-heireann-ar-line\/","og_site_name":"Com\u00f3radh N\u00e1isi\u00fanta an Ghorta Mh\u00f3ir","article_publisher":"https:\/\/www.facebook.com\/DepartmentofCultureIRL\/","article_modified_time":"2024-05-17T14:58:51+00:00","og_image":[{"url":"https:\/\/www.irishfamine.ie\/app\/uploads\/2022\/07\/UCC.gif","type":"","width":"","height":""}],"twitter_card":"summary_large_image","twitter_site":"@DeptCultureIRL","twitter_misc":{"Est. reading time":"1 minute"},"schema":{"@context":"https:\/\/schema.org","@graph":[{"@type":"WebPage","@id":"https:\/\/www.irishfamine.ie\/ga\/gorta-mor-na-heireann-ar-line\/","url":"https:\/\/www.irishfamine.ie\/ga\/gorta-mor-na-heireann-ar-line\/","name":"Gorta M\u00f3r na h\u00c9ireann Ar L\u00edne - Com\u00f3radh N\u00e1isi\u00fanta an Ghorta Mh\u00f3ir","isPartOf":{"@id":"https:\/\/www.irishfamine.ie\/ga\/#website"},"primaryImageOfPage":{"@id":"https:\/\/www.irishfamine.ie\/ga\/gorta-mor-na-heireann-ar-line\/#primaryimage"},"image":{"@id":"https:\/\/www.irishfamine.ie\/ga\/gorta-mor-na-heireann-ar-line\/#primaryimage"},"thumbnailUrl":"https:\/\/www.irishfamine.ie\/app\/uploads\/2022\/07\/UCC.gif","datePublished":"2022-07-14T14:38:05+00:00","dateModified":"2024-05-17T14:58:51+00:00","breadcrumb":{"@id":"https:\/\/www.irishfamine.ie\/ga\/gorta-mor-na-heireann-ar-line\/#breadcrumb"},"inLanguage":"ga-IE","potentialAction":[{"@type":"ReadAction","target":["https:\/\/www.irishfamine.ie\/ga\/gorta-mor-na-heireann-ar-line\/"]}]},{"@type":"ImageObject","inLanguage":"ga-IE","@id":"https:\/\/www.irishfamine.ie\/ga\/gorta-mor-na-heireann-ar-line\/#primaryimage","url":"https:\/\/www.irishfamine.ie\/app\/uploads\/2022\/07\/UCC.gif","contentUrl":"https:\/\/www.irishfamine.ie\/app\/uploads\/2022\/07\/UCC.gif"},{"@type":"BreadcrumbList","@id":"https:\/\/www.irishfamine.ie\/ga\/gorta-mor-na-heireann-ar-line\/#breadcrumb","itemListElement":[{"@type":"ListItem","position":1,"name":"Home","item":"https:\/\/www.irishfamine.ie\/ga\/"},{"@type":"ListItem","position":2,"name":"Gorta M\u00f3r na h\u00c9ireann Ar L\u00edne"}]},{"@type":"WebSite","@id":"https:\/\/www.irishfamine.ie\/ga\/#website","url":"https:\/\/www.irishfamine.ie\/ga\/","name":"National Famine Commemoration","description":"","publisher":{"@id":"https:\/\/www.irishfamine.ie\/ga\/#organization"},"potentialAction":[{"@type":"SearchAction","target":{"@type":"EntryPoint","urlTemplate":"https:\/\/www.irishfamine.ie\/ga\/?s={search_term_string}"},"query-input":{"@type":"PropertyValueSpecification","valueRequired":true,"valueName":"search_term_string"}}],"inLanguage":"ga-IE"},{"@type":"Organization","@id":"https:\/\/www.irishfamine.ie\/ga\/#organization","name":"Department of Tourism, Culture, Arts, Gaeltacht, Sport & Media","url":"https:\/\/www.irishfamine.ie\/ga\/","logo":{"@type":"ImageObject","inLanguage":"ga-IE","@id":"https:\/\/www.irishfamine.ie\/ga\/#\/schema\/logo\/image\/","url":"https:\/\/www.irishfamine.ie\/app\/uploads\/2021\/05\/dep-of-Tourism-Culture-Arts-Gaeltacht-sport-and-media-_logo.png","contentUrl":"https:\/\/www.irishfamine.ie\/app\/uploads\/2021\/05\/dep-of-Tourism-Culture-Arts-Gaeltacht-sport-and-media-_logo.png","width":300,"height":148,"caption":"Department of Tourism, Culture, Arts, Gaeltacht, Sport & Media"},"image":{"@id":"https:\/\/www.irishfamine.ie\/ga\/#\/schema\/logo\/image\/"},"sameAs":["https:\/\/www.facebook.com\/DepartmentofCultureIRL\/","https:\/\/x.com\/DeptCultureIRL"]}]}},"_links":{"self":[{"href":"https:\/\/www.irishfamine.ie\/ga\/wp-json\/wp\/v2\/pages\/3386","targetHints":{"allow":["GET"]}}],"collection":[{"href":"https:\/\/www.irishfamine.ie\/ga\/wp-json\/wp\/v2\/pages"}],"about":[{"href":"https:\/\/www.irishfamine.ie\/ga\/wp-json\/wp\/v2\/types\/page"}],"author":[{"embeddable":true,"href":"https:\/\/www.irishfamine.ie\/ga\/wp-json\/wp\/v2\/users\/3"}],"replies":[{"embeddable":true,"href":"https:\/\/www.irishfamine.ie\/ga\/wp-json\/wp\/v2\/comments?post=3386"}],"version-history":[{"count":2,"href":"https:\/\/www.irishfamine.ie\/ga\/wp-json\/wp\/v2\/pages\/3386\/revisions"}],"predecessor-version":[{"id":3718,"href":"https:\/\/www.irishfamine.ie\/ga\/wp-json\/wp\/v2\/pages\/3386\/revisions\/3718"}],"wp:attachment":[{"href":"https:\/\/www.irishfamine.ie\/ga\/wp-json\/wp\/v2\/media?parent=3386"}],"curies":[{"name":"wp","href":"https:\/\/api.w.org\/{rel}","templated":true}]}}