{"id":3395,"date":"2022-08-16T13:38:36","date_gmt":"2022-08-16T12:38:36","guid":{"rendered":"https:\/\/www.irishfamine.ie\/strokestown-house-co-roscommon-2022\/"},"modified":"2024-05-07T13:06:44","modified_gmt":"2024-05-07T12:06:44","slug":"strokestown-house-co-roscommon-2022","status":"publish","type":"page","link":"https:\/\/www.irishfamine.ie\/ga\/strokestown-house-co-roscommon-2022\/","title":{"rendered":"P\u00e1irc Bh\u00e9al na mBuill\u00ed, Contae Ros Com\u00e1in 2022"},"content":{"rendered":"<div class=\"col-lg-12 col-md-12 col-sm-12 col-xs-12 margin-bottom-sm\">\n<div class=\"row\">\n<p>Bh\u00ed an Taoiseach Miche\u00e1l Martin i bhfeighil ag Com\u00f3radh N\u00e1isi\u00fanta an Ghorta Mh\u00f3ir i bP\u00e1irc Bh\u00e9al na mBuill\u00ed, Co. Ros Com\u00e1in ar D\u00e9 Domhnaigh, an 15 Bealtaine. Bh\u00ed Jack Chambers, an tAire St\u00e1it don Sp\u00f3rt agus don Ghaeltacht agus Pr\u00edomh-Aoire an Rialtais, in \u00e9ineacht leis.<\/p>\n<\/div>\n<\/div>\n<div class=\"col-lg-12 col-md-12 col-sm-12 col-xs-12 margin-bottom-sm\">\n<div class=\"row\">\n<p>Bh\u00ed Jack Chambers, an tAire St\u00e1it don Sp\u00f3rt agus don Ghaeltacht agus Pr\u00edomh-Aoire an Rialtais, in \u00e9ineacht leis.<\/p>\n<\/div>\n<\/div>\n<div class=\"col-lg-12 col-md-12 col-sm-12 col-xs-12 margin-bottom-sm\">\n<div class=\"row\">\n<p>Rinne an Taoiseach Miche\u00e1l Martin T.D. ionada\u00edocht ar an Rialtas agus bh\u00ed on\u00f3racha m\u00edleata agus leagan bl\u00e1thfhleasc sa tsearmanas fhoirmi\u00fail St\u00e1it i ndilchuimhne orthu si\u00fad a d&#8217;fhulaing n\u00f3 a fuair b\u00e1s le linn an Ghorta.<\/p>\n<\/div>\n<\/div>\n<div class=\"col-lg-12 col-md-12 col-sm-12 col-xs-12 margin-bottom-sm\">\n<div class=\"row\">\n<p>Leag a Shoilse, an tArdeaspag Jude Thaddeus Okolo, D\u00e9an an Ch\u00f3ir Taidhleoireachta; an Comhairleoir Joe Murphy, Cathaoirleach Chomhairle Chontae Ros Com\u00e1in, agus Jim Callery, bunaitheoir Mh\u00fasaem N\u00e1isi\u00fanta an Ghorta Mh\u00f3ir agus Clare McGrath, Cathaoirleach Iontaobhas Oidhreachta na h\u00c9ireann bl\u00e1thfhleasca chomh maith.<\/p>\n<\/div>\n<\/div>\n<div class=\"col-lg-12 col-md-12 col-sm-12 col-xs-12 margin-bottom-sm\">\n<div class=\"row\">\n<p>Chas an t-amhr\u00e1na\u00ed is scr\u00edbhneoir Declan O\u2019Rourke amhr\u00e1in \u00f3na albam, Chronicles of The Great Irish Famine. Craoladh an searmanas ar chain\u00e9al Nuachta RT\u00c9, mar nach raibh s\u00e9 oscailte don phobal an bhliain sin.<\/p>\n<\/div>\n<\/div>\n<div class=\"col-lg-12 col-md-12 col-sm-12 col-xs-12 margin-bottom-sm\">\n<div class=\"row\">\n<p>Ag labhairt ag an imeacht, d\u00fairt an Taoiseach Miche\u00e1l Martin:<\/p>\n<\/div>\n<\/div>\n<p style=\"color: #232323; font-family: 'Open Sans', sans-serif; padding-left: 40px;\"><em>\u201cN\u00ed f\u00e9idir linn an t-easpa d\u00f3chais, an fearg agus an caillteanas a mhothaigh na daoine a d&#8217;fhulaing le linn an Ghorta Mh\u00f3ir a shamhl\u00fa. \u201cN\u00ed f\u00e9idir linn an t-easpa d\u00f3chais, an fearg agus an caillteanas a mhothaigh na daoine a d&#8217;fhulaing le linn an Ghorta Mh\u00f3ir a shamhl\u00fa.<\/em><\/p>\n<p style=\"color: #232323; font-family: 'Open Sans', sans-serif; padding-left: 40px;\"><em>Le linn \u00e1r staire, d\u2019iarrta\u00ed orainn cabhr\u00fa le daoine ag fulaingt in am an gh\u00e1tair, cos\u00fail le h\u00edospartaigh an Ghorta Mh\u00f3ir agus t\u00e1 muintir na h\u00c9ireann ag freagairt an ghlao sin leis na gl\u00fanta.<\/em><\/p>\n<p style=\"color: #232323; font-family: 'Open Sans', sans-serif; padding-left: 40px;\"><em>Agus muid ag teacht le ch\u00e9ile chun \u00f3m\u00f3s a thabhairt d\u2019\u00edospartaigh an Ghorta Mh\u00f3ir \u2013 na daoine a fuair b\u00e1s, na daoine ar cuireadh iachall orthu dul ar imirce agus na daoine a d\u2019fhulaing agus a th\u00e1inig sl\u00e1n, smaoin\u00edmid faoi mhuintir na h\u00dacr\u00e1ine, chomh maith, a raibh gorta stairi\u00fail acu freisin.<\/em><\/p>\n<p style=\"color: #232323; font-family: 'Open Sans', sans-serif; padding-left: 40px;\"><em>Cuireann \u00c9ire f\u00e1ilte roimh mhuintir na h\u00dacr\u00e1ine in am an gh\u00e1tair agus cuireann an gh\u00e9arch\u00e9im sin in i\u00fal d\u00fainn an t\u00e1bhacht a bhaineann le daoine a dh\u00e9anann rud ar bith is f\u00e9idir leo a dh\u00e9anamh chun cuidi\u00fa leo si\u00fad at\u00e1 i gcruach\u00e1s. Is l\u00e9iri\u00fa \u00e9 seo freisin ar an m\u00e9id at\u00e1 ar eolas againn faoi na daoine comhbh\u00e1cha agus flaithi\u00fala sin a chabhraigh le muintir na h\u00c9ireann le linn an Ghorta Mh\u00f3ir. N\u00edor ch\u00f3ir dearmad a dh\u00e9anamh cho\u00edche ar na gn\u00edomhartha cine\u00e1lta sin.\u201d<\/em><\/p>\n<p style=\"color: #232323; font-family: 'Open Sans', sans-serif;\">Ag labhairt an l\u00e1 sin, d\u00fairt an tAire Chambers:<\/p>\n<p style=\"color: #232323; font-family: 'Open Sans', sans-serif; padding-left: 40px;\"><em>\u201cBa \u00e9 an Gorta M\u00f3r an tr\u00e9imhse is dorcha in\u00e1r gcuid staire. Tugann searmanas an lae inniu deis d\u00fainn com\u00f3radh a dh\u00e9anamh ar fhulaingt agus teacht aniar \u00edospartaigh an Ghorta Mh\u00f3ir. Is cu\u00ed go re\u00e1cht\u00e1ltar an searmanas com\u00f3rtha ar an su\u00edomh stairi\u00fail seo in 2022 agus na hullmh\u00fach\u00e1in deiridh le haghaidh athoscailt Mh\u00fasaem N\u00e1isi\u00fanta an Ghorta Mh\u00f3ir \u00e1 gcur i gcr\u00edch tar \u00e9is athch\u00f3iri\u00fa m\u00f3r a dh\u00e9anamh.&#8221;<\/em><\/p>\n<p>&nbsp;<\/p>\n<style type=\"text\/css\">\n\t\t\t#gallery-1 {<br \/>\t\t\t\tmargin: auto;<br \/>\t\t\t}<br \/>\t\t\t#gallery-1 .gallery-item {<br \/>\t\t\t\tfloat: left;<br \/>\t\t\t\tmargin-top: 10px;<br \/>\t\t\t\ttext-align: center;<br \/>\t\t\t\twidth: 25%;<br \/>\t\t\t}<br \/>\t\t\t#gallery-1 img {<br \/>\t\t\t\tborder: 2px solid #cfcfcf;<br \/>\t\t\t}<br \/>\t\t\t#gallery-1 .gallery-caption {<br \/>\t\t\t\tmargin-left: 0;<br \/>\t\t\t}<br \/>\t\t\t\/* see gallery_shortcode() in wp-includes\/media.php *\/<br \/>\t\t<\/style>\n<dl class=\"gallery-item\">\n<dt class=\"gallery-icon landscape\"><a href=\"https:\/\/www.irishfamine.ie\/app\/uploads\/2022\/08\/Wreath-Famine-Strokestown-1.jpg\" data-elementor-open-lightbox=\"yes\" data-elementor-lightbox-slideshow=\"bd4b534\" data-elementor-lightbox-title=\"Wreath-Famine-Strokestown\"><img loading=\"lazy\" decoding=\"async\" src=\"https:\/\/www.irishfamine.ie\/app\/uploads\/2022\/08\/Wreath-Famine-Strokestown-1-1024x683.jpg\" sizes=\"auto, (max-width: 1024px) 100vw, 1024px\" srcset=\"https:\/\/www.irishfamine.ie\/app\/uploads\/2022\/08\/Wreath-Famine-Strokestown-1-1024x683.jpg 1024w, https:\/\/www.irishfamine.ie\/app\/uploads\/2022\/08\/Wreath-Famine-Strokestown-1-300x200.jpg 300w, https:\/\/www.irishfamine.ie\/app\/uploads\/2022\/08\/Wreath-Famine-Strokestown-1-768x512.jpg 768w, https:\/\/www.irishfamine.ie\/app\/uploads\/2022\/08\/Wreath-Famine-Strokestown-1.jpg 1200w\" alt=\"\" width=\"1024\" height=\"683\" \/><\/a><\/dt>\n<\/dl>\n<dl class=\"gallery-item\">\n<dt class=\"gallery-icon landscape\"><a href=\"https:\/\/www.irishfamine.ie\/app\/uploads\/2022\/08\/Museum-Famine-Commemorarion-2022-1.jpg\" data-elementor-open-lightbox=\"yes\" data-elementor-lightbox-slideshow=\"bd4b534\" data-elementor-lightbox-title=\"Museum-Famine-Commemorarion-2022\"><img loading=\"lazy\" decoding=\"async\" src=\"https:\/\/www.irishfamine.ie\/app\/uploads\/2022\/08\/Museum-Famine-Commemorarion-2022-1-1024x683.jpg\" sizes=\"auto, (max-width: 1024px) 100vw, 1024px\" srcset=\"https:\/\/www.irishfamine.ie\/app\/uploads\/2022\/08\/Museum-Famine-Commemorarion-2022-1-1024x683.jpg 1024w, https:\/\/www.irishfamine.ie\/app\/uploads\/2022\/08\/Museum-Famine-Commemorarion-2022-1-300x200.jpg 300w, https:\/\/www.irishfamine.ie\/app\/uploads\/2022\/08\/Museum-Famine-Commemorarion-2022-1-768x512.jpg 768w, https:\/\/www.irishfamine.ie\/app\/uploads\/2022\/08\/Museum-Famine-Commemorarion-2022-1.jpg 1200w\" alt=\"\" width=\"1024\" height=\"683\" \/><\/a><\/dt>\n<\/dl>\n<dl class=\"gallery-item\">\n<dt class=\"gallery-icon landscape\"><a href=\"https:\/\/www.irishfamine.ie\/app\/uploads\/2022\/08\/Performer-Famine-Commemorarion-2022-1.jpg\" data-elementor-open-lightbox=\"yes\" data-elementor-lightbox-slideshow=\"bd4b534\" data-elementor-lightbox-title=\"Performer-Famine-Commemorarion-2022\"><img loading=\"lazy\" decoding=\"async\" src=\"https:\/\/www.irishfamine.ie\/app\/uploads\/2022\/08\/Performer-Famine-Commemorarion-2022-1-1024x683.jpg\" sizes=\"auto, (max-width: 1024px) 100vw, 1024px\" srcset=\"https:\/\/www.irishfamine.ie\/app\/uploads\/2022\/08\/Performer-Famine-Commemorarion-2022-1-1024x683.jpg 1024w, https:\/\/www.irishfamine.ie\/app\/uploads\/2022\/08\/Performer-Famine-Commemorarion-2022-1-300x200.jpg 300w, https:\/\/www.irishfamine.ie\/app\/uploads\/2022\/08\/Performer-Famine-Commemorarion-2022-1-768x512.jpg 768w, https:\/\/www.irishfamine.ie\/app\/uploads\/2022\/08\/Performer-Famine-Commemorarion-2022-1.jpg 1200w\" alt=\"\" width=\"1024\" height=\"683\" \/><\/a><\/dt>\n<\/dl>\n<dl class=\"gallery-item\">\n<dt class=\"gallery-icon landscape\"><a href=\"https:\/\/www.irishfamine.ie\/app\/uploads\/2022\/08\/MOS-Famine-Commemorarion-2022-1.jpg\" data-elementor-open-lightbox=\"yes\" data-elementor-lightbox-slideshow=\"bd4b534\" data-elementor-lightbox-title=\"MOS-Famine-Commemorarion-2022\"><img loading=\"lazy\" decoding=\"async\" src=\"https:\/\/www.irishfamine.ie\/app\/uploads\/2022\/08\/MOS-Famine-Commemorarion-2022-1-1024x683.jpg\" sizes=\"auto, (max-width: 1024px) 100vw, 1024px\" srcset=\"https:\/\/www.irishfamine.ie\/app\/uploads\/2022\/08\/MOS-Famine-Commemorarion-2022-1-1024x683.jpg 1024w, https:\/\/www.irishfamine.ie\/app\/uploads\/2022\/08\/MOS-Famine-Commemorarion-2022-1-300x200.jpg 300w, https:\/\/www.irishfamine.ie\/app\/uploads\/2022\/08\/MOS-Famine-Commemorarion-2022-1-768x512.jpg 768w, https:\/\/www.irishfamine.ie\/app\/uploads\/2022\/08\/MOS-Famine-Commemorarion-2022-1.jpg 1200w\" alt=\"\" width=\"1024\" height=\"683\" \/><\/a><\/dt>\n<\/dl>\n<p>&nbsp;<\/p>\n<dl class=\"gallery-item\">\n<dt class=\"gallery-icon landscape\"><a href=\"https:\/\/www.irishfamine.ie\/app\/uploads\/2022\/08\/Cathaoirleach-Famine-Commemorarion-2022-1.jpg\" data-elementor-open-lightbox=\"yes\" data-elementor-lightbox-slideshow=\"bd4b534\" data-elementor-lightbox-title=\"Cathaoirleach-Famine-Commemorarion-2022\"><img loading=\"lazy\" decoding=\"async\" src=\"https:\/\/www.irishfamine.ie\/app\/uploads\/2022\/08\/Cathaoirleach-Famine-Commemorarion-2022-1-1024x683.jpg\" sizes=\"auto, (max-width: 1024px) 100vw, 1024px\" srcset=\"https:\/\/www.irishfamine.ie\/app\/uploads\/2022\/08\/Cathaoirleach-Famine-Commemorarion-2022-1-1024x683.jpg 1024w, https:\/\/www.irishfamine.ie\/app\/uploads\/2022\/08\/Cathaoirleach-Famine-Commemorarion-2022-1-300x200.jpg 300w, https:\/\/www.irishfamine.ie\/app\/uploads\/2022\/08\/Cathaoirleach-Famine-Commemorarion-2022-1-768x512.jpg 768w, https:\/\/www.irishfamine.ie\/app\/uploads\/2022\/08\/Cathaoirleach-Famine-Commemorarion-2022-1.jpg 1200w\" alt=\"\" width=\"1024\" height=\"683\" \/><\/a><\/dt>\n<\/dl>\n<dl class=\"gallery-item\">\n<dt class=\"gallery-icon landscape\"><a href=\"https:\/\/www.irishfamine.ie\/app\/uploads\/2022\/08\/Famine-Commemorarion-2022-1.jpg\" data-elementor-open-lightbox=\"yes\" data-elementor-lightbox-slideshow=\"bd4b534\" data-elementor-lightbox-title=\"Famine-Commemorarion-2022\"><img loading=\"lazy\" decoding=\"async\" src=\"https:\/\/www.irishfamine.ie\/app\/uploads\/2022\/08\/Famine-Commemorarion-2022-1-1024x683.jpg\" sizes=\"auto, (max-width: 1024px) 100vw, 1024px\" srcset=\"https:\/\/www.irishfamine.ie\/app\/uploads\/2022\/08\/Famine-Commemorarion-2022-1-1024x683.jpg 1024w, https:\/\/www.irishfamine.ie\/app\/uploads\/2022\/08\/Famine-Commemorarion-2022-1-300x200.jpg 300w, https:\/\/www.irishfamine.ie\/app\/uploads\/2022\/08\/Famine-Commemorarion-2022-1-768x512.jpg 768w, https:\/\/www.irishfamine.ie\/app\/uploads\/2022\/08\/Famine-Commemorarion-2022-1.jpg 1200w\" alt=\"\" width=\"1024\" height=\"683\" \/><\/a><\/dt>\n<\/dl>\n<dl class=\"gallery-item\">\n<dt class=\"gallery-icon landscape\"><a href=\"https:\/\/www.irishfamine.ie\/app\/uploads\/2022\/08\/Arrival-Famine-Commemorarion-2022-1.jpg\" data-elementor-open-lightbox=\"yes\" data-elementor-lightbox-slideshow=\"bd4b534\" data-elementor-lightbox-title=\"Arrival-Famine-Commemorarion-2022\"><img loading=\"lazy\" decoding=\"async\" src=\"https:\/\/www.irishfamine.ie\/app\/uploads\/2022\/08\/Arrival-Famine-Commemorarion-2022-1-1024x683.jpg\" sizes=\"auto, (max-width: 1024px) 100vw, 1024px\" srcset=\"https:\/\/www.irishfamine.ie\/app\/uploads\/2022\/08\/Arrival-Famine-Commemorarion-2022-1-1024x683.jpg 1024w, https:\/\/www.irishfamine.ie\/app\/uploads\/2022\/08\/Arrival-Famine-Commemorarion-2022-1-300x200.jpg 300w, https:\/\/www.irishfamine.ie\/app\/uploads\/2022\/08\/Arrival-Famine-Commemorarion-2022-1-768x512.jpg 768w, https:\/\/www.irishfamine.ie\/app\/uploads\/2022\/08\/Arrival-Famine-Commemorarion-2022-1.jpg 1200w\" alt=\"\" width=\"1024\" height=\"683\" \/><\/a><\/dt>\n<\/dl>\n<p>&nbsp;<\/p>\n","protected":false},"excerpt":{"rendered":"<p>Bh\u00ed an Taoiseach Miche\u00e1l Martin i bhfeighil ag Com\u00f3radh N\u00e1isi\u00fanta an Ghorta Mh\u00f3ir i bP\u00e1irc Bh\u00e9al na mBuill\u00ed, Co. Ros Com\u00e1in ar D\u00e9 Domhnaigh, an 15 Bealtaine. Bh\u00ed Jack Chambers, an tAire St\u00e1it don Sp\u00f3rt agus don Ghaeltacht agus Pr\u00edomh-Aoire an Rialtais, in \u00e9ineacht leis. Bh\u00ed Jack Chambers, an tAire St\u00e1it don Sp\u00f3rt agus don&#8230; <\/p>\n","protected":false},"author":3,"featured_media":0,"parent":0,"menu_order":0,"comment_status":"closed","ping_status":"closed","template":"full-width.php","meta":{"footnotes":""},"class_list":["post-3395","page","type-page","status-publish","hentry"],"yoast_head":"<!-- This site is optimized with the Yoast SEO plugin v27.2 - https:\/\/yoast.com\/product\/yoast-seo-wordpress\/ -->\n<title>P\u00e1irc Bh\u00e9al na mBuill\u00ed, Contae Ros Com\u00e1in 2022 - Com\u00f3radh N\u00e1isi\u00fanta an Ghorta Mh\u00f3ir<\/title>\n<meta name=\"robots\" content=\"index, follow, max-snippet:-1, max-image-preview:large, max-video-preview:-1\" \/>\n<link rel=\"canonical\" href=\"https:\/\/www.irishfamine.ie\/ga\/strokestown-house-co-roscommon-2022\/\" \/>\n<meta property=\"og:locale\" content=\"ga_IE\" \/>\n<meta property=\"og:type\" content=\"article\" \/>\n<meta property=\"og:title\" content=\"P\u00e1irc Bh\u00e9al na mBuill\u00ed, Contae Ros Com\u00e1in 2022 - Com\u00f3radh N\u00e1isi\u00fanta an Ghorta Mh\u00f3ir\" \/>\n<meta property=\"og:description\" content=\"Bh\u00ed an Taoiseach Miche\u00e1l Martin i bhfeighil ag Com\u00f3radh N\u00e1isi\u00fanta an Ghorta Mh\u00f3ir i bP\u00e1irc Bh\u00e9al na mBuill\u00ed, Co. Ros Com\u00e1in ar D\u00e9 Domhnaigh, an 15 Bealtaine. Bh\u00ed Jack Chambers, an tAire St\u00e1it don Sp\u00f3rt agus don Ghaeltacht agus Pr\u00edomh-Aoire an Rialtais, in \u00e9ineacht leis. Bh\u00ed Jack Chambers, an tAire St\u00e1it don Sp\u00f3rt agus don...\" \/>\n<meta property=\"og:url\" content=\"https:\/\/www.irishfamine.ie\/ga\/strokestown-house-co-roscommon-2022\/\" \/>\n<meta property=\"og:site_name\" content=\"Com\u00f3radh N\u00e1isi\u00fanta an Ghorta Mh\u00f3ir\" \/>\n<meta property=\"article:publisher\" content=\"https:\/\/www.facebook.com\/DepartmentofCultureIRL\/\" \/>\n<meta property=\"article:modified_time\" content=\"2024-05-07T12:06:44+00:00\" \/>\n<meta property=\"og:image\" content=\"https:\/\/www.irishfamine.ie\/app\/uploads\/2022\/08\/Wreath-Famine-Strokestown-1-1024x683.jpg\" \/>\n<meta name=\"twitter:card\" content=\"summary_large_image\" \/>\n<meta name=\"twitter:site\" content=\"@DeptCultureIRL\" \/>\n<meta name=\"twitter:label1\" content=\"Est. reading time\" \/>\n\t<meta name=\"twitter:data1\" content=\"3 minutes\" \/>\n<script type=\"application\/ld+json\" class=\"yoast-schema-graph\">{\"@context\":\"https:\/\/schema.org\",\"@graph\":[{\"@type\":\"WebPage\",\"@id\":\"https:\/\/www.irishfamine.ie\/ga\/strokestown-house-co-roscommon-2022\/\",\"url\":\"https:\/\/www.irishfamine.ie\/ga\/strokestown-house-co-roscommon-2022\/\",\"name\":\"P\u00e1irc Bh\u00e9al na mBuill\u00ed, Contae Ros Com\u00e1in 2022 - Com\u00f3radh N\u00e1isi\u00fanta an Ghorta Mh\u00f3ir\",\"isPartOf\":{\"@id\":\"https:\/\/www.irishfamine.ie\/ga\/#website\"},\"primaryImageOfPage\":{\"@id\":\"https:\/\/www.irishfamine.ie\/ga\/strokestown-house-co-roscommon-2022\/#primaryimage\"},\"image\":{\"@id\":\"https:\/\/www.irishfamine.ie\/ga\/strokestown-house-co-roscommon-2022\/#primaryimage\"},\"thumbnailUrl\":\"https:\/\/www.irishfamine.ie\/app\/uploads\/2022\/08\/Wreath-Famine-Strokestown-1-1024x683.jpg\",\"datePublished\":\"2022-08-16T12:38:36+00:00\",\"dateModified\":\"2024-05-07T12:06:44+00:00\",\"breadcrumb\":{\"@id\":\"https:\/\/www.irishfamine.ie\/ga\/strokestown-house-co-roscommon-2022\/#breadcrumb\"},\"inLanguage\":\"ga-IE\",\"potentialAction\":[{\"@type\":\"ReadAction\",\"target\":[\"https:\/\/www.irishfamine.ie\/ga\/strokestown-house-co-roscommon-2022\/\"]}]},{\"@type\":\"ImageObject\",\"inLanguage\":\"ga-IE\",\"@id\":\"https:\/\/www.irishfamine.ie\/ga\/strokestown-house-co-roscommon-2022\/#primaryimage\",\"url\":\"https:\/\/www.irishfamine.ie\/app\/uploads\/2022\/08\/Wreath-Famine-Strokestown-1-1024x683.jpg\",\"contentUrl\":\"https:\/\/www.irishfamine.ie\/app\/uploads\/2022\/08\/Wreath-Famine-Strokestown-1-1024x683.jpg\"},{\"@type\":\"BreadcrumbList\",\"@id\":\"https:\/\/www.irishfamine.ie\/ga\/strokestown-house-co-roscommon-2022\/#breadcrumb\",\"itemListElement\":[{\"@type\":\"ListItem\",\"position\":1,\"name\":\"Home\",\"item\":\"https:\/\/www.irishfamine.ie\/ga\/\"},{\"@type\":\"ListItem\",\"position\":2,\"name\":\"P\u00e1irc Bh\u00e9al na mBuill\u00ed, Contae Ros Com\u00e1in 2022\"}]},{\"@type\":\"WebSite\",\"@id\":\"https:\/\/www.irishfamine.ie\/ga\/#website\",\"url\":\"https:\/\/www.irishfamine.ie\/ga\/\",\"name\":\"National Famine Commemoration\",\"description\":\"\",\"publisher\":{\"@id\":\"https:\/\/www.irishfamine.ie\/ga\/#organization\"},\"potentialAction\":[{\"@type\":\"SearchAction\",\"target\":{\"@type\":\"EntryPoint\",\"urlTemplate\":\"https:\/\/www.irishfamine.ie\/ga\/?s={search_term_string}\"},\"query-input\":{\"@type\":\"PropertyValueSpecification\",\"valueRequired\":true,\"valueName\":\"search_term_string\"}}],\"inLanguage\":\"ga-IE\"},{\"@type\":\"Organization\",\"@id\":\"https:\/\/www.irishfamine.ie\/ga\/#organization\",\"name\":\"Department of Tourism, Culture, Arts, Gaeltacht, Sport & Media\",\"url\":\"https:\/\/www.irishfamine.ie\/ga\/\",\"logo\":{\"@type\":\"ImageObject\",\"inLanguage\":\"ga-IE\",\"@id\":\"https:\/\/www.irishfamine.ie\/ga\/#\/schema\/logo\/image\/\",\"url\":\"https:\/\/www.irishfamine.ie\/app\/uploads\/2021\/05\/dep-of-Tourism-Culture-Arts-Gaeltacht-sport-and-media-_logo.png\",\"contentUrl\":\"https:\/\/www.irishfamine.ie\/app\/uploads\/2021\/05\/dep-of-Tourism-Culture-Arts-Gaeltacht-sport-and-media-_logo.png\",\"width\":300,\"height\":148,\"caption\":\"Department of Tourism, Culture, Arts, Gaeltacht, Sport & Media\"},\"image\":{\"@id\":\"https:\/\/www.irishfamine.ie\/ga\/#\/schema\/logo\/image\/\"},\"sameAs\":[\"https:\/\/www.facebook.com\/DepartmentofCultureIRL\/\",\"https:\/\/x.com\/DeptCultureIRL\"]}]}<\/script>\n<!-- \/ Yoast SEO plugin. -->","yoast_head_json":{"title":"P\u00e1irc Bh\u00e9al na mBuill\u00ed, Contae Ros Com\u00e1in 2022 - Com\u00f3radh N\u00e1isi\u00fanta an Ghorta Mh\u00f3ir","robots":{"index":"index","follow":"follow","max-snippet":"max-snippet:-1","max-image-preview":"max-image-preview:large","max-video-preview":"max-video-preview:-1"},"canonical":"https:\/\/www.irishfamine.ie\/ga\/strokestown-house-co-roscommon-2022\/","og_locale":"ga_IE","og_type":"article","og_title":"P\u00e1irc Bh\u00e9al na mBuill\u00ed, Contae Ros Com\u00e1in 2022 - Com\u00f3radh N\u00e1isi\u00fanta an Ghorta Mh\u00f3ir","og_description":"Bh\u00ed an Taoiseach Miche\u00e1l Martin i bhfeighil ag Com\u00f3radh N\u00e1isi\u00fanta an Ghorta Mh\u00f3ir i bP\u00e1irc Bh\u00e9al na mBuill\u00ed, Co. Ros Com\u00e1in ar D\u00e9 Domhnaigh, an 15 Bealtaine. Bh\u00ed Jack Chambers, an tAire St\u00e1it don Sp\u00f3rt agus don Ghaeltacht agus Pr\u00edomh-Aoire an Rialtais, in \u00e9ineacht leis. Bh\u00ed Jack Chambers, an tAire St\u00e1it don Sp\u00f3rt agus don...","og_url":"https:\/\/www.irishfamine.ie\/ga\/strokestown-house-co-roscommon-2022\/","og_site_name":"Com\u00f3radh N\u00e1isi\u00fanta an Ghorta Mh\u00f3ir","article_publisher":"https:\/\/www.facebook.com\/DepartmentofCultureIRL\/","article_modified_time":"2024-05-07T12:06:44+00:00","og_image":[{"url":"https:\/\/www.irishfamine.ie\/app\/uploads\/2022\/08\/Wreath-Famine-Strokestown-1-1024x683.jpg","type":"","width":"","height":""}],"twitter_card":"summary_large_image","twitter_site":"@DeptCultureIRL","twitter_misc":{"Est. reading time":"3 minutes"},"schema":{"@context":"https:\/\/schema.org","@graph":[{"@type":"WebPage","@id":"https:\/\/www.irishfamine.ie\/ga\/strokestown-house-co-roscommon-2022\/","url":"https:\/\/www.irishfamine.ie\/ga\/strokestown-house-co-roscommon-2022\/","name":"P\u00e1irc Bh\u00e9al na mBuill\u00ed, Contae Ros Com\u00e1in 2022 - Com\u00f3radh N\u00e1isi\u00fanta an Ghorta Mh\u00f3ir","isPartOf":{"@id":"https:\/\/www.irishfamine.ie\/ga\/#website"},"primaryImageOfPage":{"@id":"https:\/\/www.irishfamine.ie\/ga\/strokestown-house-co-roscommon-2022\/#primaryimage"},"image":{"@id":"https:\/\/www.irishfamine.ie\/ga\/strokestown-house-co-roscommon-2022\/#primaryimage"},"thumbnailUrl":"https:\/\/www.irishfamine.ie\/app\/uploads\/2022\/08\/Wreath-Famine-Strokestown-1-1024x683.jpg","datePublished":"2022-08-16T12:38:36+00:00","dateModified":"2024-05-07T12:06:44+00:00","breadcrumb":{"@id":"https:\/\/www.irishfamine.ie\/ga\/strokestown-house-co-roscommon-2022\/#breadcrumb"},"inLanguage":"ga-IE","potentialAction":[{"@type":"ReadAction","target":["https:\/\/www.irishfamine.ie\/ga\/strokestown-house-co-roscommon-2022\/"]}]},{"@type":"ImageObject","inLanguage":"ga-IE","@id":"https:\/\/www.irishfamine.ie\/ga\/strokestown-house-co-roscommon-2022\/#primaryimage","url":"https:\/\/www.irishfamine.ie\/app\/uploads\/2022\/08\/Wreath-Famine-Strokestown-1-1024x683.jpg","contentUrl":"https:\/\/www.irishfamine.ie\/app\/uploads\/2022\/08\/Wreath-Famine-Strokestown-1-1024x683.jpg"},{"@type":"BreadcrumbList","@id":"https:\/\/www.irishfamine.ie\/ga\/strokestown-house-co-roscommon-2022\/#breadcrumb","itemListElement":[{"@type":"ListItem","position":1,"name":"Home","item":"https:\/\/www.irishfamine.ie\/ga\/"},{"@type":"ListItem","position":2,"name":"P\u00e1irc Bh\u00e9al na mBuill\u00ed, Contae Ros Com\u00e1in 2022"}]},{"@type":"WebSite","@id":"https:\/\/www.irishfamine.ie\/ga\/#website","url":"https:\/\/www.irishfamine.ie\/ga\/","name":"National Famine Commemoration","description":"","publisher":{"@id":"https:\/\/www.irishfamine.ie\/ga\/#organization"},"potentialAction":[{"@type":"SearchAction","target":{"@type":"EntryPoint","urlTemplate":"https:\/\/www.irishfamine.ie\/ga\/?s={search_term_string}"},"query-input":{"@type":"PropertyValueSpecification","valueRequired":true,"valueName":"search_term_string"}}],"inLanguage":"ga-IE"},{"@type":"Organization","@id":"https:\/\/www.irishfamine.ie\/ga\/#organization","name":"Department of Tourism, Culture, Arts, Gaeltacht, Sport & Media","url":"https:\/\/www.irishfamine.ie\/ga\/","logo":{"@type":"ImageObject","inLanguage":"ga-IE","@id":"https:\/\/www.irishfamine.ie\/ga\/#\/schema\/logo\/image\/","url":"https:\/\/www.irishfamine.ie\/app\/uploads\/2021\/05\/dep-of-Tourism-Culture-Arts-Gaeltacht-sport-and-media-_logo.png","contentUrl":"https:\/\/www.irishfamine.ie\/app\/uploads\/2021\/05\/dep-of-Tourism-Culture-Arts-Gaeltacht-sport-and-media-_logo.png","width":300,"height":148,"caption":"Department of Tourism, Culture, Arts, Gaeltacht, Sport & Media"},"image":{"@id":"https:\/\/www.irishfamine.ie\/ga\/#\/schema\/logo\/image\/"},"sameAs":["https:\/\/www.facebook.com\/DepartmentofCultureIRL\/","https:\/\/x.com\/DeptCultureIRL"]}]}},"_links":{"self":[{"href":"https:\/\/www.irishfamine.ie\/ga\/wp-json\/wp\/v2\/pages\/3395","targetHints":{"allow":["GET"]}}],"collection":[{"href":"https:\/\/www.irishfamine.ie\/ga\/wp-json\/wp\/v2\/pages"}],"about":[{"href":"https:\/\/www.irishfamine.ie\/ga\/wp-json\/wp\/v2\/types\/page"}],"author":[{"embeddable":true,"href":"https:\/\/www.irishfamine.ie\/ga\/wp-json\/wp\/v2\/users\/3"}],"replies":[{"embeddable":true,"href":"https:\/\/www.irishfamine.ie\/ga\/wp-json\/wp\/v2\/comments?post=3395"}],"version-history":[{"count":3,"href":"https:\/\/www.irishfamine.ie\/ga\/wp-json\/wp\/v2\/pages\/3395\/revisions"}],"predecessor-version":[{"id":3613,"href":"https:\/\/www.irishfamine.ie\/ga\/wp-json\/wp\/v2\/pages\/3395\/revisions\/3613"}],"wp:attachment":[{"href":"https:\/\/www.irishfamine.ie\/ga\/wp-json\/wp\/v2\/media?parent=3395"}],"curies":[{"name":"wp","href":"https:\/\/api.w.org\/{rel}","templated":true}]}}