{"id":3399,"date":"2022-08-16T15:30:04","date_gmt":"2022-08-16T14:30:04","guid":{"rendered":"https:\/\/www.irishfamine.ie\/bhfaiche-stiabhna-bail-atha-cliath-2020\/"},"modified":"2024-04-08T11:37:39","modified_gmt":"2024-04-08T10:37:39","slug":"commemorating-the-famine-state-commemoration-commemoration-ceremony-st-stephens-green-2020","status":"publish","type":"page","link":"https:\/\/www.irishfamine.ie\/ga\/commemorating-the-famine-state-commemoration-commemoration-ceremony-st-stephens-green-2020\/","title":{"rendered":"bhFaiche Stiabhna, Bail atha cliath 2020"},"content":{"rendered":"<h6><em>National Famine Commemoration Ceremony<\/em><br \/>\n<em>17 Bealtaine 2020 <\/em><br \/>\n<em>bhFaiche Stiabhna,<\/em><br \/>\n<em>Baile atha cliath<\/em><\/h6>\n<p style=\"color: #232323; font-family: 'Open Sans', sans-serif;\">Bh\u00ed Com\u00f3radh N\u00e1isi\u00fanta an Ghorta Mh\u00f3ir ar si\u00fal ag dealbh Edward Delaney i bhFaiche Stiabhna D\u00e9 Domhnaigh an 17 Bealtaine. An tAire Cult\u00fair, Oidhreachta agus Gaeltachta, Josepha Madigan T.D. a bh\u00ed i gceannas ar an searmanas a cuireadh ar bun de r\u00e9ir na dtreoirl\u00ednte sl\u00e1inte agus s\u00e1bh\u00e1ilteachta reatha agus d\u00e1 bhr\u00ed sin, n\u00ed raibh an pobal \u00e1balta a bheith i l\u00e1thair.<\/p>\n<p style=\"color: #232323; font-family: 'Open Sans', sans-serif;\">Mar b&#8217;amhlaidh sna blianta roimhe sin, bh\u00ed on\u00f3racha m\u00edleata agus leagan bl\u00e1thfhleasca i gcuimhne an uile dhuine a d&#8217;fhulaing n\u00f3 a sh\u00edothlaigh i rith an Ghorta Mh\u00f3ir mar chuid den searmanas. Leag an tAire Madigan bl\u00e1thfhleasc thar ceann mhuintir na h\u00c9ireann agus leag a Oiriceacht Jude Thaddeus Okolo, D\u00e9an an Ch\u00f3ir Taidhleoireachta bl\u00e1thfhleasc thar ceann an Phobail Taidhleoireachta. D\u00fairt an tAthair S\u00e9amus Madigan, Pr\u00edomhsh\u00e9ipl\u00edneach \u00d3glaigh na h\u00c9ireann paidreacha do na daoine a d&#8217;fhulaing le linn an Ghorta Mh\u00f3ir. Bh\u00ed Ard-Mh\u00e9ara Bhaile \u00c1tha Cliath, an Comhairleoir Tom Brabazon, an Ceann Foirne, an Leas-Aimir\u00e9al Mark Mellet, chomh maith le daoine as Teaghlach Delaney i l\u00e1thair freisin.<\/p>\n<p style=\"color: #232323; font-family: 'Open Sans', sans-serif;\">Nocht an tAire Madigan Plaic chun an ch\u00e9ad chom\u00f3radh bliant\u00fail ar an nGorta M\u00f3r a cheili\u00faradh a bh\u00ed ar si\u00fal i dTeach an Chustaim sa bhliain 2008, agus cuirfear an phlaic in airde i dtailte Theach an Chustaim n\u00edos d\u00e9ana\u00ed i mbliana. Chas Aimee Banks, sopr\u00e1n \u00f3g as Maigh Cuilinn, Gaillimh &#8216;Cruc\u00e1n na bP\u00e1iste&#8217; Brendan Graham agus chas P\u00edobaire de chuid an Airm an tAmhr\u00e1n N\u00e1isi\u00fanta. Rinneadh an searmanas a shruth\u00fa beo ar fud na t\u00edre agus go hidirn\u00e1isi\u00fanta ar RT\u00c9 News Now, ar <a style=\"color: #001629; transition: all 0.5s ease 0s;\" href=\"http:\/\/www.rte.ie\/\">www.rte.ie<\/a> agus ar RT\u00c9 Player.<\/p>\n<p style=\"color: #232323; font-family: 'Open Sans', sans-serif;\"><strong>Ag labhairt ar an l\u00e1<\/strong>, <strong>d\u00fairt<\/strong> an tAire <strong>Madigan<\/strong>:<\/p>\n<p style=\"color: #232323; font-family: 'Open Sans', sans-serif;\"><em>\u201cSa d\u00e1n sin dar teideal Quarantine le Eavan Boland, d\u00fais\u00edonn an file d\u00fathracht an fhir d\u00e1 bhean agus iad i ndeireadh na feide:<\/em><\/p>\n<p style=\"color: #232323; font-family: 'Open Sans', sans-serif;\"><em>\u201cShe was sick with famine fever and could not keep up. <\/em><em>He lifted her and put her on his back.\u201d<\/em><\/p>\n<p style=\"color: #232323; font-family: 'Open Sans', sans-serif;\"><em><br \/>\nRinne laochra sin aimsir an Drochshaoil a bhfuil com\u00f3radh \u00e1 dh\u00e9anamh againn orthu inniu gach d\u00edcheall freisin cuidi\u00fa leis an t\u00e9 a bh\u00ed ag titim ar gc\u00fal. Feictear an meon daonna sin aire a thabhairt do dhaoine eile agus an claonadh f\u00e9in\u00edobartha ar\u00eds inniu le d\u00edograis laochra na linne seo i mbun aire a thabhairt do dhaoine at\u00e1 buailte ag Covid-19. L\u00e9ir\u00edmid meas agus \u00f3m\u00f3s do laochra seo an lae inniu agus is m\u00f3r againn a gcuid cr\u00f3gachta. B&#8217;fh\u00e9idir gurb \u00e9 an bealach is fearr ina l\u00e9ireoimis an meas at\u00e1 againn ar laochra aimsir an Ghorta Mh\u00f3ir agus ar laochra an lae inniu clo\u00ed leis na bearta beaga laochais at\u00e1 \u00e1 n-\u00e9ileamh orainn f\u00e9in i nd\u00e1il le paind\u00e9im Covid-19 ionas go dtiocfaimid sl\u00e1n \u00f3n ng\u00e1bh seo mar a rinne \u00e1r sinsir romhainn.<br \/>\n<\/em><\/p>\n<p style=\"color: #232323; font-family: 'Open Sans', sans-serif;\"><em> <\/em><\/p>\n<p style=\"color: #232323; font-family: 'Open Sans', sans-serif;\"><em> <\/em><\/p>\n<style type=\"text\/css\">\n\t\t\t#gallery-1 {<br \/>\n\t\t\t\tmargin: auto;<br \/>\n\t\t\t}<br \/>\n\t\t\t#gallery-1 .gallery-item {<br \/>\n\t\t\t\tfloat: left;<br \/>\n\t\t\t\tmargin-top: 10px;<br \/>\n\t\t\t\ttext-align: center;<br \/>\n\t\t\t\twidth: 25%;<br \/>\n\t\t\t}<br \/>\n\t\t\t#gallery-1 img {<br \/>\n\t\t\t\tborder: 2px solid #cfcfcf;<br \/>\n\t\t\t}<br \/>\n\t\t\t#gallery-1 .gallery-caption {<br \/>\n\t\t\t\tmargin-left: 0;<br \/>\n\t\t\t}<br \/>\n\t\t\t\/* see gallery_shortcode() in wp-includes\/media.php *\/<br \/>\n\t\t<\/style>\n<dl class=\"gallery-item\">\n<dt class=\"gallery-icon landscape\"><a href=\"https:\/\/www.irishfamine.ie\/app\/uploads\/2021\/05\/1024x683_National-Famine_2020_1.jpg\" data-elementor-open-lightbox=\"yes\" data-elementor-lightbox-slideshow=\"20584d5\" data-elementor-lightbox-title=\"1024x683_National-Famine_2020_1\"><img loading=\"lazy\" decoding=\"async\" src=\"https:\/\/www.irishfamine.ie\/app\/uploads\/2021\/05\/1024x683_National-Famine_2020_1.jpg\" sizes=\"auto, (max-width: 512px) 100vw, 512px\" srcset=\"https:\/\/www.irishfamine.ie\/app\/uploads\/2021\/05\/1024x683_National-Famine_2020_1.jpg 512w, https:\/\/www.irishfamine.ie\/app\/uploads\/2021\/05\/1024x683_National-Famine_2020_1-300x200.jpg 300w\" alt=\"\" width=\"512\" height=\"342\"><\/a><\/dt>\n<\/dl>\n<dl class=\"gallery-item\">\n<dt class=\"gallery-icon landscape\"><a href=\"https:\/\/www.irishfamine.ie\/app\/uploads\/2021\/05\/1024x683_National-Famine_2020_3.jpg\" data-elementor-open-lightbox=\"yes\" data-elementor-lightbox-slideshow=\"20584d5\" data-elementor-lightbox-title=\"1024x683_National-Famine_2020_3\"><img loading=\"lazy\" decoding=\"async\" src=\"https:\/\/www.irishfamine.ie\/app\/uploads\/2021\/05\/1024x683_National-Famine_2020_3.jpg\" sizes=\"auto, (max-width: 512px) 100vw, 512px\" srcset=\"https:\/\/www.irishfamine.ie\/app\/uploads\/2021\/05\/1024x683_National-Famine_2020_3.jpg 512w, https:\/\/www.irishfamine.ie\/app\/uploads\/2021\/05\/1024x683_National-Famine_2020_3-300x200.jpg 300w\" alt=\"\" width=\"512\" height=\"342\"><\/a><\/dt>\n<\/dl>\n<dl class=\"gallery-item\">\n<dt class=\"gallery-icon landscape\"><a href=\"https:\/\/www.irishfamine.ie\/app\/uploads\/2021\/05\/1024x683National-Famine_2020_8.jpg\" data-elementor-open-lightbox=\"yes\" data-elementor-lightbox-slideshow=\"20584d5\" data-elementor-lightbox-title=\"1024x683National-Famine_2020_8\"><img loading=\"lazy\" decoding=\"async\" src=\"https:\/\/www.irishfamine.ie\/app\/uploads\/2021\/05\/1024x683National-Famine_2020_8.jpg\" sizes=\"auto, (max-width: 512px) 100vw, 512px\" srcset=\"https:\/\/www.irishfamine.ie\/app\/uploads\/2021\/05\/1024x683National-Famine_2020_8.jpg 512w, https:\/\/www.irishfamine.ie\/app\/uploads\/2021\/05\/1024x683National-Famine_2020_8-300x200.jpg 300w\" alt=\"\" width=\"512\" height=\"342\"><\/a><\/dt>\n<\/dl>\n<dl class=\"gallery-item\">\n<dt class=\"gallery-icon landscape\"><a href=\"https:\/\/www.irishfamine.ie\/app\/uploads\/2021\/05\/Photo-National-Famine-Commemoration-2020-1024x683-1.jpg\" data-elementor-open-lightbox=\"yes\" data-elementor-lightbox-slideshow=\"20584d5\" data-elementor-lightbox-title=\"Photo-National-Famine-Commemoration-2020-1024x683\"><img loading=\"lazy\" decoding=\"async\" src=\"https:\/\/www.irishfamine.ie\/app\/uploads\/2021\/05\/Photo-National-Famine-Commemoration-2020-1024x683-1.jpg\" sizes=\"auto, (max-width: 1024px) 100vw, 1024px\" srcset=\"https:\/\/www.irishfamine.ie\/app\/uploads\/2021\/05\/Photo-National-Famine-Commemoration-2020-1024x683-1.jpg 1024w, https:\/\/www.irishfamine.ie\/app\/uploads\/2021\/05\/Photo-National-Famine-Commemoration-2020-1024x683-1-300x200.jpg 300w, https:\/\/www.irishfamine.ie\/app\/uploads\/2021\/05\/Photo-National-Famine-Commemoration-2020-1024x683-1-768x512.jpg 768w\" alt=\"\" width=\"1024\" height=\"683\"><\/a><\/dt>\n<\/dl>\n<p>&nbsp;<\/p>\n<dl class=\"gallery-item\">\n<dt class=\"gallery-icon portrait\"><a href=\"https:\/\/www.irishfamine.ie\/app\/uploads\/2021\/05\/1024x683National-Famine_2020_6.jpg\" data-elementor-open-lightbox=\"yes\" data-elementor-lightbox-slideshow=\"20584d5\" data-elementor-lightbox-title=\"1024x683National-Famine_2020_6\"><img loading=\"lazy\" decoding=\"async\" src=\"https:\/\/www.irishfamine.ie\/app\/uploads\/2021\/05\/1024x683National-Famine_2020_6.jpg\" sizes=\"auto, (max-width: 401px) 100vw, 401px\" srcset=\"https:\/\/www.irishfamine.ie\/app\/uploads\/2021\/05\/1024x683National-Famine_2020_6.jpg 401w, https:\/\/www.irishfamine.ie\/app\/uploads\/2021\/05\/1024x683National-Famine_2020_6-235x300.jpg 235w\" alt=\"\" width=\"401\" height=\"512\"><\/a><\/dt>\n<\/dl>\n<dl class=\"gallery-item\">\n<dt class=\"gallery-icon portrait\"><a href=\"https:\/\/www.irishfamine.ie\/app\/uploads\/2021\/05\/1024x683National-Famine_2020_7.jpg\" data-elementor-open-lightbox=\"yes\" data-elementor-lightbox-slideshow=\"20584d5\" data-elementor-lightbox-title=\"1024x683National-Famine_2020_7\"><img loading=\"lazy\" decoding=\"async\" src=\"https:\/\/www.irishfamine.ie\/app\/uploads\/2021\/05\/1024x683National-Famine_2020_7.jpg\" sizes=\"auto, (max-width: 401px) 100vw, 401px\" srcset=\"https:\/\/www.irishfamine.ie\/app\/uploads\/2021\/05\/1024x683National-Famine_2020_7.jpg 401w, https:\/\/www.irishfamine.ie\/app\/uploads\/2021\/05\/1024x683National-Famine_2020_7-235x300.jpg 235w\" alt=\"\" width=\"401\" height=\"512\"><\/a><\/dt>\n<\/dl>\n<dl class=\"gallery-item\">\n<dt class=\"gallery-icon landscape\"><a href=\"https:\/\/www.irishfamine.ie\/app\/uploads\/2021\/05\/1024x683National-Famine_2020_2.jpg\" data-elementor-open-lightbox=\"yes\" data-elementor-lightbox-slideshow=\"20584d5\" data-elementor-lightbox-title=\"1024x683National-Famine_2020_2\"><img loading=\"lazy\" decoding=\"async\" src=\"https:\/\/www.irishfamine.ie\/app\/uploads\/2021\/05\/1024x683National-Famine_2020_2.jpg\" sizes=\"auto, (max-width: 512px) 100vw, 512px\" srcset=\"https:\/\/www.irishfamine.ie\/app\/uploads\/2021\/05\/1024x683National-Famine_2020_2.jpg 512w, https:\/\/www.irishfamine.ie\/app\/uploads\/2021\/05\/1024x683National-Famine_2020_2-300x200.jpg 300w\" alt=\"\" width=\"512\" height=\"342\"><\/a><\/dt>\n<\/dl>\n<dl class=\"gallery-item\">\n<dt class=\"gallery-icon landscape\"><a href=\"https:\/\/www.irishfamine.ie\/app\/uploads\/2021\/05\/1024x683_National-Famine_2020_4.jpg\" data-elementor-open-lightbox=\"yes\" data-elementor-lightbox-slideshow=\"20584d5\" data-elementor-lightbox-title=\"1024x683_National-Famine_2020_4\"><img loading=\"lazy\" decoding=\"async\" src=\"https:\/\/www.irishfamine.ie\/app\/uploads\/2021\/05\/1024x683_National-Famine_2020_4.jpg\" sizes=\"auto, (max-width: 512px) 100vw, 512px\" srcset=\"https:\/\/www.irishfamine.ie\/app\/uploads\/2021\/05\/1024x683_National-Famine_2020_4.jpg 512w, https:\/\/www.irishfamine.ie\/app\/uploads\/2021\/05\/1024x683_National-Famine_2020_4-300x200.jpg 300w\" alt=\"\" width=\"512\" height=\"342\"><\/a><\/dt>\n<\/dl>\n<p>&nbsp;<\/p>\n<dl class=\"gallery-item\">\n<dt class=\"gallery-icon landscape\"><a href=\"https:\/\/www.irishfamine.ie\/app\/uploads\/2021\/05\/1024x683National-Famine_2020_5.jpg\" data-elementor-open-lightbox=\"yes\" data-elementor-lightbox-slideshow=\"20584d5\" data-elementor-lightbox-title=\"1024x683National-Famine_2020_5\"><img loading=\"lazy\" decoding=\"async\" src=\"https:\/\/www.irishfamine.ie\/app\/uploads\/2021\/05\/1024x683National-Famine_2020_5.jpg\" sizes=\"auto, (max-width: 512px) 100vw, 512px\" srcset=\"https:\/\/www.irishfamine.ie\/app\/uploads\/2021\/05\/1024x683National-Famine_2020_5.jpg 512w, https:\/\/www.irishfamine.ie\/app\/uploads\/2021\/05\/1024x683National-Famine_2020_5-300x200.jpg 300w\" alt=\"\" width=\"512\" height=\"342\"><\/a><\/dt>\n<\/dl>\n<p>&nbsp;<\/p>\n","protected":false},"excerpt":{"rendered":"<p>National Famine Commemoration Ceremony 17 Bealtaine 2020 bhFaiche Stiabhna, Baile atha cliath Bh\u00ed Com\u00f3radh N\u00e1isi\u00fanta an Ghorta Mh\u00f3ir ar si\u00fal ag dealbh Edward Delaney i bhFaiche Stiabhna D\u00e9 Domhnaigh an 17 Bealtaine. An tAire Cult\u00fair, Oidhreachta agus Gaeltachta, Josepha Madigan T.D. a bh\u00ed i gceannas ar an searmanas a cuireadh ar bun de r\u00e9ir na&#8230; <\/p>\n","protected":false},"author":3,"featured_media":0,"parent":0,"menu_order":0,"comment_status":"closed","ping_status":"closed","template":"full-width.php","meta":{"footnotes":""},"class_list":["post-3399","page","type-page","status-publish","hentry"],"yoast_head":"<!-- This site is optimized with the Yoast SEO plugin v27.2 - https:\/\/yoast.com\/product\/yoast-seo-wordpress\/ -->\n<title>bhFaiche Stiabhna, Bail atha cliath 2020 - Com\u00f3radh N\u00e1isi\u00fanta an Ghorta Mh\u00f3ir<\/title>\n<meta name=\"robots\" content=\"index, follow, max-snippet:-1, max-image-preview:large, max-video-preview:-1\" \/>\n<link rel=\"canonical\" href=\"https:\/\/www.irishfamine.ie\/ga\/commemorating-the-famine-state-commemoration-commemoration-ceremony-st-stephens-green-2020\/\" \/>\n<meta property=\"og:locale\" content=\"ga_IE\" \/>\n<meta property=\"og:type\" content=\"article\" \/>\n<meta property=\"og:title\" content=\"bhFaiche Stiabhna, Bail atha cliath 2020 - Com\u00f3radh N\u00e1isi\u00fanta an Ghorta Mh\u00f3ir\" \/>\n<meta property=\"og:description\" content=\"National Famine Commemoration Ceremony 17 Bealtaine 2020 bhFaiche Stiabhna, Baile atha cliath Bh\u00ed Com\u00f3radh N\u00e1isi\u00fanta an Ghorta Mh\u00f3ir ar si\u00fal ag dealbh Edward Delaney i bhFaiche Stiabhna D\u00e9 Domhnaigh an 17 Bealtaine. An tAire Cult\u00fair, Oidhreachta agus Gaeltachta, Josepha Madigan T.D. a bh\u00ed i gceannas ar an searmanas a cuireadh ar bun de r\u00e9ir na...\" \/>\n<meta property=\"og:url\" content=\"https:\/\/www.irishfamine.ie\/ga\/commemorating-the-famine-state-commemoration-commemoration-ceremony-st-stephens-green-2020\/\" \/>\n<meta property=\"og:site_name\" content=\"Com\u00f3radh N\u00e1isi\u00fanta an Ghorta Mh\u00f3ir\" \/>\n<meta property=\"article:publisher\" content=\"https:\/\/www.facebook.com\/DepartmentofCultureIRL\/\" \/>\n<meta property=\"article:modified_time\" content=\"2024-04-08T10:37:39+00:00\" \/>\n<meta property=\"og:image\" content=\"https:\/\/www.irishfamine.ie\/app\/uploads\/2021\/05\/1024x683_National-Famine_2020_1.jpg\" \/>\n<meta name=\"twitter:card\" content=\"summary_large_image\" \/>\n<meta name=\"twitter:site\" content=\"@DeptCultureIRL\" \/>\n<meta name=\"twitter:label1\" content=\"Est. reading time\" \/>\n\t<meta name=\"twitter:data1\" content=\"3 minutes\" \/>\n<script type=\"application\/ld+json\" class=\"yoast-schema-graph\">{\"@context\":\"https:\/\/schema.org\",\"@graph\":[{\"@type\":\"WebPage\",\"@id\":\"https:\/\/www.irishfamine.ie\/ga\/commemorating-the-famine-state-commemoration-commemoration-ceremony-st-stephens-green-2020\/\",\"url\":\"https:\/\/www.irishfamine.ie\/ga\/commemorating-the-famine-state-commemoration-commemoration-ceremony-st-stephens-green-2020\/\",\"name\":\"bhFaiche Stiabhna, Bail atha cliath 2020 - Com\u00f3radh N\u00e1isi\u00fanta an Ghorta Mh\u00f3ir\",\"isPartOf\":{\"@id\":\"https:\/\/www.irishfamine.ie\/ga\/#website\"},\"primaryImageOfPage\":{\"@id\":\"https:\/\/www.irishfamine.ie\/ga\/commemorating-the-famine-state-commemoration-commemoration-ceremony-st-stephens-green-2020\/#primaryimage\"},\"image\":{\"@id\":\"https:\/\/www.irishfamine.ie\/ga\/commemorating-the-famine-state-commemoration-commemoration-ceremony-st-stephens-green-2020\/#primaryimage\"},\"thumbnailUrl\":\"https:\/\/www.irishfamine.ie\/app\/uploads\/2021\/05\/1024x683_National-Famine_2020_1.jpg\",\"datePublished\":\"2022-08-16T14:30:04+00:00\",\"dateModified\":\"2024-04-08T10:37:39+00:00\",\"breadcrumb\":{\"@id\":\"https:\/\/www.irishfamine.ie\/ga\/commemorating-the-famine-state-commemoration-commemoration-ceremony-st-stephens-green-2020\/#breadcrumb\"},\"inLanguage\":\"ga-IE\",\"potentialAction\":[{\"@type\":\"ReadAction\",\"target\":[\"https:\/\/www.irishfamine.ie\/ga\/commemorating-the-famine-state-commemoration-commemoration-ceremony-st-stephens-green-2020\/\"]}]},{\"@type\":\"ImageObject\",\"inLanguage\":\"ga-IE\",\"@id\":\"https:\/\/www.irishfamine.ie\/ga\/commemorating-the-famine-state-commemoration-commemoration-ceremony-st-stephens-green-2020\/#primaryimage\",\"url\":\"https:\/\/www.irishfamine.ie\/app\/uploads\/2021\/05\/1024x683_National-Famine_2020_1.jpg\",\"contentUrl\":\"https:\/\/www.irishfamine.ie\/app\/uploads\/2021\/05\/1024x683_National-Famine_2020_1.jpg\"},{\"@type\":\"BreadcrumbList\",\"@id\":\"https:\/\/www.irishfamine.ie\/ga\/commemorating-the-famine-state-commemoration-commemoration-ceremony-st-stephens-green-2020\/#breadcrumb\",\"itemListElement\":[{\"@type\":\"ListItem\",\"position\":1,\"name\":\"Home\",\"item\":\"https:\/\/www.irishfamine.ie\/ga\/\"},{\"@type\":\"ListItem\",\"position\":2,\"name\":\"bhFaiche Stiabhna, Bail atha cliath 2020\"}]},{\"@type\":\"WebSite\",\"@id\":\"https:\/\/www.irishfamine.ie\/ga\/#website\",\"url\":\"https:\/\/www.irishfamine.ie\/ga\/\",\"name\":\"National Famine Commemoration\",\"description\":\"\",\"publisher\":{\"@id\":\"https:\/\/www.irishfamine.ie\/ga\/#organization\"},\"potentialAction\":[{\"@type\":\"SearchAction\",\"target\":{\"@type\":\"EntryPoint\",\"urlTemplate\":\"https:\/\/www.irishfamine.ie\/ga\/?s={search_term_string}\"},\"query-input\":{\"@type\":\"PropertyValueSpecification\",\"valueRequired\":true,\"valueName\":\"search_term_string\"}}],\"inLanguage\":\"ga-IE\"},{\"@type\":\"Organization\",\"@id\":\"https:\/\/www.irishfamine.ie\/ga\/#organization\",\"name\":\"Department of Tourism, Culture, Arts, Gaeltacht, Sport & Media\",\"url\":\"https:\/\/www.irishfamine.ie\/ga\/\",\"logo\":{\"@type\":\"ImageObject\",\"inLanguage\":\"ga-IE\",\"@id\":\"https:\/\/www.irishfamine.ie\/ga\/#\/schema\/logo\/image\/\",\"url\":\"https:\/\/www.irishfamine.ie\/app\/uploads\/2021\/05\/dep-of-Tourism-Culture-Arts-Gaeltacht-sport-and-media-_logo.png\",\"contentUrl\":\"https:\/\/www.irishfamine.ie\/app\/uploads\/2021\/05\/dep-of-Tourism-Culture-Arts-Gaeltacht-sport-and-media-_logo.png\",\"width\":300,\"height\":148,\"caption\":\"Department of Tourism, Culture, Arts, Gaeltacht, Sport & Media\"},\"image\":{\"@id\":\"https:\/\/www.irishfamine.ie\/ga\/#\/schema\/logo\/image\/\"},\"sameAs\":[\"https:\/\/www.facebook.com\/DepartmentofCultureIRL\/\",\"https:\/\/x.com\/DeptCultureIRL\"]}]}<\/script>\n<!-- \/ Yoast SEO plugin. -->","yoast_head_json":{"title":"bhFaiche Stiabhna, Bail atha cliath 2020 - Com\u00f3radh N\u00e1isi\u00fanta an Ghorta Mh\u00f3ir","robots":{"index":"index","follow":"follow","max-snippet":"max-snippet:-1","max-image-preview":"max-image-preview:large","max-video-preview":"max-video-preview:-1"},"canonical":"https:\/\/www.irishfamine.ie\/ga\/commemorating-the-famine-state-commemoration-commemoration-ceremony-st-stephens-green-2020\/","og_locale":"ga_IE","og_type":"article","og_title":"bhFaiche Stiabhna, Bail atha cliath 2020 - Com\u00f3radh N\u00e1isi\u00fanta an Ghorta Mh\u00f3ir","og_description":"National Famine Commemoration Ceremony 17 Bealtaine 2020 bhFaiche Stiabhna, Baile atha cliath Bh\u00ed Com\u00f3radh N\u00e1isi\u00fanta an Ghorta Mh\u00f3ir ar si\u00fal ag dealbh Edward Delaney i bhFaiche Stiabhna D\u00e9 Domhnaigh an 17 Bealtaine. An tAire Cult\u00fair, Oidhreachta agus Gaeltachta, Josepha Madigan T.D. a bh\u00ed i gceannas ar an searmanas a cuireadh ar bun de r\u00e9ir na...","og_url":"https:\/\/www.irishfamine.ie\/ga\/commemorating-the-famine-state-commemoration-commemoration-ceremony-st-stephens-green-2020\/","og_site_name":"Com\u00f3radh N\u00e1isi\u00fanta an Ghorta Mh\u00f3ir","article_publisher":"https:\/\/www.facebook.com\/DepartmentofCultureIRL\/","article_modified_time":"2024-04-08T10:37:39+00:00","og_image":[{"url":"https:\/\/www.irishfamine.ie\/app\/uploads\/2021\/05\/1024x683_National-Famine_2020_1.jpg","type":"","width":"","height":""}],"twitter_card":"summary_large_image","twitter_site":"@DeptCultureIRL","twitter_misc":{"Est. reading time":"3 minutes"},"schema":{"@context":"https:\/\/schema.org","@graph":[{"@type":"WebPage","@id":"https:\/\/www.irishfamine.ie\/ga\/commemorating-the-famine-state-commemoration-commemoration-ceremony-st-stephens-green-2020\/","url":"https:\/\/www.irishfamine.ie\/ga\/commemorating-the-famine-state-commemoration-commemoration-ceremony-st-stephens-green-2020\/","name":"bhFaiche Stiabhna, Bail atha cliath 2020 - Com\u00f3radh N\u00e1isi\u00fanta an Ghorta Mh\u00f3ir","isPartOf":{"@id":"https:\/\/www.irishfamine.ie\/ga\/#website"},"primaryImageOfPage":{"@id":"https:\/\/www.irishfamine.ie\/ga\/commemorating-the-famine-state-commemoration-commemoration-ceremony-st-stephens-green-2020\/#primaryimage"},"image":{"@id":"https:\/\/www.irishfamine.ie\/ga\/commemorating-the-famine-state-commemoration-commemoration-ceremony-st-stephens-green-2020\/#primaryimage"},"thumbnailUrl":"https:\/\/www.irishfamine.ie\/app\/uploads\/2021\/05\/1024x683_National-Famine_2020_1.jpg","datePublished":"2022-08-16T14:30:04+00:00","dateModified":"2024-04-08T10:37:39+00:00","breadcrumb":{"@id":"https:\/\/www.irishfamine.ie\/ga\/commemorating-the-famine-state-commemoration-commemoration-ceremony-st-stephens-green-2020\/#breadcrumb"},"inLanguage":"ga-IE","potentialAction":[{"@type":"ReadAction","target":["https:\/\/www.irishfamine.ie\/ga\/commemorating-the-famine-state-commemoration-commemoration-ceremony-st-stephens-green-2020\/"]}]},{"@type":"ImageObject","inLanguage":"ga-IE","@id":"https:\/\/www.irishfamine.ie\/ga\/commemorating-the-famine-state-commemoration-commemoration-ceremony-st-stephens-green-2020\/#primaryimage","url":"https:\/\/www.irishfamine.ie\/app\/uploads\/2021\/05\/1024x683_National-Famine_2020_1.jpg","contentUrl":"https:\/\/www.irishfamine.ie\/app\/uploads\/2021\/05\/1024x683_National-Famine_2020_1.jpg"},{"@type":"BreadcrumbList","@id":"https:\/\/www.irishfamine.ie\/ga\/commemorating-the-famine-state-commemoration-commemoration-ceremony-st-stephens-green-2020\/#breadcrumb","itemListElement":[{"@type":"ListItem","position":1,"name":"Home","item":"https:\/\/www.irishfamine.ie\/ga\/"},{"@type":"ListItem","position":2,"name":"bhFaiche Stiabhna, Bail atha cliath 2020"}]},{"@type":"WebSite","@id":"https:\/\/www.irishfamine.ie\/ga\/#website","url":"https:\/\/www.irishfamine.ie\/ga\/","name":"National Famine Commemoration","description":"","publisher":{"@id":"https:\/\/www.irishfamine.ie\/ga\/#organization"},"potentialAction":[{"@type":"SearchAction","target":{"@type":"EntryPoint","urlTemplate":"https:\/\/www.irishfamine.ie\/ga\/?s={search_term_string}"},"query-input":{"@type":"PropertyValueSpecification","valueRequired":true,"valueName":"search_term_string"}}],"inLanguage":"ga-IE"},{"@type":"Organization","@id":"https:\/\/www.irishfamine.ie\/ga\/#organization","name":"Department of Tourism, Culture, Arts, Gaeltacht, Sport & Media","url":"https:\/\/www.irishfamine.ie\/ga\/","logo":{"@type":"ImageObject","inLanguage":"ga-IE","@id":"https:\/\/www.irishfamine.ie\/ga\/#\/schema\/logo\/image\/","url":"https:\/\/www.irishfamine.ie\/app\/uploads\/2021\/05\/dep-of-Tourism-Culture-Arts-Gaeltacht-sport-and-media-_logo.png","contentUrl":"https:\/\/www.irishfamine.ie\/app\/uploads\/2021\/05\/dep-of-Tourism-Culture-Arts-Gaeltacht-sport-and-media-_logo.png","width":300,"height":148,"caption":"Department of Tourism, Culture, Arts, Gaeltacht, Sport & Media"},"image":{"@id":"https:\/\/www.irishfamine.ie\/ga\/#\/schema\/logo\/image\/"},"sameAs":["https:\/\/www.facebook.com\/DepartmentofCultureIRL\/","https:\/\/x.com\/DeptCultureIRL"]}]}},"_links":{"self":[{"href":"https:\/\/www.irishfamine.ie\/ga\/wp-json\/wp\/v2\/pages\/3399","targetHints":{"allow":["GET"]}}],"collection":[{"href":"https:\/\/www.irishfamine.ie\/ga\/wp-json\/wp\/v2\/pages"}],"about":[{"href":"https:\/\/www.irishfamine.ie\/ga\/wp-json\/wp\/v2\/types\/page"}],"author":[{"embeddable":true,"href":"https:\/\/www.irishfamine.ie\/ga\/wp-json\/wp\/v2\/users\/3"}],"replies":[{"embeddable":true,"href":"https:\/\/www.irishfamine.ie\/ga\/wp-json\/wp\/v2\/comments?post=3399"}],"version-history":[{"count":1,"href":"https:\/\/www.irishfamine.ie\/ga\/wp-json\/wp\/v2\/pages\/3399\/revisions"}],"predecessor-version":[{"id":3400,"href":"https:\/\/www.irishfamine.ie\/ga\/wp-json\/wp\/v2\/pages\/3399\/revisions\/3400"}],"wp:attachment":[{"href":"https:\/\/www.irishfamine.ie\/ga\/wp-json\/wp\/v2\/media?parent=3399"}],"curies":[{"name":"wp","href":"https:\/\/api.w.org\/{rel}","templated":true}]}}