{"id":3405,"date":"2022-08-17T14:25:27","date_gmt":"2022-08-17T13:25:27","guid":{"rendered":"https:\/\/www.irishfamine.ie\/famine-warhouse-ballingarry-2017-2\/"},"modified":"2024-05-07T13:18:28","modified_gmt":"2024-05-07T12:18:28","slug":"commemorating-the-famine-state-commemoration-famine-warhouse-ballingarry-2017","status":"publish","type":"page","link":"https:\/\/www.irishfamine.ie\/ga\/commemorating-the-famine-state-commemoration-famine-warhouse-ballingarry-2017\/","title":{"rendered":"Teach Cogaidh an Ghorta Mh\u00f3ir, Baile an Gharra\u00ed 2017"},"content":{"rendered":"<h6><em>Com\u00f3radh N\u00e1isi\u00fanta an Ghorta Mh\u00f3ir<\/em><br \/>\n<em>20th aibre\u00e1n 2017<\/em><br \/>\n<em>Famine Warhouse 1848,<\/em><br \/>\n<em>mBaile an Gharra\u00ed,<\/em><br \/>\n<em>Co. Thiobraid \u00c1rann.<\/em><\/h6>\n<p>Rinne an Taoiseach Leo Varadkar T.D. c\u00faram ag Cuimhneach\u00e1n N\u00e1isi\u00fanta an Ghorta Mh\u00f3ir ag Teach Cogaidh an Ghorta Mh\u00f3ir 1848 i mBaile an Gharra\u00ed, Co. Thiobraid \u00c1rann. Ina chuideachta bh\u00ed an tAire Cult\u00fair, Oidhreachta agus Gaeltachta, Heather Humphreys T.D.<\/p>\n<p>Mar chuid de shearmanas an St\u00e1it bh\u00ed on\u00f3racha m\u00edleata agus leag Ambasad\u00f3ir\u00ed chun na h\u00c9ireann bl\u00e1thfhleasca i gcuimhne orthusan go l\u00e9ir a d&#8217;fhulaing agus a fuair b\u00e1s le linn an Ghorta Mh\u00f3ir. Ar an gcl\u00e1r pobail d\u2019imeacht na bliana seo bh\u00ed taibhithe \u00f3 Mh\u00edche\u00e1l \u00d3 S\u00failleabh\u00e1in, an Cecilian Choir \u00f3 Chlochar na nUrsalach, Durlas agus Banna Chluain Meala chomh maith le l\u00e9amha leis an bhfile Michael Coady, Carmel O&#8217;Brien agus dalta\u00ed \u00f3 Scoil Mhuire, Baile an Gharra\u00ed. Bh\u00ed saothair nua cruthaithe ag eala\u00edont\u00f3ir\u00ed \u00e1iti\u00fala lenar \u00e1ir\u00edodh Katy Goodhue agus David Quin mar chuid den chl\u00e1r imeachta\u00ed taca agus bh\u00ed na saothair sin, chomh maith le n\u00edos m\u00f3 n\u00e1 200 saothar eala\u00edne cruthaithe ag p\u00e1ist\u00ed as bunscoileanna \u00e1iti\u00fala, ar taispe\u00e1int ag an gCuimhneach\u00e1n.<\/p>\n<p>Ina \u00f3r\u00e1id, rinne an Taoiseach machnamh ar thionchar an Ghorta Mh\u00f3ir ar shocha\u00ed na h\u00c9ireann chomh maith leis an dianfheasacht ar agus teagmh\u00e1il le forbairt\u00ed i gcomhth\u00e9acs na hEorpa i gcoitinne, a spreag forbairt na feals\u00fanachta polaiti\u00fala i measc ghluaiseacht \u00c9ire \u00d3g in \u00c9irinn i l\u00e1r na 19\u00fa haoise;-<br \/>\n&#8220;T\u00e1imid cruinnithe anseo inniu leis na daoine go l\u00e9ir a fuair b\u00e1s le linn an Ghorta Mh\u00f3ir a thabhairt chun cuimhne, chomh maith leo si\u00fad a d\u2019fh\u00e9ach le freagairt don tub\u00e1iste sin tr\u00ed thodhcha\u00ed nua a chruth\u00fa le h\u00c9ir\u00ed Amach 1848. Ba thubaiste n\u00e1d\u00fartha ceann amh\u00e1in acu, tubaiste m\u00edlteata an ceann eile &#8211; ach mh\u00fanlaigh an d\u00e1 cheann acu muintir na t\u00edre seo &#8211; agus is \u00e1it chu\u00ed \u00e9 Baile an Gharra\u00ed le haitheantas a thabhairt d\u00f3ibh si\u00fad a d\u2019fhulaing agus a fuair b\u00e1s agus on\u00f3ir a thabhairt d\u00e1 n-oidhreacht. Ba oidhreacht dhearfach ar \u00e9ifeachta\u00ed an Ghorta Mh\u00f3ir an trua at\u00e1 l\u00e9irithe againn mar th\u00edr do chin\u00edocha agus n\u00e1isi\u00fain eile at\u00e1 ag fulaingt g\u00e9arch\u00e9imeanna daonn\u00fala cib\u00e9 acu mar gheall ar ghorta, tubaist\u00ed n\u00e1d\u00fartha n\u00f3 cogadh. D\u00edreach mar a tugadh c\u00fanamh agus deiseanna do mhuintir na h\u00c9ireann nuair a bh\u00ed siad de dh\u00edth orthu, saothra\u00edonn muid anois le tac\u00fa leo si\u00fad a bhfuil \u00e1r gcabhair de dh\u00edth orthusan chun \u00e9al\u00fa \u00f3n ocras.&#8221;<\/p>\n<p>Agus \u00ed ag labhairt ag an \u00f3c\u00e1id, d\u00fairt an tAire Humphreys:<br \/>\n\u201cIs ionad cu\u00ed \u00e9 baile Margaret McCormack agus a teaghlach do chom\u00f3radh na bliana seo. C\u00e9 go raibh a sc\u00e9al uath\u00fail f\u00e9in ag gach pobal i dtaca leis an nGorta M\u00f3r, fite fuaite i sc\u00e9alta na pobail go l\u00e9ir a rinne \u00f3st\u00e1il ar an gcuimhneach\u00e1n t\u00e1 an chuimhne ar an slad daonna agus socha\u00edoch a rinne an Gorta. N\u00ed hamh\u00e1in gur cailleadh daoine aonair ach scriosadh teaghlaigh, agus go deimhin, bailte ioml\u00e1na mar gheall ar an mb\u00e1s, ar an ngalar agus ar an imirce.\u201d<\/p>\n<p>Chuir an tAire f\u00e1ilte freisin roimh <em>Coming Home: Art and the Great Hunger<\/em>, a bheidh ag teacht go h\u00c9irinn ar cuairt ar an bliain seo chugainn, agus d\u00fairt s\u00ed<\/p>\n<p>\u201cT\u00e1 \u00e1thas orm a fh\u00f3gairt go mbeidh an Great Hunger Museum as Ollscoil Quinnipiac ag tabhairt taispe\u00e1ntas go Baile \u00c1tha Cliath agus an Sciobair\u00edn ar an bhliain seo chugainn dar teideal <em>Coming Home: Art and the Great Hunger.<\/em> Tabharfaidh s\u00e9 sin deis d\u00fainne in \u00c9irinn blaiseadh a fh\u00e1il go pearsanta den bhaili\u00fach\u00e1n is fearr ar domhan d\u2019eala\u00edn a bhaineann leis an nGorta M\u00f3r.\u201d<\/p>\n<p><a href=\"https:\/\/www.gov.ie\/en\/news\/dd0502-speech-by-the-taoiseach-mr-leo-varadkar-td-at-the-famine-commemorati\/\">\u00d3r\u00e1id an Taoisigh<\/a><\/p>\n<style type=\"text\/css\">\n\t\t\t#gallery-1 {<br \/>\t\t\t\tmargin: auto;<br \/>\t\t\t}<br \/>\t\t\t#gallery-1 .gallery-item {<br \/>\t\t\t\tfloat: left;<br \/>\t\t\t\tmargin-top: 10px;<br \/>\t\t\t\ttext-align: center;<br \/>\t\t\t\twidth: 25%;<br \/>\t\t\t}<br \/>\t\t\t#gallery-1 img {<br \/>\t\t\t\tborder: 2px solid #cfcfcf;<br \/>\t\t\t}<br \/>\t\t\t#gallery-1 .gallery-caption {<br \/>\t\t\t\tmargin-left: 0;<br \/>\t\t\t}<br \/>\t\t\t\/* see gallery_shortcode() in wp-includes\/media.php *\/<br \/>\t\t<\/style>\n<dl class=\"gallery-item\">\n<dt class=\"gallery-icon landscape\"><a href=\"https:\/\/www.irishfamine.ie\/app\/uploads\/2022\/08\/National-Famine-Commemoration-MX-11-1024x633-1.jpg\" data-elementor-open-lightbox=\"yes\" data-elementor-lightbox-slideshow=\"72ff426\" data-elementor-lightbox-title=\"National-Famine-Commemoration-MX-11-1024x633\"><img loading=\"lazy\" decoding=\"async\" src=\"https:\/\/www.irishfamine.ie\/app\/uploads\/2022\/08\/National-Famine-Commemoration-MX-11-1024x633-1.jpg\" sizes=\"auto, (max-width: 1024px) 100vw, 1024px\" srcset=\"https:\/\/www.irishfamine.ie\/app\/uploads\/2022\/08\/National-Famine-Commemoration-MX-11-1024x633-1.jpg 1024w, https:\/\/www.irishfamine.ie\/app\/uploads\/2022\/08\/National-Famine-Commemoration-MX-11-1024x633-1-300x185.jpg 300w, https:\/\/www.irishfamine.ie\/app\/uploads\/2022\/08\/National-Famine-Commemoration-MX-11-1024x633-1-768x475.jpg 768w\" alt=\"\" width=\"1024\" height=\"633\" \/><\/a><\/dt>\n<\/dl>\n<dl class=\"gallery-item\">\n<dt class=\"gallery-icon landscape\"><a href=\"https:\/\/www.irishfamine.ie\/app\/uploads\/2022\/08\/National-Famine-Commemoration-MX-22-1024x616-1.jpg\" data-elementor-open-lightbox=\"yes\" data-elementor-lightbox-slideshow=\"72ff426\" data-elementor-lightbox-title=\"National-Famine-Commemoration-MX-22-1024x616\"><img loading=\"lazy\" decoding=\"async\" src=\"https:\/\/www.irishfamine.ie\/app\/uploads\/2022\/08\/National-Famine-Commemoration-MX-22-1024x616-1.jpg\" sizes=\"auto, (max-width: 1024px) 100vw, 1024px\" srcset=\"https:\/\/www.irishfamine.ie\/app\/uploads\/2022\/08\/National-Famine-Commemoration-MX-22-1024x616-1.jpg 1024w, https:\/\/www.irishfamine.ie\/app\/uploads\/2022\/08\/National-Famine-Commemoration-MX-22-1024x616-1-300x180.jpg 300w, https:\/\/www.irishfamine.ie\/app\/uploads\/2022\/08\/National-Famine-Commemoration-MX-22-1024x616-1-768x462.jpg 768w, https:\/\/www.irishfamine.ie\/app\/uploads\/2022\/08\/National-Famine-Commemoration-MX-22-1024x616-1-240x145.jpg 240w\" alt=\"\" width=\"1024\" height=\"616\" \/><\/a><\/dt>\n<\/dl>\n<dl class=\"gallery-item\">\n<dt class=\"gallery-icon landscape\"><a href=\"https:\/\/www.irishfamine.ie\/app\/uploads\/2022\/08\/National-Famine-Commemoration-MX-26-1024x904-1.jpg\" data-elementor-open-lightbox=\"yes\" data-elementor-lightbox-slideshow=\"72ff426\" data-elementor-lightbox-title=\"National-Famine-Commemoration-MX-26-1024x904\"><img loading=\"lazy\" decoding=\"async\" src=\"https:\/\/www.irishfamine.ie\/app\/uploads\/2022\/08\/National-Famine-Commemoration-MX-26-1024x904-1.jpg\" sizes=\"auto, (max-width: 1024px) 100vw, 1024px\" srcset=\"https:\/\/www.irishfamine.ie\/app\/uploads\/2022\/08\/National-Famine-Commemoration-MX-26-1024x904-1.jpg 1024w, https:\/\/www.irishfamine.ie\/app\/uploads\/2022\/08\/National-Famine-Commemoration-MX-26-1024x904-1-300x265.jpg 300w, https:\/\/www.irishfamine.ie\/app\/uploads\/2022\/08\/National-Famine-Commemoration-MX-26-1024x904-1-768x678.jpg 768w\" alt=\"\" width=\"1024\" height=\"904\" \/><\/a><\/dt>\n<\/dl>\n<dl class=\"gallery-item\">\n<dt class=\"gallery-icon landscape\"><a href=\"https:\/\/www.irishfamine.ie\/app\/uploads\/2022\/08\/National-Famine-Commemoration-MX-37-1024x696-2.jpg\" data-elementor-open-lightbox=\"yes\" data-elementor-lightbox-slideshow=\"72ff426\" data-elementor-lightbox-title=\"National-Famine-Commemoration-MX-37-1024x696\"><img loading=\"lazy\" decoding=\"async\" src=\"https:\/\/www.irishfamine.ie\/app\/uploads\/2022\/08\/National-Famine-Commemoration-MX-37-1024x696-2.jpg\" sizes=\"auto, (max-width: 1024px) 100vw, 1024px\" srcset=\"https:\/\/www.irishfamine.ie\/app\/uploads\/2022\/08\/National-Famine-Commemoration-MX-37-1024x696-2.jpg 1024w, https:\/\/www.irishfamine.ie\/app\/uploads\/2022\/08\/National-Famine-Commemoration-MX-37-1024x696-2-300x204.jpg 300w, https:\/\/www.irishfamine.ie\/app\/uploads\/2022\/08\/National-Famine-Commemoration-MX-37-1024x696-2-768x522.jpg 768w\" alt=\"\" width=\"1024\" height=\"696\" \/><\/a><\/dt>\n<\/dl>\n<p>&nbsp;<\/p>\n<dl class=\"gallery-item\">\n<dt class=\"gallery-icon portrait\"><a href=\"https:\/\/www.irishfamine.ie\/app\/uploads\/2022\/08\/National-Famine-Commemoration-MX-14-683x1024-1.jpg\" data-elementor-open-lightbox=\"yes\" data-elementor-lightbox-slideshow=\"72ff426\" data-elementor-lightbox-title=\"National-Famine-Commemoration-MX-14-683x1024\"><img loading=\"lazy\" decoding=\"async\" src=\"https:\/\/www.irishfamine.ie\/app\/uploads\/2022\/08\/National-Famine-Commemoration-MX-14-683x1024-1.jpg\" sizes=\"auto, (max-width: 683px) 100vw, 683px\" srcset=\"https:\/\/www.irishfamine.ie\/app\/uploads\/2022\/08\/National-Famine-Commemoration-MX-14-683x1024-1.jpg 683w, https:\/\/www.irishfamine.ie\/app\/uploads\/2022\/08\/National-Famine-Commemoration-MX-14-683x1024-1-200x300.jpg 200w\" alt=\"\" width=\"683\" height=\"1024\" \/><\/a><\/dt>\n<\/dl>\n<p>&nbsp;<\/p>\n","protected":false},"excerpt":{"rendered":"<p>Com\u00f3radh N\u00e1isi\u00fanta an Ghorta Mh\u00f3ir 20th aibre\u00e1n 2017 Famine Warhouse 1848, mBaile an Gharra\u00ed, Co. Thiobraid \u00c1rann. Rinne an Taoiseach Leo Varadkar T.D. c\u00faram ag Cuimhneach\u00e1n N\u00e1isi\u00fanta an Ghorta Mh\u00f3ir ag Teach Cogaidh an Ghorta Mh\u00f3ir 1848 i mBaile an Gharra\u00ed, Co. Thiobraid \u00c1rann. Ina chuideachta bh\u00ed an tAire Cult\u00fair, Oidhreachta agus Gaeltachta, Heather Humphreys&#8230; <\/p>\n","protected":false},"author":3,"featured_media":0,"parent":0,"menu_order":0,"comment_status":"closed","ping_status":"closed","template":"full-width.php","meta":{"footnotes":""},"class_list":["post-3405","page","type-page","status-publish","hentry"],"yoast_head":"<!-- This site is optimized with the Yoast SEO plugin v27.2 - https:\/\/yoast.com\/product\/yoast-seo-wordpress\/ -->\n<title>Teach Cogaidh an Ghorta Mh\u00f3ir, Baile an Gharra\u00ed 2017 - Com\u00f3radh N\u00e1isi\u00fanta an Ghorta Mh\u00f3ir<\/title>\n<meta name=\"robots\" content=\"index, follow, max-snippet:-1, max-image-preview:large, max-video-preview:-1\" \/>\n<link rel=\"canonical\" href=\"https:\/\/www.irishfamine.ie\/ga\/commemorating-the-famine-state-commemoration-famine-warhouse-ballingarry-2017\/\" \/>\n<meta property=\"og:locale\" content=\"ga_IE\" \/>\n<meta property=\"og:type\" content=\"article\" \/>\n<meta property=\"og:title\" content=\"Teach Cogaidh an Ghorta Mh\u00f3ir, Baile an Gharra\u00ed 2017 - Com\u00f3radh N\u00e1isi\u00fanta an Ghorta Mh\u00f3ir\" \/>\n<meta property=\"og:description\" content=\"Com\u00f3radh N\u00e1isi\u00fanta an Ghorta Mh\u00f3ir 20th aibre\u00e1n 2017 Famine Warhouse 1848, mBaile an Gharra\u00ed, Co. Thiobraid \u00c1rann. Rinne an Taoiseach Leo Varadkar T.D. c\u00faram ag Cuimhneach\u00e1n N\u00e1isi\u00fanta an Ghorta Mh\u00f3ir ag Teach Cogaidh an Ghorta Mh\u00f3ir 1848 i mBaile an Gharra\u00ed, Co. Thiobraid \u00c1rann. Ina chuideachta bh\u00ed an tAire Cult\u00fair, Oidhreachta agus Gaeltachta, Heather Humphreys...\" \/>\n<meta property=\"og:url\" content=\"https:\/\/www.irishfamine.ie\/ga\/commemorating-the-famine-state-commemoration-famine-warhouse-ballingarry-2017\/\" \/>\n<meta property=\"og:site_name\" content=\"Com\u00f3radh N\u00e1isi\u00fanta an Ghorta Mh\u00f3ir\" \/>\n<meta property=\"article:publisher\" content=\"https:\/\/www.facebook.com\/DepartmentofCultureIRL\/\" \/>\n<meta property=\"article:modified_time\" content=\"2024-05-07T12:18:28+00:00\" \/>\n<meta property=\"og:image\" content=\"https:\/\/www.irishfamine.ie\/app\/uploads\/2022\/08\/National-Famine-Commemoration-MX-11-1024x633-1.jpg\" \/>\n<meta name=\"twitter:card\" content=\"summary_large_image\" \/>\n<meta name=\"twitter:site\" content=\"@DeptCultureIRL\" \/>\n<meta name=\"twitter:label1\" content=\"Est. reading time\" \/>\n\t<meta name=\"twitter:data1\" content=\"3 minutes\" \/>\n<script type=\"application\/ld+json\" class=\"yoast-schema-graph\">{\"@context\":\"https:\/\/schema.org\",\"@graph\":[{\"@type\":\"WebPage\",\"@id\":\"https:\/\/www.irishfamine.ie\/ga\/commemorating-the-famine-state-commemoration-famine-warhouse-ballingarry-2017\/\",\"url\":\"https:\/\/www.irishfamine.ie\/ga\/commemorating-the-famine-state-commemoration-famine-warhouse-ballingarry-2017\/\",\"name\":\"Teach Cogaidh an Ghorta Mh\u00f3ir, Baile an Gharra\u00ed 2017 - Com\u00f3radh N\u00e1isi\u00fanta an Ghorta Mh\u00f3ir\",\"isPartOf\":{\"@id\":\"https:\/\/www.irishfamine.ie\/ga\/#website\"},\"primaryImageOfPage\":{\"@id\":\"https:\/\/www.irishfamine.ie\/ga\/commemorating-the-famine-state-commemoration-famine-warhouse-ballingarry-2017\/#primaryimage\"},\"image\":{\"@id\":\"https:\/\/www.irishfamine.ie\/ga\/commemorating-the-famine-state-commemoration-famine-warhouse-ballingarry-2017\/#primaryimage\"},\"thumbnailUrl\":\"https:\/\/www.irishfamine.ie\/app\/uploads\/2022\/08\/National-Famine-Commemoration-MX-11-1024x633-1.jpg\",\"datePublished\":\"2022-08-17T13:25:27+00:00\",\"dateModified\":\"2024-05-07T12:18:28+00:00\",\"breadcrumb\":{\"@id\":\"https:\/\/www.irishfamine.ie\/ga\/commemorating-the-famine-state-commemoration-famine-warhouse-ballingarry-2017\/#breadcrumb\"},\"inLanguage\":\"ga-IE\",\"potentialAction\":[{\"@type\":\"ReadAction\",\"target\":[\"https:\/\/www.irishfamine.ie\/ga\/commemorating-the-famine-state-commemoration-famine-warhouse-ballingarry-2017\/\"]}]},{\"@type\":\"ImageObject\",\"inLanguage\":\"ga-IE\",\"@id\":\"https:\/\/www.irishfamine.ie\/ga\/commemorating-the-famine-state-commemoration-famine-warhouse-ballingarry-2017\/#primaryimage\",\"url\":\"https:\/\/www.irishfamine.ie\/app\/uploads\/2022\/08\/National-Famine-Commemoration-MX-11-1024x633-1.jpg\",\"contentUrl\":\"https:\/\/www.irishfamine.ie\/app\/uploads\/2022\/08\/National-Famine-Commemoration-MX-11-1024x633-1.jpg\"},{\"@type\":\"BreadcrumbList\",\"@id\":\"https:\/\/www.irishfamine.ie\/ga\/commemorating-the-famine-state-commemoration-famine-warhouse-ballingarry-2017\/#breadcrumb\",\"itemListElement\":[{\"@type\":\"ListItem\",\"position\":1,\"name\":\"Home\",\"item\":\"https:\/\/www.irishfamine.ie\/ga\/\"},{\"@type\":\"ListItem\",\"position\":2,\"name\":\"Teach Cogaidh an Ghorta Mh\u00f3ir, Baile an Gharra\u00ed 2017\"}]},{\"@type\":\"WebSite\",\"@id\":\"https:\/\/www.irishfamine.ie\/ga\/#website\",\"url\":\"https:\/\/www.irishfamine.ie\/ga\/\",\"name\":\"National Famine Commemoration\",\"description\":\"\",\"publisher\":{\"@id\":\"https:\/\/www.irishfamine.ie\/ga\/#organization\"},\"potentialAction\":[{\"@type\":\"SearchAction\",\"target\":{\"@type\":\"EntryPoint\",\"urlTemplate\":\"https:\/\/www.irishfamine.ie\/ga\/?s={search_term_string}\"},\"query-input\":{\"@type\":\"PropertyValueSpecification\",\"valueRequired\":true,\"valueName\":\"search_term_string\"}}],\"inLanguage\":\"ga-IE\"},{\"@type\":\"Organization\",\"@id\":\"https:\/\/www.irishfamine.ie\/ga\/#organization\",\"name\":\"Department of Tourism, Culture, Arts, Gaeltacht, Sport & Media\",\"url\":\"https:\/\/www.irishfamine.ie\/ga\/\",\"logo\":{\"@type\":\"ImageObject\",\"inLanguage\":\"ga-IE\",\"@id\":\"https:\/\/www.irishfamine.ie\/ga\/#\/schema\/logo\/image\/\",\"url\":\"https:\/\/www.irishfamine.ie\/app\/uploads\/2021\/05\/dep-of-Tourism-Culture-Arts-Gaeltacht-sport-and-media-_logo.png\",\"contentUrl\":\"https:\/\/www.irishfamine.ie\/app\/uploads\/2021\/05\/dep-of-Tourism-Culture-Arts-Gaeltacht-sport-and-media-_logo.png\",\"width\":300,\"height\":148,\"caption\":\"Department of Tourism, Culture, Arts, Gaeltacht, Sport & Media\"},\"image\":{\"@id\":\"https:\/\/www.irishfamine.ie\/ga\/#\/schema\/logo\/image\/\"},\"sameAs\":[\"https:\/\/www.facebook.com\/DepartmentofCultureIRL\/\",\"https:\/\/x.com\/DeptCultureIRL\"]}]}<\/script>\n<!-- \/ Yoast SEO plugin. -->","yoast_head_json":{"title":"Teach Cogaidh an Ghorta Mh\u00f3ir, Baile an Gharra\u00ed 2017 - Com\u00f3radh N\u00e1isi\u00fanta an Ghorta Mh\u00f3ir","robots":{"index":"index","follow":"follow","max-snippet":"max-snippet:-1","max-image-preview":"max-image-preview:large","max-video-preview":"max-video-preview:-1"},"canonical":"https:\/\/www.irishfamine.ie\/ga\/commemorating-the-famine-state-commemoration-famine-warhouse-ballingarry-2017\/","og_locale":"ga_IE","og_type":"article","og_title":"Teach Cogaidh an Ghorta Mh\u00f3ir, Baile an Gharra\u00ed 2017 - Com\u00f3radh N\u00e1isi\u00fanta an Ghorta Mh\u00f3ir","og_description":"Com\u00f3radh N\u00e1isi\u00fanta an Ghorta Mh\u00f3ir 20th aibre\u00e1n 2017 Famine Warhouse 1848, mBaile an Gharra\u00ed, Co. Thiobraid \u00c1rann. Rinne an Taoiseach Leo Varadkar T.D. c\u00faram ag Cuimhneach\u00e1n N\u00e1isi\u00fanta an Ghorta Mh\u00f3ir ag Teach Cogaidh an Ghorta Mh\u00f3ir 1848 i mBaile an Gharra\u00ed, Co. Thiobraid \u00c1rann. Ina chuideachta bh\u00ed an tAire Cult\u00fair, Oidhreachta agus Gaeltachta, Heather Humphreys...","og_url":"https:\/\/www.irishfamine.ie\/ga\/commemorating-the-famine-state-commemoration-famine-warhouse-ballingarry-2017\/","og_site_name":"Com\u00f3radh N\u00e1isi\u00fanta an Ghorta Mh\u00f3ir","article_publisher":"https:\/\/www.facebook.com\/DepartmentofCultureIRL\/","article_modified_time":"2024-05-07T12:18:28+00:00","og_image":[{"url":"https:\/\/www.irishfamine.ie\/app\/uploads\/2022\/08\/National-Famine-Commemoration-MX-11-1024x633-1.jpg","type":"","width":"","height":""}],"twitter_card":"summary_large_image","twitter_site":"@DeptCultureIRL","twitter_misc":{"Est. reading time":"3 minutes"},"schema":{"@context":"https:\/\/schema.org","@graph":[{"@type":"WebPage","@id":"https:\/\/www.irishfamine.ie\/ga\/commemorating-the-famine-state-commemoration-famine-warhouse-ballingarry-2017\/","url":"https:\/\/www.irishfamine.ie\/ga\/commemorating-the-famine-state-commemoration-famine-warhouse-ballingarry-2017\/","name":"Teach Cogaidh an Ghorta Mh\u00f3ir, Baile an Gharra\u00ed 2017 - Com\u00f3radh N\u00e1isi\u00fanta an Ghorta Mh\u00f3ir","isPartOf":{"@id":"https:\/\/www.irishfamine.ie\/ga\/#website"},"primaryImageOfPage":{"@id":"https:\/\/www.irishfamine.ie\/ga\/commemorating-the-famine-state-commemoration-famine-warhouse-ballingarry-2017\/#primaryimage"},"image":{"@id":"https:\/\/www.irishfamine.ie\/ga\/commemorating-the-famine-state-commemoration-famine-warhouse-ballingarry-2017\/#primaryimage"},"thumbnailUrl":"https:\/\/www.irishfamine.ie\/app\/uploads\/2022\/08\/National-Famine-Commemoration-MX-11-1024x633-1.jpg","datePublished":"2022-08-17T13:25:27+00:00","dateModified":"2024-05-07T12:18:28+00:00","breadcrumb":{"@id":"https:\/\/www.irishfamine.ie\/ga\/commemorating-the-famine-state-commemoration-famine-warhouse-ballingarry-2017\/#breadcrumb"},"inLanguage":"ga-IE","potentialAction":[{"@type":"ReadAction","target":["https:\/\/www.irishfamine.ie\/ga\/commemorating-the-famine-state-commemoration-famine-warhouse-ballingarry-2017\/"]}]},{"@type":"ImageObject","inLanguage":"ga-IE","@id":"https:\/\/www.irishfamine.ie\/ga\/commemorating-the-famine-state-commemoration-famine-warhouse-ballingarry-2017\/#primaryimage","url":"https:\/\/www.irishfamine.ie\/app\/uploads\/2022\/08\/National-Famine-Commemoration-MX-11-1024x633-1.jpg","contentUrl":"https:\/\/www.irishfamine.ie\/app\/uploads\/2022\/08\/National-Famine-Commemoration-MX-11-1024x633-1.jpg"},{"@type":"BreadcrumbList","@id":"https:\/\/www.irishfamine.ie\/ga\/commemorating-the-famine-state-commemoration-famine-warhouse-ballingarry-2017\/#breadcrumb","itemListElement":[{"@type":"ListItem","position":1,"name":"Home","item":"https:\/\/www.irishfamine.ie\/ga\/"},{"@type":"ListItem","position":2,"name":"Teach Cogaidh an Ghorta Mh\u00f3ir, Baile an Gharra\u00ed 2017"}]},{"@type":"WebSite","@id":"https:\/\/www.irishfamine.ie\/ga\/#website","url":"https:\/\/www.irishfamine.ie\/ga\/","name":"National Famine Commemoration","description":"","publisher":{"@id":"https:\/\/www.irishfamine.ie\/ga\/#organization"},"potentialAction":[{"@type":"SearchAction","target":{"@type":"EntryPoint","urlTemplate":"https:\/\/www.irishfamine.ie\/ga\/?s={search_term_string}"},"query-input":{"@type":"PropertyValueSpecification","valueRequired":true,"valueName":"search_term_string"}}],"inLanguage":"ga-IE"},{"@type":"Organization","@id":"https:\/\/www.irishfamine.ie\/ga\/#organization","name":"Department of Tourism, Culture, Arts, Gaeltacht, Sport & Media","url":"https:\/\/www.irishfamine.ie\/ga\/","logo":{"@type":"ImageObject","inLanguage":"ga-IE","@id":"https:\/\/www.irishfamine.ie\/ga\/#\/schema\/logo\/image\/","url":"https:\/\/www.irishfamine.ie\/app\/uploads\/2021\/05\/dep-of-Tourism-Culture-Arts-Gaeltacht-sport-and-media-_logo.png","contentUrl":"https:\/\/www.irishfamine.ie\/app\/uploads\/2021\/05\/dep-of-Tourism-Culture-Arts-Gaeltacht-sport-and-media-_logo.png","width":300,"height":148,"caption":"Department of Tourism, Culture, Arts, Gaeltacht, Sport & Media"},"image":{"@id":"https:\/\/www.irishfamine.ie\/ga\/#\/schema\/logo\/image\/"},"sameAs":["https:\/\/www.facebook.com\/DepartmentofCultureIRL\/","https:\/\/x.com\/DeptCultureIRL"]}]}},"_links":{"self":[{"href":"https:\/\/www.irishfamine.ie\/ga\/wp-json\/wp\/v2\/pages\/3405","targetHints":{"allow":["GET"]}}],"collection":[{"href":"https:\/\/www.irishfamine.ie\/ga\/wp-json\/wp\/v2\/pages"}],"about":[{"href":"https:\/\/www.irishfamine.ie\/ga\/wp-json\/wp\/v2\/types\/page"}],"author":[{"embeddable":true,"href":"https:\/\/www.irishfamine.ie\/ga\/wp-json\/wp\/v2\/users\/3"}],"replies":[{"embeddable":true,"href":"https:\/\/www.irishfamine.ie\/ga\/wp-json\/wp\/v2\/comments?post=3405"}],"version-history":[{"count":3,"href":"https:\/\/www.irishfamine.ie\/ga\/wp-json\/wp\/v2\/pages\/3405\/revisions"}],"predecessor-version":[{"id":3619,"href":"https:\/\/www.irishfamine.ie\/ga\/wp-json\/wp\/v2\/pages\/3405\/revisions\/3619"}],"wp:attachment":[{"href":"https:\/\/www.irishfamine.ie\/ga\/wp-json\/wp\/v2\/media?parent=3405"}],"curies":[{"name":"wp","href":"https:\/\/api.w.org\/{rel}","templated":true}]}}