{"id":3408,"date":"2022-08-17T15:27:51","date_gmt":"2022-08-17T14:27:51","guid":{"rendered":"https:\/\/www.irishfamine.ie\/iur-cinn-tra-tuaisceart-eireann-2015\/"},"modified":"2024-04-08T11:41:19","modified_gmt":"2024-04-08T10:41:19","slug":"commemorating-the-famine-state-commemoration-newry-northern-ireland-2015","status":"publish","type":"page","link":"https:\/\/www.irishfamine.ie\/ga\/commemorating-the-famine-state-commemoration-newry-northern-ireland-2015\/","title":{"rendered":"I\u00far Cinn Tr\u00e1, Tuaisceart \u00c9ireann 2015"},"content":{"rendered":"<h6><em>Com\u00f3radh Bliant\u00fail an Ghorta Mh\u00f3ir<br \/>6\u00fa Me\u00e1n F\u00f3mhair.<br \/>I\u00far Cinn Tr\u00e1,<br \/>Co. an D\u00fain.<\/em><\/h6>\n<p><strong>Bh\u00ed Cuimhneach\u00e1n Bliant\u00fail an Ghorta Mh\u00f3ir 2015 faoi sti\u00fair an Aire Eala\u00edon, Oidhreachta agus Gaeltachta, Heather Humphreys T.D., ar an I\u00far.<\/strong><\/p>\n<p>Tharla an pr\u00edomhshearmanas cuimhneach\u00e1in ag Duga Albert ar an I\u00far ar an Satharn, 26\u00fa Me\u00e1n F\u00f3mhair. I l\u00e1thair freisin bh\u00ed an Leas-Ch\u00e9ad-Aire Martin McGuinness MLA, an tAire Cult\u00fair, Eala\u00edon agus F\u00f3ill\u00edochta, Car\u00e1l N\u00ed Chuil\u00edn MLA, Cathaoirleach Chomhairle Ceantair an I\u00fair, Mh\u00farn agus an D\u00fain, uasail \u00f3n gcoigr\u00edoch agus Consail Oinigh Thuaisceart \u00c9ireann. Nocht an tAire Humphreys s\u00e9adchomhartha cuimhneach\u00e1in freisin ar an Domhnach, an 27\u00fa l\u00e1, ag an bPointe, Co. an D\u00fain.<\/p>\n<p> <a href=\"http:\/\/www.irishfamine.ie\/wp-content\/uploads\/2015\/09\/NMD_Council_Famine_Conference_Programme_2015.pdf\">Cl\u00e1r Com\u00f3rtha Bliant\u00fail an Ghorta Mh\u00f3ir<\/a><\/p>\n<style type=\"text\/css\">\n\t\t\t#gallery-1 {\n\t\t\t\tmargin: auto;\n\t\t\t}\n\t\t\t#gallery-1 .gallery-item {\n\t\t\t\tfloat: left;\n\t\t\t\tmargin-top: 10px;\n\t\t\t\ttext-align: center;\n\t\t\t\twidth: 25%;\n\t\t\t}\n\t\t\t#gallery-1 img {\n\t\t\t\tborder: 2px solid #cfcfcf;\n\t\t\t}\n\t\t\t#gallery-1 .gallery-caption {\n\t\t\t\tmargin-left: 0;\n\t\t\t}\n\t\t\t\/* see gallery_shortcode() in wp-includes\/media.php *\/\n\t\t<\/style>\n<dl class=\"gallery-item\">\n<dt class=\"gallery-icon portrait\">\n\t\t\t\t<a data-elementor-open-lightbox=\"yes\" data-elementor-lightbox-slideshow=\"88b0216\" data-elementor-lightbox-title=\"2015NFComm\" e-action-hash=\"#elementor-action%3Aaction%3Dlightbox%26settings%3DeyJpZCI6MjA4OCwidXJsIjoiaHR0cHM6XC9cL3Rlc3QuaXJpc2hmYW1pbmUuaWVcL2FwcFwvdXBsb2Fkc1wvMjAyMlwvMDhcLzIwMTVORkNvbW0ucG5nIiwic2xpZGVzaG93IjoiODhiMDIxNiJ9\" href=\"https:\/\/www.irishfamine.ie\/app\/uploads\/2022\/08\/2015NFComm.png\"><img decoding=\"async\" width=\"379\" height=\"436\" src=\"https:\/\/www.irishfamine.ie\/app\/uploads\/2022\/08\/2015NFComm.png\" alt=\"\" loading=\"lazy\" srcset=\"https:\/\/www.irishfamine.ie\/app\/uploads\/2022\/08\/2015NFComm.png 379w, https:\/\/www.irishfamine.ie\/app\/uploads\/2022\/08\/2015NFComm-261x300.png 261w\" sizes=\"auto, (max-width: 379px) 100vw, 379px\"><\/a>\n\t\t\t<\/dt>\n<\/dl>\n<dl class=\"gallery-item\">\n<dt class=\"gallery-icon landscape\">\n\t\t\t\t<a data-elementor-open-lightbox=\"yes\" data-elementor-lightbox-slideshow=\"88b0216\" data-elementor-lightbox-title=\"nmdfaminecrowdstage\" e-action-hash=\"#elementor-action%3Aaction%3Dlightbox%26settings%3DeyJpZCI6MjA5MSwidXJsIjoiaHR0cHM6XC9cL3Rlc3QuaXJpc2hmYW1pbmUuaWVcL2FwcFwvdXBsb2Fkc1wvMjAyMlwvMDhcL25tZGZhbWluZWNyb3dkc3RhZ2UtMS5qcGciLCJzbGlkZXNob3ciOiI4OGIwMjE2In0%3D\" href=\"https:\/\/www.irishfamine.ie\/app\/uploads\/2022\/08\/nmdfaminecrowdstage-1.jpg\"><img decoding=\"async\" width=\"1000\" height=\"667\" src=\"https:\/\/www.irishfamine.ie\/app\/uploads\/2022\/08\/nmdfaminecrowdstage-1.jpg\" alt=\"\" loading=\"lazy\" srcset=\"https:\/\/www.irishfamine.ie\/app\/uploads\/2022\/08\/nmdfaminecrowdstage-1.jpg 1000w, https:\/\/www.irishfamine.ie\/app\/uploads\/2022\/08\/nmdfaminecrowdstage-1-300x200.jpg 300w, https:\/\/www.irishfamine.ie\/app\/uploads\/2022\/08\/nmdfaminecrowdstage-1-768x512.jpg 768w\" sizes=\"auto, (max-width: 1000px) 100vw, 1000px\"><\/a>\n\t\t\t<\/dt>\n<\/dl>\n<p>\t\t\t<br style=\"clear: both\"><\/p>\n","protected":false},"excerpt":{"rendered":"<p>Com\u00f3radh Bliant\u00fail an Ghorta Mh\u00f3ir6\u00fa Me\u00e1n F\u00f3mhair.I\u00far Cinn Tr\u00e1,Co. an D\u00fain. Bh\u00ed Cuimhneach\u00e1n Bliant\u00fail an Ghorta Mh\u00f3ir 2015 faoi sti\u00fair an Aire Eala\u00edon, Oidhreachta agus Gaeltachta, Heather Humphreys T.D., ar an I\u00far. Tharla an pr\u00edomhshearmanas cuimhneach\u00e1in ag Duga Albert ar an I\u00far ar an Satharn, 26\u00fa Me\u00e1n F\u00f3mhair. I l\u00e1thair freisin bh\u00ed an Leas-Ch\u00e9ad-Aire Martin&#8230; <\/p>\n","protected":false},"author":3,"featured_media":0,"parent":0,"menu_order":0,"comment_status":"closed","ping_status":"closed","template":"full-width.php","meta":{"footnotes":""},"class_list":["post-3408","page","type-page","status-publish","hentry"],"yoast_head":"<!-- This site is optimized with the Yoast SEO plugin v27.2 - https:\/\/yoast.com\/product\/yoast-seo-wordpress\/ -->\n<title>I\u00far Cinn Tr\u00e1, Tuaisceart \u00c9ireann 2015 - Com\u00f3radh N\u00e1isi\u00fanta an Ghorta Mh\u00f3ir<\/title>\n<meta name=\"robots\" content=\"index, follow, max-snippet:-1, max-image-preview:large, max-video-preview:-1\" \/>\n<link rel=\"canonical\" href=\"https:\/\/www.irishfamine.ie\/ga\/commemorating-the-famine-state-commemoration-newry-northern-ireland-2015\/\" \/>\n<meta property=\"og:locale\" content=\"ga_IE\" \/>\n<meta property=\"og:type\" content=\"article\" \/>\n<meta property=\"og:title\" content=\"I\u00far Cinn Tr\u00e1, Tuaisceart \u00c9ireann 2015 - Com\u00f3radh N\u00e1isi\u00fanta an Ghorta Mh\u00f3ir\" \/>\n<meta property=\"og:description\" content=\"Com\u00f3radh Bliant\u00fail an Ghorta Mh\u00f3ir6\u00fa Me\u00e1n F\u00f3mhair.I\u00far Cinn Tr\u00e1,Co. an D\u00fain. Bh\u00ed Cuimhneach\u00e1n Bliant\u00fail an Ghorta Mh\u00f3ir 2015 faoi sti\u00fair an Aire Eala\u00edon, Oidhreachta agus Gaeltachta, Heather Humphreys T.D., ar an I\u00far. Tharla an pr\u00edomhshearmanas cuimhneach\u00e1in ag Duga Albert ar an I\u00far ar an Satharn, 26\u00fa Me\u00e1n F\u00f3mhair. I l\u00e1thair freisin bh\u00ed an Leas-Ch\u00e9ad-Aire Martin...\" \/>\n<meta property=\"og:url\" content=\"https:\/\/www.irishfamine.ie\/ga\/commemorating-the-famine-state-commemoration-newry-northern-ireland-2015\/\" \/>\n<meta property=\"og:site_name\" content=\"Com\u00f3radh N\u00e1isi\u00fanta an Ghorta Mh\u00f3ir\" \/>\n<meta property=\"article:publisher\" content=\"https:\/\/www.facebook.com\/DepartmentofCultureIRL\/\" \/>\n<meta property=\"article:modified_time\" content=\"2024-04-08T10:41:19+00:00\" \/>\n<meta property=\"og:image\" content=\"https:\/\/www.irishfamine.ie\/app\/uploads\/2022\/08\/2015NFComm.png\" \/>\n<meta name=\"twitter:card\" content=\"summary_large_image\" \/>\n<meta name=\"twitter:site\" content=\"@DeptCultureIRL\" \/>\n<meta name=\"twitter:label1\" content=\"Est. reading time\" \/>\n\t<meta name=\"twitter:data1\" content=\"1 minute\" \/>\n<script type=\"application\/ld+json\" class=\"yoast-schema-graph\">{\"@context\":\"https:\/\/schema.org\",\"@graph\":[{\"@type\":\"WebPage\",\"@id\":\"https:\/\/www.irishfamine.ie\/ga\/commemorating-the-famine-state-commemoration-newry-northern-ireland-2015\/\",\"url\":\"https:\/\/www.irishfamine.ie\/ga\/commemorating-the-famine-state-commemoration-newry-northern-ireland-2015\/\",\"name\":\"I\u00far Cinn Tr\u00e1, Tuaisceart \u00c9ireann 2015 - Com\u00f3radh N\u00e1isi\u00fanta an Ghorta Mh\u00f3ir\",\"isPartOf\":{\"@id\":\"https:\/\/www.irishfamine.ie\/ga\/#website\"},\"primaryImageOfPage\":{\"@id\":\"https:\/\/www.irishfamine.ie\/ga\/commemorating-the-famine-state-commemoration-newry-northern-ireland-2015\/#primaryimage\"},\"image\":{\"@id\":\"https:\/\/www.irishfamine.ie\/ga\/commemorating-the-famine-state-commemoration-newry-northern-ireland-2015\/#primaryimage\"},\"thumbnailUrl\":\"https:\/\/www.irishfamine.ie\/app\/uploads\/2022\/08\/2015NFComm.png\",\"datePublished\":\"2022-08-17T14:27:51+00:00\",\"dateModified\":\"2024-04-08T10:41:19+00:00\",\"breadcrumb\":{\"@id\":\"https:\/\/www.irishfamine.ie\/ga\/commemorating-the-famine-state-commemoration-newry-northern-ireland-2015\/#breadcrumb\"},\"inLanguage\":\"ga-IE\",\"potentialAction\":[{\"@type\":\"ReadAction\",\"target\":[\"https:\/\/www.irishfamine.ie\/ga\/commemorating-the-famine-state-commemoration-newry-northern-ireland-2015\/\"]}]},{\"@type\":\"ImageObject\",\"inLanguage\":\"ga-IE\",\"@id\":\"https:\/\/www.irishfamine.ie\/ga\/commemorating-the-famine-state-commemoration-newry-northern-ireland-2015\/#primaryimage\",\"url\":\"https:\/\/www.irishfamine.ie\/app\/uploads\/2022\/08\/2015NFComm.png\",\"contentUrl\":\"https:\/\/www.irishfamine.ie\/app\/uploads\/2022\/08\/2015NFComm.png\"},{\"@type\":\"BreadcrumbList\",\"@id\":\"https:\/\/www.irishfamine.ie\/ga\/commemorating-the-famine-state-commemoration-newry-northern-ireland-2015\/#breadcrumb\",\"itemListElement\":[{\"@type\":\"ListItem\",\"position\":1,\"name\":\"Home\",\"item\":\"https:\/\/www.irishfamine.ie\/ga\/\"},{\"@type\":\"ListItem\",\"position\":2,\"name\":\"I\u00far Cinn Tr\u00e1, Tuaisceart \u00c9ireann 2015\"}]},{\"@type\":\"WebSite\",\"@id\":\"https:\/\/www.irishfamine.ie\/ga\/#website\",\"url\":\"https:\/\/www.irishfamine.ie\/ga\/\",\"name\":\"National Famine Commemoration\",\"description\":\"\",\"publisher\":{\"@id\":\"https:\/\/www.irishfamine.ie\/ga\/#organization\"},\"potentialAction\":[{\"@type\":\"SearchAction\",\"target\":{\"@type\":\"EntryPoint\",\"urlTemplate\":\"https:\/\/www.irishfamine.ie\/ga\/?s={search_term_string}\"},\"query-input\":{\"@type\":\"PropertyValueSpecification\",\"valueRequired\":true,\"valueName\":\"search_term_string\"}}],\"inLanguage\":\"ga-IE\"},{\"@type\":\"Organization\",\"@id\":\"https:\/\/www.irishfamine.ie\/ga\/#organization\",\"name\":\"Department of Tourism, Culture, Arts, Gaeltacht, Sport & Media\",\"url\":\"https:\/\/www.irishfamine.ie\/ga\/\",\"logo\":{\"@type\":\"ImageObject\",\"inLanguage\":\"ga-IE\",\"@id\":\"https:\/\/www.irishfamine.ie\/ga\/#\/schema\/logo\/image\/\",\"url\":\"https:\/\/www.irishfamine.ie\/app\/uploads\/2021\/05\/dep-of-Tourism-Culture-Arts-Gaeltacht-sport-and-media-_logo.png\",\"contentUrl\":\"https:\/\/www.irishfamine.ie\/app\/uploads\/2021\/05\/dep-of-Tourism-Culture-Arts-Gaeltacht-sport-and-media-_logo.png\",\"width\":300,\"height\":148,\"caption\":\"Department of Tourism, Culture, Arts, Gaeltacht, Sport & Media\"},\"image\":{\"@id\":\"https:\/\/www.irishfamine.ie\/ga\/#\/schema\/logo\/image\/\"},\"sameAs\":[\"https:\/\/www.facebook.com\/DepartmentofCultureIRL\/\",\"https:\/\/x.com\/DeptCultureIRL\"]}]}<\/script>\n<!-- \/ Yoast SEO plugin. -->","yoast_head_json":{"title":"I\u00far Cinn Tr\u00e1, Tuaisceart \u00c9ireann 2015 - Com\u00f3radh N\u00e1isi\u00fanta an Ghorta Mh\u00f3ir","robots":{"index":"index","follow":"follow","max-snippet":"max-snippet:-1","max-image-preview":"max-image-preview:large","max-video-preview":"max-video-preview:-1"},"canonical":"https:\/\/www.irishfamine.ie\/ga\/commemorating-the-famine-state-commemoration-newry-northern-ireland-2015\/","og_locale":"ga_IE","og_type":"article","og_title":"I\u00far Cinn Tr\u00e1, Tuaisceart \u00c9ireann 2015 - Com\u00f3radh N\u00e1isi\u00fanta an Ghorta Mh\u00f3ir","og_description":"Com\u00f3radh Bliant\u00fail an Ghorta Mh\u00f3ir6\u00fa Me\u00e1n F\u00f3mhair.I\u00far Cinn Tr\u00e1,Co. an D\u00fain. Bh\u00ed Cuimhneach\u00e1n Bliant\u00fail an Ghorta Mh\u00f3ir 2015 faoi sti\u00fair an Aire Eala\u00edon, Oidhreachta agus Gaeltachta, Heather Humphreys T.D., ar an I\u00far. Tharla an pr\u00edomhshearmanas cuimhneach\u00e1in ag Duga Albert ar an I\u00far ar an Satharn, 26\u00fa Me\u00e1n F\u00f3mhair. I l\u00e1thair freisin bh\u00ed an Leas-Ch\u00e9ad-Aire Martin...","og_url":"https:\/\/www.irishfamine.ie\/ga\/commemorating-the-famine-state-commemoration-newry-northern-ireland-2015\/","og_site_name":"Com\u00f3radh N\u00e1isi\u00fanta an Ghorta Mh\u00f3ir","article_publisher":"https:\/\/www.facebook.com\/DepartmentofCultureIRL\/","article_modified_time":"2024-04-08T10:41:19+00:00","og_image":[{"url":"https:\/\/www.irishfamine.ie\/app\/uploads\/2022\/08\/2015NFComm.png","type":"","width":"","height":""}],"twitter_card":"summary_large_image","twitter_site":"@DeptCultureIRL","twitter_misc":{"Est. reading time":"1 minute"},"schema":{"@context":"https:\/\/schema.org","@graph":[{"@type":"WebPage","@id":"https:\/\/www.irishfamine.ie\/ga\/commemorating-the-famine-state-commemoration-newry-northern-ireland-2015\/","url":"https:\/\/www.irishfamine.ie\/ga\/commemorating-the-famine-state-commemoration-newry-northern-ireland-2015\/","name":"I\u00far Cinn Tr\u00e1, Tuaisceart \u00c9ireann 2015 - Com\u00f3radh N\u00e1isi\u00fanta an Ghorta Mh\u00f3ir","isPartOf":{"@id":"https:\/\/www.irishfamine.ie\/ga\/#website"},"primaryImageOfPage":{"@id":"https:\/\/www.irishfamine.ie\/ga\/commemorating-the-famine-state-commemoration-newry-northern-ireland-2015\/#primaryimage"},"image":{"@id":"https:\/\/www.irishfamine.ie\/ga\/commemorating-the-famine-state-commemoration-newry-northern-ireland-2015\/#primaryimage"},"thumbnailUrl":"https:\/\/www.irishfamine.ie\/app\/uploads\/2022\/08\/2015NFComm.png","datePublished":"2022-08-17T14:27:51+00:00","dateModified":"2024-04-08T10:41:19+00:00","breadcrumb":{"@id":"https:\/\/www.irishfamine.ie\/ga\/commemorating-the-famine-state-commemoration-newry-northern-ireland-2015\/#breadcrumb"},"inLanguage":"ga-IE","potentialAction":[{"@type":"ReadAction","target":["https:\/\/www.irishfamine.ie\/ga\/commemorating-the-famine-state-commemoration-newry-northern-ireland-2015\/"]}]},{"@type":"ImageObject","inLanguage":"ga-IE","@id":"https:\/\/www.irishfamine.ie\/ga\/commemorating-the-famine-state-commemoration-newry-northern-ireland-2015\/#primaryimage","url":"https:\/\/www.irishfamine.ie\/app\/uploads\/2022\/08\/2015NFComm.png","contentUrl":"https:\/\/www.irishfamine.ie\/app\/uploads\/2022\/08\/2015NFComm.png"},{"@type":"BreadcrumbList","@id":"https:\/\/www.irishfamine.ie\/ga\/commemorating-the-famine-state-commemoration-newry-northern-ireland-2015\/#breadcrumb","itemListElement":[{"@type":"ListItem","position":1,"name":"Home","item":"https:\/\/www.irishfamine.ie\/ga\/"},{"@type":"ListItem","position":2,"name":"I\u00far Cinn Tr\u00e1, Tuaisceart \u00c9ireann 2015"}]},{"@type":"WebSite","@id":"https:\/\/www.irishfamine.ie\/ga\/#website","url":"https:\/\/www.irishfamine.ie\/ga\/","name":"National Famine Commemoration","description":"","publisher":{"@id":"https:\/\/www.irishfamine.ie\/ga\/#organization"},"potentialAction":[{"@type":"SearchAction","target":{"@type":"EntryPoint","urlTemplate":"https:\/\/www.irishfamine.ie\/ga\/?s={search_term_string}"},"query-input":{"@type":"PropertyValueSpecification","valueRequired":true,"valueName":"search_term_string"}}],"inLanguage":"ga-IE"},{"@type":"Organization","@id":"https:\/\/www.irishfamine.ie\/ga\/#organization","name":"Department of Tourism, Culture, Arts, Gaeltacht, Sport & Media","url":"https:\/\/www.irishfamine.ie\/ga\/","logo":{"@type":"ImageObject","inLanguage":"ga-IE","@id":"https:\/\/www.irishfamine.ie\/ga\/#\/schema\/logo\/image\/","url":"https:\/\/www.irishfamine.ie\/app\/uploads\/2021\/05\/dep-of-Tourism-Culture-Arts-Gaeltacht-sport-and-media-_logo.png","contentUrl":"https:\/\/www.irishfamine.ie\/app\/uploads\/2021\/05\/dep-of-Tourism-Culture-Arts-Gaeltacht-sport-and-media-_logo.png","width":300,"height":148,"caption":"Department of Tourism, Culture, Arts, Gaeltacht, Sport & Media"},"image":{"@id":"https:\/\/www.irishfamine.ie\/ga\/#\/schema\/logo\/image\/"},"sameAs":["https:\/\/www.facebook.com\/DepartmentofCultureIRL\/","https:\/\/x.com\/DeptCultureIRL"]}]}},"_links":{"self":[{"href":"https:\/\/www.irishfamine.ie\/ga\/wp-json\/wp\/v2\/pages\/3408","targetHints":{"allow":["GET"]}}],"collection":[{"href":"https:\/\/www.irishfamine.ie\/ga\/wp-json\/wp\/v2\/pages"}],"about":[{"href":"https:\/\/www.irishfamine.ie\/ga\/wp-json\/wp\/v2\/types\/page"}],"author":[{"embeddable":true,"href":"https:\/\/www.irishfamine.ie\/ga\/wp-json\/wp\/v2\/users\/3"}],"replies":[{"embeddable":true,"href":"https:\/\/www.irishfamine.ie\/ga\/wp-json\/wp\/v2\/comments?post=3408"}],"version-history":[{"count":1,"href":"https:\/\/www.irishfamine.ie\/ga\/wp-json\/wp\/v2\/pages\/3408\/revisions"}],"predecessor-version":[{"id":3503,"href":"https:\/\/www.irishfamine.ie\/ga\/wp-json\/wp\/v2\/pages\/3408\/revisions\/3503"}],"wp:attachment":[{"href":"https:\/\/www.irishfamine.ie\/ga\/wp-json\/wp\/v2\/media?parent=3408"}],"curies":[{"name":"wp","href":"https:\/\/api.w.org\/{rel}","templated":true}]}}