{"id":3459,"date":"2022-08-19T16:00:01","date_gmt":"2022-08-19T15:00:01","guid":{"rendered":"https:\/\/www.irishfamine.ie\/comoradh-a-dheanamh-ar-an-ghorta-mhor\/cuimhneachain-an-ghorta-mhoir\/"},"modified":"2022-08-19T16:00:01","modified_gmt":"2022-08-19T15:00:01","slug":"cuimhneachain-an-ghorta-mhoir","status":"publish","type":"page","link":"https:\/\/www.irishfamine.ie\/ga\/comoradh-a-dheanamh-ar-an-ghorta-mhor\/cuimhneachain-an-ghorta-mhoir\/","title":{"rendered":"Cuimhneach\u00e1in an Ghorta Mh\u00f3ir"},"content":{"rendered":"<p>&nbsp;<\/p>\n<p><img loading=\"lazy\" decoding=\"async\" class=\"wp-image-3180 aligncenter\" src=\"https:\/\/www.irishfamine.ie\/app\/uploads\/2023\/08\/National-Famine-Memorial-Murrisk-300x225.jpg\" alt=\"\" width=\"680\" height=\"510\" srcset=\"https:\/\/www.irishfamine.ie\/app\/uploads\/2023\/08\/National-Famine-Memorial-Murrisk-300x225.jpg 300w, https:\/\/www.irishfamine.ie\/app\/uploads\/2023\/08\/National-Famine-Memorial-Murrisk-1024x768.jpg 1024w, https:\/\/www.irishfamine.ie\/app\/uploads\/2023\/08\/National-Famine-Memorial-Murrisk-768x576.jpg 768w, https:\/\/www.irishfamine.ie\/app\/uploads\/2023\/08\/National-Famine-Memorial-Murrisk-1536x1152.jpg 1536w, https:\/\/www.irishfamine.ie\/app\/uploads\/2023\/08\/National-Famine-Memorial-Murrisk-2048x1536.jpg 2048w\" sizes=\"auto, (max-width: 680px) 100vw, 680px\" \/><\/p>\n<p>&nbsp;<\/p>\n<p>\u00d3 th\u00e1inig deireadh leis an Ghorta Mh\u00f3r, t\u00e1 athr\u00fa suntasach tagtha ar an bhealach tr\u00edna nd\u00e9antar cuimhne, pl\u00e9 agus com\u00f3radh ar an imeacht ollmh\u00f3r seo.<\/p>\n<p>Tugann an stara\u00ed, an Dr Emily Mark-Fitzgerald, l\u00e9argas ar an stair a bhaineann leis na beala\u00ed tr\u00edna nd\u00e9antar cuimhneach\u00e1n ar an Ghorta Mh\u00f3r ag an nasc seo a leanas:<br \/>\n<a href=\"https:\/\/www.rte.ie\/history\/2022\/0421\/1293513-commemorating-the-famine\/\">https:\/\/www.rte.ie\/history\/2022\/0421\/1293513-commemorating-the-famine\/<\/a><\/p>\n<p>D\u00e9anann an Dr Mark-Fitzgerald caomhn\u00fa freisin ar chatal\u00f3g ar l\u00edne ina dtaispe\u00e1ntar sampla de thaifid fh\u00f3tagrafach a bhaineann le leachta cuimhneach\u00e1in iar-1990d\u00ed faoin Ghorta Mh\u00f3r san Astr\u00e1il, i gCeanada, in \u00c9irinn, i dTuaisceart \u00c9ireann, sa Bhreatain agus sna St\u00e1it Aontaithe, at\u00e1 ar f\u00e1il ag an nasc a leanas: <a href=\"https:\/\/irishfaminememorials.com\">https:\/\/irishfaminememorials.com\/<\/a><\/p>\n","protected":false},"excerpt":{"rendered":"<p>&nbsp; &nbsp; \u00d3 th\u00e1inig deireadh leis an Ghorta Mh\u00f3r, t\u00e1 athr\u00fa suntasach tagtha ar an bhealach tr\u00edna nd\u00e9antar cuimhne, pl\u00e9 agus com\u00f3radh ar an imeacht ollmh\u00f3r seo. Tugann an stara\u00ed, an Dr Emily Mark-Fitzgerald, l\u00e9argas ar an stair a bhaineann leis na beala\u00ed tr\u00edna nd\u00e9antar cuimhneach\u00e1n ar an Ghorta Mh\u00f3r ag an nasc seo a&#8230; <\/p>\n","protected":false},"author":3,"featured_media":0,"parent":3365,"menu_order":0,"comment_status":"closed","ping_status":"closed","template":"full-width.php","meta":{"footnotes":""},"class_list":["post-3459","page","type-page","status-publish","hentry"],"yoast_head":"<!-- This site is optimized with the Yoast SEO plugin v27.2 - https:\/\/yoast.com\/product\/yoast-seo-wordpress\/ -->\n<title>Cuimhneach\u00e1in an Ghorta Mh\u00f3ir - Com\u00f3radh N\u00e1isi\u00fanta an Ghorta Mh\u00f3ir<\/title>\n<meta name=\"robots\" content=\"index, follow, max-snippet:-1, max-image-preview:large, max-video-preview:-1\" \/>\n<link rel=\"canonical\" href=\"https:\/\/www.irishfamine.ie\/ga\/comoradh-a-dheanamh-ar-an-ghorta-mhor\/cuimhneachain-an-ghorta-mhoir\/\" \/>\n<meta property=\"og:locale\" content=\"ga_IE\" \/>\n<meta property=\"og:type\" content=\"article\" \/>\n<meta property=\"og:title\" content=\"Cuimhneach\u00e1in an Ghorta Mh\u00f3ir - Com\u00f3radh N\u00e1isi\u00fanta an Ghorta Mh\u00f3ir\" \/>\n<meta property=\"og:description\" content=\"&nbsp; &nbsp; \u00d3 th\u00e1inig deireadh leis an Ghorta Mh\u00f3r, t\u00e1 athr\u00fa suntasach tagtha ar an bhealach tr\u00edna nd\u00e9antar cuimhne, pl\u00e9 agus com\u00f3radh ar an imeacht ollmh\u00f3r seo. Tugann an stara\u00ed, an Dr Emily Mark-Fitzgerald, l\u00e9argas ar an stair a bhaineann leis na beala\u00ed tr\u00edna nd\u00e9antar cuimhneach\u00e1n ar an Ghorta Mh\u00f3r ag an nasc seo a...\" \/>\n<meta property=\"og:url\" content=\"https:\/\/www.irishfamine.ie\/ga\/comoradh-a-dheanamh-ar-an-ghorta-mhor\/cuimhneachain-an-ghorta-mhoir\/\" \/>\n<meta property=\"og:site_name\" content=\"Com\u00f3radh N\u00e1isi\u00fanta an Ghorta Mh\u00f3ir\" \/>\n<meta property=\"article:publisher\" content=\"https:\/\/www.facebook.com\/DepartmentofCultureIRL\/\" \/>\n<meta property=\"og:image\" content=\"https:\/\/www.irishfamine.ie\/app\/uploads\/2023\/08\/National-Famine-Memorial-Murrisk-300x225.jpg\" \/>\n<meta name=\"twitter:card\" content=\"summary_large_image\" \/>\n<meta name=\"twitter:site\" content=\"@DeptCultureIRL\" \/>\n<meta name=\"twitter:label1\" content=\"Est. reading time\" \/>\n\t<meta name=\"twitter:data1\" content=\"1 minute\" \/>\n<script type=\"application\/ld+json\" class=\"yoast-schema-graph\">{\"@context\":\"https:\/\/schema.org\",\"@graph\":[{\"@type\":\"WebPage\",\"@id\":\"https:\/\/www.irishfamine.ie\/ga\/comoradh-a-dheanamh-ar-an-ghorta-mhor\/cuimhneachain-an-ghorta-mhoir\/\",\"url\":\"https:\/\/www.irishfamine.ie\/ga\/comoradh-a-dheanamh-ar-an-ghorta-mhor\/cuimhneachain-an-ghorta-mhoir\/\",\"name\":\"Cuimhneach\u00e1in an Ghorta Mh\u00f3ir - Com\u00f3radh N\u00e1isi\u00fanta an Ghorta Mh\u00f3ir\",\"isPartOf\":{\"@id\":\"https:\/\/www.irishfamine.ie\/ga\/#website\"},\"primaryImageOfPage\":{\"@id\":\"https:\/\/www.irishfamine.ie\/ga\/comoradh-a-dheanamh-ar-an-ghorta-mhor\/cuimhneachain-an-ghorta-mhoir\/#primaryimage\"},\"image\":{\"@id\":\"https:\/\/www.irishfamine.ie\/ga\/comoradh-a-dheanamh-ar-an-ghorta-mhor\/cuimhneachain-an-ghorta-mhoir\/#primaryimage\"},\"thumbnailUrl\":\"https:\/\/www.irishfamine.ie\/app\/uploads\/2023\/08\/National-Famine-Memorial-Murrisk-300x225.jpg\",\"datePublished\":\"2022-08-19T15:00:01+00:00\",\"breadcrumb\":{\"@id\":\"https:\/\/www.irishfamine.ie\/ga\/comoradh-a-dheanamh-ar-an-ghorta-mhor\/cuimhneachain-an-ghorta-mhoir\/#breadcrumb\"},\"inLanguage\":\"ga-IE\",\"potentialAction\":[{\"@type\":\"ReadAction\",\"target\":[\"https:\/\/www.irishfamine.ie\/ga\/comoradh-a-dheanamh-ar-an-ghorta-mhor\/cuimhneachain-an-ghorta-mhoir\/\"]}]},{\"@type\":\"ImageObject\",\"inLanguage\":\"ga-IE\",\"@id\":\"https:\/\/www.irishfamine.ie\/ga\/comoradh-a-dheanamh-ar-an-ghorta-mhor\/cuimhneachain-an-ghorta-mhoir\/#primaryimage\",\"url\":\"https:\/\/www.irishfamine.ie\/app\/uploads\/2023\/08\/National-Famine-Memorial-Murrisk-300x225.jpg\",\"contentUrl\":\"https:\/\/www.irishfamine.ie\/app\/uploads\/2023\/08\/National-Famine-Memorial-Murrisk-300x225.jpg\"},{\"@type\":\"BreadcrumbList\",\"@id\":\"https:\/\/www.irishfamine.ie\/ga\/comoradh-a-dheanamh-ar-an-ghorta-mhor\/cuimhneachain-an-ghorta-mhoir\/#breadcrumb\",\"itemListElement\":[{\"@type\":\"ListItem\",\"position\":1,\"name\":\"Home\",\"item\":\"https:\/\/www.irishfamine.ie\/ga\/\"},{\"@type\":\"ListItem\",\"position\":2,\"name\":\"Com\u00f3radh a Dh\u00e9anamh ar an Ghorta Mh\u00f3r\",\"item\":\"https:\/\/www.irishfamine.ie\/ga\/comoradh-a-dheanamh-ar-an-ghorta-mhor\/\"},{\"@type\":\"ListItem\",\"position\":3,\"name\":\"Cuimhneach\u00e1in an Ghorta Mh\u00f3ir\"}]},{\"@type\":\"WebSite\",\"@id\":\"https:\/\/www.irishfamine.ie\/ga\/#website\",\"url\":\"https:\/\/www.irishfamine.ie\/ga\/\",\"name\":\"National Famine Commemoration\",\"description\":\"\",\"publisher\":{\"@id\":\"https:\/\/www.irishfamine.ie\/ga\/#organization\"},\"potentialAction\":[{\"@type\":\"SearchAction\",\"target\":{\"@type\":\"EntryPoint\",\"urlTemplate\":\"https:\/\/www.irishfamine.ie\/ga\/?s={search_term_string}\"},\"query-input\":{\"@type\":\"PropertyValueSpecification\",\"valueRequired\":true,\"valueName\":\"search_term_string\"}}],\"inLanguage\":\"ga-IE\"},{\"@type\":\"Organization\",\"@id\":\"https:\/\/www.irishfamine.ie\/ga\/#organization\",\"name\":\"Department of Tourism, Culture, Arts, Gaeltacht, Sport & Media\",\"url\":\"https:\/\/www.irishfamine.ie\/ga\/\",\"logo\":{\"@type\":\"ImageObject\",\"inLanguage\":\"ga-IE\",\"@id\":\"https:\/\/www.irishfamine.ie\/ga\/#\/schema\/logo\/image\/\",\"url\":\"https:\/\/www.irishfamine.ie\/app\/uploads\/2021\/05\/dep-of-Tourism-Culture-Arts-Gaeltacht-sport-and-media-_logo.png\",\"contentUrl\":\"https:\/\/www.irishfamine.ie\/app\/uploads\/2021\/05\/dep-of-Tourism-Culture-Arts-Gaeltacht-sport-and-media-_logo.png\",\"width\":300,\"height\":148,\"caption\":\"Department of Tourism, Culture, Arts, Gaeltacht, Sport & Media\"},\"image\":{\"@id\":\"https:\/\/www.irishfamine.ie\/ga\/#\/schema\/logo\/image\/\"},\"sameAs\":[\"https:\/\/www.facebook.com\/DepartmentofCultureIRL\/\",\"https:\/\/x.com\/DeptCultureIRL\"]}]}<\/script>\n<!-- \/ Yoast SEO plugin. -->","yoast_head_json":{"title":"Cuimhneach\u00e1in an Ghorta Mh\u00f3ir - Com\u00f3radh N\u00e1isi\u00fanta an Ghorta Mh\u00f3ir","robots":{"index":"index","follow":"follow","max-snippet":"max-snippet:-1","max-image-preview":"max-image-preview:large","max-video-preview":"max-video-preview:-1"},"canonical":"https:\/\/www.irishfamine.ie\/ga\/comoradh-a-dheanamh-ar-an-ghorta-mhor\/cuimhneachain-an-ghorta-mhoir\/","og_locale":"ga_IE","og_type":"article","og_title":"Cuimhneach\u00e1in an Ghorta Mh\u00f3ir - Com\u00f3radh N\u00e1isi\u00fanta an Ghorta Mh\u00f3ir","og_description":"&nbsp; &nbsp; \u00d3 th\u00e1inig deireadh leis an Ghorta Mh\u00f3r, t\u00e1 athr\u00fa suntasach tagtha ar an bhealach tr\u00edna nd\u00e9antar cuimhne, pl\u00e9 agus com\u00f3radh ar an imeacht ollmh\u00f3r seo. Tugann an stara\u00ed, an Dr Emily Mark-Fitzgerald, l\u00e9argas ar an stair a bhaineann leis na beala\u00ed tr\u00edna nd\u00e9antar cuimhneach\u00e1n ar an Ghorta Mh\u00f3r ag an nasc seo a...","og_url":"https:\/\/www.irishfamine.ie\/ga\/comoradh-a-dheanamh-ar-an-ghorta-mhor\/cuimhneachain-an-ghorta-mhoir\/","og_site_name":"Com\u00f3radh N\u00e1isi\u00fanta an Ghorta Mh\u00f3ir","article_publisher":"https:\/\/www.facebook.com\/DepartmentofCultureIRL\/","og_image":[{"url":"https:\/\/www.irishfamine.ie\/app\/uploads\/2023\/08\/National-Famine-Memorial-Murrisk-300x225.jpg","type":"","width":"","height":""}],"twitter_card":"summary_large_image","twitter_site":"@DeptCultureIRL","twitter_misc":{"Est. reading time":"1 minute"},"schema":{"@context":"https:\/\/schema.org","@graph":[{"@type":"WebPage","@id":"https:\/\/www.irishfamine.ie\/ga\/comoradh-a-dheanamh-ar-an-ghorta-mhor\/cuimhneachain-an-ghorta-mhoir\/","url":"https:\/\/www.irishfamine.ie\/ga\/comoradh-a-dheanamh-ar-an-ghorta-mhor\/cuimhneachain-an-ghorta-mhoir\/","name":"Cuimhneach\u00e1in an Ghorta Mh\u00f3ir - Com\u00f3radh N\u00e1isi\u00fanta an Ghorta Mh\u00f3ir","isPartOf":{"@id":"https:\/\/www.irishfamine.ie\/ga\/#website"},"primaryImageOfPage":{"@id":"https:\/\/www.irishfamine.ie\/ga\/comoradh-a-dheanamh-ar-an-ghorta-mhor\/cuimhneachain-an-ghorta-mhoir\/#primaryimage"},"image":{"@id":"https:\/\/www.irishfamine.ie\/ga\/comoradh-a-dheanamh-ar-an-ghorta-mhor\/cuimhneachain-an-ghorta-mhoir\/#primaryimage"},"thumbnailUrl":"https:\/\/www.irishfamine.ie\/app\/uploads\/2023\/08\/National-Famine-Memorial-Murrisk-300x225.jpg","datePublished":"2022-08-19T15:00:01+00:00","breadcrumb":{"@id":"https:\/\/www.irishfamine.ie\/ga\/comoradh-a-dheanamh-ar-an-ghorta-mhor\/cuimhneachain-an-ghorta-mhoir\/#breadcrumb"},"inLanguage":"ga-IE","potentialAction":[{"@type":"ReadAction","target":["https:\/\/www.irishfamine.ie\/ga\/comoradh-a-dheanamh-ar-an-ghorta-mhor\/cuimhneachain-an-ghorta-mhoir\/"]}]},{"@type":"ImageObject","inLanguage":"ga-IE","@id":"https:\/\/www.irishfamine.ie\/ga\/comoradh-a-dheanamh-ar-an-ghorta-mhor\/cuimhneachain-an-ghorta-mhoir\/#primaryimage","url":"https:\/\/www.irishfamine.ie\/app\/uploads\/2023\/08\/National-Famine-Memorial-Murrisk-300x225.jpg","contentUrl":"https:\/\/www.irishfamine.ie\/app\/uploads\/2023\/08\/National-Famine-Memorial-Murrisk-300x225.jpg"},{"@type":"BreadcrumbList","@id":"https:\/\/www.irishfamine.ie\/ga\/comoradh-a-dheanamh-ar-an-ghorta-mhor\/cuimhneachain-an-ghorta-mhoir\/#breadcrumb","itemListElement":[{"@type":"ListItem","position":1,"name":"Home","item":"https:\/\/www.irishfamine.ie\/ga\/"},{"@type":"ListItem","position":2,"name":"Com\u00f3radh a Dh\u00e9anamh ar an Ghorta Mh\u00f3r","item":"https:\/\/www.irishfamine.ie\/ga\/comoradh-a-dheanamh-ar-an-ghorta-mhor\/"},{"@type":"ListItem","position":3,"name":"Cuimhneach\u00e1in an Ghorta Mh\u00f3ir"}]},{"@type":"WebSite","@id":"https:\/\/www.irishfamine.ie\/ga\/#website","url":"https:\/\/www.irishfamine.ie\/ga\/","name":"National Famine Commemoration","description":"","publisher":{"@id":"https:\/\/www.irishfamine.ie\/ga\/#organization"},"potentialAction":[{"@type":"SearchAction","target":{"@type":"EntryPoint","urlTemplate":"https:\/\/www.irishfamine.ie\/ga\/?s={search_term_string}"},"query-input":{"@type":"PropertyValueSpecification","valueRequired":true,"valueName":"search_term_string"}}],"inLanguage":"ga-IE"},{"@type":"Organization","@id":"https:\/\/www.irishfamine.ie\/ga\/#organization","name":"Department of Tourism, Culture, Arts, Gaeltacht, Sport & Media","url":"https:\/\/www.irishfamine.ie\/ga\/","logo":{"@type":"ImageObject","inLanguage":"ga-IE","@id":"https:\/\/www.irishfamine.ie\/ga\/#\/schema\/logo\/image\/","url":"https:\/\/www.irishfamine.ie\/app\/uploads\/2021\/05\/dep-of-Tourism-Culture-Arts-Gaeltacht-sport-and-media-_logo.png","contentUrl":"https:\/\/www.irishfamine.ie\/app\/uploads\/2021\/05\/dep-of-Tourism-Culture-Arts-Gaeltacht-sport-and-media-_logo.png","width":300,"height":148,"caption":"Department of Tourism, Culture, Arts, Gaeltacht, Sport & Media"},"image":{"@id":"https:\/\/www.irishfamine.ie\/ga\/#\/schema\/logo\/image\/"},"sameAs":["https:\/\/www.facebook.com\/DepartmentofCultureIRL\/","https:\/\/x.com\/DeptCultureIRL"]}]}},"_links":{"self":[{"href":"https:\/\/www.irishfamine.ie\/ga\/wp-json\/wp\/v2\/pages\/3459","targetHints":{"allow":["GET"]}}],"collection":[{"href":"https:\/\/www.irishfamine.ie\/ga\/wp-json\/wp\/v2\/pages"}],"about":[{"href":"https:\/\/www.irishfamine.ie\/ga\/wp-json\/wp\/v2\/types\/page"}],"author":[{"embeddable":true,"href":"https:\/\/www.irishfamine.ie\/ga\/wp-json\/wp\/v2\/users\/3"}],"replies":[{"embeddable":true,"href":"https:\/\/www.irishfamine.ie\/ga\/wp-json\/wp\/v2\/comments?post=3459"}],"version-history":[{"count":0,"href":"https:\/\/www.irishfamine.ie\/ga\/wp-json\/wp\/v2\/pages\/3459\/revisions"}],"up":[{"embeddable":true,"href":"https:\/\/www.irishfamine.ie\/ga\/wp-json\/wp\/v2\/pages\/3365"}],"wp:attachment":[{"href":"https:\/\/www.irishfamine.ie\/ga\/wp-json\/wp\/v2\/media?parent=3459"}],"curies":[{"name":"wp","href":"https:\/\/api.w.org\/{rel}","templated":true}]}}