{"id":3462,"date":"2022-07-14T15:40:10","date_gmt":"2022-07-14T14:40:10","guid":{"rendered":"https:\/\/www.irishfamine.ie\/comoradh-a-dheanamh-ar-an-ghorta-mhor\/tionscadal-laochra-an-ghorta-mhoir\/"},"modified":"2024-04-05T11:55:06","modified_gmt":"2024-04-05T10:55:06","slug":"tionscadal-laochra-an-ghorta-mhoir","status":"publish","type":"page","link":"https:\/\/www.irishfamine.ie\/ga\/comoradh-a-dheanamh-ar-an-ghorta-mhor\/tionscadal-laochra-an-ghorta-mhoir\/","title":{"rendered":"Tionscadal Laochra an Ghorta Mh\u00f3ir"},"content":{"rendered":"<p>In 2014, sheol an tAire Deenihan an su\u00edomh gr\u00e9as\u00e1in www.irishfamine.ie mar acmhainn d\u00f3ibh si\u00fad a bhfuil sp\u00e9is acu i gcom\u00f3radh a dh\u00e9anamh ar an Ghorta Mh\u00f3ir chomh maith le tionscadal \u2018Laochra an Ghorta Mh\u00f3ir\u2019.<\/p>\n<p>T\u00e1 s\u00e9 mar aidhm ag an tionscadal seo dearcadh nua ar an Ghorta Mh\u00f3r a thabhairt do dhaoine i ngach aoisghr\u00fapa agus suim a spreagadh iontu si\u00fad nach raibh aon bhaint acu le cl\u00e1r Chom\u00f3radh N\u00e1isi\u00fanta an Ghorta Mh\u00f3ir. T\u00e1 s\u00e9 i gceist go mbeidh s\u00e9 mar acmhainn eolais luachmhar amach anseo do dhaoine f\u00e1sta agus daoine \u00f3ga araon agus go spreagfaidh s\u00e9 iad chun tuilleadh a fhoghlaim faoin tr\u00e9imhse thrag\u00f3ideach seo in\u00e1r stair. T\u00e1 s\u00e9 mar aidhm aige muid uilig a spreagadh chun a bheith n\u00edos airdealla\u00ed faoin ocras agus faoi ghalair i saol an lae inniu agus ionbh\u00e1 agus flaithi\u00falacht a l\u00e9iri\u00fa d\u00f3ibh si\u00fad nach bhfuil chomh maith as is at\u00e1 muid f\u00e9in.<\/p>\n<p>Is f\u00e9idir le baill den phobal sc\u00e9alta gearra agus aon bhunacmhainn\u00ed n\u00f3 l\u00e9ar\u00e1id\u00ed a chur isteach chuig <a href=\"mailto:faminecommemoration@tcagsm.gov.ie\">faminecommemoration@tcagsm.gov.ie<\/a>. D\u00e9anfar athbhreithni\u00fa ar gach aighneacht sula n-uasl\u00f3d\u00e1lfar iad chuig an su\u00edomh gr\u00e9as\u00e1in. T\u00e1 \u00fadar\u00e1s ioml\u00e1n ag an NFCC \u00e1bhar a uasl\u00f3d\u00e1il n\u00f3 a bhaint d\u00e1 rogha f\u00e9in. Is mar acmhainn faisn\u00e9ise amh\u00e1in at\u00e1 an t-\u00e1bhar ceaptha agus chun pl\u00e9 agus d\u00edosp\u00f3ireacht a spreagadh agus n\u00ed g\u00e1 gurb ionann \u00e9 agus tuairim\u00ed Choiste Cuimhneach\u00e1in an Ghorta Mh\u00f3ir n\u00f3 an Roinn Turas\u00f3ireachta, Cult\u00fair, Eala\u00edon, Gaeltachta, Sp\u00f3irt agus Me\u00e1n.<\/p>\n<p>I measc na nithe a chuir go suntasach le hiarrachta\u00ed f\u00f3irithinte bh\u00ed:<\/p>\n<ul>\n<li>Ar an 23 M\u00e1rta 1847 bhailigh Indiaigh n\u00e1isi\u00fan Choctaw $170 mar fh\u00f3irithint ar an nGorta M\u00f3r. Bh\u00ed s\u00e9 seo tochtmhar go h\u00e1irithe i bhfianaise a staire f\u00e9in de sh\u00edorbhochtaineacht, ocras agus b\u00e1s.<\/li>\n<li>Chuir Abdul Mejid Khan, Sultan Impireacht an Otam\u00e1in, f\u00f3irithint ar an nGorta M\u00f3r ar f\u00e1il do na h\u00c9ireannaigh, ag bronnadh m\u00edle punt agus ag seoladh tr\u00ed long le sol\u00e1thairt\u00ed bia go Droichead \u00c1tha.<\/li>\n<li>Bhailigh an pobal Gi\u00fadach i Nua-Eabhrac na c\u00e9adta dollar mar fh\u00f3irithint ar an nGorta M\u00f3r in \u00c9irinn.<\/li>\n<li>In Philadelphia, cheap Meirice\u00e1naigh Afracacha a raibh c\u00f3na\u00ed orthu sna Saoirs\u00ed Thuaidh agus Kensington coiste chun s\u00ednti\u00fais a lorg le haghaidh f\u00f3irithinte ar an nGorta a cuireadh ar aghaidh chuig an bhfeachtas\u00f3ir frith-scl\u00e1bha\u00edochta Frederick Douglass le d\u00e1ileadh nuair a th\u00e1inig s\u00e9 go h\u00c9irinn.<\/li>\n<li>Sa bhliain 1847, th\u00e1inig Sir Paul Edmund Strzelecki, taisc\u00e9ala\u00ed Polannach, geola\u00ed agus daonchara go h\u00c9irinn mar oibr\u00ed deonach ag am a raibh na milli\u00fain ag f\u00e1il bh\u00e1is den ocras agus den ghalar agus chuidigh s\u00e9 le go leor leana\u00ed \u00e9al\u00fa \u00f3n nGorta.<\/li>\n<\/ul>\n<p>&nbsp;<\/p>\n<ul class=\"pdfbulletlist\">\n<li><a href=\"https:\/\/www.irishfamine.ie\/app\/uploads\/2024\/03\/Laochra-1-Is-grupa-Criostaithe-ata-i-gCuallacht-na-gCarad-nominated-by-Minister-Jimmy-Deenihan.pdf\" target=\"_blank\" rel=\"noopener\"> Laochra 1: Is gr\u00fapa Cr\u00edostaithe at\u00e1 i gCuallacht na gCarad, a d&#8217;ainmnigh an tAire Jimmy Deenihan<\/a><\/li>\n<\/ul>\n","protected":false},"excerpt":{"rendered":"<p>In 2014, sheol an tAire Deenihan an su\u00edomh gr\u00e9as\u00e1in www.irishfamine.ie mar acmhainn d\u00f3ibh si\u00fad a bhfuil sp\u00e9is acu i gcom\u00f3radh a dh\u00e9anamh ar an Ghorta Mh\u00f3ir chomh maith le tionscadal \u2018Laochra an Ghorta Mh\u00f3ir\u2019. T\u00e1 s\u00e9 mar aidhm ag an tionscadal seo dearcadh nua ar an Ghorta Mh\u00f3r a thabhairt do dhaoine i ngach aoisghr\u00fapa&#8230; <\/p>\n","protected":false},"author":3,"featured_media":0,"parent":3365,"menu_order":0,"comment_status":"closed","ping_status":"closed","template":"full-width.php","meta":{"footnotes":""},"class_list":["post-3462","page","type-page","status-publish","hentry"],"yoast_head":"<!-- This site is optimized with the Yoast SEO plugin v27.2 - https:\/\/yoast.com\/product\/yoast-seo-wordpress\/ -->\n<title>Tionscadal Laochra an Ghorta Mh\u00f3ir - Com\u00f3radh N\u00e1isi\u00fanta an Ghorta Mh\u00f3ir<\/title>\n<meta name=\"robots\" content=\"index, follow, max-snippet:-1, max-image-preview:large, max-video-preview:-1\" \/>\n<link rel=\"canonical\" href=\"https:\/\/www.irishfamine.ie\/ga\/comoradh-a-dheanamh-ar-an-ghorta-mhor\/tionscadal-laochra-an-ghorta-mhoir\/\" \/>\n<meta property=\"og:locale\" content=\"ga_IE\" \/>\n<meta property=\"og:type\" content=\"article\" \/>\n<meta property=\"og:title\" content=\"Tionscadal Laochra an Ghorta Mh\u00f3ir - Com\u00f3radh N\u00e1isi\u00fanta an Ghorta Mh\u00f3ir\" \/>\n<meta property=\"og:description\" content=\"In 2014, sheol an tAire Deenihan an su\u00edomh gr\u00e9as\u00e1in www.irishfamine.ie mar acmhainn d\u00f3ibh si\u00fad a bhfuil sp\u00e9is acu i gcom\u00f3radh a dh\u00e9anamh ar an Ghorta Mh\u00f3ir chomh maith le tionscadal \u2018Laochra an Ghorta Mh\u00f3ir\u2019. T\u00e1 s\u00e9 mar aidhm ag an tionscadal seo dearcadh nua ar an Ghorta Mh\u00f3r a thabhairt do dhaoine i ngach aoisghr\u00fapa...\" \/>\n<meta property=\"og:url\" content=\"https:\/\/www.irishfamine.ie\/ga\/comoradh-a-dheanamh-ar-an-ghorta-mhor\/tionscadal-laochra-an-ghorta-mhoir\/\" \/>\n<meta property=\"og:site_name\" content=\"Com\u00f3radh N\u00e1isi\u00fanta an Ghorta Mh\u00f3ir\" \/>\n<meta property=\"article:publisher\" content=\"https:\/\/www.facebook.com\/DepartmentofCultureIRL\/\" \/>\n<meta property=\"article:modified_time\" content=\"2024-04-05T10:55:06+00:00\" \/>\n<meta name=\"twitter:card\" content=\"summary_large_image\" \/>\n<meta name=\"twitter:site\" content=\"@DeptCultureIRL\" \/>\n<meta name=\"twitter:label1\" content=\"Est. reading time\" \/>\n\t<meta name=\"twitter:data1\" content=\"3 minutes\" \/>\n<script type=\"application\/ld+json\" class=\"yoast-schema-graph\">{\"@context\":\"https:\/\/schema.org\",\"@graph\":[{\"@type\":\"WebPage\",\"@id\":\"https:\/\/www.irishfamine.ie\/ga\/comoradh-a-dheanamh-ar-an-ghorta-mhor\/tionscadal-laochra-an-ghorta-mhoir\/\",\"url\":\"https:\/\/www.irishfamine.ie\/ga\/comoradh-a-dheanamh-ar-an-ghorta-mhor\/tionscadal-laochra-an-ghorta-mhoir\/\",\"name\":\"Tionscadal Laochra an Ghorta Mh\u00f3ir - Com\u00f3radh N\u00e1isi\u00fanta an Ghorta Mh\u00f3ir\",\"isPartOf\":{\"@id\":\"https:\/\/www.irishfamine.ie\/ga\/#website\"},\"datePublished\":\"2022-07-14T14:40:10+00:00\",\"dateModified\":\"2024-04-05T10:55:06+00:00\",\"breadcrumb\":{\"@id\":\"https:\/\/www.irishfamine.ie\/ga\/comoradh-a-dheanamh-ar-an-ghorta-mhor\/tionscadal-laochra-an-ghorta-mhoir\/#breadcrumb\"},\"inLanguage\":\"ga-IE\",\"potentialAction\":[{\"@type\":\"ReadAction\",\"target\":[\"https:\/\/www.irishfamine.ie\/ga\/comoradh-a-dheanamh-ar-an-ghorta-mhor\/tionscadal-laochra-an-ghorta-mhoir\/\"]}]},{\"@type\":\"BreadcrumbList\",\"@id\":\"https:\/\/www.irishfamine.ie\/ga\/comoradh-a-dheanamh-ar-an-ghorta-mhor\/tionscadal-laochra-an-ghorta-mhoir\/#breadcrumb\",\"itemListElement\":[{\"@type\":\"ListItem\",\"position\":1,\"name\":\"Home\",\"item\":\"https:\/\/www.irishfamine.ie\/ga\/\"},{\"@type\":\"ListItem\",\"position\":2,\"name\":\"Com\u00f3radh a Dh\u00e9anamh ar an Ghorta Mh\u00f3r\",\"item\":\"https:\/\/www.irishfamine.ie\/ga\/comoradh-a-dheanamh-ar-an-ghorta-mhor\/\"},{\"@type\":\"ListItem\",\"position\":3,\"name\":\"Tionscadal Laochra an Ghorta Mh\u00f3ir\"}]},{\"@type\":\"WebSite\",\"@id\":\"https:\/\/www.irishfamine.ie\/ga\/#website\",\"url\":\"https:\/\/www.irishfamine.ie\/ga\/\",\"name\":\"National Famine Commemoration\",\"description\":\"\",\"publisher\":{\"@id\":\"https:\/\/www.irishfamine.ie\/ga\/#organization\"},\"potentialAction\":[{\"@type\":\"SearchAction\",\"target\":{\"@type\":\"EntryPoint\",\"urlTemplate\":\"https:\/\/www.irishfamine.ie\/ga\/?s={search_term_string}\"},\"query-input\":{\"@type\":\"PropertyValueSpecification\",\"valueRequired\":true,\"valueName\":\"search_term_string\"}}],\"inLanguage\":\"ga-IE\"},{\"@type\":\"Organization\",\"@id\":\"https:\/\/www.irishfamine.ie\/ga\/#organization\",\"name\":\"Department of Tourism, Culture, Arts, Gaeltacht, Sport & Media\",\"url\":\"https:\/\/www.irishfamine.ie\/ga\/\",\"logo\":{\"@type\":\"ImageObject\",\"inLanguage\":\"ga-IE\",\"@id\":\"https:\/\/www.irishfamine.ie\/ga\/#\/schema\/logo\/image\/\",\"url\":\"https:\/\/www.irishfamine.ie\/app\/uploads\/2021\/05\/dep-of-Tourism-Culture-Arts-Gaeltacht-sport-and-media-_logo.png\",\"contentUrl\":\"https:\/\/www.irishfamine.ie\/app\/uploads\/2021\/05\/dep-of-Tourism-Culture-Arts-Gaeltacht-sport-and-media-_logo.png\",\"width\":300,\"height\":148,\"caption\":\"Department of Tourism, Culture, Arts, Gaeltacht, Sport & Media\"},\"image\":{\"@id\":\"https:\/\/www.irishfamine.ie\/ga\/#\/schema\/logo\/image\/\"},\"sameAs\":[\"https:\/\/www.facebook.com\/DepartmentofCultureIRL\/\",\"https:\/\/x.com\/DeptCultureIRL\"]}]}<\/script>\n<!-- \/ Yoast SEO plugin. -->","yoast_head_json":{"title":"Tionscadal Laochra an Ghorta Mh\u00f3ir - Com\u00f3radh N\u00e1isi\u00fanta an Ghorta Mh\u00f3ir","robots":{"index":"index","follow":"follow","max-snippet":"max-snippet:-1","max-image-preview":"max-image-preview:large","max-video-preview":"max-video-preview:-1"},"canonical":"https:\/\/www.irishfamine.ie\/ga\/comoradh-a-dheanamh-ar-an-ghorta-mhor\/tionscadal-laochra-an-ghorta-mhoir\/","og_locale":"ga_IE","og_type":"article","og_title":"Tionscadal Laochra an Ghorta Mh\u00f3ir - Com\u00f3radh N\u00e1isi\u00fanta an Ghorta Mh\u00f3ir","og_description":"In 2014, sheol an tAire Deenihan an su\u00edomh gr\u00e9as\u00e1in www.irishfamine.ie mar acmhainn d\u00f3ibh si\u00fad a bhfuil sp\u00e9is acu i gcom\u00f3radh a dh\u00e9anamh ar an Ghorta Mh\u00f3ir chomh maith le tionscadal \u2018Laochra an Ghorta Mh\u00f3ir\u2019. T\u00e1 s\u00e9 mar aidhm ag an tionscadal seo dearcadh nua ar an Ghorta Mh\u00f3r a thabhairt do dhaoine i ngach aoisghr\u00fapa...","og_url":"https:\/\/www.irishfamine.ie\/ga\/comoradh-a-dheanamh-ar-an-ghorta-mhor\/tionscadal-laochra-an-ghorta-mhoir\/","og_site_name":"Com\u00f3radh N\u00e1isi\u00fanta an Ghorta Mh\u00f3ir","article_publisher":"https:\/\/www.facebook.com\/DepartmentofCultureIRL\/","article_modified_time":"2024-04-05T10:55:06+00:00","twitter_card":"summary_large_image","twitter_site":"@DeptCultureIRL","twitter_misc":{"Est. reading time":"3 minutes"},"schema":{"@context":"https:\/\/schema.org","@graph":[{"@type":"WebPage","@id":"https:\/\/www.irishfamine.ie\/ga\/comoradh-a-dheanamh-ar-an-ghorta-mhor\/tionscadal-laochra-an-ghorta-mhoir\/","url":"https:\/\/www.irishfamine.ie\/ga\/comoradh-a-dheanamh-ar-an-ghorta-mhor\/tionscadal-laochra-an-ghorta-mhoir\/","name":"Tionscadal Laochra an Ghorta Mh\u00f3ir - Com\u00f3radh N\u00e1isi\u00fanta an Ghorta Mh\u00f3ir","isPartOf":{"@id":"https:\/\/www.irishfamine.ie\/ga\/#website"},"datePublished":"2022-07-14T14:40:10+00:00","dateModified":"2024-04-05T10:55:06+00:00","breadcrumb":{"@id":"https:\/\/www.irishfamine.ie\/ga\/comoradh-a-dheanamh-ar-an-ghorta-mhor\/tionscadal-laochra-an-ghorta-mhoir\/#breadcrumb"},"inLanguage":"ga-IE","potentialAction":[{"@type":"ReadAction","target":["https:\/\/www.irishfamine.ie\/ga\/comoradh-a-dheanamh-ar-an-ghorta-mhor\/tionscadal-laochra-an-ghorta-mhoir\/"]}]},{"@type":"BreadcrumbList","@id":"https:\/\/www.irishfamine.ie\/ga\/comoradh-a-dheanamh-ar-an-ghorta-mhor\/tionscadal-laochra-an-ghorta-mhoir\/#breadcrumb","itemListElement":[{"@type":"ListItem","position":1,"name":"Home","item":"https:\/\/www.irishfamine.ie\/ga\/"},{"@type":"ListItem","position":2,"name":"Com\u00f3radh a Dh\u00e9anamh ar an Ghorta Mh\u00f3r","item":"https:\/\/www.irishfamine.ie\/ga\/comoradh-a-dheanamh-ar-an-ghorta-mhor\/"},{"@type":"ListItem","position":3,"name":"Tionscadal Laochra an Ghorta Mh\u00f3ir"}]},{"@type":"WebSite","@id":"https:\/\/www.irishfamine.ie\/ga\/#website","url":"https:\/\/www.irishfamine.ie\/ga\/","name":"National Famine Commemoration","description":"","publisher":{"@id":"https:\/\/www.irishfamine.ie\/ga\/#organization"},"potentialAction":[{"@type":"SearchAction","target":{"@type":"EntryPoint","urlTemplate":"https:\/\/www.irishfamine.ie\/ga\/?s={search_term_string}"},"query-input":{"@type":"PropertyValueSpecification","valueRequired":true,"valueName":"search_term_string"}}],"inLanguage":"ga-IE"},{"@type":"Organization","@id":"https:\/\/www.irishfamine.ie\/ga\/#organization","name":"Department of Tourism, Culture, Arts, Gaeltacht, Sport & Media","url":"https:\/\/www.irishfamine.ie\/ga\/","logo":{"@type":"ImageObject","inLanguage":"ga-IE","@id":"https:\/\/www.irishfamine.ie\/ga\/#\/schema\/logo\/image\/","url":"https:\/\/www.irishfamine.ie\/app\/uploads\/2021\/05\/dep-of-Tourism-Culture-Arts-Gaeltacht-sport-and-media-_logo.png","contentUrl":"https:\/\/www.irishfamine.ie\/app\/uploads\/2021\/05\/dep-of-Tourism-Culture-Arts-Gaeltacht-sport-and-media-_logo.png","width":300,"height":148,"caption":"Department of Tourism, Culture, Arts, Gaeltacht, Sport & Media"},"image":{"@id":"https:\/\/www.irishfamine.ie\/ga\/#\/schema\/logo\/image\/"},"sameAs":["https:\/\/www.facebook.com\/DepartmentofCultureIRL\/","https:\/\/x.com\/DeptCultureIRL"]}]}},"_links":{"self":[{"href":"https:\/\/www.irishfamine.ie\/ga\/wp-json\/wp\/v2\/pages\/3462","targetHints":{"allow":["GET"]}}],"collection":[{"href":"https:\/\/www.irishfamine.ie\/ga\/wp-json\/wp\/v2\/pages"}],"about":[{"href":"https:\/\/www.irishfamine.ie\/ga\/wp-json\/wp\/v2\/types\/page"}],"author":[{"embeddable":true,"href":"https:\/\/www.irishfamine.ie\/ga\/wp-json\/wp\/v2\/users\/3"}],"replies":[{"embeddable":true,"href":"https:\/\/www.irishfamine.ie\/ga\/wp-json\/wp\/v2\/comments?post=3462"}],"version-history":[{"count":5,"href":"https:\/\/www.irishfamine.ie\/ga\/wp-json\/wp\/v2\/pages\/3462\/revisions"}],"predecessor-version":[{"id":3479,"href":"https:\/\/www.irishfamine.ie\/ga\/wp-json\/wp\/v2\/pages\/3462\/revisions\/3479"}],"up":[{"embeddable":true,"href":"https:\/\/www.irishfamine.ie\/ga\/wp-json\/wp\/v2\/pages\/3365"}],"wp:attachment":[{"href":"https:\/\/www.irishfamine.ie\/ga\/wp-json\/wp\/v2\/media?parent=3462"}],"curies":[{"name":"wp","href":"https:\/\/api.w.org\/{rel}","templated":true}]}}