{"id":3490,"date":"2022-08-18T18:29:44","date_gmt":"2022-08-18T17:29:44","guid":{"rendered":"https:\/\/www.irishfamine.ie\/university-college-cork-2018\/"},"modified":"2024-04-08T11:18:09","modified_gmt":"2024-04-08T10:18:09","slug":"university-college-cork-2018","status":"publish","type":"page","link":"https:\/\/www.irishfamine.ie\/ga\/university-college-cork-2018\/","title":{"rendered":"University College Cork 2018"},"content":{"rendered":"<h6><em>Com\u00f3radh N\u00e1isi\u00fanta an Ghorta Mh\u00f3ir<\/em><br \/><em>12 Bealtaine 2018<\/em><br \/><em>Col\u00e1iste na hOllscoile<\/em> <\/h6>\n<p>Ar D\u00e9 Sathairn 12 Bealtaine, bh\u00ed an tUachtar\u00e1n Miche\u00e1l D. \u00d3 hUig\u00ednn ag feidhmi\u00fa ag Cuimhneach\u00e1n N\u00e1isi\u00fanta an Ghorta Mh\u00f3ir i gCol\u00e1iste na hOllscoile, Corcaigh. Bh\u00ed an T\u00e1naiste Simon Coveney T.D. ina theannta, ag d\u00e9anamh ionada\u00edochta don Rialtas.<\/p>\n<p>Tar \u00e9is an searmanas, thug an tUachtar\u00e1n \u00d3 hUig\u00ednn cuairt ar an mBoth\u00e1n, macasamhail d\u2019\u00e1itreabh 4\u00fa haicme (arna rang\u00fa i ndaon\u00e1ireamh 1841 mar \u2018c\u00e1b\u00e1n seomra amh\u00e1in a t\u00f3gadh le h\u00e1bhar org\u00e1nach&#8217;), rud a l\u00e9ir\u00edonn d\u00e1la\u00ed maireacht\u00e1la uaf\u00e1sacha agus an-choitianta den am.<\/p>\n<p>Sheol an T\u00e1naiste, Simon Coveney, Gorta M\u00f3r na h\u00c9ireann Ar L\u00edne, san Aula Maxima, COC. Is comhoibri\u00fa m\u00f3r \u00ed an acmhainn dhigiteach nua seo idir Roinn na T\u00edreola\u00edochta i COC agus an Roinn Cult\u00fair, Oidhreachta agus Gaeltachta agus beidh s\u00ed ina fhoinse luachmhar stair phoibl\u00ed don ghl\u00fain reatha agus do na gl\u00fanta at\u00e1 le teacht. Cuirfear mionsonra\u00ed faisn\u00e9ise i dt\u00edrdhreach s\u00f3isialta, polaiti\u00fail agus eacnama\u00edoch roimh an Ghorta Mh\u00f3r agus d\u00e1 \u00e9is ar f\u00e1il d&#8217;\u00fas\u00e1ideoir\u00ed ar fud an domhain den ch\u00e9ad uair, tr\u00edd an App n\u00f3 tr\u00edd an \u00e1bhar a fheiscint ar l\u00edne.<\/p>\n<p>San \u00e1ireamh i searmanas foirmi\u00fail bh\u00ed on\u00f3racha m\u00edleata agus searmanas fleascleagain ag Ambasad\u00f3ir\u00ed go h\u00c9irinn i gcuimhne orthusan uile a d&#8217;fhulaing n\u00f3 a d\u2019\u00e9ag le linn an Ghorta, chomh maith le l\u00e9amha, fil\u00edocht agus ceol, le dh\u00e1 ph\u00edosa ceoil le Se\u00e1n Doherty, &#8211; <em>ar coimisi\u00fana\u00edodh an d\u00e1 cheann Professor Boole\u2019s Farewell<\/em> agus <em>Fr McCarthy\u2019s Lament, 1847<\/em> &#8211; go speisialta don \u00f3c\u00e1id ag COC. Sheinn an Vanbrugh le Niall Vallely, agus a\u00edonna na hoibreacha seo. Sheinn Karan Casey agus Iarla \u00d3 Lion\u00e1ird, a chas le C\u00f3r cruinnithe comhdh\u00e9anta de Penny Dinners\/High Hopes Choir, C\u00f3r Pobail Bhun an T\u00e1bhairne agus Cumann C\u00f3r\u00fail COC.<\/p>\n<p><a href=\"https:\/\/president.ie\/en\/media-library\/speeches\/address-at-the-national-famine-commemoration-2018\"><strong>In \u00f3r\u00e1id an Uachtar\u00e1in \u00d3 hUig\u00ednn<\/strong> <\/a>tagra\u00edodh do na facht\u00f3ir\u00ed eacnama\u00edocha agus polaiti\u00fala a chuir leis an nGorta, an tionchar a bh\u00ed aige ar shocha\u00ed na h\u00c9ireann agus ar an Ghaeilge, agus t\u00e1bhacht na scol\u00e1ireachta agus na n-eala\u00edon chun cuimhne na tubaiste is m\u00f3 i stair na h\u00c9ireann a chaomhn\u00fa.<\/p>\n<p><strong>Ag labhairt roimh an gCuimhneach\u00e1n, ghabh an Aire Cult\u00fair, Oidhreachta agus Gaeltachta, Josepha Madigan T.D.<\/strong>bu\u00edochas do COC ag r\u00e1 go mbeidh \u201cCoimisi\u00fan\u00fa an cheoil ag COC a chum Se\u00e1n Doherty mar chuid d&#8217;oidhreacht na n-imeachta\u00ed an lae inniu agus is sampla eile \u00e9 de thiomantas an Chol\u00e1iste le fada chun an Gorta a chom\u00f3radh\u201d.<\/p>\n<p><strong>Agus \u00e9 ag labhairt an l\u00e1 sin, d\u00fairt an T\u00e1naiste:<\/strong><\/p>\n<p>\u201cCaitheadh na blianta ag forbairt an Ghorta Mh\u00f3ir ar L\u00edne agus is acmhainn iontach \u00e9 do scol\u00e1ir\u00ed uile an Ghorta Mh\u00f3ir. Den ch\u00e9ad uair, beidh daoine in ann faisn\u00e9is a fheice\u00e1il agus anail\u00eds a dh\u00e9anamh ar athruithe sa t\u00edrdhreach s\u00f3isialta, polaiti\u00fail agus eacnama\u00edoch in \u00c9irinn roimh agus i ndiaidh an Ghorta Mh\u00f3ir.\u201d<\/p>\n<p><strong>D\u00fairt Uachtar\u00e1n COC, an tOllamh Patrick O&#8217;Shea:<\/strong><\/p>\n<p>T\u00e1im bu\u00edoch do gach duine a ghlac p\u00e1irt sa chom\u00f3radh inniu. Mar phobal scol\u00e1ir\u00ed, leanann COC ar aghaidh chun a chinnti\u00fa go gcuimhneofar go cu\u00ed ar na daoine a d\u2019fhulaing le linn na tubaiste seo. Ba mhaith liom freisin aitheantas a thabhairt d\u00e1r bp\u00e1irtn\u00e9ir\u00ed sa phobal ar shaibhrigh a nd\u00edograis agus a gcruthaitheacht an cl\u00e1r gn\u00edomha\u00edochta\u00ed a eagra\u00edodh chun comhthitim le Cuimhneach\u00e1n inniu.<\/p>\n","protected":false},"excerpt":{"rendered":"<p>Com\u00f3radh N\u00e1isi\u00fanta an Ghorta Mh\u00f3ir12 Bealtaine 2018Col\u00e1iste na hOllscoile Ar D\u00e9 Sathairn 12 Bealtaine, bh\u00ed an tUachtar\u00e1n Miche\u00e1l D. \u00d3 hUig\u00ednn ag feidhmi\u00fa ag Cuimhneach\u00e1n N\u00e1isi\u00fanta an Ghorta Mh\u00f3ir i gCol\u00e1iste na hOllscoile, Corcaigh. Bh\u00ed an T\u00e1naiste Simon Coveney T.D. ina theannta, ag d\u00e9anamh ionada\u00edochta don Rialtas. Tar \u00e9is an searmanas, thug an tUachtar\u00e1n \u00d3&#8230; <\/p>\n","protected":false},"author":3,"featured_media":0,"parent":0,"menu_order":0,"comment_status":"closed","ping_status":"closed","template":"","meta":{"footnotes":""},"class_list":["post-3490","page","type-page","status-publish","hentry"],"yoast_head":"<!-- This site is optimized with the Yoast SEO plugin v27.2 - https:\/\/yoast.com\/product\/yoast-seo-wordpress\/ -->\n<title>University College Cork 2018 - Com\u00f3radh N\u00e1isi\u00fanta an Ghorta Mh\u00f3ir<\/title>\n<meta name=\"robots\" content=\"index, follow, max-snippet:-1, max-image-preview:large, max-video-preview:-1\" \/>\n<link rel=\"canonical\" href=\"https:\/\/www.irishfamine.ie\/commemorating-the-famine\/state-commemoration\/university-college-cork-2018\/\" \/>\n<meta property=\"og:locale\" content=\"ga_IE\" \/>\n<meta property=\"og:type\" content=\"article\" \/>\n<meta property=\"og:title\" content=\"University College Cork 2018 - Com\u00f3radh N\u00e1isi\u00fanta an Ghorta Mh\u00f3ir\" \/>\n<meta property=\"og:description\" content=\"Com\u00f3radh N\u00e1isi\u00fanta an Ghorta Mh\u00f3ir12 Bealtaine 2018Col\u00e1iste na hOllscoile Ar D\u00e9 Sathairn 12 Bealtaine, bh\u00ed an tUachtar\u00e1n Miche\u00e1l D. \u00d3 hUig\u00ednn ag feidhmi\u00fa ag Cuimhneach\u00e1n N\u00e1isi\u00fanta an Ghorta Mh\u00f3ir i gCol\u00e1iste na hOllscoile, Corcaigh. Bh\u00ed an T\u00e1naiste Simon Coveney T.D. ina theannta, ag d\u00e9anamh ionada\u00edochta don Rialtas. Tar \u00e9is an searmanas, thug an tUachtar\u00e1n \u00d3...\" \/>\n<meta property=\"og:url\" content=\"https:\/\/www.irishfamine.ie\/commemorating-the-famine\/state-commemoration\/university-college-cork-2018\/\" \/>\n<meta property=\"og:site_name\" content=\"Com\u00f3radh N\u00e1isi\u00fanta an Ghorta Mh\u00f3ir\" \/>\n<meta property=\"article:publisher\" content=\"https:\/\/www.facebook.com\/DepartmentofCultureIRL\/\" \/>\n<meta property=\"article:modified_time\" content=\"2024-04-08T10:18:09+00:00\" \/>\n<meta name=\"twitter:card\" content=\"summary_large_image\" \/>\n<meta name=\"twitter:site\" content=\"@DeptCultureIRL\" \/>\n<meta name=\"twitter:label1\" content=\"Est. reading time\" \/>\n\t<meta name=\"twitter:data1\" content=\"3 minutes\" \/>\n<script type=\"application\/ld+json\" class=\"yoast-schema-graph\">{\"@context\":\"https:\/\/schema.org\",\"@graph\":[{\"@type\":\"WebPage\",\"@id\":\"https:\/\/www.irishfamine.ie\/commemorating-the-famine\/state-commemoration\/university-college-cork-2018\/\",\"url\":\"https:\/\/www.irishfamine.ie\/commemorating-the-famine\/state-commemoration\/university-college-cork-2018\/\",\"name\":\"University College Cork 2018 - Com\u00f3radh N\u00e1isi\u00fanta an Ghorta Mh\u00f3ir\",\"isPartOf\":{\"@id\":\"https:\/\/www.irishfamine.ie\/ga\/#website\"},\"datePublished\":\"2022-08-18T17:29:44+00:00\",\"dateModified\":\"2024-04-08T10:18:09+00:00\",\"breadcrumb\":{\"@id\":\"https:\/\/www.irishfamine.ie\/commemorating-the-famine\/state-commemoration\/university-college-cork-2018\/#breadcrumb\"},\"inLanguage\":\"ga-IE\",\"potentialAction\":[{\"@type\":\"ReadAction\",\"target\":[\"https:\/\/www.irishfamine.ie\/commemorating-the-famine\/state-commemoration\/university-college-cork-2018\/\"]}]},{\"@type\":\"BreadcrumbList\",\"@id\":\"https:\/\/www.irishfamine.ie\/commemorating-the-famine\/state-commemoration\/university-college-cork-2018\/#breadcrumb\",\"itemListElement\":[{\"@type\":\"ListItem\",\"position\":1,\"name\":\"Home\",\"item\":\"https:\/\/www.irishfamine.ie\/ga\/\"},{\"@type\":\"ListItem\",\"position\":2,\"name\":\"University College Cork 2018\"}]},{\"@type\":\"WebSite\",\"@id\":\"https:\/\/www.irishfamine.ie\/ga\/#website\",\"url\":\"https:\/\/www.irishfamine.ie\/ga\/\",\"name\":\"National Famine Commemoration\",\"description\":\"\",\"publisher\":{\"@id\":\"https:\/\/www.irishfamine.ie\/ga\/#organization\"},\"potentialAction\":[{\"@type\":\"SearchAction\",\"target\":{\"@type\":\"EntryPoint\",\"urlTemplate\":\"https:\/\/www.irishfamine.ie\/ga\/?s={search_term_string}\"},\"query-input\":{\"@type\":\"PropertyValueSpecification\",\"valueRequired\":true,\"valueName\":\"search_term_string\"}}],\"inLanguage\":\"ga-IE\"},{\"@type\":\"Organization\",\"@id\":\"https:\/\/www.irishfamine.ie\/ga\/#organization\",\"name\":\"Department of Tourism, Culture, Arts, Gaeltacht, Sport & Media\",\"url\":\"https:\/\/www.irishfamine.ie\/ga\/\",\"logo\":{\"@type\":\"ImageObject\",\"inLanguage\":\"ga-IE\",\"@id\":\"https:\/\/www.irishfamine.ie\/ga\/#\/schema\/logo\/image\/\",\"url\":\"https:\/\/www.irishfamine.ie\/app\/uploads\/2021\/05\/dep-of-Tourism-Culture-Arts-Gaeltacht-sport-and-media-_logo.png\",\"contentUrl\":\"https:\/\/www.irishfamine.ie\/app\/uploads\/2021\/05\/dep-of-Tourism-Culture-Arts-Gaeltacht-sport-and-media-_logo.png\",\"width\":300,\"height\":148,\"caption\":\"Department of Tourism, Culture, Arts, Gaeltacht, Sport & Media\"},\"image\":{\"@id\":\"https:\/\/www.irishfamine.ie\/ga\/#\/schema\/logo\/image\/\"},\"sameAs\":[\"https:\/\/www.facebook.com\/DepartmentofCultureIRL\/\",\"https:\/\/x.com\/DeptCultureIRL\"]}]}<\/script>\n<!-- \/ Yoast SEO plugin. -->","yoast_head_json":{"title":"University College Cork 2018 - Com\u00f3radh N\u00e1isi\u00fanta an Ghorta Mh\u00f3ir","robots":{"index":"index","follow":"follow","max-snippet":"max-snippet:-1","max-image-preview":"max-image-preview:large","max-video-preview":"max-video-preview:-1"},"canonical":"https:\/\/www.irishfamine.ie\/commemorating-the-famine\/state-commemoration\/university-college-cork-2018\/","og_locale":"ga_IE","og_type":"article","og_title":"University College Cork 2018 - Com\u00f3radh N\u00e1isi\u00fanta an Ghorta Mh\u00f3ir","og_description":"Com\u00f3radh N\u00e1isi\u00fanta an Ghorta Mh\u00f3ir12 Bealtaine 2018Col\u00e1iste na hOllscoile Ar D\u00e9 Sathairn 12 Bealtaine, bh\u00ed an tUachtar\u00e1n Miche\u00e1l D. \u00d3 hUig\u00ednn ag feidhmi\u00fa ag Cuimhneach\u00e1n N\u00e1isi\u00fanta an Ghorta Mh\u00f3ir i gCol\u00e1iste na hOllscoile, Corcaigh. Bh\u00ed an T\u00e1naiste Simon Coveney T.D. ina theannta, ag d\u00e9anamh ionada\u00edochta don Rialtas. Tar \u00e9is an searmanas, thug an tUachtar\u00e1n \u00d3...","og_url":"https:\/\/www.irishfamine.ie\/commemorating-the-famine\/state-commemoration\/university-college-cork-2018\/","og_site_name":"Com\u00f3radh N\u00e1isi\u00fanta an Ghorta Mh\u00f3ir","article_publisher":"https:\/\/www.facebook.com\/DepartmentofCultureIRL\/","article_modified_time":"2024-04-08T10:18:09+00:00","twitter_card":"summary_large_image","twitter_site":"@DeptCultureIRL","twitter_misc":{"Est. reading time":"3 minutes"},"schema":{"@context":"https:\/\/schema.org","@graph":[{"@type":"WebPage","@id":"https:\/\/www.irishfamine.ie\/commemorating-the-famine\/state-commemoration\/university-college-cork-2018\/","url":"https:\/\/www.irishfamine.ie\/commemorating-the-famine\/state-commemoration\/university-college-cork-2018\/","name":"University College Cork 2018 - Com\u00f3radh N\u00e1isi\u00fanta an Ghorta Mh\u00f3ir","isPartOf":{"@id":"https:\/\/www.irishfamine.ie\/ga\/#website"},"datePublished":"2022-08-18T17:29:44+00:00","dateModified":"2024-04-08T10:18:09+00:00","breadcrumb":{"@id":"https:\/\/www.irishfamine.ie\/commemorating-the-famine\/state-commemoration\/university-college-cork-2018\/#breadcrumb"},"inLanguage":"ga-IE","potentialAction":[{"@type":"ReadAction","target":["https:\/\/www.irishfamine.ie\/commemorating-the-famine\/state-commemoration\/university-college-cork-2018\/"]}]},{"@type":"BreadcrumbList","@id":"https:\/\/www.irishfamine.ie\/commemorating-the-famine\/state-commemoration\/university-college-cork-2018\/#breadcrumb","itemListElement":[{"@type":"ListItem","position":1,"name":"Home","item":"https:\/\/www.irishfamine.ie\/ga\/"},{"@type":"ListItem","position":2,"name":"University College Cork 2018"}]},{"@type":"WebSite","@id":"https:\/\/www.irishfamine.ie\/ga\/#website","url":"https:\/\/www.irishfamine.ie\/ga\/","name":"National Famine Commemoration","description":"","publisher":{"@id":"https:\/\/www.irishfamine.ie\/ga\/#organization"},"potentialAction":[{"@type":"SearchAction","target":{"@type":"EntryPoint","urlTemplate":"https:\/\/www.irishfamine.ie\/ga\/?s={search_term_string}"},"query-input":{"@type":"PropertyValueSpecification","valueRequired":true,"valueName":"search_term_string"}}],"inLanguage":"ga-IE"},{"@type":"Organization","@id":"https:\/\/www.irishfamine.ie\/ga\/#organization","name":"Department of Tourism, Culture, Arts, Gaeltacht, Sport & Media","url":"https:\/\/www.irishfamine.ie\/ga\/","logo":{"@type":"ImageObject","inLanguage":"ga-IE","@id":"https:\/\/www.irishfamine.ie\/ga\/#\/schema\/logo\/image\/","url":"https:\/\/www.irishfamine.ie\/app\/uploads\/2021\/05\/dep-of-Tourism-Culture-Arts-Gaeltacht-sport-and-media-_logo.png","contentUrl":"https:\/\/www.irishfamine.ie\/app\/uploads\/2021\/05\/dep-of-Tourism-Culture-Arts-Gaeltacht-sport-and-media-_logo.png","width":300,"height":148,"caption":"Department of Tourism, Culture, Arts, Gaeltacht, Sport & Media"},"image":{"@id":"https:\/\/www.irishfamine.ie\/ga\/#\/schema\/logo\/image\/"},"sameAs":["https:\/\/www.facebook.com\/DepartmentofCultureIRL\/","https:\/\/x.com\/DeptCultureIRL"]}]}},"_links":{"self":[{"href":"https:\/\/www.irishfamine.ie\/ga\/wp-json\/wp\/v2\/pages\/3490","targetHints":{"allow":["GET"]}}],"collection":[{"href":"https:\/\/www.irishfamine.ie\/ga\/wp-json\/wp\/v2\/pages"}],"about":[{"href":"https:\/\/www.irishfamine.ie\/ga\/wp-json\/wp\/v2\/types\/page"}],"author":[{"embeddable":true,"href":"https:\/\/www.irishfamine.ie\/ga\/wp-json\/wp\/v2\/users\/3"}],"replies":[{"embeddable":true,"href":"https:\/\/www.irishfamine.ie\/ga\/wp-json\/wp\/v2\/comments?post=3490"}],"version-history":[{"count":1,"href":"https:\/\/www.irishfamine.ie\/ga\/wp-json\/wp\/v2\/pages\/3490\/revisions"}],"predecessor-version":[{"id":3491,"href":"https:\/\/www.irishfamine.ie\/ga\/wp-json\/wp\/v2\/pages\/3490\/revisions\/3491"}],"wp:attachment":[{"href":"https:\/\/www.irishfamine.ie\/ga\/wp-json\/wp\/v2\/media?parent=3490"}],"curies":[{"name":"wp","href":"https:\/\/api.w.org\/{rel}","templated":true}]}}