{"id":3496,"date":"2022-08-19T15:05:07","date_gmt":"2022-08-19T14:05:07","guid":{"rendered":"https:\/\/www.irishfamine.ie\/cluain-eois-contae-mhuineachain-2011\/"},"modified":"2024-05-10T11:45:40","modified_gmt":"2024-05-10T10:45:40","slug":"clones-co-monaghan-2011","status":"publish","type":"page","link":"https:\/\/www.irishfamine.ie\/ga\/clones-co-monaghan-2011\/","title":{"rendered":"Cluain Eois, Contae Mhuineach\u00e1in 2011."},"content":{"rendered":"<h6><em>Com\u00f3radh N\u00e1isi\u00fanta an Ghorta Mh\u00f3ir<br \/>\n10\u00fa Me\u00e1n F\u00f3mhair 2011<br \/>\nCluain Eois, Contae Mhuineach\u00e1in<\/em><\/h6>\n<p>D&#8217;oscail an tUachtar\u00e1n, M\u00e1ire Mhic Giolla \u00cdosa agus a fear c\u00e9ile, Seanad\u00f3ir Martin Mac Giolla \u00cdosa agus Jimmy Deenihan T.D., An tAire Eala\u00edon, Oidhreachta agus Gaeltachta agus Cathaoirleach Coiste Cuimhneach\u00e1in N\u00e1isi\u00fanta an Ghorta Mh\u00f3ir imeacht L\u00e1 Cuimhneach\u00e1in N\u00e1isi\u00fanta an Ghorta Mh\u00f3ir i gCluain Eois, Contae Mhuineach\u00e1in.<\/p>\n<p>Sa chuimhneach\u00e1n seo bh\u00ed cl\u00e1r ina raibh pobail i gContae Mhuineach\u00e1in p\u00e1irteach agus ina dhiaidh sin re\u00e1cht\u00e1ladh an t-imeacht foirmi\u00fail St\u00e1it, mar a raibh gradaim mh\u00edleata agus searmanais fleascleagain.<\/p>\n<p>Thacaigh pobail \u00e1iti\u00fala Chluain Eois agus Mhuineach\u00e1in go m\u00f3r leis an gcuimhneach\u00e1n, agus is l\u00e9iri\u00fa seo ar an m\u00f3rmheas at\u00e1 ag daoine orthusan a fuair b\u00e1s, a d&#8217;fhulaing n\u00f3 a d&#8217;imigh ar eisimirce le linn na tr\u00e9imhse trag\u00f3id\u00ed seo d\u00e1r stair. Buna\u00edodh coiste \u00e1iti\u00fail eagr\u00fach\u00e1in agus d&#8217;ullmhaigh siad cl\u00e1r imeachta\u00ed, a re\u00e1cht\u00e1ladh sa tr\u00e9imhse d\u00edreach roimh Chuimhneach\u00e1n N\u00e1isi\u00fanta an Ghorta Mh\u00f3ir ar an 10 Me\u00e1n F\u00f3mhair 2011.<\/p>\n<p>13 Deireadh F\u00f3mhair 2011<\/p>\n<p>Re\u00e1cht\u00e1ladh comhdh\u00e1il phoibl\u00ed dar teideal &#8220;From the Famine to Post Modern Hunger in the 21st Century&#8221;, i Leabharlann N\u00e1isi\u00fanta na h\u00c9ireann.<\/p>\n<p>Leanann an chomhdh\u00e1il seo \u00f3 Chuimhneach\u00e1n N\u00e1isi\u00fanta 2011 an Ghorta Mh\u00f3ir a re\u00e1cht\u00e1ladh i gCluain Eois, chun a chinnti\u00fa nach nd\u00e9anfa\u00ed dearmad orthusan a raibh m\u00f3rthionchar ag an nGorta M\u00f3r orthu. D&#8217;oscail an tUachtar\u00e1n M\u00e1ire Mhic Giolla \u00cdosa an \u00f3c\u00e1id go hoifigi\u00fail. Tharla an chomhdh\u00e1il chun ceili\u00faradh a dh\u00e9anamh freisin ar L\u00e1 Domhanda an Bhia ar an Domhnach 16 Deireadh F\u00f3mhair 2011, agus mar fh\u00f3ram chun pl\u00e9 oscailte, cusp\u00f3ireach a spreagadh i measc lucht acad\u00fail, cleacht\u00f3ir\u00ed forbra\u00edochta agus Eagra\u00edochta\u00ed Neamhrialtais maidir le c\u00e9n chaoi is fearr comhrac i gcoinne an ocrais sa 21\u00fa haois i dt\u00edortha ina bhfuil ioncam \u00edseal agus easnamh bia.<\/p>\n<style type=\"text\/css\">\n\t\t\t#gallery-1 {<br \/>\t\t\t\tmargin: auto;<br \/>\t\t\t}<br \/>\t\t\t#gallery-1 .gallery-item {<br \/>\t\t\t\tfloat: left;<br \/>\t\t\t\tmargin-top: 10px;<br \/>\t\t\t\ttext-align: center;<br \/>\t\t\t\twidth: 25%;<br \/>\t\t\t}<br \/>\t\t\t#gallery-1 img {<br \/>\t\t\t\tborder: 2px solid #cfcfcf;<br \/>\t\t\t}<br \/>\t\t\t#gallery-1 .gallery-caption {<br \/>\t\t\t\tmargin-left: 0;<br \/>\t\t\t}<br \/>\t\t\t\/* see gallery_shortcode() in wp-includes\/media.php *\/<br \/>\t\t<\/style>\n<dl class=\"gallery-item\">\n<dt class=\"gallery-icon landscape\"><a href=\"https:\/\/www.irishfamine.ie\/app\/uploads\/2021\/05\/National-Famine-Commemoration_Clones-County-Monaghan_2011_-9.jpg\" data-elementor-open-lightbox=\"yes\" data-elementor-lightbox-slideshow=\"54eba7f\" data-elementor-lightbox-title=\"National Famine Commemoration_Clones, County Monaghan_2011_ (9)\"><img loading=\"lazy\" decoding=\"async\" src=\"https:\/\/www.irishfamine.ie\/app\/uploads\/2021\/05\/National-Famine-Commemoration_Clones-County-Monaghan_2011_-9.jpg\" sizes=\"auto, (max-width: 512px) 100vw, 512px\" srcset=\"https:\/\/www.irishfamine.ie\/app\/uploads\/2021\/05\/National-Famine-Commemoration_Clones-County-Monaghan_2011_-9.jpg 512w, https:\/\/www.irishfamine.ie\/app\/uploads\/2021\/05\/National-Famine-Commemoration_Clones-County-Monaghan_2011_-9-300x200.jpg 300w\" alt=\"\" width=\"512\" height=\"342\" \/><\/a><\/dt>\n<\/dl>\n<dl class=\"gallery-item\">\n<dt class=\"gallery-icon landscape\"><a href=\"https:\/\/www.irishfamine.ie\/app\/uploads\/2021\/05\/National-Famine-Commemoration_Clones-County-Monaghan_2011_-10.jpg\" data-elementor-open-lightbox=\"yes\" data-elementor-lightbox-slideshow=\"54eba7f\" data-elementor-lightbox-title=\"National Famine Commemoration_Clones, County Monaghan_2011_ (10)\"><img loading=\"lazy\" decoding=\"async\" src=\"https:\/\/www.irishfamine.ie\/app\/uploads\/2021\/05\/National-Famine-Commemoration_Clones-County-Monaghan_2011_-10.jpg\" sizes=\"auto, (max-width: 512px) 100vw, 512px\" srcset=\"https:\/\/www.irishfamine.ie\/app\/uploads\/2021\/05\/National-Famine-Commemoration_Clones-County-Monaghan_2011_-10.jpg 512w, https:\/\/www.irishfamine.ie\/app\/uploads\/2021\/05\/National-Famine-Commemoration_Clones-County-Monaghan_2011_-10-300x200.jpg 300w\" alt=\"\" width=\"512\" height=\"342\" \/><\/a><\/dt>\n<\/dl>\n<dl class=\"gallery-item\">\n<dt class=\"gallery-icon landscape\"><a href=\"https:\/\/www.irishfamine.ie\/app\/uploads\/2021\/05\/National-Famine-Commemoration_Clones-County-Monaghan_2011_-8.jpg\" data-elementor-open-lightbox=\"yes\" data-elementor-lightbox-slideshow=\"54eba7f\" data-elementor-lightbox-title=\"National Famine Commemoration_Clones, County Monaghan_2011_ (8)\"><img loading=\"lazy\" decoding=\"async\" src=\"https:\/\/www.irishfamine.ie\/app\/uploads\/2021\/05\/National-Famine-Commemoration_Clones-County-Monaghan_2011_-8.jpg\" sizes=\"auto, (max-width: 512px) 100vw, 512px\" srcset=\"https:\/\/www.irishfamine.ie\/app\/uploads\/2021\/05\/National-Famine-Commemoration_Clones-County-Monaghan_2011_-8.jpg 512w, https:\/\/www.irishfamine.ie\/app\/uploads\/2021\/05\/National-Famine-Commemoration_Clones-County-Monaghan_2011_-8-300x200.jpg 300w\" alt=\"\" width=\"512\" height=\"342\" \/><\/a><\/dt>\n<\/dl>\n<dl class=\"gallery-item\">\n<dt class=\"gallery-icon landscape\"><a href=\"https:\/\/www.irishfamine.ie\/app\/uploads\/2021\/05\/National-Famine-Commemoration_Clones-County-Monaghan_2011_-7.jpg\" data-elementor-open-lightbox=\"yes\" data-elementor-lightbox-slideshow=\"54eba7f\" data-elementor-lightbox-title=\"National Famine Commemoration_Clones, County Monaghan_2011_ (7)\"><img loading=\"lazy\" decoding=\"async\" src=\"https:\/\/www.irishfamine.ie\/app\/uploads\/2021\/05\/National-Famine-Commemoration_Clones-County-Monaghan_2011_-7.jpg\" sizes=\"auto, (max-width: 512px) 100vw, 512px\" srcset=\"https:\/\/www.irishfamine.ie\/app\/uploads\/2021\/05\/National-Famine-Commemoration_Clones-County-Monaghan_2011_-7.jpg 512w, https:\/\/www.irishfamine.ie\/app\/uploads\/2021\/05\/National-Famine-Commemoration_Clones-County-Monaghan_2011_-7-300x200.jpg 300w\" alt=\"\" width=\"512\" height=\"342\" \/><\/a><\/dt>\n<\/dl>\n<p>&nbsp;<\/p>\n<dl class=\"gallery-item\">\n<dt class=\"gallery-icon landscape\"><a href=\"https:\/\/www.irishfamine.ie\/app\/uploads\/2021\/05\/National-Famine-Commemoration_Clones-County-Monaghan_2011_-6.jpg\" data-elementor-open-lightbox=\"yes\" data-elementor-lightbox-slideshow=\"54eba7f\" data-elementor-lightbox-title=\"National Famine Commemoration_Clones, County Monaghan_2011_ (6)\"><img loading=\"lazy\" decoding=\"async\" src=\"https:\/\/www.irishfamine.ie\/app\/uploads\/2021\/05\/National-Famine-Commemoration_Clones-County-Monaghan_2011_-6.jpg\" sizes=\"auto, (max-width: 512px) 100vw, 512px\" srcset=\"https:\/\/www.irishfamine.ie\/app\/uploads\/2021\/05\/National-Famine-Commemoration_Clones-County-Monaghan_2011_-6.jpg 512w, https:\/\/www.irishfamine.ie\/app\/uploads\/2021\/05\/National-Famine-Commemoration_Clones-County-Monaghan_2011_-6-300x200.jpg 300w\" alt=\"\" width=\"512\" height=\"342\" \/><\/a><\/dt>\n<\/dl>\n<dl class=\"gallery-item\">\n<dt class=\"gallery-icon landscape\"><a href=\"https:\/\/www.irishfamine.ie\/app\/uploads\/2021\/05\/National-Famine-Commemoration_Clones-County-Monaghan_2011_-5.jpg\" data-elementor-open-lightbox=\"yes\" data-elementor-lightbox-slideshow=\"54eba7f\" data-elementor-lightbox-title=\"National Famine Commemoration_Clones, County Monaghan_2011_ (5)\"><img loading=\"lazy\" decoding=\"async\" src=\"https:\/\/www.irishfamine.ie\/app\/uploads\/2021\/05\/National-Famine-Commemoration_Clones-County-Monaghan_2011_-5.jpg\" sizes=\"auto, (max-width: 512px) 100vw, 512px\" srcset=\"https:\/\/www.irishfamine.ie\/app\/uploads\/2021\/05\/National-Famine-Commemoration_Clones-County-Monaghan_2011_-5.jpg 512w, https:\/\/www.irishfamine.ie\/app\/uploads\/2021\/05\/National-Famine-Commemoration_Clones-County-Monaghan_2011_-5-300x200.jpg 300w\" alt=\"\" width=\"512\" height=\"342\" \/><\/a><\/dt>\n<\/dl>\n<dl class=\"gallery-item\">\n<dt class=\"gallery-icon landscape\"><a href=\"https:\/\/www.irishfamine.ie\/app\/uploads\/2021\/05\/National-Famine-Commemoration_Clones-County-Monaghan_2011_-4.jpg\" data-elementor-open-lightbox=\"yes\" data-elementor-lightbox-slideshow=\"54eba7f\" data-elementor-lightbox-title=\"National Famine Commemoration_Clones, County Monaghan_2011\"><img loading=\"lazy\" decoding=\"async\" src=\"https:\/\/www.irishfamine.ie\/app\/uploads\/2021\/05\/National-Famine-Commemoration_Clones-County-Monaghan_2011_-4.jpg\" sizes=\"auto, (max-width: 512px) 100vw, 512px\" srcset=\"https:\/\/www.irishfamine.ie\/app\/uploads\/2021\/05\/National-Famine-Commemoration_Clones-County-Monaghan_2011_-4.jpg 512w, https:\/\/www.irishfamine.ie\/app\/uploads\/2021\/05\/National-Famine-Commemoration_Clones-County-Monaghan_2011_-4-300x200.jpg 300w\" alt=\"\" width=\"512\" height=\"342\" \/><\/a><\/dt>\n<\/dl>\n<dl class=\"gallery-item\">\n<dt class=\"gallery-icon landscape\"><a href=\"https:\/\/www.irishfamine.ie\/app\/uploads\/2021\/05\/National-Famine-Commemoration_Clones-County-Monaghan_2011_-3.jpg\" data-elementor-open-lightbox=\"yes\" data-elementor-lightbox-slideshow=\"54eba7f\" data-elementor-lightbox-title=\"National Famine Commemoration_Clones, County Monaghan_2011_ (3)\"><img loading=\"lazy\" decoding=\"async\" src=\"https:\/\/www.irishfamine.ie\/app\/uploads\/2021\/05\/National-Famine-Commemoration_Clones-County-Monaghan_2011_-3.jpg\" sizes=\"auto, (max-width: 512px) 100vw, 512px\" srcset=\"https:\/\/www.irishfamine.ie\/app\/uploads\/2021\/05\/National-Famine-Commemoration_Clones-County-Monaghan_2011_-3.jpg 512w, https:\/\/www.irishfamine.ie\/app\/uploads\/2021\/05\/National-Famine-Commemoration_Clones-County-Monaghan_2011_-3-300x200.jpg 300w\" alt=\"\" width=\"512\" height=\"342\" \/><\/a><\/dt>\n<\/dl>\n<p>&nbsp;<\/p>\n<dl class=\"gallery-item\">\n<dt class=\"gallery-icon landscape\"><a href=\"https:\/\/www.irishfamine.ie\/app\/uploads\/2021\/05\/National-Famine-Commemoration_Clones-County-Monaghan_2011_-1.jpg\" data-elementor-open-lightbox=\"yes\" data-elementor-lightbox-slideshow=\"54eba7f\" data-elementor-lightbox-title=\"National Famine Commemoration_Clones, County Monaghan_2011_ (1)\"><img loading=\"lazy\" decoding=\"async\" src=\"https:\/\/www.irishfamine.ie\/app\/uploads\/2021\/05\/National-Famine-Commemoration_Clones-County-Monaghan_2011_-1.jpg\" sizes=\"auto, (max-width: 512px) 100vw, 512px\" srcset=\"https:\/\/www.irishfamine.ie\/app\/uploads\/2021\/05\/National-Famine-Commemoration_Clones-County-Monaghan_2011_-1.jpg 512w, https:\/\/www.irishfamine.ie\/app\/uploads\/2021\/05\/National-Famine-Commemoration_Clones-County-Monaghan_2011_-1-300x200.jpg 300w\" alt=\"\" width=\"512\" height=\"342\" \/><\/a><\/dt>\n<\/dl>\n<dl class=\"gallery-item\">\n<dt class=\"gallery-icon landscape\"><a href=\"https:\/\/www.irishfamine.ie\/app\/uploads\/2021\/05\/National-Famine-Commemoration_Clones-County-Monaghan_2011_-2.jpg\" data-elementor-open-lightbox=\"yes\" data-elementor-lightbox-slideshow=\"54eba7f\" data-elementor-lightbox-title=\"National Famine Commemoration_Clones, County Monaghan_2011_ (2)\"><img loading=\"lazy\" decoding=\"async\" src=\"https:\/\/www.irishfamine.ie\/app\/uploads\/2021\/05\/National-Famine-Commemoration_Clones-County-Monaghan_2011_-2.jpg\" sizes=\"auto, (max-width: 512px) 100vw, 512px\" srcset=\"https:\/\/www.irishfamine.ie\/app\/uploads\/2021\/05\/National-Famine-Commemoration_Clones-County-Monaghan_2011_-2.jpg 512w, https:\/\/www.irishfamine.ie\/app\/uploads\/2021\/05\/National-Famine-Commemoration_Clones-County-Monaghan_2011_-2-300x200.jpg 300w\" alt=\"\" width=\"512\" height=\"342\" \/><\/a><\/dt>\n<\/dl>\n<p>&nbsp;<\/p>\n","protected":false},"excerpt":{"rendered":"<p>Com\u00f3radh N\u00e1isi\u00fanta an Ghorta Mh\u00f3ir 10\u00fa Me\u00e1n F\u00f3mhair 2011 Cluain Eois, Contae Mhuineach\u00e1in D&#8217;oscail an tUachtar\u00e1n, M\u00e1ire Mhic Giolla \u00cdosa agus a fear c\u00e9ile, Seanad\u00f3ir Martin Mac Giolla \u00cdosa agus Jimmy Deenihan T.D., An tAire Eala\u00edon, Oidhreachta agus Gaeltachta agus Cathaoirleach Coiste Cuimhneach\u00e1in N\u00e1isi\u00fanta an Ghorta Mh\u00f3ir imeacht L\u00e1 Cuimhneach\u00e1in N\u00e1isi\u00fanta an Ghorta Mh\u00f3ir i&#8230; <\/p>\n","protected":false},"author":3,"featured_media":0,"parent":0,"menu_order":0,"comment_status":"closed","ping_status":"closed","template":"full-width.php","meta":{"footnotes":""},"class_list":["post-3496","page","type-page","status-publish","hentry"],"yoast_head":"<!-- This site is optimized with the Yoast SEO plugin v27.2 - https:\/\/yoast.com\/product\/yoast-seo-wordpress\/ -->\n<title>Cluain Eois, Contae Mhuineach\u00e1in 2011. - Com\u00f3radh N\u00e1isi\u00fanta an Ghorta Mh\u00f3ir<\/title>\n<meta name=\"robots\" content=\"index, follow, max-snippet:-1, max-image-preview:large, max-video-preview:-1\" \/>\n<link rel=\"canonical\" href=\"https:\/\/www.irishfamine.ie\/ga\/clones-co-monaghan-2011\/\" \/>\n<meta property=\"og:locale\" content=\"ga_IE\" \/>\n<meta property=\"og:type\" content=\"article\" \/>\n<meta property=\"og:title\" content=\"Cluain Eois, Contae Mhuineach\u00e1in 2011. - Com\u00f3radh N\u00e1isi\u00fanta an Ghorta Mh\u00f3ir\" \/>\n<meta property=\"og:description\" content=\"Com\u00f3radh N\u00e1isi\u00fanta an Ghorta Mh\u00f3ir 10\u00fa Me\u00e1n F\u00f3mhair 2011 Cluain Eois, Contae Mhuineach\u00e1in D&#8217;oscail an tUachtar\u00e1n, M\u00e1ire Mhic Giolla \u00cdosa agus a fear c\u00e9ile, Seanad\u00f3ir Martin Mac Giolla \u00cdosa agus Jimmy Deenihan T.D., An tAire Eala\u00edon, Oidhreachta agus Gaeltachta agus Cathaoirleach Coiste Cuimhneach\u00e1in N\u00e1isi\u00fanta an Ghorta Mh\u00f3ir imeacht L\u00e1 Cuimhneach\u00e1in N\u00e1isi\u00fanta an Ghorta Mh\u00f3ir i...\" \/>\n<meta property=\"og:url\" content=\"https:\/\/www.irishfamine.ie\/ga\/clones-co-monaghan-2011\/\" \/>\n<meta property=\"og:site_name\" content=\"Com\u00f3radh N\u00e1isi\u00fanta an Ghorta Mh\u00f3ir\" \/>\n<meta property=\"article:publisher\" content=\"https:\/\/www.facebook.com\/DepartmentofCultureIRL\/\" \/>\n<meta property=\"article:modified_time\" content=\"2024-05-10T10:45:40+00:00\" \/>\n<meta property=\"og:image\" content=\"https:\/\/www.irishfamine.ie\/app\/uploads\/2021\/05\/National-Famine-Commemoration_Clones-County-Monaghan_2011_-9.jpg\" \/>\n<meta name=\"twitter:card\" content=\"summary_large_image\" \/>\n<meta name=\"twitter:site\" content=\"@DeptCultureIRL\" \/>\n<meta name=\"twitter:label1\" content=\"Est. reading time\" \/>\n\t<meta name=\"twitter:data1\" content=\"2 minutes\" \/>\n<script type=\"application\/ld+json\" class=\"yoast-schema-graph\">{\"@context\":\"https:\/\/schema.org\",\"@graph\":[{\"@type\":\"WebPage\",\"@id\":\"https:\/\/www.irishfamine.ie\/ga\/clones-co-monaghan-2011\/\",\"url\":\"https:\/\/www.irishfamine.ie\/ga\/clones-co-monaghan-2011\/\",\"name\":\"Cluain Eois, Contae Mhuineach\u00e1in 2011. - Com\u00f3radh N\u00e1isi\u00fanta an Ghorta Mh\u00f3ir\",\"isPartOf\":{\"@id\":\"https:\/\/www.irishfamine.ie\/ga\/#website\"},\"primaryImageOfPage\":{\"@id\":\"https:\/\/www.irishfamine.ie\/ga\/clones-co-monaghan-2011\/#primaryimage\"},\"image\":{\"@id\":\"https:\/\/www.irishfamine.ie\/ga\/clones-co-monaghan-2011\/#primaryimage\"},\"thumbnailUrl\":\"https:\/\/www.irishfamine.ie\/app\/uploads\/2021\/05\/National-Famine-Commemoration_Clones-County-Monaghan_2011_-9.jpg\",\"datePublished\":\"2022-08-19T14:05:07+00:00\",\"dateModified\":\"2024-05-10T10:45:40+00:00\",\"breadcrumb\":{\"@id\":\"https:\/\/www.irishfamine.ie\/ga\/clones-co-monaghan-2011\/#breadcrumb\"},\"inLanguage\":\"ga-IE\",\"potentialAction\":[{\"@type\":\"ReadAction\",\"target\":[\"https:\/\/www.irishfamine.ie\/ga\/clones-co-monaghan-2011\/\"]}]},{\"@type\":\"ImageObject\",\"inLanguage\":\"ga-IE\",\"@id\":\"https:\/\/www.irishfamine.ie\/ga\/clones-co-monaghan-2011\/#primaryimage\",\"url\":\"https:\/\/www.irishfamine.ie\/app\/uploads\/2021\/05\/National-Famine-Commemoration_Clones-County-Monaghan_2011_-9.jpg\",\"contentUrl\":\"https:\/\/www.irishfamine.ie\/app\/uploads\/2021\/05\/National-Famine-Commemoration_Clones-County-Monaghan_2011_-9.jpg\"},{\"@type\":\"BreadcrumbList\",\"@id\":\"https:\/\/www.irishfamine.ie\/ga\/clones-co-monaghan-2011\/#breadcrumb\",\"itemListElement\":[{\"@type\":\"ListItem\",\"position\":1,\"name\":\"Home\",\"item\":\"https:\/\/www.irishfamine.ie\/ga\/\"},{\"@type\":\"ListItem\",\"position\":2,\"name\":\"Cluain Eois, Contae Mhuineach\u00e1in 2011.\"}]},{\"@type\":\"WebSite\",\"@id\":\"https:\/\/www.irishfamine.ie\/ga\/#website\",\"url\":\"https:\/\/www.irishfamine.ie\/ga\/\",\"name\":\"National Famine Commemoration\",\"description\":\"\",\"publisher\":{\"@id\":\"https:\/\/www.irishfamine.ie\/ga\/#organization\"},\"potentialAction\":[{\"@type\":\"SearchAction\",\"target\":{\"@type\":\"EntryPoint\",\"urlTemplate\":\"https:\/\/www.irishfamine.ie\/ga\/?s={search_term_string}\"},\"query-input\":{\"@type\":\"PropertyValueSpecification\",\"valueRequired\":true,\"valueName\":\"search_term_string\"}}],\"inLanguage\":\"ga-IE\"},{\"@type\":\"Organization\",\"@id\":\"https:\/\/www.irishfamine.ie\/ga\/#organization\",\"name\":\"Department of Tourism, Culture, Arts, Gaeltacht, Sport & Media\",\"url\":\"https:\/\/www.irishfamine.ie\/ga\/\",\"logo\":{\"@type\":\"ImageObject\",\"inLanguage\":\"ga-IE\",\"@id\":\"https:\/\/www.irishfamine.ie\/ga\/#\/schema\/logo\/image\/\",\"url\":\"https:\/\/www.irishfamine.ie\/app\/uploads\/2021\/05\/dep-of-Tourism-Culture-Arts-Gaeltacht-sport-and-media-_logo.png\",\"contentUrl\":\"https:\/\/www.irishfamine.ie\/app\/uploads\/2021\/05\/dep-of-Tourism-Culture-Arts-Gaeltacht-sport-and-media-_logo.png\",\"width\":300,\"height\":148,\"caption\":\"Department of Tourism, Culture, Arts, Gaeltacht, Sport & Media\"},\"image\":{\"@id\":\"https:\/\/www.irishfamine.ie\/ga\/#\/schema\/logo\/image\/\"},\"sameAs\":[\"https:\/\/www.facebook.com\/DepartmentofCultureIRL\/\",\"https:\/\/x.com\/DeptCultureIRL\"]}]}<\/script>\n<!-- \/ Yoast SEO plugin. -->","yoast_head_json":{"title":"Cluain Eois, Contae Mhuineach\u00e1in 2011. - Com\u00f3radh N\u00e1isi\u00fanta an Ghorta Mh\u00f3ir","robots":{"index":"index","follow":"follow","max-snippet":"max-snippet:-1","max-image-preview":"max-image-preview:large","max-video-preview":"max-video-preview:-1"},"canonical":"https:\/\/www.irishfamine.ie\/ga\/clones-co-monaghan-2011\/","og_locale":"ga_IE","og_type":"article","og_title":"Cluain Eois, Contae Mhuineach\u00e1in 2011. - Com\u00f3radh N\u00e1isi\u00fanta an Ghorta Mh\u00f3ir","og_description":"Com\u00f3radh N\u00e1isi\u00fanta an Ghorta Mh\u00f3ir 10\u00fa Me\u00e1n F\u00f3mhair 2011 Cluain Eois, Contae Mhuineach\u00e1in D&#8217;oscail an tUachtar\u00e1n, M\u00e1ire Mhic Giolla \u00cdosa agus a fear c\u00e9ile, Seanad\u00f3ir Martin Mac Giolla \u00cdosa agus Jimmy Deenihan T.D., An tAire Eala\u00edon, Oidhreachta agus Gaeltachta agus Cathaoirleach Coiste Cuimhneach\u00e1in N\u00e1isi\u00fanta an Ghorta Mh\u00f3ir imeacht L\u00e1 Cuimhneach\u00e1in N\u00e1isi\u00fanta an Ghorta Mh\u00f3ir i...","og_url":"https:\/\/www.irishfamine.ie\/ga\/clones-co-monaghan-2011\/","og_site_name":"Com\u00f3radh N\u00e1isi\u00fanta an Ghorta Mh\u00f3ir","article_publisher":"https:\/\/www.facebook.com\/DepartmentofCultureIRL\/","article_modified_time":"2024-05-10T10:45:40+00:00","og_image":[{"url":"https:\/\/www.irishfamine.ie\/app\/uploads\/2021\/05\/National-Famine-Commemoration_Clones-County-Monaghan_2011_-9.jpg","type":"","width":"","height":""}],"twitter_card":"summary_large_image","twitter_site":"@DeptCultureIRL","twitter_misc":{"Est. reading time":"2 minutes"},"schema":{"@context":"https:\/\/schema.org","@graph":[{"@type":"WebPage","@id":"https:\/\/www.irishfamine.ie\/ga\/clones-co-monaghan-2011\/","url":"https:\/\/www.irishfamine.ie\/ga\/clones-co-monaghan-2011\/","name":"Cluain Eois, Contae Mhuineach\u00e1in 2011. - Com\u00f3radh N\u00e1isi\u00fanta an Ghorta Mh\u00f3ir","isPartOf":{"@id":"https:\/\/www.irishfamine.ie\/ga\/#website"},"primaryImageOfPage":{"@id":"https:\/\/www.irishfamine.ie\/ga\/clones-co-monaghan-2011\/#primaryimage"},"image":{"@id":"https:\/\/www.irishfamine.ie\/ga\/clones-co-monaghan-2011\/#primaryimage"},"thumbnailUrl":"https:\/\/www.irishfamine.ie\/app\/uploads\/2021\/05\/National-Famine-Commemoration_Clones-County-Monaghan_2011_-9.jpg","datePublished":"2022-08-19T14:05:07+00:00","dateModified":"2024-05-10T10:45:40+00:00","breadcrumb":{"@id":"https:\/\/www.irishfamine.ie\/ga\/clones-co-monaghan-2011\/#breadcrumb"},"inLanguage":"ga-IE","potentialAction":[{"@type":"ReadAction","target":["https:\/\/www.irishfamine.ie\/ga\/clones-co-monaghan-2011\/"]}]},{"@type":"ImageObject","inLanguage":"ga-IE","@id":"https:\/\/www.irishfamine.ie\/ga\/clones-co-monaghan-2011\/#primaryimage","url":"https:\/\/www.irishfamine.ie\/app\/uploads\/2021\/05\/National-Famine-Commemoration_Clones-County-Monaghan_2011_-9.jpg","contentUrl":"https:\/\/www.irishfamine.ie\/app\/uploads\/2021\/05\/National-Famine-Commemoration_Clones-County-Monaghan_2011_-9.jpg"},{"@type":"BreadcrumbList","@id":"https:\/\/www.irishfamine.ie\/ga\/clones-co-monaghan-2011\/#breadcrumb","itemListElement":[{"@type":"ListItem","position":1,"name":"Home","item":"https:\/\/www.irishfamine.ie\/ga\/"},{"@type":"ListItem","position":2,"name":"Cluain Eois, Contae Mhuineach\u00e1in 2011."}]},{"@type":"WebSite","@id":"https:\/\/www.irishfamine.ie\/ga\/#website","url":"https:\/\/www.irishfamine.ie\/ga\/","name":"National Famine Commemoration","description":"","publisher":{"@id":"https:\/\/www.irishfamine.ie\/ga\/#organization"},"potentialAction":[{"@type":"SearchAction","target":{"@type":"EntryPoint","urlTemplate":"https:\/\/www.irishfamine.ie\/ga\/?s={search_term_string}"},"query-input":{"@type":"PropertyValueSpecification","valueRequired":true,"valueName":"search_term_string"}}],"inLanguage":"ga-IE"},{"@type":"Organization","@id":"https:\/\/www.irishfamine.ie\/ga\/#organization","name":"Department of Tourism, Culture, Arts, Gaeltacht, Sport & Media","url":"https:\/\/www.irishfamine.ie\/ga\/","logo":{"@type":"ImageObject","inLanguage":"ga-IE","@id":"https:\/\/www.irishfamine.ie\/ga\/#\/schema\/logo\/image\/","url":"https:\/\/www.irishfamine.ie\/app\/uploads\/2021\/05\/dep-of-Tourism-Culture-Arts-Gaeltacht-sport-and-media-_logo.png","contentUrl":"https:\/\/www.irishfamine.ie\/app\/uploads\/2021\/05\/dep-of-Tourism-Culture-Arts-Gaeltacht-sport-and-media-_logo.png","width":300,"height":148,"caption":"Department of Tourism, Culture, Arts, Gaeltacht, Sport & Media"},"image":{"@id":"https:\/\/www.irishfamine.ie\/ga\/#\/schema\/logo\/image\/"},"sameAs":["https:\/\/www.facebook.com\/DepartmentofCultureIRL\/","https:\/\/x.com\/DeptCultureIRL"]}]}},"_links":{"self":[{"href":"https:\/\/www.irishfamine.ie\/ga\/wp-json\/wp\/v2\/pages\/3496","targetHints":{"allow":["GET"]}}],"collection":[{"href":"https:\/\/www.irishfamine.ie\/ga\/wp-json\/wp\/v2\/pages"}],"about":[{"href":"https:\/\/www.irishfamine.ie\/ga\/wp-json\/wp\/v2\/types\/page"}],"author":[{"embeddable":true,"href":"https:\/\/www.irishfamine.ie\/ga\/wp-json\/wp\/v2\/users\/3"}],"replies":[{"embeddable":true,"href":"https:\/\/www.irishfamine.ie\/ga\/wp-json\/wp\/v2\/comments?post=3496"}],"version-history":[{"count":3,"href":"https:\/\/www.irishfamine.ie\/ga\/wp-json\/wp\/v2\/pages\/3496\/revisions"}],"predecessor-version":[{"id":3667,"href":"https:\/\/www.irishfamine.ie\/ga\/wp-json\/wp\/v2\/pages\/3496\/revisions\/3667"}],"wp:attachment":[{"href":"https:\/\/www.irishfamine.ie\/ga\/wp-json\/wp\/v2\/media?parent=3496"}],"curies":[{"name":"wp","href":"https:\/\/api.w.org\/{rel}","templated":true}]}}