{"id":3508,"date":"2022-08-17T14:03:21","date_gmt":"2022-08-17T13:03:21","guid":{"rendered":"https:\/\/www.irishfamine.ie\/pairc-na-heireann-toronto-2017\/"},"modified":"2024-04-08T11:58:15","modified_gmt":"2024-04-08T10:58:15","slug":"pairc-na-heireann-toronto-2017","status":"publish","type":"page","link":"https:\/\/www.irishfamine.ie\/ga\/comoradh-a-dheanamh-ar-an-ghorta-mhor\/pairc-na-heireann-toronto-2017\/","title":{"rendered":"P\u00e1irc na h\u00c9ireann, Toronto 2017"},"content":{"rendered":"<p><strong>Rinne an tAire St\u00e1it O\u2019Donovan ionada\u00edocht thar ceann an Rialtais ag Com\u00f3radh Idirn\u00e1isi\u00fanta an Ghorta Mh\u00f3ir 2017, P\u00e1irc na h\u00c9ireann, Toronto<\/strong><\/p>\n<p><a href=\"https:\/\/www.irishfamine.ie\/app\/uploads\/2022\/08\/Irish-Famine-Wreath-T-Sandler-0179.jpg\" data-elementor-open-lightbox=\"yes\" data-elementor-lightbox-slideshow=\"ac9c534\" data-elementor-lightbox-title=\"Irish-Famine-Wreath-T-Sandler-0179\"><img loading=\"lazy\" decoding=\"async\" class=\"aligncenter\" src=\"https:\/\/www.irishfamine.ie\/app\/uploads\/2022\/08\/Irish-Famine-Wreath-T-Sandler-0179.jpg\" sizes=\"auto, (max-width: 426px) 100vw, 426px\" srcset=\"https:\/\/www.irishfamine.ie\/app\/uploads\/2022\/08\/Irish-Famine-Wreath-T-Sandler-0179.jpg 426w, https:\/\/www.irishfamine.ie\/app\/uploads\/2022\/08\/Irish-Famine-Wreath-T-Sandler-0179-200x300.jpg 200w\" alt=\"\" width=\"383\" height=\"575\"><\/a><\/p>\n<h6 style=\"text-align: center;\"><em>(l to r) Ambasad\u00f3ir Jim Kelly, an tAire Patrick O\u2019Donovan T.D., Robert Kearns, Cathaoirleach Fhond\u00faireacht Ph\u00e1irc na h\u00c9ireann, agus an Comhairleoir Joe Cressy<\/em><\/h6>\n<p>Bh\u00ed Cuimhneach\u00e1n Idirn\u00e1isi\u00fanta an Ghorta Mh\u00f3ir do 2017 ar si\u00fal i bP\u00e1irc na h\u00c9ireann Toronto D\u00e9 M\u00e1irt 24 Deireadh F\u00f3mhair. Ba \u00ed P\u00e1irc na h\u00c9ireann, a chom\u00f3radh deich mbliana a haon in 2017, an ch\u00e9ad imeacht com\u00f3rtha thar lear a d\u2019eagraigh Coiste N\u00e1isi\u00fanta Cuimhneach\u00e1in an Ghorta Mh\u00f3ir in \u00f3m\u00f3s agus i gcuimhne d\u00f3ibh si\u00fad a chuaigh ar imirce agus a chuaigh chun na bhfarraig\u00ed le linn An Gorta M\u00f3r.<\/p>\n<p>D\u00fairt an tAire St\u00e1it Patrick O\u2019Donovan T.D., a rinne ionada\u00edocht don Rialtas thar ceann Chathaoirleach Choiste Cuimhneach\u00e1in N\u00e1isi\u00fanta an Ghorta Mh\u00f3ir, an tAire Cult\u00fair, Oidhreachta agus Gaeltachta, Heather Humphreys T.D.:<\/p>\n<p style=\"padding-left: 40px;\"><em>\u201cT\u00e1 s\u00e9 thar a bheith cu\u00ed go bhfuil muid ag filleadh ar Ireland Park in Toronto 170 bliain i ndiaidh na bliana is measa den Ghorta, 47 an Bhr\u00f3in, leis na daoine go l\u00e9ir a d\u2019fhulaing agus a d\u2019\u00e9ag le linn na tr\u00e9imhse uafasa\u00ed sin a thabhairt chun cuimhne, go h\u00e1irithe iad si\u00fad go l\u00e9ir, os cionn 110,000 duine, a thug faoin turas cont\u00fairteach go Ceanada as \u00c9irinn an bhliain sin.\u201d<\/em><\/p>\n<p style=\"padding-left: 40px;\"><em>\u201cN\u00ed ligfidh muintir na h\u00c9ireann an tr\u00e1th millteanach sin d\u00e1r stair i ndearmad go deo, agus n\u00ed dh\u00e9anfaidh muid dearmad ach oiread den fh\u00e1ilte fhlaithi\u00fail a chuir muintir na cathrach agus na t\u00edre seo romhainn, go h\u00e1irithe an cairdeas agus an c\u00fanamh a thug muintir Toronto do na sluaite dobr\u00f3nacha dubhacha a th\u00e1inig chun na t\u00edre.\u201d<\/em><\/p>\n<p>Le linn d\u00f3 a bheith i Toronto thug an tAire O\u2019Donovan cuairt freisin ar shu\u00edomh Ph\u00e1irc nua George Robert Grasset a bh\u00ed \u00e1 forbairt ag Fond\u00faireacht Ph\u00e1irc na h\u00c9ireann. D\u00e9anann an ph\u00e1irc at\u00e1 suite ar shu\u00edomh ospid\u00e9al na nEisimirceach \u00edobairt an iliomad daoine suntasa\u00ed a fuair b\u00e1s agus iad ag tabhairt aire d\u2019imircigh \u00c9ireannacha a bh\u00ed tinn agus ag f\u00e1il bh\u00e1is i Toronto i samhradh na bliana 1847. Dr, Grassett himself died at age 36 in July, 1847 of fever contracted while treating victims of the Famine.<\/p>\n<p>Upon his death the Montreal Witness reported that:<\/p>\n<p style=\"padding-left: 40px;\"><em>\u201cDr. Grasset of Toronto, of whose benevolent efforts the papers speak most highly, has fallen a martyr to the duties as immigrant physician there. He died of the fever.\u201d<\/em><\/p>\n<p>\u00d3 2017 ba \u00e9 seo an tr\u00ed\u00fa Com\u00f3radh Idirn\u00e1isi\u00fanta ar an nGorta M\u00f3r a re\u00e1cht\u00e1ladh i gCeanada. Rinne Toronto \u00f3st\u00e1il freisin ar an gc\u00e9ad chom\u00f3radh in 2009 agus bh\u00ed Cuimhneach\u00e1n 2015 ar si\u00fal i St John, New Brunswick.<\/p>\n<dl class=\"gallery-item\">\n<dt class=\"gallery-icon portrait\"><\/dt>\n<\/dl>\n<p>&nbsp;<\/p>\n","protected":false},"excerpt":{"rendered":"<p>Rinne an tAire St\u00e1it O\u2019Donovan ionada\u00edocht thar ceann an Rialtais ag Com\u00f3radh Idirn\u00e1isi\u00fanta an Ghorta Mh\u00f3ir 2017, P\u00e1irc na h\u00c9ireann, Toronto (l to r) Ambasad\u00f3ir Jim Kelly, an tAire Patrick O\u2019Donovan T.D., Robert Kearns, Cathaoirleach Fhond\u00faireacht Ph\u00e1irc na h\u00c9ireann, agus an Comhairleoir Joe Cressy Bh\u00ed Cuimhneach\u00e1n Idirn\u00e1isi\u00fanta an Ghorta Mh\u00f3ir do 2017 ar si\u00fal i&#8230; <\/p>\n","protected":false},"author":3,"featured_media":0,"parent":3365,"menu_order":0,"comment_status":"closed","ping_status":"closed","template":"full-width.php","meta":{"footnotes":""},"class_list":["post-3508","page","type-page","status-publish","hentry"],"yoast_head":"<!-- This site is optimized with the Yoast SEO plugin v27.2 - https:\/\/yoast.com\/product\/yoast-seo-wordpress\/ -->\n<title>P\u00e1irc na h\u00c9ireann, Toronto 2017 - Com\u00f3radh N\u00e1isi\u00fanta an Ghorta Mh\u00f3ir<\/title>\n<meta name=\"robots\" content=\"index, follow, max-snippet:-1, max-image-preview:large, max-video-preview:-1\" \/>\n<link rel=\"canonical\" href=\"https:\/\/www.irishfamine.ie\/ga\/comoradh-a-dheanamh-ar-an-ghorta-mhor\/pairc-na-heireann-toronto-2017\/\" \/>\n<meta property=\"og:locale\" content=\"ga_IE\" \/>\n<meta property=\"og:type\" content=\"article\" \/>\n<meta property=\"og:title\" content=\"P\u00e1irc na h\u00c9ireann, Toronto 2017 - Com\u00f3radh N\u00e1isi\u00fanta an Ghorta Mh\u00f3ir\" \/>\n<meta property=\"og:description\" content=\"Rinne an tAire St\u00e1it O\u2019Donovan ionada\u00edocht thar ceann an Rialtais ag Com\u00f3radh Idirn\u00e1isi\u00fanta an Ghorta Mh\u00f3ir 2017, P\u00e1irc na h\u00c9ireann, Toronto (l to r) Ambasad\u00f3ir Jim Kelly, an tAire Patrick O\u2019Donovan T.D., Robert Kearns, Cathaoirleach Fhond\u00faireacht Ph\u00e1irc na h\u00c9ireann, agus an Comhairleoir Joe Cressy Bh\u00ed Cuimhneach\u00e1n Idirn\u00e1isi\u00fanta an Ghorta Mh\u00f3ir do 2017 ar si\u00fal i...\" \/>\n<meta property=\"og:url\" content=\"https:\/\/www.irishfamine.ie\/ga\/comoradh-a-dheanamh-ar-an-ghorta-mhor\/pairc-na-heireann-toronto-2017\/\" \/>\n<meta property=\"og:site_name\" content=\"Com\u00f3radh N\u00e1isi\u00fanta an Ghorta Mh\u00f3ir\" \/>\n<meta property=\"article:publisher\" content=\"https:\/\/www.facebook.com\/DepartmentofCultureIRL\/\" \/>\n<meta property=\"article:modified_time\" content=\"2024-04-08T10:58:15+00:00\" \/>\n<meta property=\"og:image\" content=\"https:\/\/www.irishfamine.ie\/app\/uploads\/2022\/08\/Irish-Famine-Wreath-T-Sandler-0179.jpg\" \/>\n<meta name=\"twitter:card\" content=\"summary_large_image\" \/>\n<meta name=\"twitter:site\" content=\"@DeptCultureIRL\" \/>\n<meta name=\"twitter:label1\" content=\"Est. reading time\" \/>\n\t<meta name=\"twitter:data1\" content=\"3 minutes\" \/>\n<script type=\"application\/ld+json\" class=\"yoast-schema-graph\">{\"@context\":\"https:\/\/schema.org\",\"@graph\":[{\"@type\":\"WebPage\",\"@id\":\"https:\/\/www.irishfamine.ie\/ga\/comoradh-a-dheanamh-ar-an-ghorta-mhor\/pairc-na-heireann-toronto-2017\/\",\"url\":\"https:\/\/www.irishfamine.ie\/ga\/comoradh-a-dheanamh-ar-an-ghorta-mhor\/pairc-na-heireann-toronto-2017\/\",\"name\":\"P\u00e1irc na h\u00c9ireann, Toronto 2017 - Com\u00f3radh N\u00e1isi\u00fanta an Ghorta Mh\u00f3ir\",\"isPartOf\":{\"@id\":\"https:\/\/www.irishfamine.ie\/ga\/#website\"},\"primaryImageOfPage\":{\"@id\":\"https:\/\/www.irishfamine.ie\/ga\/comoradh-a-dheanamh-ar-an-ghorta-mhor\/pairc-na-heireann-toronto-2017\/#primaryimage\"},\"image\":{\"@id\":\"https:\/\/www.irishfamine.ie\/ga\/comoradh-a-dheanamh-ar-an-ghorta-mhor\/pairc-na-heireann-toronto-2017\/#primaryimage\"},\"thumbnailUrl\":\"https:\/\/www.irishfamine.ie\/app\/uploads\/2022\/08\/Irish-Famine-Wreath-T-Sandler-0179.jpg\",\"datePublished\":\"2022-08-17T13:03:21+00:00\",\"dateModified\":\"2024-04-08T10:58:15+00:00\",\"breadcrumb\":{\"@id\":\"https:\/\/www.irishfamine.ie\/ga\/comoradh-a-dheanamh-ar-an-ghorta-mhor\/pairc-na-heireann-toronto-2017\/#breadcrumb\"},\"inLanguage\":\"ga-IE\",\"potentialAction\":[{\"@type\":\"ReadAction\",\"target\":[\"https:\/\/www.irishfamine.ie\/ga\/comoradh-a-dheanamh-ar-an-ghorta-mhor\/pairc-na-heireann-toronto-2017\/\"]}]},{\"@type\":\"ImageObject\",\"inLanguage\":\"ga-IE\",\"@id\":\"https:\/\/www.irishfamine.ie\/ga\/comoradh-a-dheanamh-ar-an-ghorta-mhor\/pairc-na-heireann-toronto-2017\/#primaryimage\",\"url\":\"https:\/\/www.irishfamine.ie\/app\/uploads\/2022\/08\/Irish-Famine-Wreath-T-Sandler-0179.jpg\",\"contentUrl\":\"https:\/\/www.irishfamine.ie\/app\/uploads\/2022\/08\/Irish-Famine-Wreath-T-Sandler-0179.jpg\"},{\"@type\":\"BreadcrumbList\",\"@id\":\"https:\/\/www.irishfamine.ie\/ga\/comoradh-a-dheanamh-ar-an-ghorta-mhor\/pairc-na-heireann-toronto-2017\/#breadcrumb\",\"itemListElement\":[{\"@type\":\"ListItem\",\"position\":1,\"name\":\"Home\",\"item\":\"https:\/\/www.irishfamine.ie\/ga\/\"},{\"@type\":\"ListItem\",\"position\":2,\"name\":\"Com\u00f3radh a Dh\u00e9anamh ar an Ghorta Mh\u00f3r\",\"item\":\"https:\/\/www.irishfamine.ie\/ga\/comoradh-a-dheanamh-ar-an-ghorta-mhor\/\"},{\"@type\":\"ListItem\",\"position\":3,\"name\":\"P\u00e1irc na h\u00c9ireann, Toronto 2017\"}]},{\"@type\":\"WebSite\",\"@id\":\"https:\/\/www.irishfamine.ie\/ga\/#website\",\"url\":\"https:\/\/www.irishfamine.ie\/ga\/\",\"name\":\"National Famine Commemoration\",\"description\":\"\",\"publisher\":{\"@id\":\"https:\/\/www.irishfamine.ie\/ga\/#organization\"},\"potentialAction\":[{\"@type\":\"SearchAction\",\"target\":{\"@type\":\"EntryPoint\",\"urlTemplate\":\"https:\/\/www.irishfamine.ie\/ga\/?s={search_term_string}\"},\"query-input\":{\"@type\":\"PropertyValueSpecification\",\"valueRequired\":true,\"valueName\":\"search_term_string\"}}],\"inLanguage\":\"ga-IE\"},{\"@type\":\"Organization\",\"@id\":\"https:\/\/www.irishfamine.ie\/ga\/#organization\",\"name\":\"Department of Tourism, Culture, Arts, Gaeltacht, Sport & Media\",\"url\":\"https:\/\/www.irishfamine.ie\/ga\/\",\"logo\":{\"@type\":\"ImageObject\",\"inLanguage\":\"ga-IE\",\"@id\":\"https:\/\/www.irishfamine.ie\/ga\/#\/schema\/logo\/image\/\",\"url\":\"https:\/\/www.irishfamine.ie\/app\/uploads\/2021\/05\/dep-of-Tourism-Culture-Arts-Gaeltacht-sport-and-media-_logo.png\",\"contentUrl\":\"https:\/\/www.irishfamine.ie\/app\/uploads\/2021\/05\/dep-of-Tourism-Culture-Arts-Gaeltacht-sport-and-media-_logo.png\",\"width\":300,\"height\":148,\"caption\":\"Department of Tourism, Culture, Arts, Gaeltacht, Sport & Media\"},\"image\":{\"@id\":\"https:\/\/www.irishfamine.ie\/ga\/#\/schema\/logo\/image\/\"},\"sameAs\":[\"https:\/\/www.facebook.com\/DepartmentofCultureIRL\/\",\"https:\/\/x.com\/DeptCultureIRL\"]}]}<\/script>\n<!-- \/ Yoast SEO plugin. -->","yoast_head_json":{"title":"P\u00e1irc na h\u00c9ireann, Toronto 2017 - Com\u00f3radh N\u00e1isi\u00fanta an Ghorta Mh\u00f3ir","robots":{"index":"index","follow":"follow","max-snippet":"max-snippet:-1","max-image-preview":"max-image-preview:large","max-video-preview":"max-video-preview:-1"},"canonical":"https:\/\/www.irishfamine.ie\/ga\/comoradh-a-dheanamh-ar-an-ghorta-mhor\/pairc-na-heireann-toronto-2017\/","og_locale":"ga_IE","og_type":"article","og_title":"P\u00e1irc na h\u00c9ireann, Toronto 2017 - Com\u00f3radh N\u00e1isi\u00fanta an Ghorta Mh\u00f3ir","og_description":"Rinne an tAire St\u00e1it O\u2019Donovan ionada\u00edocht thar ceann an Rialtais ag Com\u00f3radh Idirn\u00e1isi\u00fanta an Ghorta Mh\u00f3ir 2017, P\u00e1irc na h\u00c9ireann, Toronto (l to r) Ambasad\u00f3ir Jim Kelly, an tAire Patrick O\u2019Donovan T.D., Robert Kearns, Cathaoirleach Fhond\u00faireacht Ph\u00e1irc na h\u00c9ireann, agus an Comhairleoir Joe Cressy Bh\u00ed Cuimhneach\u00e1n Idirn\u00e1isi\u00fanta an Ghorta Mh\u00f3ir do 2017 ar si\u00fal i...","og_url":"https:\/\/www.irishfamine.ie\/ga\/comoradh-a-dheanamh-ar-an-ghorta-mhor\/pairc-na-heireann-toronto-2017\/","og_site_name":"Com\u00f3radh N\u00e1isi\u00fanta an Ghorta Mh\u00f3ir","article_publisher":"https:\/\/www.facebook.com\/DepartmentofCultureIRL\/","article_modified_time":"2024-04-08T10:58:15+00:00","og_image":[{"url":"https:\/\/www.irishfamine.ie\/app\/uploads\/2022\/08\/Irish-Famine-Wreath-T-Sandler-0179.jpg","type":"","width":"","height":""}],"twitter_card":"summary_large_image","twitter_site":"@DeptCultureIRL","twitter_misc":{"Est. reading time":"3 minutes"},"schema":{"@context":"https:\/\/schema.org","@graph":[{"@type":"WebPage","@id":"https:\/\/www.irishfamine.ie\/ga\/comoradh-a-dheanamh-ar-an-ghorta-mhor\/pairc-na-heireann-toronto-2017\/","url":"https:\/\/www.irishfamine.ie\/ga\/comoradh-a-dheanamh-ar-an-ghorta-mhor\/pairc-na-heireann-toronto-2017\/","name":"P\u00e1irc na h\u00c9ireann, Toronto 2017 - Com\u00f3radh N\u00e1isi\u00fanta an Ghorta Mh\u00f3ir","isPartOf":{"@id":"https:\/\/www.irishfamine.ie\/ga\/#website"},"primaryImageOfPage":{"@id":"https:\/\/www.irishfamine.ie\/ga\/comoradh-a-dheanamh-ar-an-ghorta-mhor\/pairc-na-heireann-toronto-2017\/#primaryimage"},"image":{"@id":"https:\/\/www.irishfamine.ie\/ga\/comoradh-a-dheanamh-ar-an-ghorta-mhor\/pairc-na-heireann-toronto-2017\/#primaryimage"},"thumbnailUrl":"https:\/\/www.irishfamine.ie\/app\/uploads\/2022\/08\/Irish-Famine-Wreath-T-Sandler-0179.jpg","datePublished":"2022-08-17T13:03:21+00:00","dateModified":"2024-04-08T10:58:15+00:00","breadcrumb":{"@id":"https:\/\/www.irishfamine.ie\/ga\/comoradh-a-dheanamh-ar-an-ghorta-mhor\/pairc-na-heireann-toronto-2017\/#breadcrumb"},"inLanguage":"ga-IE","potentialAction":[{"@type":"ReadAction","target":["https:\/\/www.irishfamine.ie\/ga\/comoradh-a-dheanamh-ar-an-ghorta-mhor\/pairc-na-heireann-toronto-2017\/"]}]},{"@type":"ImageObject","inLanguage":"ga-IE","@id":"https:\/\/www.irishfamine.ie\/ga\/comoradh-a-dheanamh-ar-an-ghorta-mhor\/pairc-na-heireann-toronto-2017\/#primaryimage","url":"https:\/\/www.irishfamine.ie\/app\/uploads\/2022\/08\/Irish-Famine-Wreath-T-Sandler-0179.jpg","contentUrl":"https:\/\/www.irishfamine.ie\/app\/uploads\/2022\/08\/Irish-Famine-Wreath-T-Sandler-0179.jpg"},{"@type":"BreadcrumbList","@id":"https:\/\/www.irishfamine.ie\/ga\/comoradh-a-dheanamh-ar-an-ghorta-mhor\/pairc-na-heireann-toronto-2017\/#breadcrumb","itemListElement":[{"@type":"ListItem","position":1,"name":"Home","item":"https:\/\/www.irishfamine.ie\/ga\/"},{"@type":"ListItem","position":2,"name":"Com\u00f3radh a Dh\u00e9anamh ar an Ghorta Mh\u00f3r","item":"https:\/\/www.irishfamine.ie\/ga\/comoradh-a-dheanamh-ar-an-ghorta-mhor\/"},{"@type":"ListItem","position":3,"name":"P\u00e1irc na h\u00c9ireann, Toronto 2017"}]},{"@type":"WebSite","@id":"https:\/\/www.irishfamine.ie\/ga\/#website","url":"https:\/\/www.irishfamine.ie\/ga\/","name":"National Famine Commemoration","description":"","publisher":{"@id":"https:\/\/www.irishfamine.ie\/ga\/#organization"},"potentialAction":[{"@type":"SearchAction","target":{"@type":"EntryPoint","urlTemplate":"https:\/\/www.irishfamine.ie\/ga\/?s={search_term_string}"},"query-input":{"@type":"PropertyValueSpecification","valueRequired":true,"valueName":"search_term_string"}}],"inLanguage":"ga-IE"},{"@type":"Organization","@id":"https:\/\/www.irishfamine.ie\/ga\/#organization","name":"Department of Tourism, Culture, Arts, Gaeltacht, Sport & Media","url":"https:\/\/www.irishfamine.ie\/ga\/","logo":{"@type":"ImageObject","inLanguage":"ga-IE","@id":"https:\/\/www.irishfamine.ie\/ga\/#\/schema\/logo\/image\/","url":"https:\/\/www.irishfamine.ie\/app\/uploads\/2021\/05\/dep-of-Tourism-Culture-Arts-Gaeltacht-sport-and-media-_logo.png","contentUrl":"https:\/\/www.irishfamine.ie\/app\/uploads\/2021\/05\/dep-of-Tourism-Culture-Arts-Gaeltacht-sport-and-media-_logo.png","width":300,"height":148,"caption":"Department of Tourism, Culture, Arts, Gaeltacht, Sport & Media"},"image":{"@id":"https:\/\/www.irishfamine.ie\/ga\/#\/schema\/logo\/image\/"},"sameAs":["https:\/\/www.facebook.com\/DepartmentofCultureIRL\/","https:\/\/x.com\/DeptCultureIRL"]}]}},"_links":{"self":[{"href":"https:\/\/www.irishfamine.ie\/ga\/wp-json\/wp\/v2\/pages\/3508","targetHints":{"allow":["GET"]}}],"collection":[{"href":"https:\/\/www.irishfamine.ie\/ga\/wp-json\/wp\/v2\/pages"}],"about":[{"href":"https:\/\/www.irishfamine.ie\/ga\/wp-json\/wp\/v2\/types\/page"}],"author":[{"embeddable":true,"href":"https:\/\/www.irishfamine.ie\/ga\/wp-json\/wp\/v2\/users\/3"}],"replies":[{"embeddable":true,"href":"https:\/\/www.irishfamine.ie\/ga\/wp-json\/wp\/v2\/comments?post=3508"}],"version-history":[{"count":1,"href":"https:\/\/www.irishfamine.ie\/ga\/wp-json\/wp\/v2\/pages\/3508\/revisions"}],"predecessor-version":[{"id":3509,"href":"https:\/\/www.irishfamine.ie\/ga\/wp-json\/wp\/v2\/pages\/3508\/revisions\/3509"}],"up":[{"embeddable":true,"href":"https:\/\/www.irishfamine.ie\/ga\/wp-json\/wp\/v2\/pages\/3365"}],"wp:attachment":[{"href":"https:\/\/www.irishfamine.ie\/ga\/wp-json\/wp\/v2\/media?parent=3508"}],"curies":[{"name":"wp","href":"https:\/\/api.w.org\/{rel}","templated":true}]}}