{"id":3516,"date":"2022-08-19T12:19:25","date_gmt":"2022-08-19T11:19:25","guid":{"rendered":"https:\/\/www.irishfamine.ie\/sydney-2013\/"},"modified":"2024-05-10T12:02:38","modified_gmt":"2024-05-10T11:02:38","slug":"sydney-2013","status":"publish","type":"page","link":"https:\/\/www.irishfamine.ie\/ga\/sydney-2013\/","title":{"rendered":"Sydney 2013"},"content":{"rendered":"<h6><em>Com\u00f3radh Idirn\u00e1isi\u00fanta an Ghorta Mh\u00f3ir<br \/>\n25\u00fa L\u00fanasa 2013<br \/>\nHyde Park Barracks,<br \/>\nSydney<\/em><\/h6>\n<p>Tharla Com\u00f3radh Idirn\u00e1isi\u00fanta an Ghorta Mh\u00f3ir 2013 in Sydney.<\/p>\n<style type=\"text\/css\">\n\t\t\t#gallery-1 {<br \/>\n\t\t\t\tmargin: auto;<br \/>\n\t\t\t}<br \/>\n\t\t\t#gallery-1 .gallery-item {<br \/>\n\t\t\t\tfloat: left;<br \/>\n\t\t\t\tmargin-top: 10px;<br \/>\n\t\t\t\ttext-align: center;<br \/>\n\t\t\t\twidth: 25%;<br \/>\n\t\t\t}<br \/>\n\t\t\t#gallery-1 img {<br \/>\n\t\t\t\tborder: 2px solid #cfcfcf;<br \/>\n\t\t\t}<br \/>\n\t\t\t#gallery-1 .gallery-caption {<br \/>\n\t\t\t\tmargin-left: 0;<br \/>\n\t\t\t}<br \/>\n\t\t\t\/* see gallery_shortcode() in wp-includes\/media.php *\/<br \/>\n\t\t<\/style>\n<dl class=\"gallery-item\">\n<dt class=\"gallery-icon landscape\"><a href=\"https:\/\/www.irishfamine.ie\/app\/uploads\/2021\/05\/International-Famine-Commemoration-Sydney-2013_-17.jpg\" data-elementor-open-lightbox=\"yes\" data-elementor-lightbox-slideshow=\"f1bebd6\" data-elementor-lightbox-title=\"International-Famine-Commemoration-Sydney-2013_-(17)\"><img loading=\"lazy\" decoding=\"async\" src=\"https:\/\/www.irishfamine.ie\/app\/uploads\/2021\/05\/International-Famine-Commemoration-Sydney-2013_-17.jpg\" sizes=\"auto, (max-width: 512px) 100vw, 512px\" srcset=\"https:\/\/www.irishfamine.ie\/app\/uploads\/2021\/05\/International-Famine-Commemoration-Sydney-2013_-17.jpg 512w, https:\/\/www.irishfamine.ie\/app\/uploads\/2021\/05\/International-Famine-Commemoration-Sydney-2013_-17-300x200.jpg 300w\" alt=\"\" width=\"512\" height=\"342\" \/><\/a><\/dt>\n<\/dl>\n<dl class=\"gallery-item\">\n<dt class=\"gallery-icon landscape\"><a href=\"https:\/\/www.irishfamine.ie\/app\/uploads\/2021\/05\/International-Famine-Commemoration-Sydney-2013_-16.jpg\" data-elementor-open-lightbox=\"yes\" data-elementor-lightbox-slideshow=\"f1bebd6\" data-elementor-lightbox-title=\"International-Famine-Commemoration-Sydney-2013_-(16)\"><img loading=\"lazy\" decoding=\"async\" src=\"https:\/\/www.irishfamine.ie\/app\/uploads\/2021\/05\/International-Famine-Commemoration-Sydney-2013_-16.jpg\" sizes=\"auto, (max-width: 512px) 100vw, 512px\" srcset=\"https:\/\/www.irishfamine.ie\/app\/uploads\/2021\/05\/International-Famine-Commemoration-Sydney-2013_-16.jpg 512w, https:\/\/www.irishfamine.ie\/app\/uploads\/2021\/05\/International-Famine-Commemoration-Sydney-2013_-16-300x200.jpg 300w\" alt=\"\" width=\"512\" height=\"342\" \/><\/a><\/dt>\n<\/dl>\n<dl class=\"gallery-item\">\n<dt class=\"gallery-icon landscape\"><a href=\"https:\/\/www.irishfamine.ie\/app\/uploads\/2021\/05\/International-Famine-Commemoration-Sydney-2013_-14.jpg\" data-elementor-open-lightbox=\"yes\" data-elementor-lightbox-slideshow=\"f1bebd6\" data-elementor-lightbox-title=\"International-Famine-Commemoration-Sydney-2013_-(14)\"><img loading=\"lazy\" decoding=\"async\" src=\"https:\/\/www.irishfamine.ie\/app\/uploads\/2021\/05\/International-Famine-Commemoration-Sydney-2013_-14.jpg\" sizes=\"auto, (max-width: 512px) 100vw, 512px\" srcset=\"https:\/\/www.irishfamine.ie\/app\/uploads\/2021\/05\/International-Famine-Commemoration-Sydney-2013_-14.jpg 512w, https:\/\/www.irishfamine.ie\/app\/uploads\/2021\/05\/International-Famine-Commemoration-Sydney-2013_-14-300x200.jpg 300w\" alt=\"\" width=\"512\" height=\"342\" \/><\/a><\/dt>\n<\/dl>\n<dl class=\"gallery-item\">\n<dt class=\"gallery-icon landscape\"><a href=\"https:\/\/www.irishfamine.ie\/app\/uploads\/2021\/05\/International-Famine-Commemoration-Sydney-2013_-13.jpg\" data-elementor-open-lightbox=\"yes\" data-elementor-lightbox-slideshow=\"f1bebd6\" data-elementor-lightbox-title=\"International-Famine-Commemoration-Sydney-2013_-(13)\"><img loading=\"lazy\" decoding=\"async\" src=\"https:\/\/www.irishfamine.ie\/app\/uploads\/2021\/05\/International-Famine-Commemoration-Sydney-2013_-13.jpg\" sizes=\"auto, (max-width: 512px) 100vw, 512px\" srcset=\"https:\/\/www.irishfamine.ie\/app\/uploads\/2021\/05\/International-Famine-Commemoration-Sydney-2013_-13.jpg 512w, https:\/\/www.irishfamine.ie\/app\/uploads\/2021\/05\/International-Famine-Commemoration-Sydney-2013_-13-300x200.jpg 300w\" alt=\"\" width=\"512\" height=\"342\" \/><\/a><\/dt>\n<\/dl>\n<p>&nbsp;<\/p>\n<dl class=\"gallery-item\">\n<dt class=\"gallery-icon landscape\"><a href=\"https:\/\/www.irishfamine.ie\/app\/uploads\/2021\/05\/International-Famine-Commemoration-Sydney-2013_-12.jpg\" data-elementor-open-lightbox=\"yes\" data-elementor-lightbox-slideshow=\"f1bebd6\" data-elementor-lightbox-title=\"International-Famine-Commemoration-Sydney-2013_-(12)\"><img loading=\"lazy\" decoding=\"async\" src=\"https:\/\/www.irishfamine.ie\/app\/uploads\/2021\/05\/International-Famine-Commemoration-Sydney-2013_-12.jpg\" sizes=\"auto, (max-width: 512px) 100vw, 512px\" srcset=\"https:\/\/www.irishfamine.ie\/app\/uploads\/2021\/05\/International-Famine-Commemoration-Sydney-2013_-12.jpg 512w, https:\/\/www.irishfamine.ie\/app\/uploads\/2021\/05\/International-Famine-Commemoration-Sydney-2013_-12-300x200.jpg 300w\" alt=\"\" width=\"512\" height=\"342\" \/><\/a><\/dt>\n<\/dl>\n<dl class=\"gallery-item\">\n<dt class=\"gallery-icon landscape\"><a href=\"https:\/\/www.irishfamine.ie\/app\/uploads\/2021\/05\/International-Famine-Commemoration-Sydney-2013_-11.jpg\" data-elementor-open-lightbox=\"yes\" data-elementor-lightbox-slideshow=\"f1bebd6\" data-elementor-lightbox-title=\"International-Famine-Commemoration-Sydney-2013_-(11)\"><img loading=\"lazy\" decoding=\"async\" src=\"https:\/\/www.irishfamine.ie\/app\/uploads\/2021\/05\/International-Famine-Commemoration-Sydney-2013_-11.jpg\" sizes=\"auto, (max-width: 512px) 100vw, 512px\" srcset=\"https:\/\/www.irishfamine.ie\/app\/uploads\/2021\/05\/International-Famine-Commemoration-Sydney-2013_-11.jpg 512w, https:\/\/www.irishfamine.ie\/app\/uploads\/2021\/05\/International-Famine-Commemoration-Sydney-2013_-11-300x200.jpg 300w\" alt=\"\" width=\"512\" height=\"342\" \/><\/a><\/dt>\n<\/dl>\n<dl class=\"gallery-item\">\n<dt class=\"gallery-icon landscape\"><a href=\"https:\/\/www.irishfamine.ie\/app\/uploads\/2021\/05\/International-Famine-Commemoration-Sydney-2013_-10.jpg\" data-elementor-open-lightbox=\"yes\" data-elementor-lightbox-slideshow=\"f1bebd6\" data-elementor-lightbox-title=\"International-Famine-Commemoration-Sydney-2013_-(10)\"><img loading=\"lazy\" decoding=\"async\" src=\"https:\/\/www.irishfamine.ie\/app\/uploads\/2021\/05\/International-Famine-Commemoration-Sydney-2013_-10.jpg\" sizes=\"auto, (max-width: 512px) 100vw, 512px\" srcset=\"https:\/\/www.irishfamine.ie\/app\/uploads\/2021\/05\/International-Famine-Commemoration-Sydney-2013_-10.jpg 512w, https:\/\/www.irishfamine.ie\/app\/uploads\/2021\/05\/International-Famine-Commemoration-Sydney-2013_-10-300x200.jpg 300w\" alt=\"\" width=\"512\" height=\"342\" \/><\/a><\/dt>\n<\/dl>\n<dl class=\"gallery-item\">\n<dt class=\"gallery-icon landscape\"><a href=\"https:\/\/www.irishfamine.ie\/app\/uploads\/2021\/05\/International-Famine-Commemoration-Sydney-2013_-9.jpg\" data-elementor-open-lightbox=\"yes\" data-elementor-lightbox-slideshow=\"f1bebd6\" data-elementor-lightbox-title=\"International-Famine-Commemoration-Sydney-2013_-(9)\"><img loading=\"lazy\" decoding=\"async\" src=\"https:\/\/www.irishfamine.ie\/app\/uploads\/2021\/05\/International-Famine-Commemoration-Sydney-2013_-9.jpg\" sizes=\"auto, (max-width: 512px) 100vw, 512px\" srcset=\"https:\/\/www.irishfamine.ie\/app\/uploads\/2021\/05\/International-Famine-Commemoration-Sydney-2013_-9.jpg 512w, https:\/\/www.irishfamine.ie\/app\/uploads\/2021\/05\/International-Famine-Commemoration-Sydney-2013_-9-300x200.jpg 300w\" alt=\"\" width=\"512\" height=\"342\" \/><\/a><\/dt>\n<\/dl>\n<p>&nbsp;<\/p>\n<dl class=\"gallery-item\">\n<dt class=\"gallery-icon landscape\"><a href=\"https:\/\/www.irishfamine.ie\/app\/uploads\/2021\/05\/International-Famine-Commemoration-Sydney-2013_-8.jpg\" data-elementor-open-lightbox=\"yes\" data-elementor-lightbox-slideshow=\"f1bebd6\" data-elementor-lightbox-title=\"International-Famine-Commemoration-Sydney-2013_-(8)\"><img loading=\"lazy\" decoding=\"async\" src=\"https:\/\/www.irishfamine.ie\/app\/uploads\/2021\/05\/International-Famine-Commemoration-Sydney-2013_-8.jpg\" sizes=\"auto, (max-width: 512px) 100vw, 512px\" srcset=\"https:\/\/www.irishfamine.ie\/app\/uploads\/2021\/05\/International-Famine-Commemoration-Sydney-2013_-8.jpg 512w, https:\/\/www.irishfamine.ie\/app\/uploads\/2021\/05\/International-Famine-Commemoration-Sydney-2013_-8-300x200.jpg 300w\" alt=\"\" width=\"512\" height=\"342\" \/><\/a><\/dt>\n<\/dl>\n<dl class=\"gallery-item\">\n<dt class=\"gallery-icon landscape\"><a href=\"https:\/\/www.irishfamine.ie\/app\/uploads\/2021\/05\/International-Famine-Commemoration-Sydney-2013_7.jpg\" data-elementor-open-lightbox=\"yes\" data-elementor-lightbox-slideshow=\"f1bebd6\" data-elementor-lightbox-title=\"International-Famine-Commemoration-Sydney-2013_(7)\"><img loading=\"lazy\" decoding=\"async\" src=\"https:\/\/www.irishfamine.ie\/app\/uploads\/2021\/05\/International-Famine-Commemoration-Sydney-2013_7.jpg\" sizes=\"auto, (max-width: 512px) 100vw, 512px\" srcset=\"https:\/\/www.irishfamine.ie\/app\/uploads\/2021\/05\/International-Famine-Commemoration-Sydney-2013_7.jpg 512w, https:\/\/www.irishfamine.ie\/app\/uploads\/2021\/05\/International-Famine-Commemoration-Sydney-2013_7-300x200.jpg 300w\" alt=\"\" width=\"512\" height=\"342\" \/><\/a><\/dt>\n<\/dl>\n<dl class=\"gallery-item\">\n<dt class=\"gallery-icon landscape\"><a href=\"https:\/\/www.irishfamine.ie\/app\/uploads\/2021\/05\/International-Famine-Commemoration-Sydney-2013_6.jpg\" data-elementor-open-lightbox=\"yes\" data-elementor-lightbox-slideshow=\"f1bebd6\" data-elementor-lightbox-title=\"International-Famine-Commemoration-Sydney-2013_(6)\"><img loading=\"lazy\" decoding=\"async\" src=\"https:\/\/www.irishfamine.ie\/app\/uploads\/2021\/05\/International-Famine-Commemoration-Sydney-2013_6.jpg\" sizes=\"auto, (max-width: 512px) 100vw, 512px\" srcset=\"https:\/\/www.irishfamine.ie\/app\/uploads\/2021\/05\/International-Famine-Commemoration-Sydney-2013_6.jpg 512w, https:\/\/www.irishfamine.ie\/app\/uploads\/2021\/05\/International-Famine-Commemoration-Sydney-2013_6-300x200.jpg 300w\" alt=\"\" width=\"512\" height=\"342\" \/><\/a><\/dt>\n<\/dl>\n<dl class=\"gallery-item\">\n<dt class=\"gallery-icon landscape\"><a href=\"https:\/\/www.irishfamine.ie\/app\/uploads\/2021\/05\/International-Famine-Commemoration-Sydney-2013_1.jpg\" data-elementor-open-lightbox=\"yes\" data-elementor-lightbox-slideshow=\"f1bebd6\" data-elementor-lightbox-title=\"International-Famine-Commemoration-Sydney-2013_(1)\"><img loading=\"lazy\" decoding=\"async\" src=\"https:\/\/www.irishfamine.ie\/app\/uploads\/2021\/05\/International-Famine-Commemoration-Sydney-2013_1.jpg\" sizes=\"auto, (max-width: 512px) 100vw, 512px\" srcset=\"https:\/\/www.irishfamine.ie\/app\/uploads\/2021\/05\/International-Famine-Commemoration-Sydney-2013_1.jpg 512w, https:\/\/www.irishfamine.ie\/app\/uploads\/2021\/05\/International-Famine-Commemoration-Sydney-2013_1-300x200.jpg 300w\" alt=\"\" width=\"512\" height=\"342\" \/><\/a><\/dt>\n<\/dl>\n<p>&nbsp;<\/p>\n<dl class=\"gallery-item\">\n<dt class=\"gallery-icon landscape\"><a href=\"https:\/\/www.irishfamine.ie\/app\/uploads\/2021\/05\/International-Famine-Commemoration-Sydney-2013_2.jpg\" data-elementor-open-lightbox=\"yes\" data-elementor-lightbox-slideshow=\"f1bebd6\" data-elementor-lightbox-title=\"International-Famine-Commemoration-Sydney-2013_(2)\"><img loading=\"lazy\" decoding=\"async\" src=\"https:\/\/www.irishfamine.ie\/app\/uploads\/2021\/05\/International-Famine-Commemoration-Sydney-2013_2.jpg\" sizes=\"auto, (max-width: 512px) 100vw, 512px\" srcset=\"https:\/\/www.irishfamine.ie\/app\/uploads\/2021\/05\/International-Famine-Commemoration-Sydney-2013_2.jpg 512w, https:\/\/www.irishfamine.ie\/app\/uploads\/2021\/05\/International-Famine-Commemoration-Sydney-2013_2-300x200.jpg 300w\" alt=\"\" width=\"512\" height=\"342\" \/><\/a><\/dt>\n<\/dl>\n<dl class=\"gallery-item\">\n<dt class=\"gallery-icon portrait\"><a href=\"https:\/\/www.irishfamine.ie\/app\/uploads\/2021\/05\/International-Famine-Commemoration-Sydney-2013_4.jpg\" data-elementor-open-lightbox=\"yes\" data-elementor-lightbox-slideshow=\"f1bebd6\" data-elementor-lightbox-title=\"International-Famine-Commemoration-Sydney-2013_(4)\"><img loading=\"lazy\" decoding=\"async\" src=\"https:\/\/www.irishfamine.ie\/app\/uploads\/2021\/05\/International-Famine-Commemoration-Sydney-2013_4.jpg\" sizes=\"auto, (max-width: 342px) 100vw, 342px\" srcset=\"https:\/\/www.irishfamine.ie\/app\/uploads\/2021\/05\/International-Famine-Commemoration-Sydney-2013_4.jpg 342w, https:\/\/www.irishfamine.ie\/app\/uploads\/2021\/05\/International-Famine-Commemoration-Sydney-2013_4-200x300.jpg 200w\" alt=\"\" width=\"342\" height=\"513\" \/><\/a><\/dt>\n<\/dl>\n<dl class=\"gallery-item\">\n<dt class=\"gallery-icon portrait\"><a href=\"https:\/\/www.irishfamine.ie\/app\/uploads\/2021\/05\/International-Famine-Commemoration-Sydney-2013_3.jpg\" data-elementor-open-lightbox=\"yes\" data-elementor-lightbox-slideshow=\"f1bebd6\" data-elementor-lightbox-title=\"International-Famine-Commemoration-Sydney-2013_(3)\"><img loading=\"lazy\" decoding=\"async\" src=\"https:\/\/www.irishfamine.ie\/app\/uploads\/2021\/05\/International-Famine-Commemoration-Sydney-2013_3.jpg\" sizes=\"auto, (max-width: 342px) 100vw, 342px\" srcset=\"https:\/\/www.irishfamine.ie\/app\/uploads\/2021\/05\/International-Famine-Commemoration-Sydney-2013_3.jpg 342w, https:\/\/www.irishfamine.ie\/app\/uploads\/2021\/05\/International-Famine-Commemoration-Sydney-2013_3-200x300.jpg 200w\" alt=\"\" width=\"342\" height=\"513\" \/><\/a><\/dt>\n<\/dl>\n<dl class=\"gallery-item\">\n<dt class=\"gallery-icon portrait\"><a href=\"https:\/\/www.irishfamine.ie\/app\/uploads\/2021\/05\/International-Famine-Commemoration-Sydney-2013_5.jpg\" data-elementor-open-lightbox=\"yes\" data-elementor-lightbox-slideshow=\"f1bebd6\" data-elementor-lightbox-title=\"International-Famine-Commemoration-Sydney-2013_(5)\"><img loading=\"lazy\" decoding=\"async\" src=\"https:\/\/www.irishfamine.ie\/app\/uploads\/2021\/05\/International-Famine-Commemoration-Sydney-2013_5.jpg\" sizes=\"auto, (max-width: 342px) 100vw, 342px\" srcset=\"https:\/\/www.irishfamine.ie\/app\/uploads\/2021\/05\/International-Famine-Commemoration-Sydney-2013_5.jpg 342w, https:\/\/www.irishfamine.ie\/app\/uploads\/2021\/05\/International-Famine-Commemoration-Sydney-2013_5-200x300.jpg 200w\" alt=\"\" width=\"342\" height=\"513\" \/><\/a><\/dt>\n<\/dl>\n<p>&nbsp;<\/p>\n<dl class=\"gallery-item\">\n<dt class=\"gallery-icon portrait\"><a href=\"https:\/\/www.irishfamine.ie\/app\/uploads\/2021\/05\/International-Famine-Commemoration-Sydney-2013_18.jpg\" data-elementor-open-lightbox=\"yes\" data-elementor-lightbox-slideshow=\"f1bebd6\" data-elementor-lightbox-title=\"International-Famine-Commemoration-Sydney-2013_(18)\"><img loading=\"lazy\" decoding=\"async\" src=\"https:\/\/www.irishfamine.ie\/app\/uploads\/2021\/05\/International-Famine-Commemoration-Sydney-2013_18.jpg\" sizes=\"auto, (max-width: 342px) 100vw, 342px\" srcset=\"https:\/\/www.irishfamine.ie\/app\/uploads\/2021\/05\/International-Famine-Commemoration-Sydney-2013_18.jpg 342w, https:\/\/www.irishfamine.ie\/app\/uploads\/2021\/05\/International-Famine-Commemoration-Sydney-2013_18-200x300.jpg 200w\" alt=\"\" width=\"342\" height=\"513\" \/><\/a><\/dt>\n<\/dl>\n<dl class=\"gallery-item\">\n<dt class=\"gallery-icon portrait\"><a href=\"https:\/\/www.irishfamine.ie\/app\/uploads\/2021\/05\/International-Famine-Commemoration-Sydney-2013_-15.jpg\" data-elementor-open-lightbox=\"yes\" data-elementor-lightbox-slideshow=\"f1bebd6\" data-elementor-lightbox-title=\"International-Famine-Commemoration-Sydney-2013_-(15)\"><img loading=\"lazy\" decoding=\"async\" src=\"https:\/\/www.irishfamine.ie\/app\/uploads\/2021\/05\/International-Famine-Commemoration-Sydney-2013_-15.jpg\" sizes=\"auto, (max-width: 342px) 100vw, 342px\" srcset=\"https:\/\/www.irishfamine.ie\/app\/uploads\/2021\/05\/International-Famine-Commemoration-Sydney-2013_-15.jpg 342w, https:\/\/www.irishfamine.ie\/app\/uploads\/2021\/05\/International-Famine-Commemoration-Sydney-2013_-15-200x300.jpg 200w\" alt=\"\" width=\"342\" height=\"513\" \/><\/a><\/dt>\n<\/dl>\n<p>&nbsp;<\/p>\n","protected":false},"excerpt":{"rendered":"<p>Com\u00f3radh Idirn\u00e1isi\u00fanta an Ghorta Mh\u00f3ir 25\u00fa L\u00fanasa 2013 Hyde Park Barracks, Sydney Tharla Com\u00f3radh Idirn\u00e1isi\u00fanta an Ghorta Mh\u00f3ir 2013 in Sydney. &nbsp; &nbsp; &nbsp; &nbsp; &nbsp;<\/p>\n","protected":false},"author":3,"featured_media":0,"parent":0,"menu_order":0,"comment_status":"closed","ping_status":"closed","template":"full-width.php","meta":{"footnotes":""},"class_list":["post-3516","page","type-page","status-publish","hentry"],"yoast_head":"<!-- This site is optimized with the Yoast SEO plugin v27.2 - https:\/\/yoast.com\/product\/yoast-seo-wordpress\/ -->\n<title>Sydney 2013 - Com\u00f3radh N\u00e1isi\u00fanta an Ghorta Mh\u00f3ir<\/title>\n<meta name=\"robots\" content=\"index, follow, max-snippet:-1, max-image-preview:large, max-video-preview:-1\" \/>\n<link rel=\"canonical\" href=\"https:\/\/www.irishfamine.ie\/ga\/sydney-2013\/\" \/>\n<meta property=\"og:locale\" content=\"ga_IE\" \/>\n<meta property=\"og:type\" content=\"article\" \/>\n<meta property=\"og:title\" content=\"Sydney 2013 - Com\u00f3radh N\u00e1isi\u00fanta an Ghorta Mh\u00f3ir\" \/>\n<meta property=\"og:description\" content=\"Com\u00f3radh Idirn\u00e1isi\u00fanta an Ghorta Mh\u00f3ir 25\u00fa L\u00fanasa 2013 Hyde Park Barracks, Sydney Tharla Com\u00f3radh Idirn\u00e1isi\u00fanta an Ghorta Mh\u00f3ir 2013 in Sydney. &nbsp; &nbsp; &nbsp; &nbsp; &nbsp;\" \/>\n<meta property=\"og:url\" content=\"https:\/\/www.irishfamine.ie\/ga\/sydney-2013\/\" \/>\n<meta property=\"og:site_name\" content=\"Com\u00f3radh N\u00e1isi\u00fanta an Ghorta Mh\u00f3ir\" \/>\n<meta property=\"article:publisher\" content=\"https:\/\/www.facebook.com\/DepartmentofCultureIRL\/\" \/>\n<meta property=\"article:modified_time\" content=\"2024-05-10T11:02:38+00:00\" \/>\n<meta property=\"og:image\" content=\"https:\/\/www.irishfamine.ie\/app\/uploads\/2021\/05\/International-Famine-Commemoration-Sydney-2013_-17.jpg\" \/>\n<meta name=\"twitter:card\" content=\"summary_large_image\" \/>\n<meta name=\"twitter:site\" content=\"@DeptCultureIRL\" \/>\n<script type=\"application\/ld+json\" class=\"yoast-schema-graph\">{\"@context\":\"https:\/\/schema.org\",\"@graph\":[{\"@type\":\"WebPage\",\"@id\":\"https:\/\/www.irishfamine.ie\/ga\/sydney-2013\/\",\"url\":\"https:\/\/www.irishfamine.ie\/ga\/sydney-2013\/\",\"name\":\"Sydney 2013 - Com\u00f3radh N\u00e1isi\u00fanta an Ghorta Mh\u00f3ir\",\"isPartOf\":{\"@id\":\"https:\/\/www.irishfamine.ie\/ga\/#website\"},\"primaryImageOfPage\":{\"@id\":\"https:\/\/www.irishfamine.ie\/ga\/sydney-2013\/#primaryimage\"},\"image\":{\"@id\":\"https:\/\/www.irishfamine.ie\/ga\/sydney-2013\/#primaryimage\"},\"thumbnailUrl\":\"https:\/\/www.irishfamine.ie\/app\/uploads\/2021\/05\/International-Famine-Commemoration-Sydney-2013_-17.jpg\",\"datePublished\":\"2022-08-19T11:19:25+00:00\",\"dateModified\":\"2024-05-10T11:02:38+00:00\",\"breadcrumb\":{\"@id\":\"https:\/\/www.irishfamine.ie\/ga\/sydney-2013\/#breadcrumb\"},\"inLanguage\":\"ga-IE\",\"potentialAction\":[{\"@type\":\"ReadAction\",\"target\":[\"https:\/\/www.irishfamine.ie\/ga\/sydney-2013\/\"]}]},{\"@type\":\"ImageObject\",\"inLanguage\":\"ga-IE\",\"@id\":\"https:\/\/www.irishfamine.ie\/ga\/sydney-2013\/#primaryimage\",\"url\":\"https:\/\/www.irishfamine.ie\/app\/uploads\/2021\/05\/International-Famine-Commemoration-Sydney-2013_-17.jpg\",\"contentUrl\":\"https:\/\/www.irishfamine.ie\/app\/uploads\/2021\/05\/International-Famine-Commemoration-Sydney-2013_-17.jpg\"},{\"@type\":\"BreadcrumbList\",\"@id\":\"https:\/\/www.irishfamine.ie\/ga\/sydney-2013\/#breadcrumb\",\"itemListElement\":[{\"@type\":\"ListItem\",\"position\":1,\"name\":\"Home\",\"item\":\"https:\/\/www.irishfamine.ie\/ga\/\"},{\"@type\":\"ListItem\",\"position\":2,\"name\":\"Sydney 2013\"}]},{\"@type\":\"WebSite\",\"@id\":\"https:\/\/www.irishfamine.ie\/ga\/#website\",\"url\":\"https:\/\/www.irishfamine.ie\/ga\/\",\"name\":\"National Famine Commemoration\",\"description\":\"\",\"publisher\":{\"@id\":\"https:\/\/www.irishfamine.ie\/ga\/#organization\"},\"potentialAction\":[{\"@type\":\"SearchAction\",\"target\":{\"@type\":\"EntryPoint\",\"urlTemplate\":\"https:\/\/www.irishfamine.ie\/ga\/?s={search_term_string}\"},\"query-input\":{\"@type\":\"PropertyValueSpecification\",\"valueRequired\":true,\"valueName\":\"search_term_string\"}}],\"inLanguage\":\"ga-IE\"},{\"@type\":\"Organization\",\"@id\":\"https:\/\/www.irishfamine.ie\/ga\/#organization\",\"name\":\"Department of Tourism, Culture, Arts, Gaeltacht, Sport & Media\",\"url\":\"https:\/\/www.irishfamine.ie\/ga\/\",\"logo\":{\"@type\":\"ImageObject\",\"inLanguage\":\"ga-IE\",\"@id\":\"https:\/\/www.irishfamine.ie\/ga\/#\/schema\/logo\/image\/\",\"url\":\"https:\/\/www.irishfamine.ie\/app\/uploads\/2021\/05\/dep-of-Tourism-Culture-Arts-Gaeltacht-sport-and-media-_logo.png\",\"contentUrl\":\"https:\/\/www.irishfamine.ie\/app\/uploads\/2021\/05\/dep-of-Tourism-Culture-Arts-Gaeltacht-sport-and-media-_logo.png\",\"width\":300,\"height\":148,\"caption\":\"Department of Tourism, Culture, Arts, Gaeltacht, Sport & Media\"},\"image\":{\"@id\":\"https:\/\/www.irishfamine.ie\/ga\/#\/schema\/logo\/image\/\"},\"sameAs\":[\"https:\/\/www.facebook.com\/DepartmentofCultureIRL\/\",\"https:\/\/x.com\/DeptCultureIRL\"]}]}<\/script>\n<!-- \/ Yoast SEO plugin. -->","yoast_head_json":{"title":"Sydney 2013 - Com\u00f3radh N\u00e1isi\u00fanta an Ghorta Mh\u00f3ir","robots":{"index":"index","follow":"follow","max-snippet":"max-snippet:-1","max-image-preview":"max-image-preview:large","max-video-preview":"max-video-preview:-1"},"canonical":"https:\/\/www.irishfamine.ie\/ga\/sydney-2013\/","og_locale":"ga_IE","og_type":"article","og_title":"Sydney 2013 - Com\u00f3radh N\u00e1isi\u00fanta an Ghorta Mh\u00f3ir","og_description":"Com\u00f3radh Idirn\u00e1isi\u00fanta an Ghorta Mh\u00f3ir 25\u00fa L\u00fanasa 2013 Hyde Park Barracks, Sydney Tharla Com\u00f3radh Idirn\u00e1isi\u00fanta an Ghorta Mh\u00f3ir 2013 in Sydney. &nbsp; &nbsp; &nbsp; &nbsp; &nbsp;","og_url":"https:\/\/www.irishfamine.ie\/ga\/sydney-2013\/","og_site_name":"Com\u00f3radh N\u00e1isi\u00fanta an Ghorta Mh\u00f3ir","article_publisher":"https:\/\/www.facebook.com\/DepartmentofCultureIRL\/","article_modified_time":"2024-05-10T11:02:38+00:00","og_image":[{"url":"https:\/\/www.irishfamine.ie\/app\/uploads\/2021\/05\/International-Famine-Commemoration-Sydney-2013_-17.jpg","type":"","width":"","height":""}],"twitter_card":"summary_large_image","twitter_site":"@DeptCultureIRL","schema":{"@context":"https:\/\/schema.org","@graph":[{"@type":"WebPage","@id":"https:\/\/www.irishfamine.ie\/ga\/sydney-2013\/","url":"https:\/\/www.irishfamine.ie\/ga\/sydney-2013\/","name":"Sydney 2013 - Com\u00f3radh N\u00e1isi\u00fanta an Ghorta Mh\u00f3ir","isPartOf":{"@id":"https:\/\/www.irishfamine.ie\/ga\/#website"},"primaryImageOfPage":{"@id":"https:\/\/www.irishfamine.ie\/ga\/sydney-2013\/#primaryimage"},"image":{"@id":"https:\/\/www.irishfamine.ie\/ga\/sydney-2013\/#primaryimage"},"thumbnailUrl":"https:\/\/www.irishfamine.ie\/app\/uploads\/2021\/05\/International-Famine-Commemoration-Sydney-2013_-17.jpg","datePublished":"2022-08-19T11:19:25+00:00","dateModified":"2024-05-10T11:02:38+00:00","breadcrumb":{"@id":"https:\/\/www.irishfamine.ie\/ga\/sydney-2013\/#breadcrumb"},"inLanguage":"ga-IE","potentialAction":[{"@type":"ReadAction","target":["https:\/\/www.irishfamine.ie\/ga\/sydney-2013\/"]}]},{"@type":"ImageObject","inLanguage":"ga-IE","@id":"https:\/\/www.irishfamine.ie\/ga\/sydney-2013\/#primaryimage","url":"https:\/\/www.irishfamine.ie\/app\/uploads\/2021\/05\/International-Famine-Commemoration-Sydney-2013_-17.jpg","contentUrl":"https:\/\/www.irishfamine.ie\/app\/uploads\/2021\/05\/International-Famine-Commemoration-Sydney-2013_-17.jpg"},{"@type":"BreadcrumbList","@id":"https:\/\/www.irishfamine.ie\/ga\/sydney-2013\/#breadcrumb","itemListElement":[{"@type":"ListItem","position":1,"name":"Home","item":"https:\/\/www.irishfamine.ie\/ga\/"},{"@type":"ListItem","position":2,"name":"Sydney 2013"}]},{"@type":"WebSite","@id":"https:\/\/www.irishfamine.ie\/ga\/#website","url":"https:\/\/www.irishfamine.ie\/ga\/","name":"National Famine Commemoration","description":"","publisher":{"@id":"https:\/\/www.irishfamine.ie\/ga\/#organization"},"potentialAction":[{"@type":"SearchAction","target":{"@type":"EntryPoint","urlTemplate":"https:\/\/www.irishfamine.ie\/ga\/?s={search_term_string}"},"query-input":{"@type":"PropertyValueSpecification","valueRequired":true,"valueName":"search_term_string"}}],"inLanguage":"ga-IE"},{"@type":"Organization","@id":"https:\/\/www.irishfamine.ie\/ga\/#organization","name":"Department of Tourism, Culture, Arts, Gaeltacht, Sport & Media","url":"https:\/\/www.irishfamine.ie\/ga\/","logo":{"@type":"ImageObject","inLanguage":"ga-IE","@id":"https:\/\/www.irishfamine.ie\/ga\/#\/schema\/logo\/image\/","url":"https:\/\/www.irishfamine.ie\/app\/uploads\/2021\/05\/dep-of-Tourism-Culture-Arts-Gaeltacht-sport-and-media-_logo.png","contentUrl":"https:\/\/www.irishfamine.ie\/app\/uploads\/2021\/05\/dep-of-Tourism-Culture-Arts-Gaeltacht-sport-and-media-_logo.png","width":300,"height":148,"caption":"Department of Tourism, Culture, Arts, Gaeltacht, Sport & Media"},"image":{"@id":"https:\/\/www.irishfamine.ie\/ga\/#\/schema\/logo\/image\/"},"sameAs":["https:\/\/www.facebook.com\/DepartmentofCultureIRL\/","https:\/\/x.com\/DeptCultureIRL"]}]}},"_links":{"self":[{"href":"https:\/\/www.irishfamine.ie\/ga\/wp-json\/wp\/v2\/pages\/3516","targetHints":{"allow":["GET"]}}],"collection":[{"href":"https:\/\/www.irishfamine.ie\/ga\/wp-json\/wp\/v2\/pages"}],"about":[{"href":"https:\/\/www.irishfamine.ie\/ga\/wp-json\/wp\/v2\/types\/page"}],"author":[{"embeddable":true,"href":"https:\/\/www.irishfamine.ie\/ga\/wp-json\/wp\/v2\/users\/3"}],"replies":[{"embeddable":true,"href":"https:\/\/www.irishfamine.ie\/ga\/wp-json\/wp\/v2\/comments?post=3516"}],"version-history":[{"count":3,"href":"https:\/\/www.irishfamine.ie\/ga\/wp-json\/wp\/v2\/pages\/3516\/revisions"}],"predecessor-version":[{"id":3675,"href":"https:\/\/www.irishfamine.ie\/ga\/wp-json\/wp\/v2\/pages\/3516\/revisions\/3675"}],"wp:attachment":[{"href":"https:\/\/www.irishfamine.ie\/ga\/wp-json\/wp\/v2\/media?parent=3516"}],"curies":[{"name":"wp","href":"https:\/\/api.w.org\/{rel}","templated":true}]}}