{"id":3519,"date":"2022-08-19T15:12:27","date_gmt":"2022-08-19T14:12:27","guid":{"rendered":"https:\/\/www.irishfamine.ie\/comoradh-a-dheanamh-ar-an-ghorta-mhor\/st-lukes-church-liverpool-2011\/"},"modified":"2024-05-10T12:07:16","modified_gmt":"2024-05-10T11:07:16","slug":"st-lukes-church-liverpool-2011","status":"publish","type":"page","link":"https:\/\/www.irishfamine.ie\/ga\/comoradh-a-dheanamh-ar-an-ghorta-mhor\/st-lukes-church-liverpool-2011\/","title":{"rendered":"St. Luke\u2019s Church, Learpholl 2011"},"content":{"rendered":"<h6><em>Com\u00f3radh Idirn\u00e1isi\u00fanta an Ghorta Mh\u00f3ir<br \/>\n16th October 2011<br \/>\nSt. Luke\u2019s Church, Leece Street, Learpholl<\/em><\/h6>\n<h6><em>\u00a0<\/em><\/h6>\n<p>Labhair Jimmy Deenihan T.D., An tAire Eala\u00edon, Oidhreachta agus Gaeltachta agus Cathaoirleach Coiste Cuimhneach\u00e1in N\u00e1isi\u00fanta an Ghorta Mh\u00f3ir, i ndil cuimhne mhuintir na t\u00edre a raibh m\u00f3rthionchar ag an nGorta M\u00f3r orthu agus a thaistil chuig Learpholl sna 1800\u00ed chun iarracht \u00e9al\u00fa \u00f3n ngorta in \u00c9irinn.<\/p>\n<p>D&#8217;fhreastail an tAire ar shearmanas chun com\u00f3radh a dh\u00e9anamh ar \u00edospartaigh an ghorta ag Leac Chuimhneach\u00e1in an Ghorta Mh\u00f3ir i dtailte St. Luke&#8217;s Church, Leece Street, Learpholl a chuir an tUachtar\u00e1n M\u00e1ire Mhic Giolla \u00cdosa i l\u00e1thair go poibl\u00ed sa bhliain 1998. D&#8217;fhreastail a l\u00e1n de Dhiasp\u00f3ra na h\u00c9ireann at\u00e1 ina gc\u00f3na\u00ed i Learpholl ar an searmanas.<\/p>\n<style type=\"text\/css\">\n\t\t\t#gallery-1 {<br \/>\t\t\t\tmargin: auto;<br \/>\t\t\t}<br \/>\t\t\t#gallery-1 .gallery-item {<br \/>\t\t\t\tfloat: left;<br \/>\t\t\t\tmargin-top: 10px;<br \/>\t\t\t\ttext-align: center;<br \/>\t\t\t\twidth: 25%;<br \/>\t\t\t}<br \/>\t\t\t#gallery-1 img {<br \/>\t\t\t\tborder: 2px solid #cfcfcf;<br \/>\t\t\t}<br \/>\t\t\t#gallery-1 .gallery-caption {<br \/>\t\t\t\tmargin-left: 0;<br \/>\t\t\t}<br \/>\t\t\t\/* see gallery_shortcode() in wp-includes\/media.php *\/<br \/>\t\t<\/style>\n<dl class=\"gallery-item\">\n<dt class=\"gallery-icon landscape\"><a href=\"https:\/\/www.irishfamine.ie\/app\/uploads\/2021\/05\/International-Famine-Commemoration_Liverpool_2011_-5.jpg\" data-elementor-open-lightbox=\"yes\" data-elementor-lightbox-slideshow=\"ccebf78\" data-elementor-lightbox-title=\"International Famine Commemoration_Liverpool_2011_ (5)\"><img loading=\"lazy\" decoding=\"async\" src=\"https:\/\/www.irishfamine.ie\/app\/uploads\/2021\/05\/International-Famine-Commemoration_Liverpool_2011_-5.jpg\" sizes=\"auto, (max-width: 512px) 100vw, 512px\" srcset=\"https:\/\/www.irishfamine.ie\/app\/uploads\/2021\/05\/International-Famine-Commemoration_Liverpool_2011_-5.jpg 512w, https:\/\/www.irishfamine.ie\/app\/uploads\/2021\/05\/International-Famine-Commemoration_Liverpool_2011_-5-300x200.jpg 300w\" alt=\"\" width=\"512\" height=\"342\" \/><\/a><\/dt>\n<\/dl>\n<dl class=\"gallery-item\">\n<dt class=\"gallery-icon landscape\"><a href=\"https:\/\/www.irishfamine.ie\/app\/uploads\/2021\/05\/International-Famine-Commemoration_Liverpool_2011_-4.jpg\" data-elementor-open-lightbox=\"yes\" data-elementor-lightbox-slideshow=\"ccebf78\" data-elementor-lightbox-title=\"International Famine Commemoration_Liverpool_2011_ (4)\"><img loading=\"lazy\" decoding=\"async\" src=\"https:\/\/www.irishfamine.ie\/app\/uploads\/2021\/05\/International-Famine-Commemoration_Liverpool_2011_-4.jpg\" sizes=\"auto, (max-width: 512px) 100vw, 512px\" srcset=\"https:\/\/www.irishfamine.ie\/app\/uploads\/2021\/05\/International-Famine-Commemoration_Liverpool_2011_-4.jpg 512w, https:\/\/www.irishfamine.ie\/app\/uploads\/2021\/05\/International-Famine-Commemoration_Liverpool_2011_-4-300x200.jpg 300w\" alt=\"\" width=\"512\" height=\"342\" \/><\/a><\/dt>\n<\/dl>\n<dl class=\"gallery-item\">\n<dt class=\"gallery-icon landscape\"><a href=\"https:\/\/www.irishfamine.ie\/app\/uploads\/2021\/05\/International-Famine-Commemoration_Liverpool_2011_-2.jpg\" data-elementor-open-lightbox=\"yes\" data-elementor-lightbox-slideshow=\"ccebf78\" data-elementor-lightbox-title=\"International Famine Commemoration_Liverpool_2011_ (2)\"><img loading=\"lazy\" decoding=\"async\" src=\"https:\/\/www.irishfamine.ie\/app\/uploads\/2021\/05\/International-Famine-Commemoration_Liverpool_2011_-2.jpg\" sizes=\"auto, (max-width: 512px) 100vw, 512px\" srcset=\"https:\/\/www.irishfamine.ie\/app\/uploads\/2021\/05\/International-Famine-Commemoration_Liverpool_2011_-2.jpg 512w, https:\/\/www.irishfamine.ie\/app\/uploads\/2021\/05\/International-Famine-Commemoration_Liverpool_2011_-2-300x200.jpg 300w\" alt=\"\" width=\"512\" height=\"342\" \/><\/a><\/dt>\n<\/dl>\n<dl class=\"gallery-item\">\n<dt class=\"gallery-icon landscape\"><a href=\"https:\/\/www.irishfamine.ie\/app\/uploads\/2021\/05\/International-Famine-Commemoration_Liverpool_2011_-1.jpg\" data-elementor-open-lightbox=\"yes\" data-elementor-lightbox-slideshow=\"ccebf78\" data-elementor-lightbox-title=\"International Famine Commemoration_Liverpool_2011_ (1)\"><img loading=\"lazy\" decoding=\"async\" src=\"https:\/\/www.irishfamine.ie\/app\/uploads\/2021\/05\/International-Famine-Commemoration_Liverpool_2011_-1.jpg\" sizes=\"auto, (max-width: 512px) 100vw, 512px\" srcset=\"https:\/\/www.irishfamine.ie\/app\/uploads\/2021\/05\/International-Famine-Commemoration_Liverpool_2011_-1.jpg 512w, https:\/\/www.irishfamine.ie\/app\/uploads\/2021\/05\/International-Famine-Commemoration_Liverpool_2011_-1-300x200.jpg 300w\" alt=\"\" width=\"512\" height=\"342\" \/><\/a><\/dt>\n<\/dl>\n<p>&nbsp;<\/p>\n<dl class=\"gallery-item\">\n<dt class=\"gallery-icon portrait\"><a href=\"https:\/\/www.irishfamine.ie\/app\/uploads\/2021\/05\/International-Famine-Commemoration_Liverpool_2011_-3.jpg\" data-elementor-open-lightbox=\"yes\" data-elementor-lightbox-slideshow=\"ccebf78\" data-elementor-lightbox-title=\"International Famine Commemoration_Liverpool_2011_ (3)\"><img loading=\"lazy\" decoding=\"async\" src=\"https:\/\/www.irishfamine.ie\/app\/uploads\/2021\/05\/International-Famine-Commemoration_Liverpool_2011_-3.jpg\" sizes=\"auto, (max-width: 342px) 100vw, 342px\" srcset=\"https:\/\/www.irishfamine.ie\/app\/uploads\/2021\/05\/International-Famine-Commemoration_Liverpool_2011_-3.jpg 342w, https:\/\/www.irishfamine.ie\/app\/uploads\/2021\/05\/International-Famine-Commemoration_Liverpool_2011_-3-200x300.jpg 200w\" alt=\"\" width=\"342\" height=\"513\" \/><\/a><\/dt>\n<\/dl>\n<p>&nbsp;<\/p>\n","protected":false},"excerpt":{"rendered":"<p>Com\u00f3radh Idirn\u00e1isi\u00fanta an Ghorta Mh\u00f3ir 16th October 2011 St. Luke\u2019s Church, Leece Street, Learpholl \u00a0 Labhair Jimmy Deenihan T.D., An tAire Eala\u00edon, Oidhreachta agus Gaeltachta agus Cathaoirleach Coiste Cuimhneach\u00e1in N\u00e1isi\u00fanta an Ghorta Mh\u00f3ir, i ndil cuimhne mhuintir na t\u00edre a raibh m\u00f3rthionchar ag an nGorta M\u00f3r orthu agus a thaistil chuig Learpholl sna 1800\u00ed chun&#8230; <\/p>\n","protected":false},"author":3,"featured_media":0,"parent":3365,"menu_order":0,"comment_status":"closed","ping_status":"closed","template":"full-width.php","meta":{"footnotes":""},"class_list":["post-3519","page","type-page","status-publish","hentry"],"yoast_head":"<!-- This site is optimized with the Yoast SEO plugin v27.2 - https:\/\/yoast.com\/product\/yoast-seo-wordpress\/ -->\n<title>St. Luke\u2019s Church, Learpholl 2011 - Com\u00f3radh N\u00e1isi\u00fanta an Ghorta Mh\u00f3ir<\/title>\n<meta name=\"robots\" content=\"index, follow, max-snippet:-1, max-image-preview:large, max-video-preview:-1\" \/>\n<link rel=\"canonical\" href=\"https:\/\/www.irishfamine.ie\/ga\/comoradh-a-dheanamh-ar-an-ghorta-mhor\/st-lukes-church-liverpool-2011\/\" \/>\n<meta property=\"og:locale\" content=\"ga_IE\" \/>\n<meta property=\"og:type\" content=\"article\" \/>\n<meta property=\"og:title\" content=\"St. Luke\u2019s Church, Learpholl 2011 - Com\u00f3radh N\u00e1isi\u00fanta an Ghorta Mh\u00f3ir\" \/>\n<meta property=\"og:description\" content=\"Com\u00f3radh Idirn\u00e1isi\u00fanta an Ghorta Mh\u00f3ir 16th October 2011 St. Luke\u2019s Church, Leece Street, Learpholl \u00a0 Labhair Jimmy Deenihan T.D., An tAire Eala\u00edon, Oidhreachta agus Gaeltachta agus Cathaoirleach Coiste Cuimhneach\u00e1in N\u00e1isi\u00fanta an Ghorta Mh\u00f3ir, i ndil cuimhne mhuintir na t\u00edre a raibh m\u00f3rthionchar ag an nGorta M\u00f3r orthu agus a thaistil chuig Learpholl sna 1800\u00ed chun...\" \/>\n<meta property=\"og:url\" content=\"https:\/\/www.irishfamine.ie\/ga\/comoradh-a-dheanamh-ar-an-ghorta-mhor\/st-lukes-church-liverpool-2011\/\" \/>\n<meta property=\"og:site_name\" content=\"Com\u00f3radh N\u00e1isi\u00fanta an Ghorta Mh\u00f3ir\" \/>\n<meta property=\"article:publisher\" content=\"https:\/\/www.facebook.com\/DepartmentofCultureIRL\/\" \/>\n<meta property=\"article:modified_time\" content=\"2024-05-10T11:07:16+00:00\" \/>\n<meta property=\"og:image\" content=\"https:\/\/www.irishfamine.ie\/app\/uploads\/2021\/05\/International-Famine-Commemoration_Liverpool_2011_-5.jpg\" \/>\n<meta name=\"twitter:card\" content=\"summary_large_image\" \/>\n<meta name=\"twitter:site\" content=\"@DeptCultureIRL\" \/>\n<meta name=\"twitter:label1\" content=\"Est. reading time\" \/>\n\t<meta name=\"twitter:data1\" content=\"1 minute\" \/>\n<script type=\"application\/ld+json\" class=\"yoast-schema-graph\">{\"@context\":\"https:\/\/schema.org\",\"@graph\":[{\"@type\":\"WebPage\",\"@id\":\"https:\/\/www.irishfamine.ie\/ga\/comoradh-a-dheanamh-ar-an-ghorta-mhor\/st-lukes-church-liverpool-2011\/\",\"url\":\"https:\/\/www.irishfamine.ie\/ga\/comoradh-a-dheanamh-ar-an-ghorta-mhor\/st-lukes-church-liverpool-2011\/\",\"name\":\"St. Luke\u2019s Church, Learpholl 2011 - Com\u00f3radh N\u00e1isi\u00fanta an Ghorta Mh\u00f3ir\",\"isPartOf\":{\"@id\":\"https:\/\/www.irishfamine.ie\/ga\/#website\"},\"primaryImageOfPage\":{\"@id\":\"https:\/\/www.irishfamine.ie\/ga\/comoradh-a-dheanamh-ar-an-ghorta-mhor\/st-lukes-church-liverpool-2011\/#primaryimage\"},\"image\":{\"@id\":\"https:\/\/www.irishfamine.ie\/ga\/comoradh-a-dheanamh-ar-an-ghorta-mhor\/st-lukes-church-liverpool-2011\/#primaryimage\"},\"thumbnailUrl\":\"https:\/\/www.irishfamine.ie\/app\/uploads\/2021\/05\/International-Famine-Commemoration_Liverpool_2011_-5.jpg\",\"datePublished\":\"2022-08-19T14:12:27+00:00\",\"dateModified\":\"2024-05-10T11:07:16+00:00\",\"breadcrumb\":{\"@id\":\"https:\/\/www.irishfamine.ie\/ga\/comoradh-a-dheanamh-ar-an-ghorta-mhor\/st-lukes-church-liverpool-2011\/#breadcrumb\"},\"inLanguage\":\"ga-IE\",\"potentialAction\":[{\"@type\":\"ReadAction\",\"target\":[\"https:\/\/www.irishfamine.ie\/ga\/comoradh-a-dheanamh-ar-an-ghorta-mhor\/st-lukes-church-liverpool-2011\/\"]}]},{\"@type\":\"ImageObject\",\"inLanguage\":\"ga-IE\",\"@id\":\"https:\/\/www.irishfamine.ie\/ga\/comoradh-a-dheanamh-ar-an-ghorta-mhor\/st-lukes-church-liverpool-2011\/#primaryimage\",\"url\":\"https:\/\/www.irishfamine.ie\/app\/uploads\/2021\/05\/International-Famine-Commemoration_Liverpool_2011_-5.jpg\",\"contentUrl\":\"https:\/\/www.irishfamine.ie\/app\/uploads\/2021\/05\/International-Famine-Commemoration_Liverpool_2011_-5.jpg\"},{\"@type\":\"BreadcrumbList\",\"@id\":\"https:\/\/www.irishfamine.ie\/ga\/comoradh-a-dheanamh-ar-an-ghorta-mhor\/st-lukes-church-liverpool-2011\/#breadcrumb\",\"itemListElement\":[{\"@type\":\"ListItem\",\"position\":1,\"name\":\"Home\",\"item\":\"https:\/\/www.irishfamine.ie\/ga\/\"},{\"@type\":\"ListItem\",\"position\":2,\"name\":\"Com\u00f3radh a Dh\u00e9anamh ar an Ghorta Mh\u00f3r\",\"item\":\"https:\/\/www.irishfamine.ie\/ga\/comoradh-a-dheanamh-ar-an-ghorta-mhor\/\"},{\"@type\":\"ListItem\",\"position\":3,\"name\":\"St. Luke\u2019s Church, Learpholl 2011\"}]},{\"@type\":\"WebSite\",\"@id\":\"https:\/\/www.irishfamine.ie\/ga\/#website\",\"url\":\"https:\/\/www.irishfamine.ie\/ga\/\",\"name\":\"National Famine Commemoration\",\"description\":\"\",\"publisher\":{\"@id\":\"https:\/\/www.irishfamine.ie\/ga\/#organization\"},\"potentialAction\":[{\"@type\":\"SearchAction\",\"target\":{\"@type\":\"EntryPoint\",\"urlTemplate\":\"https:\/\/www.irishfamine.ie\/ga\/?s={search_term_string}\"},\"query-input\":{\"@type\":\"PropertyValueSpecification\",\"valueRequired\":true,\"valueName\":\"search_term_string\"}}],\"inLanguage\":\"ga-IE\"},{\"@type\":\"Organization\",\"@id\":\"https:\/\/www.irishfamine.ie\/ga\/#organization\",\"name\":\"Department of Tourism, Culture, Arts, Gaeltacht, Sport & Media\",\"url\":\"https:\/\/www.irishfamine.ie\/ga\/\",\"logo\":{\"@type\":\"ImageObject\",\"inLanguage\":\"ga-IE\",\"@id\":\"https:\/\/www.irishfamine.ie\/ga\/#\/schema\/logo\/image\/\",\"url\":\"https:\/\/www.irishfamine.ie\/app\/uploads\/2021\/05\/dep-of-Tourism-Culture-Arts-Gaeltacht-sport-and-media-_logo.png\",\"contentUrl\":\"https:\/\/www.irishfamine.ie\/app\/uploads\/2021\/05\/dep-of-Tourism-Culture-Arts-Gaeltacht-sport-and-media-_logo.png\",\"width\":300,\"height\":148,\"caption\":\"Department of Tourism, Culture, Arts, Gaeltacht, Sport & Media\"},\"image\":{\"@id\":\"https:\/\/www.irishfamine.ie\/ga\/#\/schema\/logo\/image\/\"},\"sameAs\":[\"https:\/\/www.facebook.com\/DepartmentofCultureIRL\/\",\"https:\/\/x.com\/DeptCultureIRL\"]}]}<\/script>\n<!-- \/ Yoast SEO plugin. -->","yoast_head_json":{"title":"St. Luke\u2019s Church, Learpholl 2011 - Com\u00f3radh N\u00e1isi\u00fanta an Ghorta Mh\u00f3ir","robots":{"index":"index","follow":"follow","max-snippet":"max-snippet:-1","max-image-preview":"max-image-preview:large","max-video-preview":"max-video-preview:-1"},"canonical":"https:\/\/www.irishfamine.ie\/ga\/comoradh-a-dheanamh-ar-an-ghorta-mhor\/st-lukes-church-liverpool-2011\/","og_locale":"ga_IE","og_type":"article","og_title":"St. Luke\u2019s Church, Learpholl 2011 - Com\u00f3radh N\u00e1isi\u00fanta an Ghorta Mh\u00f3ir","og_description":"Com\u00f3radh Idirn\u00e1isi\u00fanta an Ghorta Mh\u00f3ir 16th October 2011 St. Luke\u2019s Church, Leece Street, Learpholl \u00a0 Labhair Jimmy Deenihan T.D., An tAire Eala\u00edon, Oidhreachta agus Gaeltachta agus Cathaoirleach Coiste Cuimhneach\u00e1in N\u00e1isi\u00fanta an Ghorta Mh\u00f3ir, i ndil cuimhne mhuintir na t\u00edre a raibh m\u00f3rthionchar ag an nGorta M\u00f3r orthu agus a thaistil chuig Learpholl sna 1800\u00ed chun...","og_url":"https:\/\/www.irishfamine.ie\/ga\/comoradh-a-dheanamh-ar-an-ghorta-mhor\/st-lukes-church-liverpool-2011\/","og_site_name":"Com\u00f3radh N\u00e1isi\u00fanta an Ghorta Mh\u00f3ir","article_publisher":"https:\/\/www.facebook.com\/DepartmentofCultureIRL\/","article_modified_time":"2024-05-10T11:07:16+00:00","og_image":[{"url":"https:\/\/www.irishfamine.ie\/app\/uploads\/2021\/05\/International-Famine-Commemoration_Liverpool_2011_-5.jpg","type":"","width":"","height":""}],"twitter_card":"summary_large_image","twitter_site":"@DeptCultureIRL","twitter_misc":{"Est. reading time":"1 minute"},"schema":{"@context":"https:\/\/schema.org","@graph":[{"@type":"WebPage","@id":"https:\/\/www.irishfamine.ie\/ga\/comoradh-a-dheanamh-ar-an-ghorta-mhor\/st-lukes-church-liverpool-2011\/","url":"https:\/\/www.irishfamine.ie\/ga\/comoradh-a-dheanamh-ar-an-ghorta-mhor\/st-lukes-church-liverpool-2011\/","name":"St. Luke\u2019s Church, Learpholl 2011 - Com\u00f3radh N\u00e1isi\u00fanta an Ghorta Mh\u00f3ir","isPartOf":{"@id":"https:\/\/www.irishfamine.ie\/ga\/#website"},"primaryImageOfPage":{"@id":"https:\/\/www.irishfamine.ie\/ga\/comoradh-a-dheanamh-ar-an-ghorta-mhor\/st-lukes-church-liverpool-2011\/#primaryimage"},"image":{"@id":"https:\/\/www.irishfamine.ie\/ga\/comoradh-a-dheanamh-ar-an-ghorta-mhor\/st-lukes-church-liverpool-2011\/#primaryimage"},"thumbnailUrl":"https:\/\/www.irishfamine.ie\/app\/uploads\/2021\/05\/International-Famine-Commemoration_Liverpool_2011_-5.jpg","datePublished":"2022-08-19T14:12:27+00:00","dateModified":"2024-05-10T11:07:16+00:00","breadcrumb":{"@id":"https:\/\/www.irishfamine.ie\/ga\/comoradh-a-dheanamh-ar-an-ghorta-mhor\/st-lukes-church-liverpool-2011\/#breadcrumb"},"inLanguage":"ga-IE","potentialAction":[{"@type":"ReadAction","target":["https:\/\/www.irishfamine.ie\/ga\/comoradh-a-dheanamh-ar-an-ghorta-mhor\/st-lukes-church-liverpool-2011\/"]}]},{"@type":"ImageObject","inLanguage":"ga-IE","@id":"https:\/\/www.irishfamine.ie\/ga\/comoradh-a-dheanamh-ar-an-ghorta-mhor\/st-lukes-church-liverpool-2011\/#primaryimage","url":"https:\/\/www.irishfamine.ie\/app\/uploads\/2021\/05\/International-Famine-Commemoration_Liverpool_2011_-5.jpg","contentUrl":"https:\/\/www.irishfamine.ie\/app\/uploads\/2021\/05\/International-Famine-Commemoration_Liverpool_2011_-5.jpg"},{"@type":"BreadcrumbList","@id":"https:\/\/www.irishfamine.ie\/ga\/comoradh-a-dheanamh-ar-an-ghorta-mhor\/st-lukes-church-liverpool-2011\/#breadcrumb","itemListElement":[{"@type":"ListItem","position":1,"name":"Home","item":"https:\/\/www.irishfamine.ie\/ga\/"},{"@type":"ListItem","position":2,"name":"Com\u00f3radh a Dh\u00e9anamh ar an Ghorta Mh\u00f3r","item":"https:\/\/www.irishfamine.ie\/ga\/comoradh-a-dheanamh-ar-an-ghorta-mhor\/"},{"@type":"ListItem","position":3,"name":"St. Luke\u2019s Church, Learpholl 2011"}]},{"@type":"WebSite","@id":"https:\/\/www.irishfamine.ie\/ga\/#website","url":"https:\/\/www.irishfamine.ie\/ga\/","name":"National Famine Commemoration","description":"","publisher":{"@id":"https:\/\/www.irishfamine.ie\/ga\/#organization"},"potentialAction":[{"@type":"SearchAction","target":{"@type":"EntryPoint","urlTemplate":"https:\/\/www.irishfamine.ie\/ga\/?s={search_term_string}"},"query-input":{"@type":"PropertyValueSpecification","valueRequired":true,"valueName":"search_term_string"}}],"inLanguage":"ga-IE"},{"@type":"Organization","@id":"https:\/\/www.irishfamine.ie\/ga\/#organization","name":"Department of Tourism, Culture, Arts, Gaeltacht, Sport & Media","url":"https:\/\/www.irishfamine.ie\/ga\/","logo":{"@type":"ImageObject","inLanguage":"ga-IE","@id":"https:\/\/www.irishfamine.ie\/ga\/#\/schema\/logo\/image\/","url":"https:\/\/www.irishfamine.ie\/app\/uploads\/2021\/05\/dep-of-Tourism-Culture-Arts-Gaeltacht-sport-and-media-_logo.png","contentUrl":"https:\/\/www.irishfamine.ie\/app\/uploads\/2021\/05\/dep-of-Tourism-Culture-Arts-Gaeltacht-sport-and-media-_logo.png","width":300,"height":148,"caption":"Department of Tourism, Culture, Arts, Gaeltacht, Sport & Media"},"image":{"@id":"https:\/\/www.irishfamine.ie\/ga\/#\/schema\/logo\/image\/"},"sameAs":["https:\/\/www.facebook.com\/DepartmentofCultureIRL\/","https:\/\/x.com\/DeptCultureIRL"]}]}},"_links":{"self":[{"href":"https:\/\/www.irishfamine.ie\/ga\/wp-json\/wp\/v2\/pages\/3519","targetHints":{"allow":["GET"]}}],"collection":[{"href":"https:\/\/www.irishfamine.ie\/ga\/wp-json\/wp\/v2\/pages"}],"about":[{"href":"https:\/\/www.irishfamine.ie\/ga\/wp-json\/wp\/v2\/types\/page"}],"author":[{"embeddable":true,"href":"https:\/\/www.irishfamine.ie\/ga\/wp-json\/wp\/v2\/users\/3"}],"replies":[{"embeddable":true,"href":"https:\/\/www.irishfamine.ie\/ga\/wp-json\/wp\/v2\/comments?post=3519"}],"version-history":[{"count":6,"href":"https:\/\/www.irishfamine.ie\/ga\/wp-json\/wp\/v2\/pages\/3519\/revisions"}],"predecessor-version":[{"id":3676,"href":"https:\/\/www.irishfamine.ie\/ga\/wp-json\/wp\/v2\/pages\/3519\/revisions\/3676"}],"up":[{"embeddable":true,"href":"https:\/\/www.irishfamine.ie\/ga\/wp-json\/wp\/v2\/pages\/3365"}],"wp:attachment":[{"href":"https:\/\/www.irishfamine.ie\/ga\/wp-json\/wp\/v2\/media?parent=3519"}],"curies":[{"name":"wp","href":"https:\/\/api.w.org\/{rel}","templated":true}]}}