{"id":3523,"date":"2024-04-08T12:18:28","date_gmt":"2024-04-08T11:18:28","guid":{"rendered":"https:\/\/www.irishfamine.ie\/?page_id=3523"},"modified":"2024-05-14T15:50:55","modified_gmt":"2024-05-14T14:50:55","slug":"fanueil-hall-boston-2012","status":"publish","type":"page","link":"https:\/\/www.irishfamine.ie\/ga\/comoradh-a-dheanamh-ar-an-ghorta-mhor\/fanueil-hall-boston-2012\/","title":{"rendered":"Fanueil Hall, Boston 2012"},"content":{"rendered":"<h6><em>Cuimhneach\u00e1n Idirn\u00e1isi\u00fanta<br \/>\nD\u00e9 Domhnaigh 13 Bealtaine, 2012<br \/>\nBoston<br \/>\n<\/em><\/h6>\n<p>D&#8217;oscail an tUachtar\u00e1n, M\u00edche\u00e1l D. \u00d3 hUig\u00edn agus Jimmy Deenihan T.D., An tAire Eala\u00edon, Oidhreachta agus Gaeltachta agus Cathaoirleach Coiste Cuimhneach\u00e1in N\u00e1isi\u00fanta an Ghorta Mh\u00f3ir imeacht Chuimhneach\u00e1n Idirn\u00e1isi\u00fanta an Ghorta Mh\u00f3ir ag Fanueil Hall, Bost\u00fan.<\/p>\n<p><a href=\"https:\/\/president.ie\/en\/media-library\/speeches\/reflecting-on-the-gorta-mor-the-great-famine-of-ireland\" target=\"_blank\" rel=\"noopener\">N\u00f3ta\u00ed \u00f3n Uachtar\u00e1n Michael D. Higgins ag machnamh ar an nGorta M\u00f3r, Gorta M\u00f3r na h\u00c9ireann<\/a><\/p>\n<p>&nbsp;<\/p>\n<dl class=\"gallery-item\">\n<dt class=\"gallery-icon landscape\"><a href=\"https:\/\/www.irishfamine.ie\/app\/uploads\/2021\/05\/International-Famine-Commemoration_Fanueil-Hall-Boston_2012_-8.jpg\" data-elementor-open-lightbox=\"yes\" data-elementor-lightbox-slideshow=\"4f9f69f\" data-elementor-lightbox-title=\"International-Famine-Commemoration_Fanueil-Hall,-Boston_2012_-(8)\"><img loading=\"lazy\" decoding=\"async\" src=\"https:\/\/www.irishfamine.ie\/app\/uploads\/2021\/05\/International-Famine-Commemoration_Fanueil-Hall-Boston_2012_-8.jpg\" sizes=\"auto, (max-width: 512px) 100vw, 512px\" srcset=\"https:\/\/www.irishfamine.ie\/app\/uploads\/2021\/05\/International-Famine-Commemoration_Fanueil-Hall-Boston_2012_-8.jpg 512w, https:\/\/www.irishfamine.ie\/app\/uploads\/2021\/05\/International-Famine-Commemoration_Fanueil-Hall-Boston_2012_-8-300x200.jpg 300w\" alt=\"\" width=\"512\" height=\"342\" \/><span style=\"text-decoration: underline;\">\u00a0 \u00a0<\/span><\/a><a href=\"https:\/\/www.irishfamine.ie\/app\/uploads\/2021\/05\/International-Famine-Commemoration_Fanueil-Hall-Boston_2012_-6.jpg\" data-elementor-open-lightbox=\"yes\" data-elementor-lightbox-slideshow=\"4f9f69f\" data-elementor-lightbox-title=\"International-Famine-Commemoration_Fanueil-Hall,-Boston_2012_-(6)\"><img loading=\"lazy\" decoding=\"async\" src=\"https:\/\/www.irishfamine.ie\/app\/uploads\/2021\/05\/International-Famine-Commemoration_Fanueil-Hall-Boston_2012_-6.jpg\" sizes=\"auto, (max-width: 512px) 100vw, 512px\" srcset=\"https:\/\/www.irishfamine.ie\/app\/uploads\/2021\/05\/International-Famine-Commemoration_Fanueil-Hall-Boston_2012_-6.jpg 512w, https:\/\/www.irishfamine.ie\/app\/uploads\/2021\/05\/International-Famine-Commemoration_Fanueil-Hall-Boston_2012_-6-300x200.jpg 300w\" alt=\"\" width=\"512\" height=\"342\" \/><\/a><\/dt>\n<\/dl>\n<dl class=\"gallery-item\">\n<dt class=\"gallery-icon landscape\"><\/dt>\n<\/dl>\n<dl class=\"gallery-item\">\n<dt class=\"gallery-icon landscape\"><\/dt>\n<\/dl>\n<dl class=\"gallery-item\">\n<dt class=\"gallery-icon landscape\"><\/dt>\n<\/dl>\n<dl class=\"gallery-item\">\n<dt class=\"gallery-icon landscape\"><a href=\"https:\/\/www.irishfamine.ie\/app\/uploads\/2021\/05\/International-Famine-Commemoration_Fanueil-Hall-Boston_2012_-7.jpg\" data-elementor-open-lightbox=\"yes\" data-elementor-lightbox-slideshow=\"4f9f69f\" data-elementor-lightbox-title=\"International-Famine-Commemoration_Fanueil-Hall,-Boston_2012_-(7)\"><img loading=\"lazy\" decoding=\"async\" class=\"\" src=\"https:\/\/www.irishfamine.ie\/app\/uploads\/2021\/05\/International-Famine-Commemoration_Fanueil-Hall-Boston_2012_-7.jpg\" sizes=\"auto, (max-width: 512px) 100vw, 512px\" srcset=\"https:\/\/www.irishfamine.ie\/app\/uploads\/2021\/05\/International-Famine-Commemoration_Fanueil-Hall-Boston_2012_-7.jpg 512w, https:\/\/www.irishfamine.ie\/app\/uploads\/2021\/05\/International-Famine-Commemoration_Fanueil-Hall-Boston_2012_-7-300x200.jpg 300w\" alt=\"\" width=\"575\" height=\"384\" \/>\u00a0 \u00a0<\/a><a href=\"https:\/\/www.irishfamine.ie\/app\/uploads\/2021\/05\/International-Famine-Commemoration_Fanueil-Hall-Boston_2012_-9.jpg\" data-elementor-open-lightbox=\"yes\" data-elementor-lightbox-slideshow=\"4f9f69f\" data-elementor-lightbox-title=\"International Famine Commemoration_Fanueil Hall, Boston_2012_ (9)\"><img loading=\"lazy\" decoding=\"async\" src=\"https:\/\/www.irishfamine.ie\/app\/uploads\/2021\/05\/International-Famine-Commemoration_Fanueil-Hall-Boston_2012_-9.jpg\" sizes=\"auto, (max-width: 512px) 100vw, 512px\" srcset=\"https:\/\/www.irishfamine.ie\/app\/uploads\/2021\/05\/International-Famine-Commemoration_Fanueil-Hall-Boston_2012_-9.jpg 512w, https:\/\/www.irishfamine.ie\/app\/uploads\/2021\/05\/International-Famine-Commemoration_Fanueil-Hall-Boston_2012_-9-300x225.jpg 300w\" alt=\"\" width=\"512\" height=\"384\" \/><\/a><\/dt>\n<\/dl>\n<dl class=\"gallery-item\">\n<dt class=\"gallery-icon portrait\"><\/dt>\n<\/dl>\n<dl class=\"gallery-item\">\n<dt class=\"gallery-icon landscape\"><\/dt>\n<\/dl>\n<dl class=\"gallery-item\">\n<dt class=\"gallery-icon portrait\"><a href=\"https:\/\/www.irishfamine.ie\/app\/uploads\/2021\/05\/International-Famine-Commemoration_Fanueil-Hall-Boston_2012_-2.jpg\" data-elementor-open-lightbox=\"yes\" data-elementor-lightbox-slideshow=\"4f9f69f\" data-elementor-lightbox-title=\"International-Famine-Commemoration_Fanueil-Hall,-Boston_2012_-(2)\"><img loading=\"lazy\" decoding=\"async\" src=\"https:\/\/www.irishfamine.ie\/app\/uploads\/2021\/05\/International-Famine-Commemoration_Fanueil-Hall-Boston_2012_-2.jpg\" sizes=\"auto, (max-width: 342px) 100vw, 342px\" srcset=\"https:\/\/www.irishfamine.ie\/app\/uploads\/2021\/05\/International-Famine-Commemoration_Fanueil-Hall-Boston_2012_-2.jpg 342w, https:\/\/www.irishfamine.ie\/app\/uploads\/2021\/05\/International-Famine-Commemoration_Fanueil-Hall-Boston_2012_-2-200x300.jpg 200w\" alt=\"\" width=\"342\" height=\"513\" \/>\u00a0 \u00a0<\/a><a href=\"https:\/\/www.irishfamine.ie\/app\/uploads\/2021\/05\/International-Famine-Commemoration_Fanueil-Hall-Boston_2012_-3-1.jpg\" data-elementor-open-lightbox=\"yes\" data-elementor-lightbox-slideshow=\"4f9f69f\" data-elementor-lightbox-title=\"International-Famine-Commemoration_Fanueil-Hall,-Boston_2012_-(3)\"><img loading=\"lazy\" decoding=\"async\" src=\"https:\/\/www.irishfamine.ie\/app\/uploads\/2021\/05\/International-Famine-Commemoration_Fanueil-Hall-Boston_2012_-3-1.jpg\" sizes=\"auto, (max-width: 342px) 100vw, 342px\" srcset=\"https:\/\/www.irishfamine.ie\/app\/uploads\/2021\/05\/International-Famine-Commemoration_Fanueil-Hall-Boston_2012_-3-1.jpg 342w, https:\/\/www.irishfamine.ie\/app\/uploads\/2021\/05\/International-Famine-Commemoration_Fanueil-Hall-Boston_2012_-3-1-200x300.jpg 200w\" alt=\"\" width=\"342\" height=\"513\" \/><\/a><\/dt>\n<\/dl>\n<p>&nbsp;<\/p>\n<dl class=\"gallery-item\">\n<dt class=\"gallery-icon portrait\"><\/dt>\n<\/dl>\n","protected":false},"excerpt":{"rendered":"<p>Cuimhneach\u00e1n Idirn\u00e1isi\u00fanta D\u00e9 Domhnaigh 13 Bealtaine, 2012 Boston D&#8217;oscail an tUachtar\u00e1n, M\u00edche\u00e1l D. \u00d3 hUig\u00edn agus Jimmy Deenihan T.D., An tAire Eala\u00edon, Oidhreachta agus Gaeltachta agus Cathaoirleach Coiste Cuimhneach\u00e1in N\u00e1isi\u00fanta an Ghorta Mh\u00f3ir imeacht Chuimhneach\u00e1n Idirn\u00e1isi\u00fanta an Ghorta Mh\u00f3ir ag Fanueil Hall, Bost\u00fan. N\u00f3ta\u00ed \u00f3n Uachtar\u00e1n Michael D. Higgins ag machnamh ar an nGorta M\u00f3r,&#8230; <\/p>\n","protected":false},"author":1,"featured_media":0,"parent":3365,"menu_order":0,"comment_status":"closed","ping_status":"closed","template":"full-width.php","meta":{"footnotes":""},"class_list":["post-3523","page","type-page","status-publish","hentry"],"yoast_head":"<!-- This site is optimized with the Yoast SEO plugin v27.2 - https:\/\/yoast.com\/product\/yoast-seo-wordpress\/ -->\n<title>Fanueil Hall, Boston 2012 - Com\u00f3radh N\u00e1isi\u00fanta an Ghorta Mh\u00f3ir<\/title>\n<meta name=\"robots\" content=\"index, follow, max-snippet:-1, max-image-preview:large, max-video-preview:-1\" \/>\n<link rel=\"canonical\" href=\"https:\/\/www.irishfamine.ie\/ga\/comoradh-a-dheanamh-ar-an-ghorta-mhor\/fanueil-hall-boston-2012\/\" \/>\n<meta property=\"og:locale\" content=\"ga_IE\" \/>\n<meta property=\"og:type\" content=\"article\" \/>\n<meta property=\"og:title\" content=\"Fanueil Hall, Boston 2012 - Com\u00f3radh N\u00e1isi\u00fanta an Ghorta Mh\u00f3ir\" \/>\n<meta property=\"og:description\" content=\"Cuimhneach\u00e1n Idirn\u00e1isi\u00fanta D\u00e9 Domhnaigh 13 Bealtaine, 2012 Boston D&#8217;oscail an tUachtar\u00e1n, M\u00edche\u00e1l D. \u00d3 hUig\u00edn agus Jimmy Deenihan T.D., An tAire Eala\u00edon, Oidhreachta agus Gaeltachta agus Cathaoirleach Coiste Cuimhneach\u00e1in N\u00e1isi\u00fanta an Ghorta Mh\u00f3ir imeacht Chuimhneach\u00e1n Idirn\u00e1isi\u00fanta an Ghorta Mh\u00f3ir ag Fanueil Hall, Bost\u00fan. N\u00f3ta\u00ed \u00f3n Uachtar\u00e1n Michael D. Higgins ag machnamh ar an nGorta M\u00f3r,...\" \/>\n<meta property=\"og:url\" content=\"https:\/\/www.irishfamine.ie\/ga\/comoradh-a-dheanamh-ar-an-ghorta-mhor\/fanueil-hall-boston-2012\/\" \/>\n<meta property=\"og:site_name\" content=\"Com\u00f3radh N\u00e1isi\u00fanta an Ghorta Mh\u00f3ir\" \/>\n<meta property=\"article:publisher\" content=\"https:\/\/www.facebook.com\/DepartmentofCultureIRL\/\" \/>\n<meta property=\"article:modified_time\" content=\"2024-05-14T14:50:55+00:00\" \/>\n<meta property=\"og:image\" content=\"https:\/\/www.irishfamine.ie\/app\/uploads\/2021\/05\/International-Famine-Commemoration_Fanueil-Hall-Boston_2012_-8.jpg\" \/>\n<meta name=\"twitter:card\" content=\"summary_large_image\" \/>\n<meta name=\"twitter:site\" content=\"@DeptCultureIRL\" \/>\n<script type=\"application\/ld+json\" class=\"yoast-schema-graph\">{\"@context\":\"https:\/\/schema.org\",\"@graph\":[{\"@type\":\"WebPage\",\"@id\":\"https:\/\/www.irishfamine.ie\/ga\/comoradh-a-dheanamh-ar-an-ghorta-mhor\/fanueil-hall-boston-2012\/\",\"url\":\"https:\/\/www.irishfamine.ie\/ga\/comoradh-a-dheanamh-ar-an-ghorta-mhor\/fanueil-hall-boston-2012\/\",\"name\":\"Fanueil Hall, Boston 2012 - Com\u00f3radh N\u00e1isi\u00fanta an Ghorta Mh\u00f3ir\",\"isPartOf\":{\"@id\":\"https:\/\/www.irishfamine.ie\/ga\/#website\"},\"primaryImageOfPage\":{\"@id\":\"https:\/\/www.irishfamine.ie\/ga\/comoradh-a-dheanamh-ar-an-ghorta-mhor\/fanueil-hall-boston-2012\/#primaryimage\"},\"image\":{\"@id\":\"https:\/\/www.irishfamine.ie\/ga\/comoradh-a-dheanamh-ar-an-ghorta-mhor\/fanueil-hall-boston-2012\/#primaryimage\"},\"thumbnailUrl\":\"https:\/\/www.irishfamine.ie\/app\/uploads\/2021\/05\/International-Famine-Commemoration_Fanueil-Hall-Boston_2012_-8.jpg\",\"datePublished\":\"2024-04-08T11:18:28+00:00\",\"dateModified\":\"2024-05-14T14:50:55+00:00\",\"breadcrumb\":{\"@id\":\"https:\/\/www.irishfamine.ie\/ga\/comoradh-a-dheanamh-ar-an-ghorta-mhor\/fanueil-hall-boston-2012\/#breadcrumb\"},\"inLanguage\":\"ga-IE\",\"potentialAction\":[{\"@type\":\"ReadAction\",\"target\":[\"https:\/\/www.irishfamine.ie\/ga\/comoradh-a-dheanamh-ar-an-ghorta-mhor\/fanueil-hall-boston-2012\/\"]}]},{\"@type\":\"ImageObject\",\"inLanguage\":\"ga-IE\",\"@id\":\"https:\/\/www.irishfamine.ie\/ga\/comoradh-a-dheanamh-ar-an-ghorta-mhor\/fanueil-hall-boston-2012\/#primaryimage\",\"url\":\"https:\/\/www.irishfamine.ie\/app\/uploads\/2021\/05\/International-Famine-Commemoration_Fanueil-Hall-Boston_2012_-8.jpg\",\"contentUrl\":\"https:\/\/www.irishfamine.ie\/app\/uploads\/2021\/05\/International-Famine-Commemoration_Fanueil-Hall-Boston_2012_-8.jpg\"},{\"@type\":\"BreadcrumbList\",\"@id\":\"https:\/\/www.irishfamine.ie\/ga\/comoradh-a-dheanamh-ar-an-ghorta-mhor\/fanueil-hall-boston-2012\/#breadcrumb\",\"itemListElement\":[{\"@type\":\"ListItem\",\"position\":1,\"name\":\"Home\",\"item\":\"https:\/\/www.irishfamine.ie\/ga\/\"},{\"@type\":\"ListItem\",\"position\":2,\"name\":\"Com\u00f3radh a Dh\u00e9anamh ar an Ghorta Mh\u00f3r\",\"item\":\"https:\/\/www.irishfamine.ie\/ga\/comoradh-a-dheanamh-ar-an-ghorta-mhor\/\"},{\"@type\":\"ListItem\",\"position\":3,\"name\":\"Fanueil Hall, Boston 2012\"}]},{\"@type\":\"WebSite\",\"@id\":\"https:\/\/www.irishfamine.ie\/ga\/#website\",\"url\":\"https:\/\/www.irishfamine.ie\/ga\/\",\"name\":\"National Famine Commemoration\",\"description\":\"\",\"publisher\":{\"@id\":\"https:\/\/www.irishfamine.ie\/ga\/#organization\"},\"potentialAction\":[{\"@type\":\"SearchAction\",\"target\":{\"@type\":\"EntryPoint\",\"urlTemplate\":\"https:\/\/www.irishfamine.ie\/ga\/?s={search_term_string}\"},\"query-input\":{\"@type\":\"PropertyValueSpecification\",\"valueRequired\":true,\"valueName\":\"search_term_string\"}}],\"inLanguage\":\"ga-IE\"},{\"@type\":\"Organization\",\"@id\":\"https:\/\/www.irishfamine.ie\/ga\/#organization\",\"name\":\"Department of Tourism, Culture, Arts, Gaeltacht, Sport & Media\",\"url\":\"https:\/\/www.irishfamine.ie\/ga\/\",\"logo\":{\"@type\":\"ImageObject\",\"inLanguage\":\"ga-IE\",\"@id\":\"https:\/\/www.irishfamine.ie\/ga\/#\/schema\/logo\/image\/\",\"url\":\"https:\/\/www.irishfamine.ie\/app\/uploads\/2021\/05\/dep-of-Tourism-Culture-Arts-Gaeltacht-sport-and-media-_logo.png\",\"contentUrl\":\"https:\/\/www.irishfamine.ie\/app\/uploads\/2021\/05\/dep-of-Tourism-Culture-Arts-Gaeltacht-sport-and-media-_logo.png\",\"width\":300,\"height\":148,\"caption\":\"Department of Tourism, Culture, Arts, Gaeltacht, Sport & Media\"},\"image\":{\"@id\":\"https:\/\/www.irishfamine.ie\/ga\/#\/schema\/logo\/image\/\"},\"sameAs\":[\"https:\/\/www.facebook.com\/DepartmentofCultureIRL\/\",\"https:\/\/x.com\/DeptCultureIRL\"]}]}<\/script>\n<!-- \/ Yoast SEO plugin. -->","yoast_head_json":{"title":"Fanueil Hall, Boston 2012 - Com\u00f3radh N\u00e1isi\u00fanta an Ghorta Mh\u00f3ir","robots":{"index":"index","follow":"follow","max-snippet":"max-snippet:-1","max-image-preview":"max-image-preview:large","max-video-preview":"max-video-preview:-1"},"canonical":"https:\/\/www.irishfamine.ie\/ga\/comoradh-a-dheanamh-ar-an-ghorta-mhor\/fanueil-hall-boston-2012\/","og_locale":"ga_IE","og_type":"article","og_title":"Fanueil Hall, Boston 2012 - Com\u00f3radh N\u00e1isi\u00fanta an Ghorta Mh\u00f3ir","og_description":"Cuimhneach\u00e1n Idirn\u00e1isi\u00fanta D\u00e9 Domhnaigh 13 Bealtaine, 2012 Boston D&#8217;oscail an tUachtar\u00e1n, M\u00edche\u00e1l D. \u00d3 hUig\u00edn agus Jimmy Deenihan T.D., An tAire Eala\u00edon, Oidhreachta agus Gaeltachta agus Cathaoirleach Coiste Cuimhneach\u00e1in N\u00e1isi\u00fanta an Ghorta Mh\u00f3ir imeacht Chuimhneach\u00e1n Idirn\u00e1isi\u00fanta an Ghorta Mh\u00f3ir ag Fanueil Hall, Bost\u00fan. N\u00f3ta\u00ed \u00f3n Uachtar\u00e1n Michael D. Higgins ag machnamh ar an nGorta M\u00f3r,...","og_url":"https:\/\/www.irishfamine.ie\/ga\/comoradh-a-dheanamh-ar-an-ghorta-mhor\/fanueil-hall-boston-2012\/","og_site_name":"Com\u00f3radh N\u00e1isi\u00fanta an Ghorta Mh\u00f3ir","article_publisher":"https:\/\/www.facebook.com\/DepartmentofCultureIRL\/","article_modified_time":"2024-05-14T14:50:55+00:00","og_image":[{"url":"https:\/\/www.irishfamine.ie\/app\/uploads\/2021\/05\/International-Famine-Commemoration_Fanueil-Hall-Boston_2012_-8.jpg","type":"","width":"","height":""}],"twitter_card":"summary_large_image","twitter_site":"@DeptCultureIRL","schema":{"@context":"https:\/\/schema.org","@graph":[{"@type":"WebPage","@id":"https:\/\/www.irishfamine.ie\/ga\/comoradh-a-dheanamh-ar-an-ghorta-mhor\/fanueil-hall-boston-2012\/","url":"https:\/\/www.irishfamine.ie\/ga\/comoradh-a-dheanamh-ar-an-ghorta-mhor\/fanueil-hall-boston-2012\/","name":"Fanueil Hall, Boston 2012 - Com\u00f3radh N\u00e1isi\u00fanta an Ghorta Mh\u00f3ir","isPartOf":{"@id":"https:\/\/www.irishfamine.ie\/ga\/#website"},"primaryImageOfPage":{"@id":"https:\/\/www.irishfamine.ie\/ga\/comoradh-a-dheanamh-ar-an-ghorta-mhor\/fanueil-hall-boston-2012\/#primaryimage"},"image":{"@id":"https:\/\/www.irishfamine.ie\/ga\/comoradh-a-dheanamh-ar-an-ghorta-mhor\/fanueil-hall-boston-2012\/#primaryimage"},"thumbnailUrl":"https:\/\/www.irishfamine.ie\/app\/uploads\/2021\/05\/International-Famine-Commemoration_Fanueil-Hall-Boston_2012_-8.jpg","datePublished":"2024-04-08T11:18:28+00:00","dateModified":"2024-05-14T14:50:55+00:00","breadcrumb":{"@id":"https:\/\/www.irishfamine.ie\/ga\/comoradh-a-dheanamh-ar-an-ghorta-mhor\/fanueil-hall-boston-2012\/#breadcrumb"},"inLanguage":"ga-IE","potentialAction":[{"@type":"ReadAction","target":["https:\/\/www.irishfamine.ie\/ga\/comoradh-a-dheanamh-ar-an-ghorta-mhor\/fanueil-hall-boston-2012\/"]}]},{"@type":"ImageObject","inLanguage":"ga-IE","@id":"https:\/\/www.irishfamine.ie\/ga\/comoradh-a-dheanamh-ar-an-ghorta-mhor\/fanueil-hall-boston-2012\/#primaryimage","url":"https:\/\/www.irishfamine.ie\/app\/uploads\/2021\/05\/International-Famine-Commemoration_Fanueil-Hall-Boston_2012_-8.jpg","contentUrl":"https:\/\/www.irishfamine.ie\/app\/uploads\/2021\/05\/International-Famine-Commemoration_Fanueil-Hall-Boston_2012_-8.jpg"},{"@type":"BreadcrumbList","@id":"https:\/\/www.irishfamine.ie\/ga\/comoradh-a-dheanamh-ar-an-ghorta-mhor\/fanueil-hall-boston-2012\/#breadcrumb","itemListElement":[{"@type":"ListItem","position":1,"name":"Home","item":"https:\/\/www.irishfamine.ie\/ga\/"},{"@type":"ListItem","position":2,"name":"Com\u00f3radh a Dh\u00e9anamh ar an Ghorta Mh\u00f3r","item":"https:\/\/www.irishfamine.ie\/ga\/comoradh-a-dheanamh-ar-an-ghorta-mhor\/"},{"@type":"ListItem","position":3,"name":"Fanueil Hall, Boston 2012"}]},{"@type":"WebSite","@id":"https:\/\/www.irishfamine.ie\/ga\/#website","url":"https:\/\/www.irishfamine.ie\/ga\/","name":"National Famine Commemoration","description":"","publisher":{"@id":"https:\/\/www.irishfamine.ie\/ga\/#organization"},"potentialAction":[{"@type":"SearchAction","target":{"@type":"EntryPoint","urlTemplate":"https:\/\/www.irishfamine.ie\/ga\/?s={search_term_string}"},"query-input":{"@type":"PropertyValueSpecification","valueRequired":true,"valueName":"search_term_string"}}],"inLanguage":"ga-IE"},{"@type":"Organization","@id":"https:\/\/www.irishfamine.ie\/ga\/#organization","name":"Department of Tourism, Culture, Arts, Gaeltacht, Sport & Media","url":"https:\/\/www.irishfamine.ie\/ga\/","logo":{"@type":"ImageObject","inLanguage":"ga-IE","@id":"https:\/\/www.irishfamine.ie\/ga\/#\/schema\/logo\/image\/","url":"https:\/\/www.irishfamine.ie\/app\/uploads\/2021\/05\/dep-of-Tourism-Culture-Arts-Gaeltacht-sport-and-media-_logo.png","contentUrl":"https:\/\/www.irishfamine.ie\/app\/uploads\/2021\/05\/dep-of-Tourism-Culture-Arts-Gaeltacht-sport-and-media-_logo.png","width":300,"height":148,"caption":"Department of Tourism, Culture, Arts, Gaeltacht, Sport & Media"},"image":{"@id":"https:\/\/www.irishfamine.ie\/ga\/#\/schema\/logo\/image\/"},"sameAs":["https:\/\/www.facebook.com\/DepartmentofCultureIRL\/","https:\/\/x.com\/DeptCultureIRL"]}]}},"_links":{"self":[{"href":"https:\/\/www.irishfamine.ie\/ga\/wp-json\/wp\/v2\/pages\/3523","targetHints":{"allow":["GET"]}}],"collection":[{"href":"https:\/\/www.irishfamine.ie\/ga\/wp-json\/wp\/v2\/pages"}],"about":[{"href":"https:\/\/www.irishfamine.ie\/ga\/wp-json\/wp\/v2\/types\/page"}],"author":[{"embeddable":true,"href":"https:\/\/www.irishfamine.ie\/ga\/wp-json\/wp\/v2\/users\/1"}],"replies":[{"embeddable":true,"href":"https:\/\/www.irishfamine.ie\/ga\/wp-json\/wp\/v2\/comments?post=3523"}],"version-history":[{"count":3,"href":"https:\/\/www.irishfamine.ie\/ga\/wp-json\/wp\/v2\/pages\/3523\/revisions"}],"predecessor-version":[{"id":3685,"href":"https:\/\/www.irishfamine.ie\/ga\/wp-json\/wp\/v2\/pages\/3523\/revisions\/3685"}],"up":[{"embeddable":true,"href":"https:\/\/www.irishfamine.ie\/ga\/wp-json\/wp\/v2\/pages\/3365"}],"wp:attachment":[{"href":"https:\/\/www.irishfamine.ie\/ga\/wp-json\/wp\/v2\/media?parent=3523"}],"curies":[{"name":"wp","href":"https:\/\/api.w.org\/{rel}","templated":true}]}}