{"id":3530,"date":"2024-04-04T17:32:26","date_gmt":"2024-04-04T16:32:26","guid":{"rendered":"https:\/\/www.irishfamine.ie\/murrisk-croagh-patrick-2010\/"},"modified":"2024-05-10T11:50:08","modified_gmt":"2024-05-10T10:50:08","slug":"murrisk-croagh-patrick-2010","status":"publish","type":"page","link":"https:\/\/www.irishfamine.ie\/ga\/murrisk-croagh-patrick-2010\/","title":{"rendered":"Muraisc, Cruach Ph\u00e1draig, 2010"},"content":{"rendered":"<p>Re\u00e1cht\u00e1ladh Cuimhneach\u00e1n N\u00e1isi\u00fanta 2010 an Ghorta Mh\u00f3ir ar an Domhnach 16 Bealtaine, i sr\u00e1idbhaile Mhuraisce, ag bun Chruach Ph\u00e1draig.<\/p>\n<p>Eagra\u00edodh cl\u00e1r de l\u00e9achta\u00ed agus imeachta\u00ed don tseachtain d\u00edreach roimh an \u00f3c\u00e1id. Leagadh b\u00e9im sa chl\u00e1r imeachta\u00ed ar ghn\u00e9ithe stairi\u00fala an Ghorta Mh\u00f3ir in \u00c9irinn, tr\u00ed Eala\u00edn, Seand\u00e1la\u00edocht, Stair, Litr\u00edocht, Amhr\u00e1in agus Ceol, agus leagadh b\u00e9im ar r\u00e9altacht an ghorta at\u00e1 i r\u00e9im ar fud an domhain sa l\u00e1 at\u00e1 inniu ann.<\/p>\n<p><img decoding=\"async\" src=\"https:\/\/www.irishfamine.ie\/app\/uploads\/2022\/09\/Murrisk-2010-Minister-Pat-Carey-TD-768x1024.jpg\" \/><\/p>\n","protected":false},"excerpt":{"rendered":"<p>Re\u00e1cht\u00e1ladh Cuimhneach\u00e1n N\u00e1isi\u00fanta 2010 an Ghorta Mh\u00f3ir ar an Domhnach 16 Bealtaine, i sr\u00e1idbhaile Mhuraisce, ag bun Chruach Ph\u00e1draig. Eagra\u00edodh cl\u00e1r de l\u00e9achta\u00ed agus imeachta\u00ed don tseachtain d\u00edreach roimh an \u00f3c\u00e1id. Leagadh b\u00e9im sa chl\u00e1r imeachta\u00ed ar ghn\u00e9ithe stairi\u00fala an Ghorta Mh\u00f3ir in \u00c9irinn, tr\u00ed Eala\u00edn, Seand\u00e1la\u00edocht, Stair, Litr\u00edocht, Amhr\u00e1in agus Ceol, agus leagadh b\u00e9im&#8230; <\/p>\n","protected":false},"author":13,"featured_media":0,"parent":0,"menu_order":0,"comment_status":"closed","ping_status":"closed","template":"full-width.php","meta":{"footnotes":""},"class_list":["post-3530","page","type-page","status-publish","hentry"],"yoast_head":"<!-- This site is optimized with the Yoast SEO plugin v27.2 - https:\/\/yoast.com\/product\/yoast-seo-wordpress\/ -->\n<title>Muraisc, Cruach Ph\u00e1draig, 2010 - Com\u00f3radh N\u00e1isi\u00fanta an Ghorta Mh\u00f3ir<\/title>\n<meta name=\"robots\" content=\"index, follow, max-snippet:-1, max-image-preview:large, max-video-preview:-1\" \/>\n<link rel=\"canonical\" href=\"https:\/\/www.irishfamine.ie\/ga\/murrisk-croagh-patrick-2010\/\" \/>\n<meta property=\"og:locale\" content=\"ga_IE\" \/>\n<meta property=\"og:type\" content=\"article\" \/>\n<meta property=\"og:title\" content=\"Muraisc, Cruach Ph\u00e1draig, 2010 - Com\u00f3radh N\u00e1isi\u00fanta an Ghorta Mh\u00f3ir\" \/>\n<meta property=\"og:description\" content=\"Re\u00e1cht\u00e1ladh Cuimhneach\u00e1n N\u00e1isi\u00fanta 2010 an Ghorta Mh\u00f3ir ar an Domhnach 16 Bealtaine, i sr\u00e1idbhaile Mhuraisce, ag bun Chruach Ph\u00e1draig. Eagra\u00edodh cl\u00e1r de l\u00e9achta\u00ed agus imeachta\u00ed don tseachtain d\u00edreach roimh an \u00f3c\u00e1id. Leagadh b\u00e9im sa chl\u00e1r imeachta\u00ed ar ghn\u00e9ithe stairi\u00fala an Ghorta Mh\u00f3ir in \u00c9irinn, tr\u00ed Eala\u00edn, Seand\u00e1la\u00edocht, Stair, Litr\u00edocht, Amhr\u00e1in agus Ceol, agus leagadh b\u00e9im...\" \/>\n<meta property=\"og:url\" content=\"https:\/\/www.irishfamine.ie\/ga\/murrisk-croagh-patrick-2010\/\" \/>\n<meta property=\"og:site_name\" content=\"Com\u00f3radh N\u00e1isi\u00fanta an Ghorta Mh\u00f3ir\" \/>\n<meta property=\"article:publisher\" content=\"https:\/\/www.facebook.com\/DepartmentofCultureIRL\/\" \/>\n<meta property=\"article:modified_time\" content=\"2024-05-10T10:50:08+00:00\" \/>\n<meta property=\"og:image\" content=\"https:\/\/www.irishfamine.ie\/app\/uploads\/2022\/09\/Murrisk-2010-Minister-Pat-Carey-TD-768x1024.jpg\" \/>\n<meta name=\"twitter:card\" content=\"summary_large_image\" \/>\n<meta name=\"twitter:site\" content=\"@DeptCultureIRL\" \/>\n<script type=\"application\/ld+json\" class=\"yoast-schema-graph\">{\"@context\":\"https:\/\/schema.org\",\"@graph\":[{\"@type\":\"WebPage\",\"@id\":\"https:\/\/www.irishfamine.ie\/ga\/murrisk-croagh-patrick-2010\/\",\"url\":\"https:\/\/www.irishfamine.ie\/ga\/murrisk-croagh-patrick-2010\/\",\"name\":\"Muraisc, Cruach Ph\u00e1draig, 2010 - Com\u00f3radh N\u00e1isi\u00fanta an Ghorta Mh\u00f3ir\",\"isPartOf\":{\"@id\":\"https:\/\/www.irishfamine.ie\/ga\/#website\"},\"primaryImageOfPage\":{\"@id\":\"https:\/\/www.irishfamine.ie\/ga\/murrisk-croagh-patrick-2010\/#primaryimage\"},\"image\":{\"@id\":\"https:\/\/www.irishfamine.ie\/ga\/murrisk-croagh-patrick-2010\/#primaryimage\"},\"thumbnailUrl\":\"https:\/\/www.irishfamine.ie\/app\/uploads\/2022\/09\/Murrisk-2010-Minister-Pat-Carey-TD-768x1024.jpg\",\"datePublished\":\"2024-04-04T16:32:26+00:00\",\"dateModified\":\"2024-05-10T10:50:08+00:00\",\"breadcrumb\":{\"@id\":\"https:\/\/www.irishfamine.ie\/ga\/murrisk-croagh-patrick-2010\/#breadcrumb\"},\"inLanguage\":\"ga-IE\",\"potentialAction\":[{\"@type\":\"ReadAction\",\"target\":[\"https:\/\/www.irishfamine.ie\/ga\/murrisk-croagh-patrick-2010\/\"]}]},{\"@type\":\"ImageObject\",\"inLanguage\":\"ga-IE\",\"@id\":\"https:\/\/www.irishfamine.ie\/ga\/murrisk-croagh-patrick-2010\/#primaryimage\",\"url\":\"https:\/\/www.irishfamine.ie\/app\/uploads\/2022\/09\/Murrisk-2010-Minister-Pat-Carey-TD-768x1024.jpg\",\"contentUrl\":\"https:\/\/www.irishfamine.ie\/app\/uploads\/2022\/09\/Murrisk-2010-Minister-Pat-Carey-TD-768x1024.jpg\"},{\"@type\":\"BreadcrumbList\",\"@id\":\"https:\/\/www.irishfamine.ie\/ga\/murrisk-croagh-patrick-2010\/#breadcrumb\",\"itemListElement\":[{\"@type\":\"ListItem\",\"position\":1,\"name\":\"Home\",\"item\":\"https:\/\/www.irishfamine.ie\/ga\/\"},{\"@type\":\"ListItem\",\"position\":2,\"name\":\"Muraisc, Cruach Ph\u00e1draig, 2010\"}]},{\"@type\":\"WebSite\",\"@id\":\"https:\/\/www.irishfamine.ie\/ga\/#website\",\"url\":\"https:\/\/www.irishfamine.ie\/ga\/\",\"name\":\"National Famine Commemoration\",\"description\":\"\",\"publisher\":{\"@id\":\"https:\/\/www.irishfamine.ie\/ga\/#organization\"},\"potentialAction\":[{\"@type\":\"SearchAction\",\"target\":{\"@type\":\"EntryPoint\",\"urlTemplate\":\"https:\/\/www.irishfamine.ie\/ga\/?s={search_term_string}\"},\"query-input\":{\"@type\":\"PropertyValueSpecification\",\"valueRequired\":true,\"valueName\":\"search_term_string\"}}],\"inLanguage\":\"ga-IE\"},{\"@type\":\"Organization\",\"@id\":\"https:\/\/www.irishfamine.ie\/ga\/#organization\",\"name\":\"Department of Tourism, Culture, Arts, Gaeltacht, Sport & Media\",\"url\":\"https:\/\/www.irishfamine.ie\/ga\/\",\"logo\":{\"@type\":\"ImageObject\",\"inLanguage\":\"ga-IE\",\"@id\":\"https:\/\/www.irishfamine.ie\/ga\/#\/schema\/logo\/image\/\",\"url\":\"https:\/\/www.irishfamine.ie\/app\/uploads\/2021\/05\/dep-of-Tourism-Culture-Arts-Gaeltacht-sport-and-media-_logo.png\",\"contentUrl\":\"https:\/\/www.irishfamine.ie\/app\/uploads\/2021\/05\/dep-of-Tourism-Culture-Arts-Gaeltacht-sport-and-media-_logo.png\",\"width\":300,\"height\":148,\"caption\":\"Department of Tourism, Culture, Arts, Gaeltacht, Sport & Media\"},\"image\":{\"@id\":\"https:\/\/www.irishfamine.ie\/ga\/#\/schema\/logo\/image\/\"},\"sameAs\":[\"https:\/\/www.facebook.com\/DepartmentofCultureIRL\/\",\"https:\/\/x.com\/DeptCultureIRL\"]}]}<\/script>\n<!-- \/ Yoast SEO plugin. -->","yoast_head_json":{"title":"Muraisc, Cruach Ph\u00e1draig, 2010 - Com\u00f3radh N\u00e1isi\u00fanta an Ghorta Mh\u00f3ir","robots":{"index":"index","follow":"follow","max-snippet":"max-snippet:-1","max-image-preview":"max-image-preview:large","max-video-preview":"max-video-preview:-1"},"canonical":"https:\/\/www.irishfamine.ie\/ga\/murrisk-croagh-patrick-2010\/","og_locale":"ga_IE","og_type":"article","og_title":"Muraisc, Cruach Ph\u00e1draig, 2010 - Com\u00f3radh N\u00e1isi\u00fanta an Ghorta Mh\u00f3ir","og_description":"Re\u00e1cht\u00e1ladh Cuimhneach\u00e1n N\u00e1isi\u00fanta 2010 an Ghorta Mh\u00f3ir ar an Domhnach 16 Bealtaine, i sr\u00e1idbhaile Mhuraisce, ag bun Chruach Ph\u00e1draig. Eagra\u00edodh cl\u00e1r de l\u00e9achta\u00ed agus imeachta\u00ed don tseachtain d\u00edreach roimh an \u00f3c\u00e1id. Leagadh b\u00e9im sa chl\u00e1r imeachta\u00ed ar ghn\u00e9ithe stairi\u00fala an Ghorta Mh\u00f3ir in \u00c9irinn, tr\u00ed Eala\u00edn, Seand\u00e1la\u00edocht, Stair, Litr\u00edocht, Amhr\u00e1in agus Ceol, agus leagadh b\u00e9im...","og_url":"https:\/\/www.irishfamine.ie\/ga\/murrisk-croagh-patrick-2010\/","og_site_name":"Com\u00f3radh N\u00e1isi\u00fanta an Ghorta Mh\u00f3ir","article_publisher":"https:\/\/www.facebook.com\/DepartmentofCultureIRL\/","article_modified_time":"2024-05-10T10:50:08+00:00","og_image":[{"url":"https:\/\/www.irishfamine.ie\/app\/uploads\/2022\/09\/Murrisk-2010-Minister-Pat-Carey-TD-768x1024.jpg","type":"","width":"","height":""}],"twitter_card":"summary_large_image","twitter_site":"@DeptCultureIRL","schema":{"@context":"https:\/\/schema.org","@graph":[{"@type":"WebPage","@id":"https:\/\/www.irishfamine.ie\/ga\/murrisk-croagh-patrick-2010\/","url":"https:\/\/www.irishfamine.ie\/ga\/murrisk-croagh-patrick-2010\/","name":"Muraisc, Cruach Ph\u00e1draig, 2010 - Com\u00f3radh N\u00e1isi\u00fanta an Ghorta Mh\u00f3ir","isPartOf":{"@id":"https:\/\/www.irishfamine.ie\/ga\/#website"},"primaryImageOfPage":{"@id":"https:\/\/www.irishfamine.ie\/ga\/murrisk-croagh-patrick-2010\/#primaryimage"},"image":{"@id":"https:\/\/www.irishfamine.ie\/ga\/murrisk-croagh-patrick-2010\/#primaryimage"},"thumbnailUrl":"https:\/\/www.irishfamine.ie\/app\/uploads\/2022\/09\/Murrisk-2010-Minister-Pat-Carey-TD-768x1024.jpg","datePublished":"2024-04-04T16:32:26+00:00","dateModified":"2024-05-10T10:50:08+00:00","breadcrumb":{"@id":"https:\/\/www.irishfamine.ie\/ga\/murrisk-croagh-patrick-2010\/#breadcrumb"},"inLanguage":"ga-IE","potentialAction":[{"@type":"ReadAction","target":["https:\/\/www.irishfamine.ie\/ga\/murrisk-croagh-patrick-2010\/"]}]},{"@type":"ImageObject","inLanguage":"ga-IE","@id":"https:\/\/www.irishfamine.ie\/ga\/murrisk-croagh-patrick-2010\/#primaryimage","url":"https:\/\/www.irishfamine.ie\/app\/uploads\/2022\/09\/Murrisk-2010-Minister-Pat-Carey-TD-768x1024.jpg","contentUrl":"https:\/\/www.irishfamine.ie\/app\/uploads\/2022\/09\/Murrisk-2010-Minister-Pat-Carey-TD-768x1024.jpg"},{"@type":"BreadcrumbList","@id":"https:\/\/www.irishfamine.ie\/ga\/murrisk-croagh-patrick-2010\/#breadcrumb","itemListElement":[{"@type":"ListItem","position":1,"name":"Home","item":"https:\/\/www.irishfamine.ie\/ga\/"},{"@type":"ListItem","position":2,"name":"Muraisc, Cruach Ph\u00e1draig, 2010"}]},{"@type":"WebSite","@id":"https:\/\/www.irishfamine.ie\/ga\/#website","url":"https:\/\/www.irishfamine.ie\/ga\/","name":"National Famine Commemoration","description":"","publisher":{"@id":"https:\/\/www.irishfamine.ie\/ga\/#organization"},"potentialAction":[{"@type":"SearchAction","target":{"@type":"EntryPoint","urlTemplate":"https:\/\/www.irishfamine.ie\/ga\/?s={search_term_string}"},"query-input":{"@type":"PropertyValueSpecification","valueRequired":true,"valueName":"search_term_string"}}],"inLanguage":"ga-IE"},{"@type":"Organization","@id":"https:\/\/www.irishfamine.ie\/ga\/#organization","name":"Department of Tourism, Culture, Arts, Gaeltacht, Sport & Media","url":"https:\/\/www.irishfamine.ie\/ga\/","logo":{"@type":"ImageObject","inLanguage":"ga-IE","@id":"https:\/\/www.irishfamine.ie\/ga\/#\/schema\/logo\/image\/","url":"https:\/\/www.irishfamine.ie\/app\/uploads\/2021\/05\/dep-of-Tourism-Culture-Arts-Gaeltacht-sport-and-media-_logo.png","contentUrl":"https:\/\/www.irishfamine.ie\/app\/uploads\/2021\/05\/dep-of-Tourism-Culture-Arts-Gaeltacht-sport-and-media-_logo.png","width":300,"height":148,"caption":"Department of Tourism, Culture, Arts, Gaeltacht, Sport & Media"},"image":{"@id":"https:\/\/www.irishfamine.ie\/ga\/#\/schema\/logo\/image\/"},"sameAs":["https:\/\/www.facebook.com\/DepartmentofCultureIRL\/","https:\/\/x.com\/DeptCultureIRL"]}]}},"_links":{"self":[{"href":"https:\/\/www.irishfamine.ie\/ga\/wp-json\/wp\/v2\/pages\/3530","targetHints":{"allow":["GET"]}}],"collection":[{"href":"https:\/\/www.irishfamine.ie\/ga\/wp-json\/wp\/v2\/pages"}],"about":[{"href":"https:\/\/www.irishfamine.ie\/ga\/wp-json\/wp\/v2\/types\/page"}],"author":[{"embeddable":true,"href":"https:\/\/www.irishfamine.ie\/ga\/wp-json\/wp\/v2\/users\/13"}],"replies":[{"embeddable":true,"href":"https:\/\/www.irishfamine.ie\/ga\/wp-json\/wp\/v2\/comments?post=3530"}],"version-history":[{"count":4,"href":"https:\/\/www.irishfamine.ie\/ga\/wp-json\/wp\/v2\/pages\/3530\/revisions"}],"predecessor-version":[{"id":3669,"href":"https:\/\/www.irishfamine.ie\/ga\/wp-json\/wp\/v2\/pages\/3530\/revisions\/3669"}],"wp:attachment":[{"href":"https:\/\/www.irishfamine.ie\/ga\/wp-json\/wp\/v2\/media?parent=3530"}],"curies":[{"name":"wp","href":"https:\/\/api.w.org\/{rel}","templated":true}]}}