{"id":3548,"date":"2023-07-07T17:29:50","date_gmt":"2023-07-07T16:29:50","guid":{"rendered":"https:\/\/www.irishfamine.ie\/data-protection\/"},"modified":"2024-04-26T12:45:48","modified_gmt":"2024-04-26T11:45:48","slug":"data-protection","status":"publish","type":"page","link":"https:\/\/www.irishfamine.ie\/ga\/data-protection\/","title":{"rendered":"Cosaint Sonra\u00ed"},"content":{"rendered":"<p><strong>Cosaint Sonra\u00ed<\/strong><br \/>\nD\u00e9anfar na sonra\u00ed pearsanta go l\u00e9ir a phr\u00f3ise\u00e1lann an Roinn Turas\u00f3ireachta, Cult\u00fair, Eala\u00edon, Gaeltachta, Sp\u00f3irt agus Me\u00e1n de r\u00e9ir an dl\u00ed um chosaint sonra\u00ed agus n\u00ed dh\u00e9anfar iad ach amh\u00e1in chun cr\u00edocha a bhaineann le feidhmeanna na Roinne seo.<br \/>\nT\u00e1 an Roinn tiomanta go hioml\u00e1n do na sonra\u00ed pearsanta go l\u00e9ir a chuireann a custaim\u00e9ir\u00ed isteach a choinne\u00e1il, go hioml\u00e1n s\u00e1bh\u00e1ilte agus sl\u00e1n le linn pr\u00f3isis riarach\u00e1in. T\u00e1 gach beart teicni\u00fail riachtanach curtha i bhfeidhm chun s\u00e1bh\u00e1ilteacht agus sl\u00e1nd\u00e1il na gc\u00f3ras ina gcoime\u00e1dtar na sonra\u00ed seo a \u00e1irithi\u00fa.<br \/>\nD\u00e9anfar faisn\u00e9is faoi chosaint sonra\u00ed a nuashonr\u00fa ar an leathanach seo \u00f3 am go ch\u00e9ile.<\/p>\n<p><strong>Reachta\u00edocht<\/strong><br \/>\nUrrama\u00edonn an Roinn go hioml\u00e1n do cheart chun pr\u00edobh\u00e1ideachais. Caithfear le haon fhaisn\u00e9is phearsanta a shol\u00e1thra\u00edonn t\u00fa don Roinn leis na caighde\u00e1in is airde sl\u00e1nd\u00e1la agus r\u00fandachta, i gcomhr\u00e9ir dhian leis na hAchtanna um Chosaint Sonra\u00ed 1988-2018. Is rialach\u00e1n \u00e9 an Rialach\u00e1n <a href=\"https:\/\/eur-lex.europa.eu\/legal-content\/EN\/TXT\/?uri=CELEX:02016R0679-20160504\">Ginear\u00e1lta maidir le Cosaint Sonra\u00ed (RGCS) (AE) 2016\/679<\/a> maidir le cosaint sonra\u00ed agus pr\u00edobh\u00e1ideachas laistigh den Aontas Eorpach.  Th\u00e1inig s\u00e9 i bhfeidhm ar fud an Aontais Eorpaigh ar an 25 Bealtaine 2018.  Tagann s\u00e9 in ionad an treoir um chosaint sonra\u00ed a bh\u00ed i bhfeidhm \u00f3 1995 i leith, agus t\u00e1 s\u00e9 mar bhonn len\u00e1r ndl\u00edthe \u00c9ireannacha um Chosaint Sonra\u00ed (na hAchtanna um Chosaint Sonra\u00ed 1988-2018).<\/p>\n<p><strong>C\u00e9 h\u00e9\/h\u00ed an Rialaitheoir Sonra\u00ed?<\/strong><br \/>\nIs \u00ed an Roinn \u00ed f\u00e9in an Rialaitheoir Sonra\u00ed maidir le baili\u00fa agus pr\u00f3ise\u00e1il gach sonra pearsanta sa Roinn Turas\u00f3ireachta, Cult\u00fair, Eala\u00edon, Gaeltachta, Sp\u00f3irt agus Me\u00e1n.<\/p>\n<p><strong>Conas ar f\u00e9idir liom teagmh\u00e1il a dh\u00e9anamh leis an Oifigeach Cosanta Sonra\u00ed?<\/strong><br \/>\nIs f\u00e9idir teagmh\u00e1il a dh\u00e9anamh leis an Oifigeach Cosanta Sonra\u00ed mar seo a leanas:<br \/>\nData Protection Officer<br \/>\nAn Roinn Turas\u00f3ireachta, Cult\u00fair, Eala\u00edon, Gaeltachta, Sp\u00f3irt agus Me\u00e1n<br \/>\n23 Sr\u00e1id Chill Dara<br \/>\nD2 TD30<\/p>\n<p>R\u00edomhphost: <a href=\"mailto:data.protection@tcagsm.gov.ie\">data.protection@tcagsm.gov.ie<\/a><\/p>\n<p><strong>Beartas Cosanta Sonra\u00ed<\/strong><br \/>\nIs f\u00e9idir an Beartas Cosanta Sonra\u00ed a aimsi\u00fa ag an nasc a leanas:<br \/>\n<a href=\"https:\/\/www.gov.ie\/ga\/eolas-eagraiochtai\/6646b-cosaint-sonrai\/?\">https:\/\/www.gov.ie\/ga\/eolas-eagraiochtai\/6646b-cosaint-sonrai\/?<\/a><\/p>\n<p><strong>C\u00e9n cearta at\u00e1 agam faoin reachta\u00edocht Chosanta Sonra\u00ed?<\/strong><br \/>\nNuair a thugann tusa, mar chustaim\u00e9ir, sonra\u00ed pearsanta don Roinn, t\u00e1 cearta \u00e1irithe agat maidir leis na sonra\u00ed sin. Mar sin f\u00e9in, ba cheart tabhairt faoi deara nach bhfuil feidhm ag gach ceart sa liosta i ngach c\u00fainse. Leagtar na cearta seo amach th\u00edos agus is f\u00e9idir iad a chur i bhfeidhm tr\u00ed theagmh\u00e1il a dh\u00e9anamh leis an Oifigeach Cosanta Sonra\u00ed, mar a shonra\u00edtear thuas, agus an ceart\/na cearta ar mhian leat a chur i bhfeidhm \u00e1 l\u00e9iri\u00fa agat:<br \/>\n\u2022\tRochtain ar do shonra\u00ed pearsanta \u2013 le haghaidh eolas faoin cheart ar rochtain, lena n-\u00e1ir\u00edtear conas Iarratas Duine ar a S(h)onra\u00ed a chur isteach, f\u00e9ach an nasc a leanas: <a href=\"https:\/\/www.dataprotection.ie\/ga\/dpc-guidance\/iarratai-rochtana-o-abhair-sonrai-ceisteanna-coitianta\">https:\/\/www.dataprotection.ie\/ga\/dpc-guidance\/iarratai-rochtana-o-abhair-sonrai-ceisteanna-coitianta<\/a><br \/>\n\u2022\tdo shonra\u00ed pearsanta a cheart\u00fa<br \/>\n\u2022\tInaistritheacht sonra\u00ed<br \/>\n\u2022\tsrian le pr\u00f3ise\u00e1il do shonra\u00ed pearsanta<br \/>\n\u2022\tag\u00f3id i gcoinne phr\u00f3ise\u00e1il do shonra\u00ed pearsanta<br \/>\n\u2022\ttoili\u00fa a tharraingt siar m\u00e1 tugadh cheana f\u00e9in do phr\u00f3ise\u00e1il do shonra\u00ed pearsanta<br \/>\n\u2022\tdo shonra\u00ed pearsanta a scriosadh<br \/>\n\u2022\tan ceart chun gear\u00e1n a dh\u00e9anamh leis an \u00dadar\u00e1s Maoirseachta (An Coimisi\u00fan um Chosaint Sonra\u00ed, 21 Cearn\u00f3g Mhic Liam Theas, Baile \u00c1tha Cliath 2, D02 RD28 \u2013 <a href=\"https:\/\/www.dataprotection.ie\/ga\/\">https:\/\/www.dataprotection.ie\/ga\/<\/a>)<\/p>\n<p><strong>An bhfuil srianta ar bith ann?<\/strong><br \/>\nIs f\u00e9idir \u2013 For\u00e1lann Alt 61(1) do shrianta ar fheidhmi\u00fa chearta na ndaoine is \u00e1bhar do na sonra\u00ed nuair is chun cr\u00edocha cartlannaithe a dh\u00e9antar an phr\u00f3ise\u00e1il ar mhaithe le leas an phobail. Cearta duine is \u00e1bhar do na sonra\u00ed at\u00e1 leagtha amach in Airteagal 15 (ceart rochtana), 16 (ceart chun ceart\u00fach\u00e1in), 18 (ceart chun srianta ar phr\u00f3ise\u00e1il), 19 (ceart chun f\u00f3gra a fh\u00e1il faoi cheart\u00fa, scriosadh n\u00f3 srianadh ar phr\u00f3ise\u00e1il sonra\u00ed pearsanta), 20 (an ceart chun iniomparthacht sonra\u00ed), agus 21 (ceart chun ag\u00f3ide) den GDPR teoranta a mh\u00e9id a gur d\u00f3cha go mbeadh s\u00e9 dodh\u00e9anta, n\u00f3 go nd\u00e9anfadh s\u00e9 dochar m\u00f3r, do bhaint amach na gcr\u00edoch sin as feidhmi\u00fa aon cheann de na cearta sin, agus t\u00e1 g\u00e1 le srian den s\u00f3rt sin chun na cr\u00edocha sin a chomhl\u00edonadh.<br \/>\nI gc\u00e1s ina bhfuil pr\u00f3ise\u00e1il ar si\u00fal ag an am c\u00e9anna chun aon chr\u00edche eile, seachas cr\u00edocha cartlannaithe ar mhaithe le leas an phobail, n\u00ed bheidh feidhm ag na srianta sin ach amh\u00e1in maidir le pr\u00f3ise\u00e1il chun cr\u00edocha cartlannaithe ar mhaithe le leas an phobail.<\/p>\n<p><strong>Cad iad na c\u00e1sanna ina roinnfear mo shonra\u00ed pearsanta?<\/strong><br \/>\nI gc\u00f3na\u00ed, n\u00ed roinnfear do shonra\u00ed pearsanta ach amh\u00e1in sa ch\u00e1s go bhfuil bun\u00fas dl\u00ed bail\u00ed chun \u00e9 sin a dh\u00e9anamh agus de r\u00e9ir na reachta\u00edochta cu\u00ed um Chosaint Sonra\u00ed.<\/p>\n<p><strong>Ceisteanna Parlaiminte agus Uir\u00edll \u00f3 Ionadaithe Poibl\u00ed<\/strong><br \/>\nAgus iarratais ar Cheisteanna Parlaiminte \u00e1 bhfreagairt, baintear an fhaisn\u00e9is phearsanta ar fad as an bhfreagra a bheidh mar thaifead poibl\u00ed n\u00edos d\u00e9ana\u00ed.<br \/>\nN\u00ed choinneofar faisn\u00e9is a phr\u00f3ise\u00e1lfar chun na cr\u00edche seo ach chomh fada agus a bh\u00edonn g\u00e1 le gn\u00f3 a dh\u00e9anamh agus ina dhiaidh sin marc\u00e1lfar \u00ed lena scriosadh agus scriosfar \u00ed de r\u00e9ir treoirl\u00ednte inmhe\u00e1nacha n\u00f3 treoirl\u00ednte maidir le scrios a fuarthas \u00f3 Chartlann N\u00e1isi\u00fanta na h\u00c9ireann n\u00f3 a bhaineann leo. ceadanna faighte uathu.<\/p>\n<p><strong>Sonra\u00ed pearsanta gan ainm n\u00f3 br\u00e9ige a ainm<\/strong><br \/>\nNuair is f\u00e9idir, f\u00e9adfaidh an Roinn sonra\u00ed pearsanta a ainm n\u00f3 ainm bhr\u00e9ige (masc) a dh\u00e9anamh ionas nach mbeidh na sonra\u00ed pearsanta ar f\u00e1il ach d\u00f3ibh si\u00fad a bhfuil riachtanas gn\u00f3 soil\u00e9ir acu lena fheice\u00e1il.<\/p>\n<p><strong>Eolas Teicni\u00fail ar shonra\u00ed a bhail\u00edtear<\/strong><br \/>\nT\u00e1 eolas teicni\u00fail faoi na cuacha a \u00fas\u00e1idtear ar shu\u00edomh \u00e1r Roinne ar f\u00e1il anseo.<\/p>\n<p><strorng>Taifead ar Ghn\u00edomha\u00edochta\u00ed Pr\u00f3ise\u00e1la (ROPA)<\/strong><br \/>\nTh\u00e1inig na Rialach\u00e1in Ghinear\u00e1lta um Chosaint Sonra\u00ed (GDPR) i bhfeidhm i m\u00ed na Bealtaine 2018, inar chuimsigh Airteagal 30 ceanglas ar gach comhlacht poibl\u00ed Taifead Gn\u00edomha\u00edochta\u00ed Pr\u00f3ise\u00e1la, n\u00f3 ROPA, a shol\u00e1thar.<br \/>\nIs liosta cuimsitheach agus neamh-uileghabh\u00e1lach \u00e9 an doicim\u00e9ad seo de na pr\u00f3isis a dh\u00e9anann rann\u00f3ga laistigh den roinn a \u00fas\u00e1ideann sonra\u00ed pearsanta; \u00f3 n\u00e1d\u00far is i bhfoirm doicim\u00e9id bheo at\u00e1 s\u00e9, a nuashonr\u00f3far go rialta le hathruithe agus leasuithe. M\u00e1 t\u00e1 aon cheist agat maidir le pr\u00f3isis ar leith a \u00fas\u00e1ideann sonra\u00ed pearsanta nach bhfuil cl\u00fadaithe ag an doicim\u00e9ad seo, d\u00e9an teagmh\u00e1il leis an Oifigeach Cosanta Sonra\u00ed, mar at\u00e1 sonraithe thuas, le do thoil.<\/p>\n","protected":false},"excerpt":{"rendered":"<p>Cosaint Sonra\u00ed D\u00e9anfar na sonra\u00ed pearsanta go l\u00e9ir a phr\u00f3ise\u00e1lann an Roinn Turas\u00f3ireachta, Cult\u00fair, Eala\u00edon, Gaeltachta, Sp\u00f3irt agus Me\u00e1n de r\u00e9ir an dl\u00ed um chosaint sonra\u00ed agus n\u00ed dh\u00e9anfar iad ach amh\u00e1in chun cr\u00edocha a bhaineann le feidhmeanna na Roinne seo. T\u00e1 an Roinn tiomanta go hioml\u00e1n do na sonra\u00ed pearsanta go l\u00e9ir a chuireann&#8230; <\/p>\n","protected":false},"author":1,"featured_media":0,"parent":0,"menu_order":0,"comment_status":"closed","ping_status":"closed","template":"","meta":{"footnotes":""},"class_list":["post-3548","page","type-page","status-publish","hentry"],"yoast_head":"<!-- This site is optimized with the Yoast SEO plugin v27.2 - https:\/\/yoast.com\/product\/yoast-seo-wordpress\/ -->\n<title>Cosaint Sonra\u00ed - Com\u00f3radh N\u00e1isi\u00fanta an Ghorta Mh\u00f3ir<\/title>\n<meta name=\"robots\" content=\"index, follow, max-snippet:-1, max-image-preview:large, max-video-preview:-1\" \/>\n<link rel=\"canonical\" href=\"https:\/\/www.irishfamine.ie\/ga\/data-protection\/\" \/>\n<meta property=\"og:locale\" content=\"ga_IE\" \/>\n<meta property=\"og:type\" content=\"article\" \/>\n<meta property=\"og:title\" content=\"Cosaint Sonra\u00ed - Com\u00f3radh N\u00e1isi\u00fanta an Ghorta Mh\u00f3ir\" \/>\n<meta property=\"og:description\" content=\"Cosaint Sonra\u00ed D\u00e9anfar na sonra\u00ed pearsanta go l\u00e9ir a phr\u00f3ise\u00e1lann an Roinn Turas\u00f3ireachta, Cult\u00fair, Eala\u00edon, Gaeltachta, Sp\u00f3irt agus Me\u00e1n de r\u00e9ir an dl\u00ed um chosaint sonra\u00ed agus n\u00ed dh\u00e9anfar iad ach amh\u00e1in chun cr\u00edocha a bhaineann le feidhmeanna na Roinne seo. T\u00e1 an Roinn tiomanta go hioml\u00e1n do na sonra\u00ed pearsanta go l\u00e9ir a chuireann...\" \/>\n<meta property=\"og:url\" content=\"https:\/\/www.irishfamine.ie\/ga\/data-protection\/\" \/>\n<meta property=\"og:site_name\" content=\"Com\u00f3radh N\u00e1isi\u00fanta an Ghorta Mh\u00f3ir\" \/>\n<meta property=\"article:publisher\" content=\"https:\/\/www.facebook.com\/DepartmentofCultureIRL\/\" \/>\n<meta property=\"article:modified_time\" content=\"2024-04-26T11:45:48+00:00\" \/>\n<meta name=\"twitter:card\" content=\"summary_large_image\" \/>\n<meta name=\"twitter:site\" content=\"@DeptCultureIRL\" \/>\n<meta name=\"twitter:label1\" content=\"Est. reading time\" \/>\n\t<meta name=\"twitter:data1\" content=\"6 minutes\" \/>\n<script type=\"application\/ld+json\" class=\"yoast-schema-graph\">{\"@context\":\"https:\/\/schema.org\",\"@graph\":[{\"@type\":\"WebPage\",\"@id\":\"https:\/\/www.irishfamine.ie\/ga\/data-protection\/\",\"url\":\"https:\/\/www.irishfamine.ie\/ga\/data-protection\/\",\"name\":\"Cosaint Sonra\u00ed - Com\u00f3radh N\u00e1isi\u00fanta an Ghorta Mh\u00f3ir\",\"isPartOf\":{\"@id\":\"https:\/\/www.irishfamine.ie\/ga\/#website\"},\"datePublished\":\"2023-07-07T16:29:50+00:00\",\"dateModified\":\"2024-04-26T11:45:48+00:00\",\"breadcrumb\":{\"@id\":\"https:\/\/www.irishfamine.ie\/ga\/data-protection\/#breadcrumb\"},\"inLanguage\":\"ga-IE\",\"potentialAction\":[{\"@type\":\"ReadAction\",\"target\":[\"https:\/\/www.irishfamine.ie\/ga\/data-protection\/\"]}]},{\"@type\":\"BreadcrumbList\",\"@id\":\"https:\/\/www.irishfamine.ie\/ga\/data-protection\/#breadcrumb\",\"itemListElement\":[{\"@type\":\"ListItem\",\"position\":1,\"name\":\"Home\",\"item\":\"https:\/\/www.irishfamine.ie\/ga\/\"},{\"@type\":\"ListItem\",\"position\":2,\"name\":\"Cosaint Sonra\u00ed\"}]},{\"@type\":\"WebSite\",\"@id\":\"https:\/\/www.irishfamine.ie\/ga\/#website\",\"url\":\"https:\/\/www.irishfamine.ie\/ga\/\",\"name\":\"National Famine Commemoration\",\"description\":\"\",\"publisher\":{\"@id\":\"https:\/\/www.irishfamine.ie\/ga\/#organization\"},\"potentialAction\":[{\"@type\":\"SearchAction\",\"target\":{\"@type\":\"EntryPoint\",\"urlTemplate\":\"https:\/\/www.irishfamine.ie\/ga\/?s={search_term_string}\"},\"query-input\":{\"@type\":\"PropertyValueSpecification\",\"valueRequired\":true,\"valueName\":\"search_term_string\"}}],\"inLanguage\":\"ga-IE\"},{\"@type\":\"Organization\",\"@id\":\"https:\/\/www.irishfamine.ie\/ga\/#organization\",\"name\":\"Department of Tourism, Culture, Arts, Gaeltacht, Sport & Media\",\"url\":\"https:\/\/www.irishfamine.ie\/ga\/\",\"logo\":{\"@type\":\"ImageObject\",\"inLanguage\":\"ga-IE\",\"@id\":\"https:\/\/www.irishfamine.ie\/ga\/#\/schema\/logo\/image\/\",\"url\":\"https:\/\/www.irishfamine.ie\/app\/uploads\/2021\/05\/dep-of-Tourism-Culture-Arts-Gaeltacht-sport-and-media-_logo.png\",\"contentUrl\":\"https:\/\/www.irishfamine.ie\/app\/uploads\/2021\/05\/dep-of-Tourism-Culture-Arts-Gaeltacht-sport-and-media-_logo.png\",\"width\":300,\"height\":148,\"caption\":\"Department of Tourism, Culture, Arts, Gaeltacht, Sport & Media\"},\"image\":{\"@id\":\"https:\/\/www.irishfamine.ie\/ga\/#\/schema\/logo\/image\/\"},\"sameAs\":[\"https:\/\/www.facebook.com\/DepartmentofCultureIRL\/\",\"https:\/\/x.com\/DeptCultureIRL\"]}]}<\/script>\n<!-- \/ Yoast SEO plugin. -->","yoast_head_json":{"title":"Cosaint Sonra\u00ed - Com\u00f3radh N\u00e1isi\u00fanta an Ghorta Mh\u00f3ir","robots":{"index":"index","follow":"follow","max-snippet":"max-snippet:-1","max-image-preview":"max-image-preview:large","max-video-preview":"max-video-preview:-1"},"canonical":"https:\/\/www.irishfamine.ie\/ga\/data-protection\/","og_locale":"ga_IE","og_type":"article","og_title":"Cosaint Sonra\u00ed - Com\u00f3radh N\u00e1isi\u00fanta an Ghorta Mh\u00f3ir","og_description":"Cosaint Sonra\u00ed D\u00e9anfar na sonra\u00ed pearsanta go l\u00e9ir a phr\u00f3ise\u00e1lann an Roinn Turas\u00f3ireachta, Cult\u00fair, Eala\u00edon, Gaeltachta, Sp\u00f3irt agus Me\u00e1n de r\u00e9ir an dl\u00ed um chosaint sonra\u00ed agus n\u00ed dh\u00e9anfar iad ach amh\u00e1in chun cr\u00edocha a bhaineann le feidhmeanna na Roinne seo. T\u00e1 an Roinn tiomanta go hioml\u00e1n do na sonra\u00ed pearsanta go l\u00e9ir a chuireann...","og_url":"https:\/\/www.irishfamine.ie\/ga\/data-protection\/","og_site_name":"Com\u00f3radh N\u00e1isi\u00fanta an Ghorta Mh\u00f3ir","article_publisher":"https:\/\/www.facebook.com\/DepartmentofCultureIRL\/","article_modified_time":"2024-04-26T11:45:48+00:00","twitter_card":"summary_large_image","twitter_site":"@DeptCultureIRL","twitter_misc":{"Est. reading time":"6 minutes"},"schema":{"@context":"https:\/\/schema.org","@graph":[{"@type":"WebPage","@id":"https:\/\/www.irishfamine.ie\/ga\/data-protection\/","url":"https:\/\/www.irishfamine.ie\/ga\/data-protection\/","name":"Cosaint Sonra\u00ed - Com\u00f3radh N\u00e1isi\u00fanta an Ghorta Mh\u00f3ir","isPartOf":{"@id":"https:\/\/www.irishfamine.ie\/ga\/#website"},"datePublished":"2023-07-07T16:29:50+00:00","dateModified":"2024-04-26T11:45:48+00:00","breadcrumb":{"@id":"https:\/\/www.irishfamine.ie\/ga\/data-protection\/#breadcrumb"},"inLanguage":"ga-IE","potentialAction":[{"@type":"ReadAction","target":["https:\/\/www.irishfamine.ie\/ga\/data-protection\/"]}]},{"@type":"BreadcrumbList","@id":"https:\/\/www.irishfamine.ie\/ga\/data-protection\/#breadcrumb","itemListElement":[{"@type":"ListItem","position":1,"name":"Home","item":"https:\/\/www.irishfamine.ie\/ga\/"},{"@type":"ListItem","position":2,"name":"Cosaint Sonra\u00ed"}]},{"@type":"WebSite","@id":"https:\/\/www.irishfamine.ie\/ga\/#website","url":"https:\/\/www.irishfamine.ie\/ga\/","name":"National Famine Commemoration","description":"","publisher":{"@id":"https:\/\/www.irishfamine.ie\/ga\/#organization"},"potentialAction":[{"@type":"SearchAction","target":{"@type":"EntryPoint","urlTemplate":"https:\/\/www.irishfamine.ie\/ga\/?s={search_term_string}"},"query-input":{"@type":"PropertyValueSpecification","valueRequired":true,"valueName":"search_term_string"}}],"inLanguage":"ga-IE"},{"@type":"Organization","@id":"https:\/\/www.irishfamine.ie\/ga\/#organization","name":"Department of Tourism, Culture, Arts, Gaeltacht, Sport & Media","url":"https:\/\/www.irishfamine.ie\/ga\/","logo":{"@type":"ImageObject","inLanguage":"ga-IE","@id":"https:\/\/www.irishfamine.ie\/ga\/#\/schema\/logo\/image\/","url":"https:\/\/www.irishfamine.ie\/app\/uploads\/2021\/05\/dep-of-Tourism-Culture-Arts-Gaeltacht-sport-and-media-_logo.png","contentUrl":"https:\/\/www.irishfamine.ie\/app\/uploads\/2021\/05\/dep-of-Tourism-Culture-Arts-Gaeltacht-sport-and-media-_logo.png","width":300,"height":148,"caption":"Department of Tourism, Culture, Arts, Gaeltacht, Sport & Media"},"image":{"@id":"https:\/\/www.irishfamine.ie\/ga\/#\/schema\/logo\/image\/"},"sameAs":["https:\/\/www.facebook.com\/DepartmentofCultureIRL\/","https:\/\/x.com\/DeptCultureIRL"]}]}},"_links":{"self":[{"href":"https:\/\/www.irishfamine.ie\/ga\/wp-json\/wp\/v2\/pages\/3548","targetHints":{"allow":["GET"]}}],"collection":[{"href":"https:\/\/www.irishfamine.ie\/ga\/wp-json\/wp\/v2\/pages"}],"about":[{"href":"https:\/\/www.irishfamine.ie\/ga\/wp-json\/wp\/v2\/types\/page"}],"author":[{"embeddable":true,"href":"https:\/\/www.irishfamine.ie\/ga\/wp-json\/wp\/v2\/users\/1"}],"replies":[{"embeddable":true,"href":"https:\/\/www.irishfamine.ie\/ga\/wp-json\/wp\/v2\/comments?post=3548"}],"version-history":[{"count":8,"href":"https:\/\/www.irishfamine.ie\/ga\/wp-json\/wp\/v2\/pages\/3548\/revisions"}],"predecessor-version":[{"id":3601,"href":"https:\/\/www.irishfamine.ie\/ga\/wp-json\/wp\/v2\/pages\/3548\/revisions\/3601"}],"wp:attachment":[{"href":"https:\/\/www.irishfamine.ie\/ga\/wp-json\/wp\/v2\/media?parent=3548"}],"curies":[{"name":"wp","href":"https:\/\/api.w.org\/{rel}","templated":true}]}}