{"id":3554,"date":"2021-04-13T09:59:24","date_gmt":"2021-04-13T08:59:24","guid":{"rendered":"https:\/\/www.irishfamine.ie\/privacy-policy\/"},"modified":"2024-04-11T17:50:48","modified_gmt":"2024-04-11T16:50:48","slug":"privacy-policy","status":"publish","type":"page","link":"https:\/\/www.irishfamine.ie\/ga\/privacy-policy\/","title":{"rendered":"R\u00e1iteas Pr\u00edobh\u00e1ideachais"},"content":{"rendered":"<p>R\u00e1iteas Pr\u00edobh\u00e1ideachais<br \/>\nT\u00e1 an su\u00edomh gr\u00e9as\u00e1in seo \u00e1 chothabh\u00e1il ag an Roinn Turas\u00f3ireachta, Cult\u00fair, Eala\u00edon, Gaeltachta, Sp\u00f3irt agus Me\u00e1n.  T\u00e1 an Roinn tiomanta do do phr\u00edobh\u00e1ideachas a chosaint agus a urram\u00fa agus baineann s\u00ed leas as bearta teicni\u00fala agus eagra\u00edocht\u00fala cu\u00ed chun do chuid sonra\u00ed pearsanta a chosaint ar rochtain neamh\u00fadaraithe. N\u00ed phr\u00f3ise\u00e1lfaidh an Roinn do chuid sonra\u00ed pearsanta chun aon chr\u00edche ach amh\u00e1in chun an chr\u00edoch sin d\u00e1 mbail\u00edtear iad. F\u00e9adfaidh s\u00e9 go malart\u00f3far sonra\u00ed pearsanta le Ranna eile Rialtais, \u00fadar\u00e1is \u00e1iti\u00fala, gn\u00edomhaireachta\u00ed at\u00e1 faoi choimirce na Roinne, n\u00f3 comhlachta\u00ed eile poibl\u00ed, i gc\u00fains\u00ed \u00e1irithe i gc\u00e1s ina bhfor\u00e1iltear amhlaidh le dl\u00ed.<br \/>\nN\u00ed choime\u00e1dfaidh an Roinn do shonra\u00ed pearsanta ach amh\u00e1in fad a bheidh s\u00e9 riachtanach chun na cr\u00edocha d\u00e1 mbail\u00edtear iad agus d\u00e1 nd\u00e9antar pr\u00f3ise\u00e1il ina dhiaidh sin orthu. Nuair a rachaidh an riachtanas gn\u00f3 chun an fhaisn\u00e9is seo a choime\u00e1d in \u00e9ag, scr\u00fad\u00f3far \u00ed d\u2019fhonn na sonra\u00ed pearsanta a l\u00e9irscriosadh a luaithe is f\u00e9idir, agus de r\u00e9ir bheartas na Roinne agus reachta\u00edochta Cosanta Sonra\u00ed. Is f\u00e9idir tuilleadh faisn\u00e9ise faoi Chosaint Sonra\u00ed a fh\u00e1il ar \u00e1r su\u00edomh gr\u00e9as\u00e1in anseo.<\/p>\n<p>Faisn\u00e9is Phearsanta \u00e1 Baili\u00fa agus \u00e1 h\u00das\u00e1id<br \/>\nUrrama\u00edonn an Roinn cearta a h\u00fas\u00e1ideoir\u00ed agus n\u00ed bhail\u00edonn s\u00ed aon sonra\u00ed pearsanta f\u00fat ar a su\u00edomh gr\u00e9as\u00e1in.<br \/>\nAgus t\u00fa ag dul i dteagmh\u00e1il linn, f\u00e9adfaidh t\u00fa bheith ag seoladh sonra\u00ed pearsanta chugainn amhail d&#8217;ainm, do sheoladh agus do sheoladh r\u00edomhphoist. F\u00e9adfaimid do shonra\u00ed pearsanta a st\u00f3r\u00e1il chun freagra a thabhairt ar d\u2019iarratas n\u00f3 chun teacht ar r\u00e9iteach ar \u00e1bhar an r\u00edomhphoist.<br \/>\nI gc\u00e1s ina sol\u00e1thr\u00f3idh \u00fas\u00e1ideoir sonra\u00ed pearsanta go deonach, n\u00ed \u00fas\u00e1idfear iad seo ach amh\u00e1in chun na cr\u00edocha d\u00e1 sol\u00e1thra\u00edtear iad, agus n\u00ed dh\u00e9anfar iad a chur chun aon tr\u00ed\u00fa p\u00e1irt\u00ed, mura bhfuil s\u00e9 de dhualgas air an fhaisn\u00e9is sin a nochtadh le riail dl\u00ed.<\/p>\n<p>Faisn\u00e9is Theicni\u00fail \u00e1 Baili\u00fa agus \u00e1 h\u00das\u00e1id<br \/>\nLog\u00e1iltear sonra\u00ed teicni\u00fala i dtaca le cuairteanna ar shu\u00edomhanna ghr\u00e9as\u00e1in na Roinne chun cr\u00edocha staidrimh agus riarach\u00e1in eile. N\u00ed bhail\u00edtear aon fhaisn\u00e9is a d&#8217;fh\u00e9adfadh an Roinn a \u00fas\u00e1id chun cuairteoir\u00ed su\u00edmh gr\u00e9as\u00e1in a aithint. T\u00e1 na sonra\u00ed a log\u00e1iltear teoranta do na m\u00edreanna seo a leanas:<br \/>\nSeoladh IP chliant gr\u00e9as\u00e1in an chuairteora;<br \/>\nAn t-ainm fearainn barrleibh\u00e9il a \u00fas\u00e1idtear (mar shampla .ie, .com, .org, .net);<br \/>\nSeoladh an su\u00edomh gr\u00e9as\u00e1in roimhe sin \u00f3nar shroich an cuairteoir sinn, lena n-\u00e1ir\u00edtear aon t\u00e9arma\u00ed cuardaigh a \u00fas\u00e1ideadh;<br \/>\nSonra\u00ed conair chlice\u00e1la a l\u00e9ir\u00edonn tr\u00e1cht na gcuairteoir\u00ed ar fud an tsu\u00edmh gr\u00e9as\u00e1in seo (mar shampla, leathanaigh ghr\u00e9as\u00e1in ar a bhfuarthas rochtain agus na doicim\u00e9id a \u00edosl\u00f3d\u00e1ladh);<br \/>\nAn cine\u00e1l brabhs\u00e1la\u00ed gr\u00e9as\u00e1in a \u00fas\u00e1ideann cuairteoir an tsu\u00edmh gr\u00e9as\u00e1in.<br \/>\nN\u00ed dh\u00e9anfaidh an Roinn aon iarracht ar chuairteoir\u00ed aonair a aithint, n\u00e1 na sonra\u00ed teicni\u00fala at\u00e1 liostaithe thuas a chomhcheangal le haon duine aonair ach amh\u00e1in i gc\u00e1s aon \u00fas\u00e1id mh\u00edchu\u00ed n\u00f3 mhail\u00edseach ar l\u00e1ithre\u00e1n gr\u00e9as\u00e1in na Roinne f\u00e9in a imscr\u00fad\u00fa. Is \u00e9 beartas na Roinne gan aon fhaisn\u00e9is theicni\u00fail i leith cuairteoir\u00ed aonair su\u00edmh gr\u00e9as\u00e1in a chur ar f\u00e1il d\u2019aon tr\u00ed\u00fa p\u00e1irt\u00ed, mura mbeidh s\u00e9 de dhualgas faoin dl\u00ed an nochtadh sin a dh\u00e9anamh.<\/p>\n<p>Cuacha a \u00fas\u00e1id ar \u00e1r su\u00edomh gr\u00e9as\u00e1in<br \/>\nN\u00ed dh\u00e9anfaidh an Roinn (agus n\u00ed lamh\u00e1lfaidh d\u2019aon tr\u00ed\u00fa p\u00e1irt\u00ed) an uirlis anail\u00edse staitisti\u00fail a \u00fas\u00e1id chun faisn\u00e9is ar bith at\u00e1 aitheanta go pearsanta ar chuairteoir\u00ed ar \u00e1r su\u00edomh a rian\u00fa n\u00e1 a bhaili\u00fa. N\u00ed chomhcheangl\u00f3imid aon sonra\u00ed a bhail\u00edtear \u00f3n su\u00edomh seo le haon fhaisn\u00e9is, \u00f3 aon fhoinse, lenar f\u00e9idir duine ar bith a aithint go pearsanta mar chuid d\u00e1r n-\u00fas\u00e1id d\u2019uirlis anail\u00eds\u00edochta staitisti\u00fala Google. N\u00ed chomhcheangl\u00f3idh Google do sheoladh IP le faisn\u00e9is ar bith eile at\u00e1 i seilbh Google. N\u00ed nascfaidh an Roinn n\u00e1 Google, n\u00e1 n\u00ed fh\u00e9achfaidh lena nascadh, seoladh IP le c\u00e9annacht \u00fas\u00e1ideora r\u00edomhair\u00ed.<br \/>\n\u00das\u00e1idfidh an Roinn cuach shimpl\u00ed freisin chun a thaifeadadh go bhfuil cuairteoir tar \u00e9is a admh\u00e1il gur \u00fas\u00e1ideadh cuacha ar an su\u00edomh seo. Is amhlaidh an c\u00e1s chun f\u00f3gra\u00edocht an\u00edos a chosc ar an gcuairteoir gach uair a thugann siad cuairt ar an su\u00edomh ach n\u00ed bhaileofar n\u00e1 n\u00ed st\u00f3r\u00e1lfar aon fhaisn\u00e9is eile faoin gcuairteoir.<br \/>\nF\u00e9adfaidh t\u00fa di\u00falt\u00fa do chuacha tr\u00ed na socruithe cu\u00ed a roghn\u00fa ar do bhrabhs\u00e1la\u00ed mar at\u00e1 l\u00e9irithe sna naisc th\u00edos. Is f\u00e9idir leis sin difear a dh\u00e9anamh do do thaith\u00ed brabhs\u00e1la agus f\u00e9adfaidh nach bhfeidhmeoidh roinnt seirbh\u00eds\u00ed ar an su\u00edomh seo agus cinn eile i gceart, n\u00f3 in aon chor. Agus t\u00fa ag \u00fas\u00e1id an tsu\u00edmh gr\u00e9as\u00e1in seo, toil\u00edonn t\u00fa le Google faisn\u00e9is f\u00fat a phr\u00f3ise\u00e1il ar an modh agus chun na gcr\u00edoch a leagtar amach thuas.<\/p>\n","protected":false},"excerpt":{"rendered":"<p>R\u00e1iteas Pr\u00edobh\u00e1ideachais T\u00e1 an su\u00edomh gr\u00e9as\u00e1in seo \u00e1 chothabh\u00e1il ag an Roinn Turas\u00f3ireachta, Cult\u00fair, Eala\u00edon, Gaeltachta, Sp\u00f3irt agus Me\u00e1n. T\u00e1 an Roinn tiomanta do do phr\u00edobh\u00e1ideachas a chosaint agus a urram\u00fa agus baineann s\u00ed leas as bearta teicni\u00fala agus eagra\u00edocht\u00fala cu\u00ed chun do chuid sonra\u00ed pearsanta a chosaint ar rochtain neamh\u00fadaraithe. N\u00ed phr\u00f3ise\u00e1lfaidh an Roinn&#8230; <\/p>\n","protected":false},"author":1,"featured_media":0,"parent":0,"menu_order":19,"comment_status":"closed","ping_status":"closed","template":"","meta":{"footnotes":""},"class_list":["post-3554","page","type-page","status-publish","hentry"],"yoast_head":"<!-- This site is optimized with the Yoast SEO plugin v27.2 - https:\/\/yoast.com\/product\/yoast-seo-wordpress\/ -->\n<title>R\u00e1iteas Pr\u00edobh\u00e1ideachais - Com\u00f3radh N\u00e1isi\u00fanta an Ghorta Mh\u00f3ir<\/title>\n<meta name=\"robots\" content=\"index, follow, max-snippet:-1, max-image-preview:large, max-video-preview:-1\" \/>\n<link rel=\"canonical\" href=\"https:\/\/www.irishfamine.ie\/ga\/privacy-policy\/\" \/>\n<meta property=\"og:locale\" content=\"ga_IE\" \/>\n<meta property=\"og:type\" content=\"article\" \/>\n<meta property=\"og:title\" content=\"R\u00e1iteas Pr\u00edobh\u00e1ideachais - Com\u00f3radh N\u00e1isi\u00fanta an Ghorta Mh\u00f3ir\" \/>\n<meta property=\"og:description\" content=\"R\u00e1iteas Pr\u00edobh\u00e1ideachais T\u00e1 an su\u00edomh gr\u00e9as\u00e1in seo \u00e1 chothabh\u00e1il ag an Roinn Turas\u00f3ireachta, Cult\u00fair, Eala\u00edon, Gaeltachta, Sp\u00f3irt agus Me\u00e1n. T\u00e1 an Roinn tiomanta do do phr\u00edobh\u00e1ideachas a chosaint agus a urram\u00fa agus baineann s\u00ed leas as bearta teicni\u00fala agus eagra\u00edocht\u00fala cu\u00ed chun do chuid sonra\u00ed pearsanta a chosaint ar rochtain neamh\u00fadaraithe. N\u00ed phr\u00f3ise\u00e1lfaidh an Roinn...\" \/>\n<meta property=\"og:url\" content=\"https:\/\/www.irishfamine.ie\/ga\/privacy-policy\/\" \/>\n<meta property=\"og:site_name\" content=\"Com\u00f3radh N\u00e1isi\u00fanta an Ghorta Mh\u00f3ir\" \/>\n<meta property=\"article:publisher\" content=\"https:\/\/www.facebook.com\/DepartmentofCultureIRL\/\" \/>\n<meta property=\"article:modified_time\" content=\"2024-04-11T16:50:48+00:00\" \/>\n<meta name=\"twitter:card\" content=\"summary_large_image\" \/>\n<meta name=\"twitter:site\" content=\"@DeptCultureIRL\" \/>\n<meta name=\"twitter:label1\" content=\"Est. reading time\" \/>\n\t<meta name=\"twitter:data1\" content=\"5 minutes\" \/>\n<script type=\"application\/ld+json\" class=\"yoast-schema-graph\">{\"@context\":\"https:\/\/schema.org\",\"@graph\":[{\"@type\":\"WebPage\",\"@id\":\"https:\/\/www.irishfamine.ie\/ga\/privacy-policy\/\",\"url\":\"https:\/\/www.irishfamine.ie\/ga\/privacy-policy\/\",\"name\":\"R\u00e1iteas Pr\u00edobh\u00e1ideachais - Com\u00f3radh N\u00e1isi\u00fanta an Ghorta Mh\u00f3ir\",\"isPartOf\":{\"@id\":\"https:\/\/www.irishfamine.ie\/ga\/#website\"},\"datePublished\":\"2021-04-13T08:59:24+00:00\",\"dateModified\":\"2024-04-11T16:50:48+00:00\",\"breadcrumb\":{\"@id\":\"https:\/\/www.irishfamine.ie\/ga\/privacy-policy\/#breadcrumb\"},\"inLanguage\":\"ga-IE\",\"potentialAction\":[{\"@type\":\"ReadAction\",\"target\":[\"https:\/\/www.irishfamine.ie\/ga\/privacy-policy\/\"]}]},{\"@type\":\"BreadcrumbList\",\"@id\":\"https:\/\/www.irishfamine.ie\/ga\/privacy-policy\/#breadcrumb\",\"itemListElement\":[{\"@type\":\"ListItem\",\"position\":1,\"name\":\"Home\",\"item\":\"https:\/\/www.irishfamine.ie\/ga\/\"},{\"@type\":\"ListItem\",\"position\":2,\"name\":\"R\u00e1iteas Pr\u00edobh\u00e1ideachais\"}]},{\"@type\":\"WebSite\",\"@id\":\"https:\/\/www.irishfamine.ie\/ga\/#website\",\"url\":\"https:\/\/www.irishfamine.ie\/ga\/\",\"name\":\"National Famine Commemoration\",\"description\":\"\",\"publisher\":{\"@id\":\"https:\/\/www.irishfamine.ie\/ga\/#organization\"},\"potentialAction\":[{\"@type\":\"SearchAction\",\"target\":{\"@type\":\"EntryPoint\",\"urlTemplate\":\"https:\/\/www.irishfamine.ie\/ga\/?s={search_term_string}\"},\"query-input\":{\"@type\":\"PropertyValueSpecification\",\"valueRequired\":true,\"valueName\":\"search_term_string\"}}],\"inLanguage\":\"ga-IE\"},{\"@type\":\"Organization\",\"@id\":\"https:\/\/www.irishfamine.ie\/ga\/#organization\",\"name\":\"Department of Tourism, Culture, Arts, Gaeltacht, Sport & Media\",\"url\":\"https:\/\/www.irishfamine.ie\/ga\/\",\"logo\":{\"@type\":\"ImageObject\",\"inLanguage\":\"ga-IE\",\"@id\":\"https:\/\/www.irishfamine.ie\/ga\/#\/schema\/logo\/image\/\",\"url\":\"https:\/\/www.irishfamine.ie\/app\/uploads\/2021\/05\/dep-of-Tourism-Culture-Arts-Gaeltacht-sport-and-media-_logo.png\",\"contentUrl\":\"https:\/\/www.irishfamine.ie\/app\/uploads\/2021\/05\/dep-of-Tourism-Culture-Arts-Gaeltacht-sport-and-media-_logo.png\",\"width\":300,\"height\":148,\"caption\":\"Department of Tourism, Culture, Arts, Gaeltacht, Sport & Media\"},\"image\":{\"@id\":\"https:\/\/www.irishfamine.ie\/ga\/#\/schema\/logo\/image\/\"},\"sameAs\":[\"https:\/\/www.facebook.com\/DepartmentofCultureIRL\/\",\"https:\/\/x.com\/DeptCultureIRL\"]}]}<\/script>\n<!-- \/ Yoast SEO plugin. -->","yoast_head_json":{"title":"R\u00e1iteas Pr\u00edobh\u00e1ideachais - Com\u00f3radh N\u00e1isi\u00fanta an Ghorta Mh\u00f3ir","robots":{"index":"index","follow":"follow","max-snippet":"max-snippet:-1","max-image-preview":"max-image-preview:large","max-video-preview":"max-video-preview:-1"},"canonical":"https:\/\/www.irishfamine.ie\/ga\/privacy-policy\/","og_locale":"ga_IE","og_type":"article","og_title":"R\u00e1iteas Pr\u00edobh\u00e1ideachais - Com\u00f3radh N\u00e1isi\u00fanta an Ghorta Mh\u00f3ir","og_description":"R\u00e1iteas Pr\u00edobh\u00e1ideachais T\u00e1 an su\u00edomh gr\u00e9as\u00e1in seo \u00e1 chothabh\u00e1il ag an Roinn Turas\u00f3ireachta, Cult\u00fair, Eala\u00edon, Gaeltachta, Sp\u00f3irt agus Me\u00e1n. T\u00e1 an Roinn tiomanta do do phr\u00edobh\u00e1ideachas a chosaint agus a urram\u00fa agus baineann s\u00ed leas as bearta teicni\u00fala agus eagra\u00edocht\u00fala cu\u00ed chun do chuid sonra\u00ed pearsanta a chosaint ar rochtain neamh\u00fadaraithe. N\u00ed phr\u00f3ise\u00e1lfaidh an Roinn...","og_url":"https:\/\/www.irishfamine.ie\/ga\/privacy-policy\/","og_site_name":"Com\u00f3radh N\u00e1isi\u00fanta an Ghorta Mh\u00f3ir","article_publisher":"https:\/\/www.facebook.com\/DepartmentofCultureIRL\/","article_modified_time":"2024-04-11T16:50:48+00:00","twitter_card":"summary_large_image","twitter_site":"@DeptCultureIRL","twitter_misc":{"Est. reading time":"5 minutes"},"schema":{"@context":"https:\/\/schema.org","@graph":[{"@type":"WebPage","@id":"https:\/\/www.irishfamine.ie\/ga\/privacy-policy\/","url":"https:\/\/www.irishfamine.ie\/ga\/privacy-policy\/","name":"R\u00e1iteas Pr\u00edobh\u00e1ideachais - Com\u00f3radh N\u00e1isi\u00fanta an Ghorta Mh\u00f3ir","isPartOf":{"@id":"https:\/\/www.irishfamine.ie\/ga\/#website"},"datePublished":"2021-04-13T08:59:24+00:00","dateModified":"2024-04-11T16:50:48+00:00","breadcrumb":{"@id":"https:\/\/www.irishfamine.ie\/ga\/privacy-policy\/#breadcrumb"},"inLanguage":"ga-IE","potentialAction":[{"@type":"ReadAction","target":["https:\/\/www.irishfamine.ie\/ga\/privacy-policy\/"]}]},{"@type":"BreadcrumbList","@id":"https:\/\/www.irishfamine.ie\/ga\/privacy-policy\/#breadcrumb","itemListElement":[{"@type":"ListItem","position":1,"name":"Home","item":"https:\/\/www.irishfamine.ie\/ga\/"},{"@type":"ListItem","position":2,"name":"R\u00e1iteas Pr\u00edobh\u00e1ideachais"}]},{"@type":"WebSite","@id":"https:\/\/www.irishfamine.ie\/ga\/#website","url":"https:\/\/www.irishfamine.ie\/ga\/","name":"National Famine Commemoration","description":"","publisher":{"@id":"https:\/\/www.irishfamine.ie\/ga\/#organization"},"potentialAction":[{"@type":"SearchAction","target":{"@type":"EntryPoint","urlTemplate":"https:\/\/www.irishfamine.ie\/ga\/?s={search_term_string}"},"query-input":{"@type":"PropertyValueSpecification","valueRequired":true,"valueName":"search_term_string"}}],"inLanguage":"ga-IE"},{"@type":"Organization","@id":"https:\/\/www.irishfamine.ie\/ga\/#organization","name":"Department of Tourism, Culture, Arts, Gaeltacht, Sport & Media","url":"https:\/\/www.irishfamine.ie\/ga\/","logo":{"@type":"ImageObject","inLanguage":"ga-IE","@id":"https:\/\/www.irishfamine.ie\/ga\/#\/schema\/logo\/image\/","url":"https:\/\/www.irishfamine.ie\/app\/uploads\/2021\/05\/dep-of-Tourism-Culture-Arts-Gaeltacht-sport-and-media-_logo.png","contentUrl":"https:\/\/www.irishfamine.ie\/app\/uploads\/2021\/05\/dep-of-Tourism-Culture-Arts-Gaeltacht-sport-and-media-_logo.png","width":300,"height":148,"caption":"Department of Tourism, Culture, Arts, Gaeltacht, Sport & Media"},"image":{"@id":"https:\/\/www.irishfamine.ie\/ga\/#\/schema\/logo\/image\/"},"sameAs":["https:\/\/www.facebook.com\/DepartmentofCultureIRL\/","https:\/\/x.com\/DeptCultureIRL"]}]}},"_links":{"self":[{"href":"https:\/\/www.irishfamine.ie\/ga\/wp-json\/wp\/v2\/pages\/3554","targetHints":{"allow":["GET"]}}],"collection":[{"href":"https:\/\/www.irishfamine.ie\/ga\/wp-json\/wp\/v2\/pages"}],"about":[{"href":"https:\/\/www.irishfamine.ie\/ga\/wp-json\/wp\/v2\/types\/page"}],"author":[{"embeddable":true,"href":"https:\/\/www.irishfamine.ie\/ga\/wp-json\/wp\/v2\/users\/1"}],"replies":[{"embeddable":true,"href":"https:\/\/www.irishfamine.ie\/ga\/wp-json\/wp\/v2\/comments?post=3554"}],"version-history":[{"count":2,"href":"https:\/\/www.irishfamine.ie\/ga\/wp-json\/wp\/v2\/pages\/3554\/revisions"}],"predecessor-version":[{"id":3556,"href":"https:\/\/www.irishfamine.ie\/ga\/wp-json\/wp\/v2\/pages\/3554\/revisions\/3556"}],"wp:attachment":[{"href":"https:\/\/www.irishfamine.ie\/ga\/wp-json\/wp\/v2\/media?parent=3554"}],"curies":[{"name":"wp","href":"https:\/\/api.w.org\/{rel}","templated":true}]}}